{"id":1052020,"date":"2024-06-17T15:36:39","date_gmt":"2024-06-17T07:36:39","guid":{"rendered":"https:\/\/vimaterial.de\/product\/stagno-metallico-3\/"},"modified":"2024-06-17T15:36:39","modified_gmt":"2024-06-17T07:36:39","slug":"stagno-metallico-3","status":"publish","type":"product","link":"https:\/\/vimaterial.de\/it\/product\/stagno-metallico-3\/","title":{"rendered":"Stagno metallico"},"content":{"rendered":"<p>La lamina <span style=\"color: #0000ff;\"><a style=\"color: #0000ff;\" href=\"https:\/\/vimaterial.de\/it\/search\/?type=element&#038;keyword=Sn\">di stagno<\/a><\/span><br \/>\n\u00e8 un tipo di foglio sottile realizzato in stagno, dotato di buona flessibilit\u00e0 e duttilit\u00e0, solitamente di colore grigio-argento, che pu\u00f2 essere utilizzato nei settori dell&#8217;imballaggio, dell&#8217;elettronica, dei prodotti chimici e in molti altri campi.<\/p>\n<p>VIMATERIAL offre lamina di stagno ad alta purezza, disponibile in fogli e rotoli su richiesta, e pu\u00f2 anche personalizzare diverse dimensioni. <strong><span style=\"color: #0000ff;\"><a style=\"color: #0000ff;\" href=\"https:\/\/vimaterial.de\/it\/contatto\/\">Contattateci<\/a><\/span><\/strong><br \/>\nper ulteriori informazioni.<\/p>\n<h2><span style=\"font-size: 14pt;\">Caratteristiche<\/span><\/h2>\n<p>Aspetto: Grigio-argento con una superficie metallica lucida.<\/p>\n<p>Resistenza e duttilit\u00e0: Ha una resistenza moderata e una buona duttilit\u00e0, che gli consentono di essere allungato e modellato senza rompersi.<\/p>\n<p>Conduttivit\u00e0 termica: La lamina di stagno conduce bene il calore, con una conduttivit\u00e0 termica di circa 66,6 W\/(m\u00b7K).<\/p>\n<p>Punto di fusione: il suo punto di fusione \u00e8 relativamente basso, circa 232 \u00b0C, rendendolo inadatto alle alte temperature.<\/p>\n<p>Conduttivit\u00e0 elettrica: ha una buona conduttivit\u00e0 elettrica e pu\u00f2 essere utilizzato per semplici scopi di schermatura conduttiva o elettromagnetica.<\/p>\n<p>Resistenza alla corrosione: resiste all&#8217;acqua, all&#8217;ossigeno e agli acidi e alcali deboli a temperatura ambiente.<\/p>\n<p>Reattivit\u00e0: \u00e8 generalmente stabile, ma pu\u00f2 reagire con acidi fortemente ossidanti o in condizioni di alta temperatura e umidit\u00e0.<\/p>\n<h2><span style=\"font-size: 14pt;\">Applicazioni della lamina di stagno<\/span><\/h2>\n<p><strong>Settore medico:<\/strong><\/p>\n<ul>\n<li>Imballaggi farmaceutici: aiuta a proteggere i medicinali dall&#8217;umidit\u00e0 e dalla contaminazione.<\/li>\n<li>Medicazioni chirurgiche: pu\u00f2 essere utilizzata in medicazioni mediche speciali per proteggere le ferite.<\/li>\n<\/ul>\n<p><strong>Settore elettronico:<\/strong><\/p>\n<ul>\n<li>la lamina di stagno riduce le interferenze elettromagnetiche e migliora la stabilit\u00e0 dei dispositivi.<\/li>\n<li>Dissipazione del calore: la sua buona conducibilit\u00e0 termica aiuta i componenti elettronici a rilasciare calore.<\/li>\n<\/ul>\n<p><strong>Altri settori:<\/strong><\/p>\n<ul>\n<li>Uso militare: viene utilizzato per sigillare parti, come le guarnizioni dei cappucci delle granate, grazie alla sua elevata capacit\u00e0 di tenuta.<\/li>\n<li>Amplificazione del segnale: la lamina di stagno pu\u00f2 essere avvolta attorno alle antenne dei router per aiutare a focalizzare e migliorare i segnali Wi-Fi.<\/li>\n<\/ul>\n<h2><span style=\"font-size: 14pt;\">Imballaggio e stoccaggio<\/span><\/h2>\n<p><strong>Imballaggio<\/strong><br \/>\n: viene solitamente confezionata in rotoli o fogli e avvolta con materiali resistenti all&#8217;umidit\u00e0, come pellicola di plastica o carta kraft, per proteggerla da polvere, umidit\u00e0 e graffi durante il trasporto e lo stoccaggio. L&#8217;imballaggio esterno \u00e8 comunemente costituito da scatole di cartone o casse di legno con materiali di imbottitura per prevenire la deformazione e mantenere la qualit\u00e0 della superficie della lamina e la lucentezza metallica.<\/p>\n<p><strong>Stoccaggio<\/strong><br \/>\nDeve essere conservato in un luogo fresco, asciutto e ben ventilato, lontano dalla luce solare diretta, da fonti di calore e da sostanze chimiche corrosive come acidi e alcali forti. Si dovrebbero inoltre evitare umidit\u00e0 elevata, pressione eccessiva e oggetti appuntiti per prevenire l&#8217;ossidazione, la piegatura o lo strappo della lamina.<\/p>\n<h2><span style=\"font-size: 14pt;\">Domande frequenti<\/span><\/h2>\n<p><strong>D1: Che cos&#8217;\u00e8 la lamina di stagno?<\/strong><br \/>\nR: La lamina di stagno \u00e8 un materiale in fogli sottili composto principalmente da stagno. Ha un aspetto metallico lucido, una buona duttilit\u00e0, conducibilit\u00e0 termica, conducibilit\u00e0 elettrica e resistenza alla corrosione, che la rendono utile nei settori dell&#8217;imballaggio, dell&#8217;elettronica, medico e industriale.<\/p>\n<p><strong>D2: Di cosa \u00e8 fatta la lamina di stagno?<\/strong><br \/>\nR: La lamina di stagno \u00e8 realizzata in stagno che viene trasformato in fogli molto sottili tramite tecniche di laminazione e pressatura. In alcune applicazioni, pu\u00f2 anche includere rivestimenti o strati compositi per migliorare la resistenza, la flessibilit\u00e0 o le prestazioni protettive.<\/p>\n<p><strong>D3: A cosa serve la lamina di stagno?<\/strong><br \/>\nR: Viene utilizzata nell&#8217;imballaggio alimentare e farmaceutico, nella schermatura elettronica, nell&#8217;isolamento termico, nell&#8217;artigianato e nelle applicazioni industriali. Le sue buone propriet\u00e0 barriera, la conduttivit\u00e0 e la resistenza alla corrosione la rendono adatta a proteggere i prodotti da umidit\u00e0, luce e contaminazione.<\/p>\n<p><strong>D4: La lamina di alluminio e la lamina di stagno sono la stessa cosa?<\/strong><br \/>\nR: No, la carta stagnola e la carta di stagno non sono lo stesso materiale. La tradizionale carta stagnola era realizzata in stagno metallico, mentre la maggior parte della carta stagnola domestica moderna \u00e8 realizzata in alluminio perch\u00e9 \u00e8 pi\u00f9 economica, pi\u00f9 leggera e pi\u00f9 resistente. Tuttavia, le persone usano ancora comunemente il termine &#8220;carta stagnola&#8221; per riferirsi alla carta di alluminio.<\/p>\n","protected":false},"excerpt":{"rendered":"<p>La lamina di stagno \u00e8 un tipo di foglio sottile realizzato in stagno, dotato di buona flessibilit\u00e0 e duttilit\u00e0, solitamente di colore grigio-argento, che pu\u00f2 essere utilizzato nei settori dell&#8217;imballaggio, dell&#8217;elettronica, dei prodotti chimici e in molti altri campi. VIMATERIAL offre lamina di stagno ad alta purezza, disponibile in fogli e rotoli su richiesta, e [&hellip;]<\/p>\n","protected":false},"featured_media":1032386,"comment_status":"open","ping_status":"closed","template":"","meta":{"_acf_changed":false},"product_brand":[],"product_cat":[207],"product_tag":[],"class_list":{"0":"post-1052020","1":"product","2":"type-product","3":"status-publish","4":"has-post-thumbnail","6":"product_cat-profilo","8":"first","9":"instock","10":"shipping-taxable","11":"purchasable","12":"product-type-variable"},"acf":[],"_links":{"self":[{"href":"https:\/\/vimaterial.de\/it\/wp-json\/wp\/v2\/product\/1052020","targetHints":{"allow":["GET"]}}],"collection":[{"href":"https:\/\/vimaterial.de\/it\/wp-json\/wp\/v2\/product"}],"about":[{"href":"https:\/\/vimaterial.de\/it\/wp-json\/wp\/v2\/types\/product"}],"replies":[{"embeddable":true,"href":"https:\/\/vimaterial.de\/it\/wp-json\/wp\/v2\/comments?post=1052020"}],"wp:featuredmedia":[{"embeddable":true,"href":"https:\/\/vimaterial.de\/it\/wp-json\/wp\/v2\/media\/1032386"}],"wp:attachment":[{"href":"https:\/\/vimaterial.de\/it\/wp-json\/wp\/v2\/media?parent=1052020"}],"wp:term":[{"taxonomy":"product_brand","embeddable":true,"href":"https:\/\/vimaterial.de\/it\/wp-json\/wp\/v2\/product_brand?post=1052020"},{"taxonomy":"product_cat","embeddable":true,"href":"https:\/\/vimaterial.de\/it\/wp-json\/wp\/v2\/product_cat?post=1052020"},{"taxonomy":"product_tag","embeddable":true,"href":"https:\/\/vimaterial.de\/it\/wp-json\/wp\/v2\/product_tag?post=1052020"}],"curies":[{"name":"wp","href":"https:\/\/api.w.org\/{rel}","templated":true}]}}