{"id":1052002,"date":"2024-06-17T15:36:39","date_gmt":"2024-06-17T07:36:39","guid":{"rendered":"https:\/\/vimaterial.de\/product\/stagno-metallico-6\/"},"modified":"2024-06-17T15:36:39","modified_gmt":"2024-06-17T07:36:39","slug":"stagno-metallico-6","status":"publish","type":"product","link":"https:\/\/vimaterial.de\/it\/product\/stagno-metallico-6\/","title":{"rendered":"Stagno metallico"},"content":{"rendered":"<p>I pellet <span style=\"color: #0000ff;\"><a style=\"color: #0000ff;\" href=\"https:\/\/vimaterial.de\/it\/search\/?type=element&#038;keyword=Sn\">di stagno<\/a><\/span><br \/>\nsono solitamente granuli regolari costituiti dal metallo stagno e possono essere utilizzati per vari scopi industriali, come materiali per saldatura, materie prime per la produzione di leghe metalliche o come campioni in alcuni studi sperimentali.<\/p>\n<p>VIMATERIAL offre pellet di stagno ad alta purezza, personalizzabili in varie dimensioni per soddisfare le vostre esigenze. <strong><span style=\"color: #0000ff;\"><a style=\"color: #0000ff;\" href=\"https:\/\/vimaterial.de\/it\/contatto\/\">Contattateci<\/a><\/span><\/strong><br \/>\nper ulteriori informazioni.<\/p>\n<h2><span style=\"font-size: 14pt;\">Caratteristiche<\/span><\/h2>\n<p>Aspetto: grigio argento.<\/p>\n<p>Densit\u00e0: 7,265 &#8211; 7,31 g\/cm\u00b3 a 20 \u00b0C.<\/p>\n<p>Punto di fusione: relativamente basso, circa 232 \u00b0C.<\/p>\n<p>Punto di ebollizione: alto, circa 2602 \u00b0C.<\/p>\n<p>Colore e aspetto: grigio argenteo con lucentezza metallica a temperatura ambiente.<\/p>\n<p>Durezza: morbido, circa 1,5 sulla scala di durezza di Mohs.<\/p>\n<p>Conducibilit\u00e0 termica: elevata, circa 66,6 W\/(m\u30fbK).<\/p>\n<p>Coefficiente di espansione termica: 22\u00d710\u207b\u2076 \/K.<\/p>\n<p>Propriet\u00e0 elettriche: Presenta un certo grado di conduttivit\u00e0 elettrica, ma la resistivit\u00e0 specifica e altri dati possono variare a seconda di fattori quali la purezza dello stagno e la tecnologia di lavorazione.<\/p>\n<h2><span style=\"font-size: 14pt;\">Applicazioni dei granuli di stagno<\/span><\/h2>\n<p><strong>Settore della saldatura:<\/strong><br \/>\ni granuli di stagno metallico sono ampiamente utilizzati nella saldatura elettronica come componente principale della pasta saldante e del filo di saldatura. Grazie al suo basso punto di fusione (~232 \u00b0C), lo stagno \u00e8 in grado di formare giunti affidabili e conduttivi per i circuiti stampati. Viene utilizzato anche nella saldatura di tubi per creare giunti sigillati e durevoli per piccoli tubi metallici.<\/p>\n<p><strong>Produzione di leghe:<\/strong><br \/>\nlo stagno viene legato con metalli come il rame per migliorare la resistenza e la resistenza all&#8217;usura, comunemente utilizzati in cuscinetti e parti meccaniche. Le tradizionali leghe di stagno-piombo, sebbene oggi meno utilizzate a causa di preoccupazioni ambientali, sono ancora applicate in alcuni settori industriali specializzati grazie alla loro buona fluidit\u00e0 e al basso punto di fusione.<\/p>\n<p><strong>Rivestimenti metallici:<\/strong><br \/>\nlo stagno \u00e8 utilizzato come rivestimento protettivo per barattoli alimentari e prodotti metallici. Previene la corrosione, migliora la sicurezza alimentare e ne esalta l&#8217;aspetto. La stagnatura \u00e8 inoltre ampiamente applicata all&#8217;acciaio e al ferro per prolungarne la durata e prevenire la ruggine.<\/p>\n<p><strong>Tecnologia delle batterie:<\/strong><br \/>\nlo stagno \u00e8 utilizzato come additivo in alcuni materiali per elettrodi di batterie, come le batterie alcaline, per migliorare la capacit\u00e0 di scarica e la durata del ciclo potenziando le prestazioni di reazione degli elettrodi.<\/p>\n<p><strong>Catalisi chimica:<\/strong><br \/>\nlo stagno pu\u00f2 agire da catalizzatore in alcune reazioni organiche, come l&#8217;esterificazione e la condensazione, contribuendo a migliorare la velocit\u00e0, l&#8217;efficienza e la selettivit\u00e0 della reazione.<\/p>\n<h2><span style=\"font-size: 14pt;\">Imballaggio e stoccaggio<\/span><\/h2>\n<p>I granuli di stagno sono tipicamente confezionati in sacchetti di plastica sigillati a prova di umidit\u00e0, sacchetti sottovuoto o fusti di plastica per prevenire l&#8217;ossidazione e la contaminazione. Per il trasporto industriale, possono anche essere collocati in cartoni o contenitori metallici con rivestimenti interni e materiali di imbottitura per evitare perdite, mescolanza con impurit\u00e0 e danni meccanici durante la movimentazione e la spedizione.<\/p>\n<p><strong>Stoccaggio<\/strong><br \/>\nI granuli di stagno devono essere conservati in un ambiente fresco, asciutto e ben ventilato, lontano da umidit\u00e0, luce solare diretta e fonti di calore. Devono inoltre essere tenuti separati da acidi forti, alcali e agenti ossidanti per prevenire reazioni chimiche. Un corretto stoccaggio aiuta a mantenere la loro purezza, la qualit\u00e0 della superficie e prestazioni stabili nel tempo.<\/p>\n<h2><span style=\"font-size: 14pt;\">Domande frequenti<\/span><\/h2>\n<p><strong>D1: Che cos&#8217;\u00e8 lo stagno metallico?<\/strong><br \/>\nR: Lo stagno metallico \u00e8 un elemento metallico morbido, di colore bianco-argenteo, con simbolo chimico Sn e numero atomico 50. Ha una buona resistenza alla corrosione, bassa tossicit\u00e0 e un punto di fusione relativamente basso, il che lo rende utile nella saldatura, nei rivestimenti e nella produzione di leghe.<\/p>\n<p><strong>D2: Lo stagno \u00e8 un metallo di transizione?<\/strong><br \/>\nR: No, lo stagno non \u00e8 un metallo di transizione. \u00c8 classificato come metallo post-di transizione nel gruppo 14 della tavola periodica. Sebbene sia metallico e conduttivo, non presenta i tipici orbitali d parzialmente occupati che caratterizzano i metalli di transizione.<\/p>\n<p><strong>D3: A cosa serve lo stagno metallico?<\/strong><br \/>\nR: Lo stagno metallico \u00e8 utilizzato principalmente nell&#8217;elettronica per saldare componenti su circuiti stampati, in leghe come il bronzo e i materiali di saldatura, e in rivestimenti metallici come l&#8217;acciaio stagnato per le lattine alimentari. Viene utilizzato anche nell&#8217;industria chimica, nelle batterie e in alcune applicazioni specializzate come gli strati protettivi resistenti alla corrosione e i catalizzatori.<\/p>\n","protected":false},"excerpt":{"rendered":"<p>I pellet di stagno sono solitamente granuli regolari costituiti dal metallo stagno e possono essere utilizzati per vari scopi industriali, come materiali per saldatura, materie prime per la produzione di leghe metalliche o come campioni in alcuni studi sperimentali. VIMATERIAL offre pellet di stagno ad alta purezza, personalizzabili in varie dimensioni per soddisfare le vostre [&hellip;]<\/p>\n","protected":false},"featured_media":1032381,"comment_status":"open","ping_status":"closed","template":"","meta":{"_acf_changed":false},"product_brand":[],"product_cat":[198],"product_tag":[],"class_list":{"0":"post-1052002","1":"product","2":"type-product","3":"status-publish","4":"has-post-thumbnail","6":"product_cat-materiali-per-levaporazione","8":"first","9":"instock","10":"shipping-taxable","11":"purchasable","12":"product-type-variable"},"acf":[],"_links":{"self":[{"href":"https:\/\/vimaterial.de\/it\/wp-json\/wp\/v2\/product\/1052002","targetHints":{"allow":["GET"]}}],"collection":[{"href":"https:\/\/vimaterial.de\/it\/wp-json\/wp\/v2\/product"}],"about":[{"href":"https:\/\/vimaterial.de\/it\/wp-json\/wp\/v2\/types\/product"}],"replies":[{"embeddable":true,"href":"https:\/\/vimaterial.de\/it\/wp-json\/wp\/v2\/comments?post=1052002"}],"wp:featuredmedia":[{"embeddable":true,"href":"https:\/\/vimaterial.de\/it\/wp-json\/wp\/v2\/media\/1032381"}],"wp:attachment":[{"href":"https:\/\/vimaterial.de\/it\/wp-json\/wp\/v2\/media?parent=1052002"}],"wp:term":[{"taxonomy":"product_brand","embeddable":true,"href":"https:\/\/vimaterial.de\/it\/wp-json\/wp\/v2\/product_brand?post=1052002"},{"taxonomy":"product_cat","embeddable":true,"href":"https:\/\/vimaterial.de\/it\/wp-json\/wp\/v2\/product_cat?post=1052002"},{"taxonomy":"product_tag","embeddable":true,"href":"https:\/\/vimaterial.de\/it\/wp-json\/wp\/v2\/product_tag?post=1052002"}],"curies":[{"name":"wp","href":"https:\/\/api.w.org\/{rel}","templated":true}]}}