{"id":1051983,"date":"2024-06-17T15:36:39","date_gmt":"2024-06-17T07:36:39","guid":{"rendered":"https:\/\/vimaterial.de\/product\/stagno-metallico-5\/"},"modified":"2024-06-17T15:36:39","modified_gmt":"2024-06-17T07:36:39","slug":"stagno-metallico-5","status":"publish","type":"product","link":"https:\/\/vimaterial.de\/it\/product\/stagno-metallico-5\/","title":{"rendered":"Stagno metallico"},"content":{"rendered":"<p>I granuli di stagno sono particelle metalliche di forma quasi sferica dall&#8217;aspetto grigio-argenteo. Sono altamente duttili, resistenti alla corrosione e adatti a varie applicazioni industriali e di processo, quali la saldatura, la stagnatura e la produzione di leghe.<\/p>\n<p><span style=\"color: #0000ff;\"><strong><a style=\"color: #0000ff;\" href=\"https:\/\/vimaterial.de\/it\/su-di-noi\/\">VIMATERIAL<\/a><\/strong><\/span><br \/>\noffre granuli di stagno ad alta purezza, personalizzabili in varie dimensioni per soddisfare le vostre esigenze. <strong><span style=\"color: #0000ff;\"><a style=\"color: #0000ff;\" href=\"https:\/\/vimaterial.de\/it\/contatto\/\">Contattateci<\/a><\/span><\/strong><br \/>\nper ulteriori informazioni.<\/p>\n<h2><span style=\"font-size: 14pt;\">Caratteristiche<\/span><\/h2>\n<p>Aspetto: Esistono due tipi di isomeri: lo stagno \u03b2 (stagno bianco) \u00e8 pi\u00f9 stabile a temperatura ambiente e presenta un aspetto bianco-argento brillante; lo stagno \u03b1 (stagno grigio) \u00e8 pi\u00f9 stabile a basse temperature e il colore \u00e8 grigio.<\/p>\n<p>Struttura cristallina: lo stagno \u03b2 ha una struttura tetragonale a corpo centrato; lo stagno \u03b1 ha una struttura cubica a facce centrate.<\/p>\n<p>Densit\u00e0: lo stagno bianco ha una densit\u00e0 di circa 7,29 g\/cm3; lo stagno grigio ha una densit\u00e0 di circa 5,77 g\/cm3.<\/p>\n<p>Punto di fusione: 231,93 \u00b0C<\/p>\n<p>Punto di ebollizione: 2260 \u00b0C<\/p>\n<p>Durezza: consistenza morbida, durezza Mohs relativamente bassa, facile da lavorare e modellare.<\/p>\n<p>Stabilit\u00e0: stabile all&#8217;aria, ma la polvere di stagno (quando le particelle sono pi\u00f9 fini) si ossida pi\u00f9 facilmente, specialmente in presenza di aria umida. Dopo l&#8217;ossidazione, sulla superficie si former\u00e0 un sottile strato di ossido di stagno.<\/p>\n<p>Solubilit\u00e0: facilmente solubile in acido cloridrico concentrato, acqua regia, gradualmente solubile in acido cloridrico diluito freddo, acido nitrico diluito e acido solforico diluito caldo; solubile in soluzione caustica calda o acido nitrico concentrato, ma si trasformer\u00e0 in acido metastannico insolubile.<\/p>\n<p>Duttilit\u00e0: ha una buona duttilit\u00e0 e pu\u00f2 essere pressato in fogli o trafilato in filamenti.<\/p>\n<p>Conduttivit\u00e0 elettrica e termica: ha una certa conduttivit\u00e0 elettrica e termica e pu\u00f2 essere utilizzato nella saldatura elettronica e in altri campi che richiedono conduttivit\u00e0 elettrica e termica.<\/p>\n<h2><span style=\"font-size: 14pt;\">Applicazioni dei granuli di stagno<\/span><\/h2>\n<p><strong>Industria elettronica:<\/strong><br \/>\ni granuli di stagno sono utilizzati principalmente nella pasta saldante per collegare i componenti elettronici ai circuiti stampati. Il loro basso punto di fusione consente una saldatura sicura senza danneggiare i dispositivi sensibili, rendendoli essenziali in prodotti come telefoni e computer.<\/p>\n<p><strong>Metallurgia e leghe:<\/strong><br \/>\ni granuli di stagno sono utilizzati per produrre leghe come il bronzo e le saldature senza piombo. Queste leghe migliorano la resistenza meccanica e la resistenza alla corrosione e sono ampiamente utilizzate in parti industriali, cuscinetti e materiali per la saldatura elettronica.<\/p>\n<p><strong>Rivestimento superficiale:<\/strong><br \/>\ni granuli di Sn sono utilizzati nella galvanoplastica e nel rivestimento a caldo per formare strati protettivi di stagno sui metalli. Questo aiuta a prevenire la ruggine ed \u00e8 comunemente utilizzato nelle lattine per alimenti e nei materiali di imballaggio.<\/p>\n<p><strong>Industria chimica:<\/strong><br \/>\ni granuli di stagno possono fungere da agenti riducenti e sono utilizzati per produrre composti a base di stagno come catalizzatori e materiali sensibili ai gas nei processi chimici e nei laboratori.<\/p>\n<p><strong>Usi emergenti e speciali:<\/strong><br \/>\ni granuli di stagno vengono studiati anche nei materiali per l&#8217;energia solare e utilizzati nell&#8217;artigianato artistico, dove fungono da materiali metallici decorativi e funzionali.<\/p>\n<h2><span style=\"font-size: 14pt;\">Imballaggio e stoccaggio<\/span><\/h2>\n<p>I granuli di stagno sono solitamente confezionati in sacchi sigillati a prova di umidit\u00e0 o in fusti di plastica per impedire l&#8217;esposizione all&#8217;aria e all&#8217;umidit\u00e0. Per uso industriale, possono anche essere confezionati in contenitori metallici o cartoni rivestiti con imballaggio interno protettivo per evitare contaminazione, ossidazione e danni meccanici durante il trasporto.<\/p>\n<p><strong>Stoccaggio<\/strong><br \/>\nI granuli di stagno metallico devono essere conservati in un ambiente fresco, asciutto e ben ventilato, lontano da umidit\u00e0, acidi forti, alcali e agenti ossidanti. Condizioni di stoccaggio adeguate aiutano a mantenere la loro purezza metallica e a prevenire l&#8217;ossidazione superficiale o il degrado nel tempo.<\/p>\n<h2><span style=\"font-size: 14pt;\">Domande frequenti<\/span><\/h2>\n<p><strong>D1: Quali sono i due tipi di stagno?<\/strong><br \/>\nR: Lo stagno esiste principalmente in due forme allotropiche: stagno bianco (\u03b2-stagno) e stagno grigio (\u03b1-stagno). Lo stagno bianco \u00e8 la forma stabile a temperatura ambiente, con un aspetto metallico argenteo, buona duttilit\u00e0 ed eccellente conduttivit\u00e0, ed \u00e8 il tipo comunemente usato nell&#8217;industria. Lo stagno grigio si forma a basse temperature (al di sotto di circa 13,2 \u00b0C), ha un colore grigio opaco, \u00e8 fragile e pu\u00f2 sbriciolarsi in polvere, rendendolo inadatto alla maggior parte delle applicazioni pratiche.<\/p>\n<p><strong>D2: Lo stagno \u00e8 migliore dell&#8217;alluminio?<\/strong><br \/>\nR: Lo stagno non \u00e8 universalmente &#8220;migliore&#8221; dell&#8217;alluminio: vengono utilizzati per scopi diversi. Lo stagno presenta vantaggi in termini di resistenza alla corrosione, saldabilit\u00e0 e lavorabilit\u00e0 a basse temperature, il che lo rende importante nei settori dell&#8217;elettronica, dei rivestimenti e dei materiali per saldatura. L&#8217;alluminio, tuttavia, \u00e8 molto pi\u00f9 leggero, pi\u00f9 resistente in rapporto al suo peso, pi\u00f9 economico e pi\u00f9 ampiamente utilizzato nell&#8217;edilizia, nei trasporti e nell&#8217;imballaggio. Nella maggior parte delle applicazioni strutturali e di massa, si preferisce l&#8217;alluminio, mentre lo stagno viene scelto per ruoli specializzati come la saldatura e i rivestimenti protettivi.<\/p>\n<p><strong>D3: A cosa serve la polvere di stagno?<\/strong><br \/>\nR: La polvere di stagno \u00e8 ampiamente utilizzata nell&#8217;elettronica, nella metallurgia e nell&#8217;industria chimica. Viene impiegata principalmente per produrre pasta saldante per il collegamento di componenti elettronici, ed \u00e8 applicata anche nella produzione di leghe e nei rivestimenti metallici per migliorare la resistenza meccanica e la resistenza alla corrosione. Inoltre, pu\u00f2 agire come agente riducente nelle reazioni chimiche ed \u00e8 utilizzata nella produzione di catalizzatori, sensori e altri materiali funzionali, con alcune applicazioni emergenti nelle tecnologie energetiche e manifatturiere avanzate.<\/p>\n","protected":false},"excerpt":{"rendered":"<p>I granuli di stagno sono particelle metalliche di forma quasi sferica dall&#8217;aspetto grigio-argenteo. Sono altamente duttili, resistenti alla corrosione e adatti a varie applicazioni industriali e di processo, quali la saldatura, la stagnatura e la produzione di leghe. VIMATERIAL offre granuli di stagno ad alta purezza, personalizzabili in varie dimensioni per soddisfare le vostre esigenze. [&hellip;]<\/p>\n","protected":false},"featured_media":1051930,"comment_status":"open","ping_status":"closed","template":"","meta":{"_acf_changed":false},"product_brand":[],"product_cat":[198],"product_tag":[],"class_list":{"0":"post-1051983","1":"product","2":"type-product","3":"status-publish","4":"has-post-thumbnail","6":"product_cat-materiali-per-levaporazione","8":"first","9":"instock","10":"shipping-taxable","11":"purchasable","12":"product-type-variable"},"acf":[],"_links":{"self":[{"href":"https:\/\/vimaterial.de\/it\/wp-json\/wp\/v2\/product\/1051983","targetHints":{"allow":["GET"]}}],"collection":[{"href":"https:\/\/vimaterial.de\/it\/wp-json\/wp\/v2\/product"}],"about":[{"href":"https:\/\/vimaterial.de\/it\/wp-json\/wp\/v2\/types\/product"}],"replies":[{"embeddable":true,"href":"https:\/\/vimaterial.de\/it\/wp-json\/wp\/v2\/comments?post=1051983"}],"wp:featuredmedia":[{"embeddable":true,"href":"https:\/\/vimaterial.de\/it\/wp-json\/wp\/v2\/media\/1051930"}],"wp:attachment":[{"href":"https:\/\/vimaterial.de\/it\/wp-json\/wp\/v2\/media?parent=1051983"}],"wp:term":[{"taxonomy":"product_brand","embeddable":true,"href":"https:\/\/vimaterial.de\/it\/wp-json\/wp\/v2\/product_brand?post=1051983"},{"taxonomy":"product_cat","embeddable":true,"href":"https:\/\/vimaterial.de\/it\/wp-json\/wp\/v2\/product_cat?post=1051983"},{"taxonomy":"product_tag","embeddable":true,"href":"https:\/\/vimaterial.de\/it\/wp-json\/wp\/v2\/product_tag?post=1051983"}],"curies":[{"name":"wp","href":"https:\/\/api.w.org\/{rel}","templated":true}]}}