{"id":1051324,"date":"2024-06-17T14:28:54","date_gmt":"2024-06-17T06:28:54","guid":{"rendered":"https:\/\/vimaterial.de\/product\/siliciuro-di-titanio-4\/"},"modified":"2024-06-17T14:28:54","modified_gmt":"2024-06-17T06:28:54","slug":"siliciuro-di-titanio-4","status":"publish","type":"product","link":"https:\/\/vimaterial.de\/it\/product\/siliciuro-di-titanio-4\/","title":{"rendered":"Siliciuro di titanio"},"content":{"rendered":"<p><span style=\"color: #0000ff;\"><a style=\"color: #0000ff;\" href=\"https:\/\/vimaterial.de\/it\/product\/siliciuro-di-titanio\/\">Disiliciuro di titanio<\/a> <\/span>La polvere di TiSi2 \u00e8 una polvere grigia che possiede un alto punto di fusione e un&#8217;elevata durezza; \u00e8 un buon materiale per semiconduttori e svolge un ruolo importante nel contatto e nell&#8217;interconnessione nella produzione di circuiti integrati, nonch\u00e9 nel campo dei materiali resistenti alle alte temperature e all&#8217;usura.<\/p>\n<p>Forniamo polveri chimiche inorganiche di elevata purezza con prestazioni eccellenti, tempi di consegna brevi, MOQ ridotto e scorte sufficienti.VImaterial supporta anche la personalizzazione e la sperimentazione per tutti i prodotti, non esitate a contattarci <span style=\"color: #0000ff;\"><a style=\"color: #0000ff;\" href=\"https:\/\/vimaterial.de\/it\/contatto\/\">contattarci.<\/a><\/span><\/p>\n<h2><span style=\"font-size: 14pt;\">Propriet\u00e0<\/span><\/h2>\n<p>Formula molecolare: TiSi\u2082<\/p>\n<p>Peso molecolare: 104,04 g\/mol<\/p>\n<p>Aspetto: polvere grigia<\/p>\n<p>Densit\u00e0: circa 4,39 g\/cm\u00b3.<\/p>\n<p>Punto di fusione: circa 1540\u00b0C<\/p>\n<p>Struttura cristallina: C49 (fase a bassa temperatura) e C54 (fase ad alta temperatura), il C49 \u00e8 un sistema cristallino romboedrico, il C54 \u00e8 un sistema cristallino cubico a facce centrate, la fase C49 si trasforma in fase C54 ad alta temperatura.<\/p>\n<h2><span style=\"font-size: 14pt;\">Applicazioni della polvere di titanio disiliciato<\/span><\/h2>\n<p>Settore dei semiconduttori: La polvere di disiliciuro di titanio TiSi2 \u00e8 utilizzata nella produzione di circuiti integrati come materiale di partenza per la formazione di siliciuri metallici, che possono ridurre efficacemente la resistenza di contatto tra il metallo e il semiconduttore e migliorare le prestazioni e la stabilit\u00e0 dei dispositivi elettronici.<\/p>\n<p>Materiali per alte temperature: Questa polvere pu\u00f2 essere utilizzata per preparare componenti strutturali ad alta temperatura; grazie al suo elevato punto di fusione e alla buona stabilit\u00e0 alle alte temperature, \u00e8 in grado di resistere ad ambienti ad alta temperatura e viene utilizzata nella produzione di componenti ad alta temperatura come i motori aerospaziali.<\/p>\n<p>Settore dei materiali resistenti all&#8217;usura: La polvere di disiliciuro di titanio pu\u00f2 essere utilizzata come additivo per la produzione di rivestimenti o compositi resistenti all&#8217;usura, per migliorare la durezza e la resistenza all&#8217;usura delle superfici dei materiali, e viene impiegata nel trattamento superficiale di utensili di lavorazione e componenti industriali resistenti all&#8217;usura.<\/p>\n<h2><span style=\"font-size: 14pt;\">Controllo qualit\u00e0<\/span><\/h2>\n<p><span style=\"color: #0000ff;\"><a style=\"color: #0000ff;\" href=\"https:\/\/vimaterial.de\/it\/controllo-qualita\/\">I nostri prodotti<\/a><\/span> rispettano rigorosamente il sistema di gestione della qualit\u00e0. Esistono standard di ispezione rigorosi per i materiali in entrata, la lavorazione, l&#8217;ispezione finale e l&#8217;ispezione in fabbrica. Vengono adottate rigorose misure di isolamento per le lavorazioni non qualificate, per evitare che i prodotti non qualificati passino al processo successivo. I campioni vengono forniti per una nuova ispezione in base ai requisiti dei clienti.<\/p>\n<h2><span style=\"font-size: 14pt;\">Imballaggio e stoccaggio<\/span><\/h2>\n<p>La polvere di disiliciuro di titanio \u00e8 confezionata in doppi sacchetti o bottiglie sottovuoto e imballata in cartoni o fusti di carta.<\/p>\n<p>La polvere di disiliciuro di titanio TiSi2 deve essere conservata in un ambiente asciutto, fresco e ben ventilato, sigillata per evitare il contatto con l&#8217;aria, l&#8217;umidit\u00e0 e le sostanze corrosive, e tenuta lontana da fonti di calore e fuoco per evitare che le propriet\u00e0 cambino a causa dell&#8217;umidit\u00e0, dell&#8217;ossidazione o dell&#8217;alta temperatura.<\/p>\n<h2><span style=\"font-size: 14pt;\">Domande frequenti (FAQ)<\/span><\/h2>\n<p><strong>Q1: Che cos&#8217;\u00e8 il disiliciuro di titanio?<\/strong><\/p>\n<p>R: Il disiliciuro di titanio (TiSi\u2082) \u00e8 un composto intermetallico di titanio e silicio, spesso presente come polvere o solido grigio o metallico. \u00c8 comunemente utilizzato in elettronica, soprattutto nella produzione di semiconduttori, grazie alla sua eccellente conducibilit\u00e0 elettrica e all&#8217;elevata stabilit\u00e0 termica.<\/p>\n<p><strong>D2: Quali sono i vantaggi del titanio disilicizzato?<\/strong><\/p>\n<p>R: Bassa resistivit\u00e0 elettrica: Il TiSi\u2082 offre un&#8217;eccellente conduttivit\u00e0, fondamentale per i componenti elettronici ad alte prestazioni.<br \/>\nStabilit\u00e0 termica: Rimane stabile alle alte temperature, il che lo rende ideale per le applicazioni ad alta temperatura, come nella microelettronica e nel settore aerospaziale.<br \/>\nResistenza all&#8217;ossidazione: Il TiSi\u2082 presenta una buona resistenza all&#8217;ossidazione, che contribuisce alla sua durata e alle sue prestazioni durature in ambienti difficili.<\/p>\n<p><strong>D3: Come si produce il titanio disilicizzato?<\/strong><\/p>\n<p>R: Di solito viene prodotto facendo reagire titanio e silicio ad alte temperature. Il processo pu\u00f2 comportare la reazione diretta della polvere di titanio con il silicio in un vuoto o in atmosfera inerte per formare TiSi\u2082.<\/p>\n<p><strong>D4: Il titanio disilicizzato \u00e8 ecologico?<\/strong><\/p>\n<p>R: \u00c8 generalmente considerato sicuro e stabile. Tuttavia, come per qualsiasi materiale, \u00e8 necessario un trattamento e uno smaltimento adeguati per evitare potenziali impatti ambientali, in particolare durante la produzione o la rottura di componenti che contengono TiSi\u2082.<\/p>\n","protected":false},"excerpt":{"rendered":"<p>Disiliciuro di titanio La polvere di TiSi2 \u00e8 una polvere grigia che possiede un alto punto di fusione e un&#8217;elevata durezza; \u00e8 un buon materiale per semiconduttori e svolge un ruolo importante nel contatto e nell&#8217;interconnessione nella produzione di circuiti integrati, nonch\u00e9 nel campo dei materiali resistenti alle alte temperature e all&#8217;usura. Forniamo polveri chimiche [&hellip;]<\/p>\n","protected":false},"featured_media":1000892,"comment_status":"open","ping_status":"closed","template":"","meta":{"_acf_changed":false},"product_brand":[],"product_cat":[202],"product_tag":[],"class_list":{"0":"post-1051324","1":"product","2":"type-product","3":"status-publish","4":"has-post-thumbnail","6":"product_cat-materiali-c-n-b-si","8":"first","9":"instock","10":"shipping-taxable","11":"purchasable","12":"product-type-variable"},"acf":[],"_links":{"self":[{"href":"https:\/\/vimaterial.de\/it\/wp-json\/wp\/v2\/product\/1051324","targetHints":{"allow":["GET"]}}],"collection":[{"href":"https:\/\/vimaterial.de\/it\/wp-json\/wp\/v2\/product"}],"about":[{"href":"https:\/\/vimaterial.de\/it\/wp-json\/wp\/v2\/types\/product"}],"replies":[{"embeddable":true,"href":"https:\/\/vimaterial.de\/it\/wp-json\/wp\/v2\/comments?post=1051324"}],"wp:featuredmedia":[{"embeddable":true,"href":"https:\/\/vimaterial.de\/it\/wp-json\/wp\/v2\/media\/1000892"}],"wp:attachment":[{"href":"https:\/\/vimaterial.de\/it\/wp-json\/wp\/v2\/media?parent=1051324"}],"wp:term":[{"taxonomy":"product_brand","embeddable":true,"href":"https:\/\/vimaterial.de\/it\/wp-json\/wp\/v2\/product_brand?post=1051324"},{"taxonomy":"product_cat","embeddable":true,"href":"https:\/\/vimaterial.de\/it\/wp-json\/wp\/v2\/product_cat?post=1051324"},{"taxonomy":"product_tag","embeddable":true,"href":"https:\/\/vimaterial.de\/it\/wp-json\/wp\/v2\/product_tag?post=1051324"}],"curies":[{"name":"wp","href":"https:\/\/api.w.org\/{rel}","templated":true}]}}