{"id":1051269,"date":"2024-06-17T15:26:19","date_gmt":"2024-06-17T07:26:19","guid":{"rendered":"https:\/\/vimaterial.de\/product\/ossido-di-molibdeno-3\/"},"modified":"2024-06-17T15:26:19","modified_gmt":"2024-06-17T07:26:19","slug":"ossido-di-molibdeno-3","status":"publish","type":"product","link":"https:\/\/vimaterial.de\/it\/product\/ossido-di-molibdeno-3\/","title":{"rendered":"Ossido di molibdeno"},"content":{"rendered":"<p><span style=\"color: #0000ff;\"><a style=\"color: #0000ff;\" href=\"https:\/\/vimaterial.de\/it\/search\/?type=element&#038;keyword=moo2\">Biossido di molibdeno<\/a><\/span> la polvere di molibdeno \u00e8 di colore blu-nero, con particolari propriet\u00e0 fisico-chimiche, attraverso una variet\u00e0 di metodi di preparazione e nella metallurgia del ferro e dell&#8217;acciaio, nell&#8217;industria elettronica, nei catalizzatori chimici e in altre importanti applicazioni in molti settori del biossido in polvere.<\/p>\n<p>VIMATERIAL offre polvere di biossido di molibdeno di elevata purezza, con dimensioni delle particelle personalizzabili per soddisfare le vostre esigenze. Supportiamo anche test di terze parti. Per qualsiasi esigenza, non esitate a <span style=\"color: #0000ff;\"><a style=\"color: #0000ff;\" href=\"https:\/\/vimaterial.de\/it\/contatto\/\">contattarci<\/a><\/span>.<\/p>\n<h2><span style=\"font-size: 14pt;\">Propriet\u00e0<\/span><\/h2>\n<p>Formula chimica: MoO\u2082.<\/p>\n<p>Aspetto: Polvere blu-nera.<\/p>\n<p>Struttura cristallina: Cristallo monoclino.<\/p>\n<p>Densit\u00e0: circa 6,44 g\/cm\u00b3.<\/p>\n<p>Punto di fusione: Circa 1800 \u2103.<\/p>\n<p>Durezza: Durezza Mohs di circa 5,5.<\/p>\n<p>Propriet\u00e0 ossidanti e riducenti: Il biossido di molibdeno ha determinate propriet\u00e0 di riducibilit\u00e0 e pu\u00f2 essere ridotto a molibdeno metallico in determinate condizioni. Allo stesso tempo, presenta anche una certa ossidabilit\u00e0 e pu\u00f2 essere ossidato a ossidi di molibdeno di valenza superiore, come il triossido di molibdeno, in presenza di forti agenti ossidanti.<\/p>\n<p>Acido-base: \u00c8 un ossido anfotero che reagisce con gli acidi per formare i sali corrispondenti e acqua, e anche con basi forti per formare molibdati e acqua. Ad esempio, reagisce con l&#8217;acido cloridrico per formare cloruro di molibdeno e acqua, e con l&#8217;idrossido di sodio per formare molibdato di sodio e acqua.<\/p>\n<h2><span style=\"font-size: 14pt;\">Applicazioni del biossido di molibdeno in polvere<\/span><\/h2>\n<p><strong>Produzione di acciaio:<\/strong> Migliora la resistenza, la durezza, la tenacit\u00e0, l&#8217;usura, la corrosione e la resistenza al calore dell&#8217;acciaio. Utilizzato nelle leghe ad alta resistenza, negli acciai inossidabili e negli acciai per utensili.<\/p>\n<p><strong>Elettronica:<\/strong> Grazie alla sua conducibilit\u00e0 elettrica e termica, \u00e8 utilizzato in componenti elettronici come elettrodi, pasta conduttiva e materiali di imballaggio. \u00c8 fondamentale per la produzione di transistor a film sottile e circuiti integrati.<\/p>\n<p><strong>Catalisi chimica:<\/strong> Viene utilizzato come catalizzatore nei processi petrolchimici (ad es. idrodesolforazione, denitrificazione) e nelle reazioni organiche (ad es. ossidazione, deidrogenazione). Aumenta l&#8217;efficienza delle reazioni e riduce i costi di produzione.<\/p>\n<p><strong>Ceramica:<\/strong> Migliora le propriet\u00e0 meccaniche, elettriche e termiche delle ceramiche, utilizzate per utensili, sensori e condensatori, migliorandone la durata e l&#8217;affidabilit\u00e0.<\/p>\n<p><strong>Accumulo di energia:<\/strong> Utilizzato nelle batterie agli ioni di litio come materiale elettrodico, consente migliori cicli di carica\/scarica con elevata capacit\u00e0 e stabilit\u00e0.<\/p>\n<h2><span style=\"font-size: 14pt;\">Imballaggio e stoccaggio<\/span><\/h2>\n<p>Il biossido di molibdeno in polvere viene solitamente confezionato in sacchetti o fusti sigillati e a prova di umidit\u00e0 per evitare l&#8217;umidit\u00e0 e la contaminazione. I materiali di imballaggio devono avere buone propriet\u00e0 antiumidit\u00e0 e il nome del prodotto, il numero di lotto, la data di produzione e le precauzioni devono essere chiaramente etichettati sui sacchi o sui contenitori. Per i prodotti sfusi, si usa comunemente la doppia chiusura con sacchetti di plastica rivestiti da sacchetti interni di polietilene o da fogli di alluminio per garantire la stabilit\u00e0 e la sicurezza durante il trasporto.<\/p>\n<p>Il biossido di molibdeno deve essere conservato in un ambiente asciutto, ventilato e fresco, evitando il contatto diretto con umidit\u00e0, ossigeno e luce forte. La temperatura di stoccaggio deve essere mantenuta a temperatura ambiente, evitando temperature estremamente alte o basse. I magazzini devono essere tenuti lontani da acidi forti, alcali forti e altre sostanze chimiche e le aree di stoccaggio devono essere mantenute pulite per evitare qualsiasi contaminazione o reazione.<\/p>\n<h2><span style=\"font-size: 14pt;\">Domande frequenti (FAQ)<\/span><\/h2>\n<p><strong>Q1: Che cos&#8217;\u00e8 il MoO2?<\/strong><\/p>\n<p>R: Il biossido di molibdeno (MoO2) \u00e8 un ossido di molibdeno, comunemente utilizzato nella produzione di leghe, componenti elettronici, catalizzatori chimici e dispositivi di accumulo di energia. Ha un&#8217;eccellente conducibilit\u00e0 elettrica e termica e funge da efficiente catalizzatore in diverse reazioni chimiche.<\/p>\n<p><strong>D2: A cosa serve l&#8217;ossido di molibdeno?<\/strong><\/p>\n<p>R: Industria siderurgica: Migliora la forza, la durezza, la resistenza all&#8217;usura e alla corrosione dell&#8217;acciaio.<br \/>\nIndustria elettronica: Utilizzato nei componenti elettronici, nei transistor a film sottile e nei circuiti integrati come materiale conduttore.<br \/>\nCatalisi chimica: Utilizzato nelle reazioni di desolforazione, denitrificazione e sintesi organica per migliorare la velocit\u00e0 e l&#8217;efficienza delle reazioni.<br \/>\nMateriali ceramici: Migliora le propriet\u00e0 meccaniche, termiche ed elettriche della ceramica.<br \/>\nAccumulo di energia: Utilizzato come materiale elettrodico nelle batterie agli ioni di litio, offre un&#8217;elevata capacit\u00e0 teorica e un&#8217;eccellente stabilit\u00e0 ai cicli.<\/p>\n<p><strong>D3: Qual \u00e8 il colore del biossido di molibdeno?<\/strong><\/p>\n<p>R: Il biossido di molibdeno (MoO2) \u00e8 tipicamente una polvere di colore nero-bluastro o grigio scuro. Il suo colore pu\u00f2 variare a seconda della struttura cristallina, della purezza o delle condizioni esterne; allo stato di grana fine, tende maggiormente verso un colore nero-bluastro.<\/p>\n<p><strong>D4: Quali sono le propriet\u00e0 chimiche del biossido di molibdeno?<\/strong><\/p>\n<p>R: Il biossido di molibdeno \u00e8 un buon conduttore di elettricit\u00e0 e ha un&#8217;elevata stabilit\u00e0 termica. Rimane stabile a temperatura ambiente, ma pu\u00f2 reagire con altre sostanze a temperature elevate. In alcune reazioni chimiche, agisce come catalizzatore, aumentando la velocit\u00e0 e l&#8217;efficienza della reazione.<\/p>\n","protected":false},"excerpt":{"rendered":"<p>Biossido di molibdeno la polvere di molibdeno \u00e8 di colore blu-nero, con particolari propriet\u00e0 fisico-chimiche, attraverso una variet\u00e0 di metodi di preparazione e nella metallurgia del ferro e dell&#8217;acciaio, nell&#8217;industria elettronica, nei catalizzatori chimici e in altre importanti applicazioni in molti settori del biossido in polvere. VIMATERIAL offre polvere di biossido di molibdeno di elevata [&hellip;]<\/p>\n","protected":false},"featured_media":1051149,"comment_status":"open","ping_status":"closed","template":"","meta":{"_acf_changed":false},"product_brand":[],"product_cat":[205],"product_tag":[],"class_list":{"0":"post-1051269","1":"product","2":"type-product","3":"status-publish","4":"has-post-thumbnail","6":"product_cat-materiali-ossidi-idrossidi","8":"first","9":"instock","10":"shipping-taxable","11":"purchasable","12":"product-type-variable"},"acf":[],"_links":{"self":[{"href":"https:\/\/vimaterial.de\/it\/wp-json\/wp\/v2\/product\/1051269","targetHints":{"allow":["GET"]}}],"collection":[{"href":"https:\/\/vimaterial.de\/it\/wp-json\/wp\/v2\/product"}],"about":[{"href":"https:\/\/vimaterial.de\/it\/wp-json\/wp\/v2\/types\/product"}],"replies":[{"embeddable":true,"href":"https:\/\/vimaterial.de\/it\/wp-json\/wp\/v2\/comments?post=1051269"}],"wp:featuredmedia":[{"embeddable":true,"href":"https:\/\/vimaterial.de\/it\/wp-json\/wp\/v2\/media\/1051149"}],"wp:attachment":[{"href":"https:\/\/vimaterial.de\/it\/wp-json\/wp\/v2\/media?parent=1051269"}],"wp:term":[{"taxonomy":"product_brand","embeddable":true,"href":"https:\/\/vimaterial.de\/it\/wp-json\/wp\/v2\/product_brand?post=1051269"},{"taxonomy":"product_cat","embeddable":true,"href":"https:\/\/vimaterial.de\/it\/wp-json\/wp\/v2\/product_cat?post=1051269"},{"taxonomy":"product_tag","embeddable":true,"href":"https:\/\/vimaterial.de\/it\/wp-json\/wp\/v2\/product_tag?post=1051269"}],"curies":[{"name":"wp","href":"https:\/\/api.w.org\/{rel}","templated":true}]}}