{"id":1050986,"date":"2024-06-17T15:33:40","date_gmt":"2024-06-17T07:33:40","guid":{"rendered":"https:\/\/vimaterial.de\/product\/indio-metallico-3\/"},"modified":"2024-06-17T15:33:40","modified_gmt":"2024-06-17T07:33:40","slug":"indio-metallico-3","status":"publish","type":"product","link":"https:\/\/vimaterial.de\/it\/product\/indio-metallico-3\/","title":{"rendered":"Indio metallico"},"content":{"rendered":"<p>La polvere <span style=\"color: #0000ff;\"><a style=\"color: #0000ff;\" href=\"https:\/\/vimaterial.de\/it\/search\/?type=element&#038;keyword=in\">di indio metallico<\/a><\/span><br \/>\n\u00e8 una sostanza ottenuta dalla macinazione dell&#8217;indio metallico fino a ottenere una polvere fine. Grazie al suo colore bianco-argenteo e alle buone propriet\u00e0 di duttilit\u00e0 e plasticit\u00e0, \u00e8 ampiamente utilizzata nei settori dell&#8217;elettronica, dell&#8217;aerospaziale e in altri campi.<\/p>\n<p>VIMATERIAL fornisce anche fogli di indio ad alta purezza, target di indio, ITO e altri materiali. Se ne avete bisogno, non esitate a<span style=\"color: #0000ff;\"><a style=\"color: #0000ff;\" href=\"https:\/\/vimaterial.de\/it\/contatto\/\"> contattarci<\/a>.<\/span><\/p>\n<h2><span style=\"font-size: 14pt;\">Propriet\u00e0:<\/span><\/h2>\n<p>Simbolo chimico: In<\/p>\n<p>Numero atomico: 49<\/p>\n<p>Aspetto: Generalmente polvere bianco-argento; su scala nanometrica pu\u00f2 presentare caratteristiche cromatiche diverse, ad esempio la polvere di indio metallico nano \u00e8 nera o grigio scuro.<\/p>\n<p>Peso molecolare: 114,82.<\/p>\n<p>Densit\u00e0: 7,31 g\/cm\u00b3.<\/p>\n<p>Punto di fusione: 156,6 \u00b0C; \u00e8 un metallo a basso punto di fusione.<\/p>\n<p>Resistivit\u00e0: elevata, con determinate caratteristiche di resistenza.<\/p>\n<h2><span style=\"font-size: 14pt;\">Applicazioni<\/span><\/h2>\n<p>Pasta elettronica: la polvere di indio metallico \u00e8 ampiamente utilizzata nelle paste elettroniche, in quanto pu\u00f2 ridurre la temperatura di sinterizzazione della pasta stessa e migliorare le prestazioni e l&#8217;efficienza produttiva dei componenti elettronici.<\/p>\n<p>Materiali semiconduttori: viene utilizzato per la produzione di dispositivi a semiconduttori, quali transistor, circuiti integrati, ecc. L&#8217;elevata conduttivit\u00e0 elettrica dell&#8217;indio e le sue buone propriet\u00e0 semiconduttrici gli conferiscono un ruolo importante nell&#8217;industria dei semiconduttori.<\/p>\n<p>Settore dei sensori acustici: pu\u00f2 essere utilizzato come materiale di incollaggio per la produzione di sensori acustici.<\/p>\n<h2><span style=\"font-size: 14pt;\">Controllo qualit\u00e0<\/span><\/h2>\n<p>I nostri prodotti sono sottoposti al pi\u00f9 rigoroso sistema di gestione della qualit\u00e0. Esistono standard di ispezione rigorosi per i materiali in entrata, i processi, le ispezioni finali e le ispezioni in fabbrica. Verranno adottate rigorose misure di isolamento per le lavorazioni non conformi, al fine di impedire che prodotti non conformi passino al processo successivo. Verranno forniti campioni ai clienti in base alle loro richieste per una nuova ispezione.<\/p>\n<h2><span style=\"font-size: 14pt;\">Imballaggio e stoccaggio<\/span><\/h2>\n<p>: Imballaggio sottovuoto; la quantit\u00e0 di imballaggio pu\u00f2 essere fornita in base alle esigenze del cliente e confezionata separatamente.<\/p>\n<p>La polvere di indio metallico deve essere conservata in un ambiente asciutto e ventilato, al riparo dalla luce solare diretta e lontano da sostanze corrosive come acidi e alcali. Se l&#8217;ambiente di stoccaggio presenta un&#8217;elevata umidit\u00e0, \u00e8 possibile inserire un essiccante nel contenitore di stoccaggio.<\/p>\n<h2><span style=\"font-size: 14pt;\">Domande frequenti<\/span><\/h2>\n<p><strong>D1: Che cos&#8217;\u00e8 la polvere di indio?<\/strong><br \/>\nR: La polvere di indio \u00e8 una sostanza finemente polverizzata ottenuta dalla lavorazione e dalla macinazione del metallo indio. Grazie al suo colore bianco-argenteo e all&#8217;eccellente duttilit\u00e0 e plasticit\u00e0, \u00e8 ampiamente utilizzata nell&#8217;elettronica, nell&#8217;aerospaziale e in altri campi. La polvere di indio \u00e8 relativamente stabile a temperatura ambiente, ma in determinate condizioni pu\u00f2 subire ossidazione. Deve essere conservata al riparo dall&#8217;umidit\u00e0 e in genere si raccomanda di tenerla in un contenitore asciutto.<\/p>\n<p><strong>D2: A cosa serve la polvere di indio?<\/strong><br \/>\nR: La polvere di indio \u00e8 un materiale funzionale con molte propriet\u00e0 eccellenti, ampiamente utilizzato in settori high-tech quali l&#8217;elettronica, l&#8217;energia, l&#8217;ottica e la medicina. La purezza e la dimensione delle particelle della polvere di indio influenzano direttamente i suoi scenari di applicazione; la polvere ultrafine ad alta purezza \u00e8 pi\u00f9 adatta per i settori dell&#8217;elettronica di fascia alta e dei semiconduttori.<\/p>\n<p><strong>D3: Qual \u00e8 il tempo di consegna per la polvere di indio?<\/strong><br \/>\nR: Articoli in magazzino: disponibili per la spedizione immediata<\/p>\n<p>Prodotti standard: in genere 2\u20134 settimane<\/p>\n<p>Prodotti personalizzati: i tempi di consegna saranno determinati in base alle vostre specifiche esigenze<\/p>\n<p>Requisiti speciali: vi preghiamo di contattarci per discutere ulteriori dettagli e tempistiche<\/p>\n<p><strong>D4: Posso richiedere un campione di polvere di indio?<\/strong><br \/>\nR: S\u00ec, possiamo fornire campioni di indio per test e valutazione. Vi preghiamo di comunicarci le specifiche, le dimensioni, la purezza o l&#8217;applicazione prevista richieste e provvederemo a prepararvi i campioni il prima possibile.<\/p>\n","protected":false},"excerpt":{"rendered":"<p>La polvere di indio metallico \u00e8 una sostanza ottenuta dalla macinazione dell&#8217;indio metallico fino a ottenere una polvere fine. Grazie al suo colore bianco-argenteo e alle buone propriet\u00e0 di duttilit\u00e0 e plasticit\u00e0, \u00e8 ampiamente utilizzata nei settori dell&#8217;elettronica, dell&#8217;aerospaziale e in altri campi. VIMATERIAL fornisce anche fogli di indio ad alta purezza, target di indio, [&hellip;]<\/p>\n","protected":false},"featured_media":1050817,"comment_status":"open","ping_status":"closed","template":"","meta":{"_acf_changed":false},"product_brand":[],"product_cat":[212],"product_tag":[302],"class_list":{"0":"post-1050986","1":"product","2":"type-product","3":"status-publish","4":"has-post-thumbnail","6":"product_cat-polvere-di-metallo-puro-e-leghe","7":"product_tag-polvere-di-metallo","9":"first","10":"instock","11":"shipping-taxable","12":"purchasable","13":"product-type-variable"},"acf":[],"_links":{"self":[{"href":"https:\/\/vimaterial.de\/it\/wp-json\/wp\/v2\/product\/1050986","targetHints":{"allow":["GET"]}}],"collection":[{"href":"https:\/\/vimaterial.de\/it\/wp-json\/wp\/v2\/product"}],"about":[{"href":"https:\/\/vimaterial.de\/it\/wp-json\/wp\/v2\/types\/product"}],"replies":[{"embeddable":true,"href":"https:\/\/vimaterial.de\/it\/wp-json\/wp\/v2\/comments?post=1050986"}],"wp:featuredmedia":[{"embeddable":true,"href":"https:\/\/vimaterial.de\/it\/wp-json\/wp\/v2\/media\/1050817"}],"wp:attachment":[{"href":"https:\/\/vimaterial.de\/it\/wp-json\/wp\/v2\/media?parent=1050986"}],"wp:term":[{"taxonomy":"product_brand","embeddable":true,"href":"https:\/\/vimaterial.de\/it\/wp-json\/wp\/v2\/product_brand?post=1050986"},{"taxonomy":"product_cat","embeddable":true,"href":"https:\/\/vimaterial.de\/it\/wp-json\/wp\/v2\/product_cat?post=1050986"},{"taxonomy":"product_tag","embeddable":true,"href":"https:\/\/vimaterial.de\/it\/wp-json\/wp\/v2\/product_tag?post=1050986"}],"curies":[{"name":"wp","href":"https:\/\/api.w.org\/{rel}","templated":true}]}}