{"id":1050968,"date":"2024-06-17T15:33:38","date_gmt":"2024-06-17T07:33:38","guid":{"rendered":"https:\/\/vimaterial.de\/product\/indio-metallico-4\/"},"modified":"2024-06-17T15:33:38","modified_gmt":"2024-06-17T07:33:38","slug":"indio-metallico-4","status":"publish","type":"product","link":"https:\/\/vimaterial.de\/it\/product\/indio-metallico-4\/","title":{"rendered":"Indio metallico"},"content":{"rendered":"<p>I granuli di indio sono un materiale versatile caratterizzato da un basso punto di fusione e da un&#8217;eccellente conduttivit\u00e0. Sono adatti a una vasta gamma di settori high-tech, tra cui l&#8217;industria dei semiconduttori, le applicazioni ottiche e la produzione di dispositivi elettronici.<\/p>\n<p>VIMATERIAL \u00e8 specializzata nella produzione di fogli\/lastre di indio, fili di indio, nastri di indio, strisce di indio, <span style=\"color: #0000ff;\"><a style=\"color: #0000ff;\" href=\"https:\/\/vimaterial.de\/it\/product\/indio-metallico\/\">target di indio<\/a><\/span><br \/>\n, <span style=\"color: #0000ff;\"><a style=\"color: #0000ff;\" href=\"https:\/\/vimaterial.de\/it\/product\/indio-metallico-3\/\">polvere di indio<\/a><\/span><br \/>\ne altri prodotti a base di indio. Supportiamo la lavorazione con materiali forniti dal cliente e manteniamo una scorta di prodotti disponibili tutto l&#8217;anno.<\/p>\n<h2><span style=\"font-size: 14pt;\">Propriet\u00e0 dei granuli di indio<\/span><\/h2>\n<p>Formula molecolare: In<\/p>\n<p>Massa molare: 114,8 g\/mol<\/p>\n<p>Aspetto: bianco argenteo<\/p>\n<p>Densit\u00e0: 7,<sup>3<\/sup><br \/>\n1 g\/cm\u00b3 a 25 \u00b0C<\/p>\n<p>Punto di fusione: 156,6 \u00b0C<\/p>\n<p>Punto di ebollizione: 2080 \u00b0C<\/p>\n<p>Coefficiente di espansione termica (CTE): (25 \u00b0C) 32,1 <sup>\u03bc<\/sup><br \/>\nm\u00b7m<sup>\u207b\u00b9<\/sup><br \/>\n\u00b7K<sup>\u207b\u00b9<\/sup><br \/>\nConducibilit\u00e0 termica: 0,818 W\/cm\u00b7K a 298,2 K<\/p>\n<p>Resistivit\u00e0: 8,37 \u03a9\u00b7m a 20 \u00b0C<\/p>\n<h2><span style=\"font-size: 14pt;\">Applicazioni dei granuli di indio<\/span><\/h2>\n<p>Settore dei semiconduttori: L&#8217;applicazione dell&#8217;indio nel settore dei semiconduttori \u00e8 utilizzata principalmente per la produzione di materiali semiconduttori ad alte prestazioni, come il film di ossido di indio e stagno, che pu\u00f2 essere utilizzato per la produzione di transistor e condensatori ad alte prestazioni. Inoltre, l&#8217;indio pu\u00f2 essere utilizzato anche per la produzione di dispositivi optoelettronici a semiconduttori, come i dispositivi optoelettronici in arseniuro di indio e gallio (InGaAs), che possono essere utilizzati per la produzione di sistemi di comunicazione ad alta velocit\u00e0 e sistemi di comunicazione in fibra ottica.<\/p>\n<p>Settore elettronico: i granuli di indio sono ampiamente utilizzati anche nel settore elettronico, e le applicazioni comuni includono schermi LCD, touch screen, luci a LED, ecc. L&#8217;indio in questi prodotti viene impiegato principalmente come film conduttivo trasparente. La sua eccellente conduttivit\u00e0 e trasparenza rendono l&#8217;indio ampiamente utilizzato in questi settori.<\/p>\n<p>Settore aerospaziale: l&#8217;indio viene utilizzato principalmente nella produzione di leghe resistenti alle alte temperature, come le leghe ad alta temperatura a base di indio. Questo materiale \u00e8 in grado di resistere ad ambienti con temperature e pressioni elevate, pertanto \u00e8 ampiamente utilizzato nei motori a reazione, nei componenti aerospaziali e in altri settori.<\/p>\n<p>Settore medico: l&#8217;indio viene utilizzato principalmente nella produzione di agenti diagnostici per la medicina nucleare, come l&#8217;indio-111. Questo isotopo radioattivo pu\u00f2 essere utilizzato per diagnosticare malattie come il cancro e le malattie cardiovascolari, fornendo un importante strumento per la diagnosi medica.<\/p>\n<h2><span style=\"font-size: 14pt;\">Controllo qualit\u00e0<\/span><\/h2>\n<p>I nostri prodotti adottano il pi\u00f9 rigoroso sistema di gestione della qualit\u00e0. Esistono standard di ispezione rigorosi per i materiali in entrata, i processi, le ispezioni finali e le ispezioni in fabbrica. Verranno adottate rigorose misure di isolamento per le lavorazioni non conformi, al fine di impedire che prodotti non conformi passino al processo successivo. Verranno forniti campioni ai clienti in base alle loro richieste per una nuova ispezione.<\/p>\n<h2><span style=\"font-size: 14pt;\">Imballaggio e stoccaggio<\/span><\/h2>\n<p>: imballaggio sottovuoto; la quantit\u00e0 di imballaggio pu\u00f2 essere fornita in base alle richieste del cliente e confezionata separatamente.<\/p>\n<p>I granuli di indio devono essere sigillati e conservati in un ambiente fresco e asciutto per impedire che reagiscano con l&#8217;umidit\u00e0 e l&#8217;ossigeno presenti nell&#8217;aria.<\/p>\n<h2><span style=\"font-size: 14pt;\">Domande frequenti<\/span><\/h2>\n<p><strong>D1: A cosa servono i granuli di indio?<\/strong><br \/>\nR: I granuli di indio sono utilizzati nei semiconduttori per materiali ad alte prestazioni e dispositivi optoelettronici, nell&#8217;elettronica per LCD, touchscreen e LED, nel settore aerospaziale per leghe ad alta temperatura e in medicina per la diagnostica nucleare che utilizza l&#8217;indio-111.<\/p>\n<p><strong>D2: Il metallo indio \u00e8 tossico?<\/strong><br \/>\nR: L&#8217;indio metallico di per s\u00e9 (allo stato metallico puro) ha una bassa tossicit\u00e0 acuta, ma i suoi composti sono significativamente tossici, specialmente se inalati a lungo termine sotto forma di polvere o fumi, che possono causare gravi danni ai polmoni e persino il cancro. Il rischio di esposizione all&#8217;indio metallico nella vita quotidiana \u00e8 relativamente basso, ma l&#8217;esposizione professionale (come nell&#8217;industria di produzione elettronica) richiede misure di protezione rigorose.<\/p>\n<p><strong>D3: L&#8217;indio \u00e8 un metallo di transizione?<\/strong><br \/>\nR: L&#8217;indio (In) \u00e8 un metallo di transizione tardiva con propriet\u00e0 superconduttive uniche, e la sua temperatura critica di superconduttivit\u00e0 \u00e8 di circa 3,4 K (-269,75 \u00b0C).<\/p>\n<p><strong>D4: Qual \u00e8 il tempo di produzione?<\/strong><br \/>\nR: In magazzino: spedizione immediata<\/p>\n<p>Prodotti standard: generalmente 2-4 settimane<\/p>\n<p>Prodotti personalizzati: determinato in base ai dettagli richiesti<\/p>\n<p>\u00c8 possibile discutere requisiti speciali<\/p>\n","protected":false},"excerpt":{"rendered":"<p>I granuli di indio sono un materiale versatile caratterizzato da un basso punto di fusione e da un&#8217;eccellente conduttivit\u00e0. Sono adatti a una vasta gamma di settori high-tech, tra cui l&#8217;industria dei semiconduttori, le applicazioni ottiche e la produzione di dispositivi elettronici. VIMATERIAL \u00e8 specializzata nella produzione di fogli\/lastre di indio, fili di indio, nastri [&hellip;]<\/p>\n","protected":false},"featured_media":1032161,"comment_status":"open","ping_status":"closed","template":"","meta":{"_acf_changed":false},"product_brand":[],"product_cat":[198],"product_tag":[298],"class_list":{"0":"post-1050968","1":"product","2":"type-product","3":"status-publish","4":"has-post-thumbnail","6":"product_cat-materiali-per-levaporazione","7":"product_tag-materiali-per-levaporazione","9":"first","10":"instock","11":"shipping-taxable","12":"purchasable","13":"product-type-variable"},"acf":[],"_links":{"self":[{"href":"https:\/\/vimaterial.de\/it\/wp-json\/wp\/v2\/product\/1050968","targetHints":{"allow":["GET"]}}],"collection":[{"href":"https:\/\/vimaterial.de\/it\/wp-json\/wp\/v2\/product"}],"about":[{"href":"https:\/\/vimaterial.de\/it\/wp-json\/wp\/v2\/types\/product"}],"replies":[{"embeddable":true,"href":"https:\/\/vimaterial.de\/it\/wp-json\/wp\/v2\/comments?post=1050968"}],"wp:featuredmedia":[{"embeddable":true,"href":"https:\/\/vimaterial.de\/it\/wp-json\/wp\/v2\/media\/1032161"}],"wp:attachment":[{"href":"https:\/\/vimaterial.de\/it\/wp-json\/wp\/v2\/media?parent=1050968"}],"wp:term":[{"taxonomy":"product_brand","embeddable":true,"href":"https:\/\/vimaterial.de\/it\/wp-json\/wp\/v2\/product_brand?post=1050968"},{"taxonomy":"product_cat","embeddable":true,"href":"https:\/\/vimaterial.de\/it\/wp-json\/wp\/v2\/product_cat?post=1050968"},{"taxonomy":"product_tag","embeddable":true,"href":"https:\/\/vimaterial.de\/it\/wp-json\/wp\/v2\/product_tag?post=1050968"}],"curies":[{"name":"wp","href":"https:\/\/api.w.org\/{rel}","templated":true}]}}