{"id":1050946,"date":"2024-06-17T15:33:39","date_gmt":"2024-06-17T07:33:39","guid":{"rendered":"https:\/\/vimaterial.de\/product\/indio-metallico-5\/"},"modified":"2024-06-17T15:33:39","modified_gmt":"2024-06-17T07:33:39","slug":"indio-metallico-5","status":"publish","type":"product","link":"https:\/\/vimaterial.de\/it\/product\/indio-metallico-5\/","title":{"rendered":"Indio metallico"},"content":{"rendered":"<p>Il filo di indio \u00e8 un materiale filamentoso costituito da indio puro caratterizzato da elevata purezza, buona conduttivit\u00e0 e stabilit\u00e0 chimica.<\/p>\n<p>VIMATERIAL fornisce anche <span style=\"color: #0000ff;\"><a style=\"color: #0000ff;\" href=\"https:\/\/vimaterial.de\/it\/product\/indio-metallico\/\">target di indio<\/a><\/span><br \/>\nad alta purezza<span style=\"color: #0000ff;\">, <a style=\"color: #0000ff;\" href=\"https:\/\/vimaterial.de\/it\/product\/indio-metallico-2\/\">fogli di indio<\/a>, <a style=\"color: #0000ff;\" href=\"https:\/\/vimaterial.de\/it\/product\/indio-metallico-3\/\">polveri di indio<\/a>,<\/span><br \/>\necc. Se ne avete bisogno, non esitate<span style=\"color: #0000ff;\"><a style=\"color: #0000ff;\" href=\"https:\/\/vimaterial.de\/it\/contatto\/\"><\/a><\/span><br \/>\na <span style=\"color: #0000ff;\"><a style=\"color: #0000ff;\" href=\"https:\/\/vimaterial.de\/it\/contatto\/\">contattarci<\/a><\/span><br \/>\n.<\/p>\n<h2><span style=\"font-size: 14pt;\">Propriet\u00e0:<\/span><\/h2>\n<p>Aspetto: solitamente lineare, di colore bianco-argento; la superficie presenta una lucentezza metallica. Se esposto all&#8217;aria, la superficie pu\u00f2 diventare grigia a causa dell&#8217;ossidazione.<\/p>\n<p>Densit\u00e0: la densit\u00e0 dell&#8217;indio \u00e8 di circa 7,31 g\/cm\u00b3.<\/p>\n<p>Punto di fusione: circa 156,61 \u00b0C.<\/p>\n<p>Durezza: consistenza morbida, durezza Mohs di circa 1,2.<\/p>\n<p>Conduttivit\u00e0 elettrica: possiede una buona conduttivit\u00e0 elettrica e trova applicazione nei settori dell&#8217;elettronica, dell&#8217;elettricit\u00e0 e in altri campi che richiedono propriet\u00e0 conduttive.<\/p>\n<h2><span style=\"font-size: 14pt;\">Applicazioni del filo di indio<\/span><\/h2>\n<p>Industria elettronica: nella produzione di semiconduttori, il filo di indio pu\u00f2 essere utilizzato per l&#8217;incapsulamento e il collegamento dei chip. Grazie alla sua buona conduttivit\u00e0 e saldabilit\u00e0, \u00e8 in grado di realizzare un collegamento affidabile tra il chip e il circuito esterno.<\/p>\n<p>Settore della saldatura: il filo di indio \u00e8 un eccellente materiale di saldatura a bassa temperatura, che trova importanti applicazioni nella saldatura di alcuni materiali sensibili alla temperatura.<\/p>\n<p>Settore della ricerca scientifica: in laboratorio, il filo di indio pu\u00f2 essere utilizzato per realizzare termocoppie e altri strumenti di misurazione della temperatura. Grazie al basso punto di fusione dell&#8217;indio, presenta alcuni vantaggi nella misurazione a bassa temperatura.<\/p>\n<h2><span style=\"font-size: 14pt;\">Controllo qualit\u00e0<\/span><\/h2>\n<p>I nostri prodotti sono sottoposti al pi\u00f9 rigoroso sistema di gestione della qualit\u00e0. Esistono standard di ispezione rigorosi per i materiali in entrata, i processi, le ispezioni finali e le ispezioni in fabbrica. Verranno adottate rigorose misure di isolamento per le lavorazioni non conformi, al fine di impedire che prodotti non conformi passino al processo successivo. Ai clienti verranno forniti campioni in base alle loro esigenze per una nuova ispezione.<\/p>\n<h2><span style=\"font-size: 14pt;\">Imballaggio e stoccaggio<\/span><\/h2>\n<p>: imballaggio sottovuoto; la quantit\u00e0 di imballaggio pu\u00f2 essere fornita in base alle esigenze del cliente e confezionata separatamente.<\/p>\n<p>Il filo di indio deve essere conservato in un magazzino asciutto, fresco e ventilato, lontano dalla luce solare diretta e da ambienti ad alta temperatura per evitare che il filo di indio si deformi o si sciolga a causa del calore.<\/p>\n<h2><span style=\"font-size: 14pt;\">Domande frequenti<\/span><\/h2>\n<p><strong>D1: A cosa serve il filo di indio?<\/strong><br \/>\nR: Il filo di indio \u00e8 utilizzato nell&#8217;industria elettronica per il confezionamento e le connessioni dei chip, nella saldatura come lega a bassa temperatura per materiali termosensibili e nella ricerca scientifica per la realizzazione di termocoppie e altri strumenti di misura a bassa temperatura.<\/p>\n<p><strong>D2: L&#8217;indio \u00e8 una lega per saldatura?<\/strong><br \/>\nR: L&#8217;indio di per s\u00e9 non \u00e8 una lega di saldatura nel senso tradizionale del termine, ma \u00e8 un componente cruciale nella produzione di molte leghe di saldatura (in particolare quelle a base di indio), occupando una posizione insostituibile nei settori dell&#8217;elettronica di fascia alta, della saldatura a bassa temperatura, sotto vuoto e di sigillatura.<\/p>\n<p><strong>D3: Posso toccare l&#8217;indio?<\/strong><br \/>\nR: Il contatto quotidiano (come l&#8217;uso di telefoni cellulari e televisori) non provoca avvelenamento da indio. Negli schermi LCD, l&#8217;indio \u00e8 sigillato tra due strati di vetro sotto forma di ossido di indio e stagno (ITO) e non si decompone n\u00e9 rilascia polvere da solo, rendendolo completamente sicuro per un uso normale; tuttavia, le persone che lavorano in ambienti di prima linea (come quelle coinvolte nella produzione di schermi LCD e pannelli solari) devono impedire che la polvere fine di indio entri nei loro polmoni. L&#8217;inalazione di polvere contenente indio o l&#8217;ingestione accidentale possono causare problemi di salute.<\/p>\n<p><strong>D4: L&#8217;indio pu\u00f2 fondersi?<\/strong><br \/>\nR: L&#8217;indio metallico \u00e8 fuso, con un punto di fusione di circa 156,6 \u00b0C. L&#8217;indio \u00e8 un metallo bianco-argenteo con una leggera sfumatura bluastra, estremamente morbido e che pu\u00f2 essere graffiato con un&#8217;unghia. Essendo un metallo fusibile, l&#8217;indio passa dallo stato solido a quello liquido quando viene riscaldato al di sopra di questa temperatura. Viene utilizzato principalmente nella produzione di leghe a basso punto di fusione, semiconduttori e materie prime per sorgenti di luce elettrica.<\/p>\n","protected":false},"excerpt":{"rendered":"<p>Il filo di indio \u00e8 un materiale filamentoso costituito da indio puro caratterizzato da elevata purezza, buona conduttivit\u00e0 e stabilit\u00e0 chimica. VIMATERIAL fornisce anche target di indio ad alta purezza, fogli di indio, polveri di indio, ecc. Se ne avete bisogno, non esitate a contattarci . Propriet\u00e0: Aspetto: solitamente lineare, di colore bianco-argento; la superficie [&hellip;]<\/p>\n","protected":false},"featured_media":1032171,"comment_status":"open","ping_status":"closed","template":"","meta":{"_acf_changed":false},"product_brand":[],"product_cat":[207],"product_tag":[294],"class_list":{"0":"post-1050946","1":"product","2":"type-product","3":"status-publish","4":"has-post-thumbnail","6":"product_cat-profilo","7":"product_tag-filo","9":"first","10":"instock","11":"shipping-taxable","12":"purchasable","13":"product-type-variable"},"acf":[],"_links":{"self":[{"href":"https:\/\/vimaterial.de\/it\/wp-json\/wp\/v2\/product\/1050946","targetHints":{"allow":["GET"]}}],"collection":[{"href":"https:\/\/vimaterial.de\/it\/wp-json\/wp\/v2\/product"}],"about":[{"href":"https:\/\/vimaterial.de\/it\/wp-json\/wp\/v2\/types\/product"}],"replies":[{"embeddable":true,"href":"https:\/\/vimaterial.de\/it\/wp-json\/wp\/v2\/comments?post=1050946"}],"wp:featuredmedia":[{"embeddable":true,"href":"https:\/\/vimaterial.de\/it\/wp-json\/wp\/v2\/media\/1032171"}],"wp:attachment":[{"href":"https:\/\/vimaterial.de\/it\/wp-json\/wp\/v2\/media?parent=1050946"}],"wp:term":[{"taxonomy":"product_brand","embeddable":true,"href":"https:\/\/vimaterial.de\/it\/wp-json\/wp\/v2\/product_brand?post=1050946"},{"taxonomy":"product_cat","embeddable":true,"href":"https:\/\/vimaterial.de\/it\/wp-json\/wp\/v2\/product_cat?post=1050946"},{"taxonomy":"product_tag","embeddable":true,"href":"https:\/\/vimaterial.de\/it\/wp-json\/wp\/v2\/product_tag?post=1050946"}],"curies":[{"name":"wp","href":"https:\/\/api.w.org\/{rel}","templated":true}]}}