{"id":1050878,"date":"2024-06-17T15:33:40","date_gmt":"2024-06-17T07:33:40","guid":{"rendered":"https:\/\/vimaterial.de\/product\/indio-metallico\/"},"modified":"2024-06-17T15:33:40","modified_gmt":"2024-06-17T07:33:40","slug":"indio-metallico","status":"publish","type":"product","link":"https:\/\/vimaterial.de\/it\/product\/indio-metallico\/","title":{"rendered":"Indio metallico"},"content":{"rendered":"<p>I bersagli per sputtering all&#8217;indio sono composti principalmente da <span style=\"color: #0000ff;\"><a style=\"color: #0000ff;\" href=\"https:\/\/vimaterial.de\/it\/search\/?type=name&#038;keyword=Indium+metal\">indio metallico<\/a><\/span><br \/>\n, che presenta un grado di purezza molto elevato e viene solitamente utilizzato per la produzione di componenti chiave in vari dispositivi elettronici.<\/p>\n<p>VIMATERIAL \u00e8 specializzata nella produzione di fogli\/lastre di indio, fili di indio, granuli di indio, strisce di indio, bersagli di indio, polvere di indio e altri prodotti a base di indio. Offriamo la possibilit\u00e0 di lavorare materiali forniti dal cliente e disponiamo di un magazzino di prodotti disponibili tutto l&#8217;anno. <span style=\"color: #0000ff;\"><a style=\"color: #0000ff;\" href=\"https:\/\/vimaterial.de\/it\/contatto\/\">Contattateci<\/a><\/span><br \/>\nper ulteriori informazioni.<\/p>\n<h2><span style=\"font-size: 14pt;\">Propriet\u00e0<\/span><\/h2>\n<p>Formula molecolare: In<\/p>\n<p>Massa molare: 114,8 g\/mol<\/p>\n<p>Aspetto: Bianco argenteo<\/p>\n<p>Densit\u00e0: 7,31 g\/cm\u00b3 a 25 \u00b0C<\/p>\n<p>Punto di fusione: 156,6 \u00b0C<\/p>\n<p>Punto di ebollizione: 2080 \u00b0C<\/p>\n<p>Coefficiente di espansione termica (CTE): (25 \u00b0C) 32,1 \u03bcm\u00b7m\u207b\u00b9\u00b7K<sup>\u207b\u00b9<\/sup><br \/>\nConducibilit\u00e0 termica: 0,818 W\/cm\u00b7K a 298,2 K<\/p>\n<p>Resistivit\u00e0: 8,37 \u03a9\u00b7m a 20 \u00b0C<\/p>\n<h2><span style=\"font-size: 14pt;\">Quali sono le applicazioni dei target di sputtering all&#8217;indio?<\/span><\/h2>\n<p>Settore dell&#8217;elettronica e dei semiconduttori: l&#8217;indio e i suoi composti, come l&#8217;InGaAs, sono utilizzati per la produzione di dispositivi elettronici a semiconduttori, con velocit\u00e0 di trasporto degli elettroni diverse volte superiori a quelle del silicio. I bersagli di sputtering di indio sono utilizzati anche nella produzione di dispositivi quali transistor a effetto di campo metallo-ossido-semiconduttore (MOSFET), transistor a effetto di campo metallo-semiconduttore (MESFET) e transistor ad alta mobilit\u00e0 elettronica (HEMT).<\/p>\n<p>Optoelettronica e LCD: l&#8217;indio \u00e8 utilizzato per produrre bersagli ITO per schermi a cristalli liquidi (LCD) e schermi piatti, che rappresentano l&#8217;area principale del consumo globale di indio. I bersagli in lega di indio-stagno sono utilizzati nella polverizzazione reattiva in corrente continua per creare film sottili di ITO, impiegati in rivestimenti conduttivi trasparenti per dispositivi elettronici come schermi piatti e touchscreen.<\/p>\n<p>Leghe a basso punto di fusione e leghe per cuscinetti: il basso punto di fusione dell&#8217;indio lo rende un componente importante nelle leghe a basso punto di fusione, comunemente utilizzate nella saldatura a bassa temperatura, nei sensori di temperatura e nei termistori. Il target di sputtering all&#8217;indio viene utilizzato anche nella produzione di leghe per cuscinetti.<\/p>\n<p>Materiali magnetici e ottici: il bersaglio di indio \u00e8 utilizzato nella produzione di materiali magnetici, come i bersagli in lega TbFeCo necessari per i dischi ottici magnetici. Inoltre, l&#8217;indio trova applicazione nei materiali ottici, dove viene utilizzato per realizzare lenti ottiche e finestre per sistemi ottici a infrarossi e laser.<\/p>\n<h2><span style=\"font-size: 14pt;\">Controllo qualit\u00e0<\/span><\/h2>\n<p>I nostri prodotti sono sottoposti al pi\u00f9 rigoroso sistema di gestione della qualit\u00e0. Esistono standard di ispezione rigorosi per i materiali in entrata, i processi, le ispezioni finali e le ispezioni in fabbrica. Verranno adottate rigide misure di isolamento per le lavorazioni non conformi, al fine di impedire che prodotti non conformi passino al processo successivo. Verranno forniti campioni ai clienti in base alle loro richieste per una nuova ispezione.<\/p>\n<h2><span style=\"font-size: 14pt;\">Imballaggio e stoccaggio<\/span><\/h2>\n<p>: imballaggio sottovuoto; la quantit\u00e0 di imballaggio pu\u00f2 essere fornita in base alle richieste del cliente e confezionata separatamente.<\/p>\n<p>I target di sputtering all&#8217;indio devono essere sigillati e conservati in un ambiente fresco e asciutto per impedire che reagiscano con l&#8217;umidit\u00e0 e l&#8217;ossigeno presenti nell&#8217;aria.<\/p>\n<h2><span style=\"font-size: 14pt;\">Domande frequenti<\/span><\/h2>\n<p><strong>D1: A cosa serve il bersaglio di sputtering all&#8217;indio?<\/strong><br \/>\nR: I bersagli all&#8217;indio sono utilizzati nell&#8217;elettronica e nei semiconduttori (ad es. MOSFET, HEMT), nell&#8217;optoelettronica e negli LCD per film sottili ITO, leghe a basso punto di fusione e per cuscinetti, nonch\u00e9 in materiali magnetici e ottici come dischi magnetici e lenti a infrarossi.<\/p>\n<p><strong>D2: Che cos&#8217;\u00e8 l&#8217;incollaggio del bersaglio all&#8217;indio?<\/strong><br \/>\nR: Lo sputtering dell&#8217;indio si riferisce al processo che utilizza l&#8217;indio (In) o le sue leghe come saldante nella deposizione fisica da vapore (PVD) e in altri processi per legare saldamente il bersaglio di sputtering a una piastra di supporto (di solito un metallo come il rame o il molibdeno). Questa tecnologia viene utilizzata principalmente per migliorare la conducibilit\u00e0 termica, la stabilit\u00e0 meccanica e la durata del bersaglio di sputtering ed \u00e8 particolarmente adatta per bersagli di sputtering fragili, costosi o ad alta potenza.<\/p>\n<p><strong>D3: I bersagli di sputtering all&#8217;indio possono essere personalizzati?<\/strong><br \/>\nR: S\u00ec, i bersagli di sputtering all&#8217;indio possono essere completamente personalizzati per soddisfare requisiti applicativi specifici. Offriamo soluzioni su misura in termini di livelli di purezza, dimensioni e forme per adattarsi a diversi processi e apparecchiature di deposizione. Che abbiate bisogno di dischi standard, bersagli rettangolari o geometrie speciali, il nostro team pu\u00f2 produrre in base ai vostri disegni tecnici e alle vostre specifiche. Ci\u00f2 garantisce prestazioni, compatibilit\u00e0 ed efficienza ottimali per la vostra applicazione specifica.<\/p>\n<p><strong>D4: Qual \u00e8 il tempo di consegna?<\/strong><br \/>\nR: In magazzino: spedizione immediata<\/p>\n<p>Prodotti standard: generalmente 2-4 settimane<\/p>\n<p>Prodotti personalizzati: determinato in base ai dettagli richiesti<\/p>\n<p>\u00c8 possibile discutere requisiti speciali<\/p>\n","protected":false},"excerpt":{"rendered":"<p>I bersagli per sputtering all&#8217;indio sono composti principalmente da indio metallico , che presenta un grado di purezza molto elevato e viene solitamente utilizzato per la produzione di componenti chiave in vari dispositivi elettronici. VIMATERIAL \u00e8 specializzata nella produzione di fogli\/lastre di indio, fili di indio, granuli di indio, strisce di indio, bersagli di indio, [&hellip;]<\/p>\n","protected":false},"featured_media":1032181,"comment_status":"open","ping_status":"closed","template":"","meta":{"_acf_changed":false},"product_brand":[],"product_cat":[197],"product_tag":[269],"class_list":{"0":"post-1050878","1":"product","2":"type-product","3":"status-publish","4":"has-post-thumbnail","6":"product_cat-obiettivi-di-sputtering-planari","7":"product_tag-obiettivi-di-sputtering-metallico","9":"first","10":"instock","11":"shipping-taxable","12":"purchasable","13":"product-type-variable"},"acf":[],"_links":{"self":[{"href":"https:\/\/vimaterial.de\/it\/wp-json\/wp\/v2\/product\/1050878","targetHints":{"allow":["GET"]}}],"collection":[{"href":"https:\/\/vimaterial.de\/it\/wp-json\/wp\/v2\/product"}],"about":[{"href":"https:\/\/vimaterial.de\/it\/wp-json\/wp\/v2\/types\/product"}],"replies":[{"embeddable":true,"href":"https:\/\/vimaterial.de\/it\/wp-json\/wp\/v2\/comments?post=1050878"}],"wp:featuredmedia":[{"embeddable":true,"href":"https:\/\/vimaterial.de\/it\/wp-json\/wp\/v2\/media\/1032181"}],"wp:attachment":[{"href":"https:\/\/vimaterial.de\/it\/wp-json\/wp\/v2\/media?parent=1050878"}],"wp:term":[{"taxonomy":"product_brand","embeddable":true,"href":"https:\/\/vimaterial.de\/it\/wp-json\/wp\/v2\/product_brand?post=1050878"},{"taxonomy":"product_cat","embeddable":true,"href":"https:\/\/vimaterial.de\/it\/wp-json\/wp\/v2\/product_cat?post=1050878"},{"taxonomy":"product_tag","embeddable":true,"href":"https:\/\/vimaterial.de\/it\/wp-json\/wp\/v2\/product_tag?post=1050878"}],"curies":[{"name":"wp","href":"https:\/\/api.w.org\/{rel}","templated":true}]}}