{"id":1050699,"date":"2024-06-17T14:29:40","date_gmt":"2024-06-17T06:29:40","guid":{"rendered":"https:\/\/vimaterial.de\/product\/vanadio-metallico-7\/"},"modified":"2024-06-17T14:29:40","modified_gmt":"2024-06-17T06:29:40","slug":"vanadio-metallico-7","status":"publish","type":"product","link":"https:\/\/vimaterial.de\/it\/product\/vanadio-metallico-7\/","title":{"rendered":"Vanadio metallico"},"content":{"rendered":"<p>La lamina <span style=\"color: #0000ff;\"><a style=\"color: #0000ff;\" href=\"https:\/\/vimaterial.de\/it\/search\/?type=element&#038;keyword=V\">metallica di vanadio<\/a><\/span><br \/>\n\u00e8 un sottile foglio di vanadio metallico, di colore grigio argento, con una lucentezza metallica, una consistenza flessibile, una buona conduttivit\u00e0 elettrica e un alto punto di fusione, con potenziali applicazioni nei settori dell&#8217;elettronica, della chimica e della metallurgia.<\/p>\n<p>VIMATERIAL \u00e8 un&#8217;azienda all&#8217;avanguardia nell&#8217;innovazione dei materiali chimici, specializzata in materiali ad alte prestazioni progettati per applicazioni ingegneristiche avanzate. I nostri prodotti sono di elevata purezza e qualit\u00e0; offriamo confezioni in piccoli lotti, quantit\u00e0 minime d&#8217;ordine ridotte, scorte sufficienti e possibilit\u00e0 di personalizzazione. Se avete esigenze particolari, non esitate<span style=\"color: #0000ff;\"><a style=\"color: #0000ff;\" href=\"https:\/\/vimaterial.de\/it\/contatto\/\"><\/a><\/span><br \/>\na <span style=\"color: #0000ff;\"><a style=\"color: #0000ff;\" href=\"https:\/\/vimaterial.de\/it\/contatto\/\">contattarci<\/a><\/span><br \/>\n.<\/p>\n<h2><span style=\"font-size: 14pt;\">Propriet\u00e0<\/span><\/h2>\n<p>Formula molecolare: V<\/p>\n<p>Peso molecolare: 50,94 g\/mol<\/p>\n<p>Aspetto: scaglie grigio-argento con lucentezza metallica.<\/p>\n<p>Densit\u00e0: 6,0 g\/cm\u00b3<\/p>\n<p>Punto di fusione: 1910 \u00b0C<\/p>\n<p>Punto di ebollizione: 3407 \u00b0C<\/p>\n<p>Struttura cristallina: struttura cubica a corpo centrato<\/p>\n<h2><span style=\"font-size: 14pt;\">Applicazioni della lamina di vanadio<\/span><\/h2>\n<p>Elettronica: la lamina di vanadio pu\u00f2 essere utilizzata nella produzione di componenti elettronici, come i materiali per elettrodi, grazie alla sua buona conduttivit\u00e0 elettrica che favorisce l&#8217;efficiente trasmissione di elettroni tra i componenti, migliorando le prestazioni delle apparecchiature elettroniche.<\/p>\n<p>Industria chimica: la lamina di vanadio pu\u00f2 essere utilizzata come supporto per catalizzatori nei dispositivi di reazione chimica. La sua ampia superficie pu\u00f2 essere efficacemente caricata con catalizzatori per partecipare a una variet\u00e0 di reazioni chimiche e migliorare l&#8217;efficienza della reazione.<\/p>\n<p>Industria metallurgica: come additivo per leghe, la lamina di vanadio pu\u00f2 essere fusa con altri metalli durante il processo metallurgico per migliorare la resistenza e la tenacit\u00e0 della lega, utilizzata per produrre materiali metallici speciali di alta qualit\u00e0.<\/p>\n<p>Energia: in alcune nuove tecnologie per le batterie, la lamina di vanadio pu\u00f2 essere utilizzata per realizzare elettrodi per batterie, sfruttando le sue speciali propriet\u00e0 elettrochimiche per immagazzinare e rilasciare efficacemente l&#8217;elettricit\u00e0.<\/p>\n<p>Aerospaziale: grazie al suo alto punto di fusione e alla buona resistenza, la lamina di vanadio pu\u00f2 essere utilizzata come strato protettivo per componenti aerospaziali, proteggendo la struttura interna dalle alte temperature e dalla corrosione.<\/p>\n<h2><span style=\"font-size: 14pt;\">Controllo qualit\u00e0<\/span><\/h2>\n<p><span style=\"color: #0000ff;\"><a style=\"color: #0000ff;\" href=\"https:\/\/vimaterial.de\/it\/controllo-qualita\/\">I nostri prodotti<\/a><\/span><br \/>\nsono soggetti a un rigoroso sistema di gestione della qualit\u00e0. Dallo stoccaggio dei materiali in entrata, alla lavorazione, all&#8217;ispezione finale fino al controllo in fabbrica, vigono rigorosi standard di ispezione. Vengono adottate rigide misure di isolamento per le lavorazioni non conformi, al fine di impedire che prodotti non conformi passino al processo successivo. Vengono forniti campioni per una nuova ispezione da parte del cliente in base alle sue esigenze.<\/p>\n<h2><span style=\"font-size: 14pt;\">Imballaggio e stoccaggio<\/span><\/h2>\n<p>Avvolgere con pannelli in PVC, quindi riporre in sacchetti sigillati sottovuoto o sacchetti riempiti di gas inerte. Lo strato esterno viene imballato in una scatola di PP, che viene poi inserita in un robusto cartone o in una cassa di legno.<\/p>\n<p>La lamina di vanadio metallico deve essere conservata in un ambiente asciutto, fresco e ben ventilato, evitando il contatto con acqua, acidi forti, alcali forti e ossidanti forti, e allo stesso tempo prevenendo danni meccanici; \u00e8 preferibile utilizzare contenitori sigillati per la conservazione.<\/p>\n<h2><span style=\"font-size: 14pt;\">Domande frequenti<\/span><\/h2>\n<p><strong>D1: A cosa serve la lamina di vanadio?<\/strong><br \/>\nR: La lamina di vanadio \u00e8 una forma lavorata comune di vanadio metallico ad alta purezza. Presenta caratteristiche quali un alto punto di fusione, una buona duttilit\u00e0, resistenza alla corrosione e una sezione trasversale di intrappolamento ridotta per i neutroni veloci. Pertanto, \u00e8 ampiamente utilizzato in settori high-tech quali l&#8217;aerospaziale, l&#8217;energia atomica (industria nucleare), l&#8217;elettronica e l&#8217;industria dei semiconduttori, nonch\u00e9 nei materiali di schermatura e protezione.<\/p>\n<p><strong>D2: Il vanadio \u00e8 un metallo di transizione?<\/strong><br \/>\nR: S\u00ec, il vanadio \u00e8 un metallo di transizione. I metalli di transizione sono una classe di elementi metallici con orbitali d o f parzialmente occupati. Si collocano tra gli elementi del blocco s e del blocco p nella tavola periodica e possiedono propriet\u00e0 chimiche e fisiche uniche. Il vanadio (V) ha numero atomico 23, si trova nel gruppo VB del periodo 4 e ha una configurazione elettronica di [Ar] 3d\u00b3 4s\u00b2, che mostra orbitali d parzialmente riempiti, il che soddisfa la definizione di metallo di transizione.<\/p>\n<p><strong>D3: Il vanadio \u00e8 tossico?<\/strong><br \/>\nR: Il vanadio \u00e8 un elemento metallico presente in natura. Un&#8217;esposizione moderata non comporta danni significativi al corpo umano, ma un&#8217;assunzione eccessiva pu\u00f2 comportare rischi per la salute. Il vanadio \u00e8 ampiamente presente in natura nel suolo, nell&#8217;acqua e in alcuni alimenti. L&#8217;assunzione giornaliera da parte dell&#8217;uomo \u00e8 solitamente bassa e avviene principalmente attraverso la dieta e l&#8217;esposizione professionale.<\/p>\n<p><strong>D4: Qual \u00e8 il tempo di consegna per la lamina di vanadio?<\/strong><br \/>\nR: Disponibile a magazzino: spedizione immediata<\/p>\n<p>Prodotti standard: generalmente 2-4 settimane<\/p>\n<p>Prodotti personalizzati: determinato in base ai dettagli richiesti<\/p>\n<p>\u00c8 possibile discutere requisiti speciali.<\/p>\n","protected":false},"excerpt":{"rendered":"<p>La lamina metallica di vanadio \u00e8 un sottile foglio di vanadio metallico, di colore grigio argento, con una lucentezza metallica, una consistenza flessibile, una buona conduttivit\u00e0 elettrica e un alto punto di fusione, con potenziali applicazioni nei settori dell&#8217;elettronica, della chimica e della metallurgia. VIMATERIAL \u00e8 un&#8217;azienda all&#8217;avanguardia nell&#8217;innovazione dei materiali chimici, specializzata in materiali [&hellip;]<\/p>\n","protected":false},"featured_media":1000939,"comment_status":"open","ping_status":"closed","template":"","meta":{"_acf_changed":false},"product_brand":[],"product_cat":[207],"product_tag":[270],"class_list":{"0":"post-1050699","1":"product","2":"type-product","3":"status-publish","4":"has-post-thumbnail","6":"product_cat-profilo","7":"product_tag-vanadio-metallico","9":"first","10":"instock","11":"shipping-taxable","12":"product-type-variable"},"acf":[],"_links":{"self":[{"href":"https:\/\/vimaterial.de\/it\/wp-json\/wp\/v2\/product\/1050699","targetHints":{"allow":["GET"]}}],"collection":[{"href":"https:\/\/vimaterial.de\/it\/wp-json\/wp\/v2\/product"}],"about":[{"href":"https:\/\/vimaterial.de\/it\/wp-json\/wp\/v2\/types\/product"}],"replies":[{"embeddable":true,"href":"https:\/\/vimaterial.de\/it\/wp-json\/wp\/v2\/comments?post=1050699"}],"wp:featuredmedia":[{"embeddable":true,"href":"https:\/\/vimaterial.de\/it\/wp-json\/wp\/v2\/media\/1000939"}],"wp:attachment":[{"href":"https:\/\/vimaterial.de\/it\/wp-json\/wp\/v2\/media?parent=1050699"}],"wp:term":[{"taxonomy":"product_brand","embeddable":true,"href":"https:\/\/vimaterial.de\/it\/wp-json\/wp\/v2\/product_brand?post=1050699"},{"taxonomy":"product_cat","embeddable":true,"href":"https:\/\/vimaterial.de\/it\/wp-json\/wp\/v2\/product_cat?post=1050699"},{"taxonomy":"product_tag","embeddable":true,"href":"https:\/\/vimaterial.de\/it\/wp-json\/wp\/v2\/product_tag?post=1050699"}],"curies":[{"name":"wp","href":"https:\/\/api.w.org\/{rel}","templated":true}]}}