{"id":1050677,"date":"2024-06-17T14:29:41","date_gmt":"2024-06-17T06:29:41","guid":{"rendered":"https:\/\/vimaterial.de\/product\/vanadio-metallico-6\/"},"modified":"2024-06-17T14:29:41","modified_gmt":"2024-06-17T06:29:41","slug":"vanadio-metallico-6","status":"publish","type":"product","link":"https:\/\/vimaterial.de\/it\/product\/vanadio-metallico-6\/","title":{"rendered":"Vanadio metallico"},"content":{"rendered":"<p>I granuli <span style=\"color: #0000ff;\"><a style=\"color: #0000ff;\" href=\"https:\/\/vimaterial.de\/en\/product\/vanadium-metal-pellets\/\">di vanadio<\/a><\/span><br \/>\nsono minuscole particelle solide dal luccichio metallico, dalla consistenza dura e solitamente di colore grigio-argento; il loro componente principale \u00e8 il vanadio metallico, che trova importanti applicazioni in molti settori quali la metallurgia e l&#8217;industria chimica.<\/p>\n<p>VIMATERIAL \u00e8 un&#8217;azienda all&#8217;avanguardia nell&#8217;innovazione dei materiali chimici, specializzata in materiali ad alte prestazioni progettati per applicazioni ingegneristiche avanzate. I nostri prodotti sono di elevata purezza e qualit\u00e0; offriamo confezioni in piccoli lotti, quantit\u00e0 minime d&#8217;ordine ridotte, scorte sufficienti e supporto alla personalizzazione. Se avete esigenze particolari, non esitate a<span style=\"color: #0000ff;\"><a style=\"color: #0000ff;\" href=\"https:\/\/vimaterial.de\/it\/su-di-noi\/\"> contattarci<\/a><\/span><br \/>\n.<\/p>\n<h2><span style=\"font-size: 14pt;\">Propriet\u00e0<\/span><\/h2>\n<p>Formula molecolare: V<\/p>\n<p>Peso molecolare: 50,94 g\/mol<\/p>\n<p>Aspetto: Grigio<\/p>\n<p>Densit\u00e0: 6,0 g\/cm\u00b3<\/p>\n<p>Punto di fusione: 1910 \u00b0C<\/p>\n<p>Punto di ebollizione: 3407 \u00b0C<\/p>\n<p>Struttura cristallina: struttura cubica a corpo centrato<\/p>\n<h2><span style=\"font-size: 14pt;\">Applicazioni dei granuli di vanadio<\/span><\/h2>\n<p>Metallurgia: l&#8217;aggiunta di granuli di vanadio migliora significativamente la resistenza e la tenacit\u00e0 delle leghe utilizzate nella produzione di acciai speciali per l&#8217;edilizia di alto livello e la produzione di macchinari.<\/p>\n<p>Industria chimica: spesso utilizzato come catalizzatore per accelerare le reazioni chimiche, ad esempio nella produzione di acido solforico per aumentare significativamente l&#8217;efficienza della conversione dell&#8217;anidride solforosa.<\/p>\n<p>Accumulo di energia: Nei sistemi di batterie a flusso liquido, le particelle di vanadio sono utilizzate nella costruzione degli elettrodi per ottenere un accumulo e un rilascio efficiente e reversibile di energia elettrica, contribuendo a ridurre i picchi e a colmare i cali nella rete elettrica.<\/p>\n<p>Settore aerospaziale: I granuli di vanadio sono utilizzati nella produzione di componenti chiave per gli aeromobili e, grazie alle propriet\u00e0 della lega rinforzata, soddisfano i rigorosi requisiti di elevata resistenza e leggerezza richiesti per i materiali aerospaziali.<\/p>\n<p>Elettronica: i granuli di vanadio sono utilizzati nella produzione di alcuni componenti elettronici per ottimizzare le propriet\u00e0 elettriche del materiale e migliorare la stabilit\u00e0 e l&#8217;affidabilit\u00e0 delle apparecchiature elettroniche.<\/p>\n<h2><span style=\"font-size: 14pt;\">Controllo qualit\u00e0<\/span><\/h2>\n<p>I nostri prodotti sono soggetti a un rigoroso sistema di gestione della qualit\u00e0. Dai materiali in entrata, alla lavorazione, all&#8217;ispezione finale fino al controllo in fabbrica, vigono rigorosi standard di ispezione. Vengono adottate severe misure di isolamento per la lavorazione non conforme, al fine di impedire che prodotti non conformi passino al processo successivo. Vengono forniti campioni per una nuova ispezione da parte del cliente in base alle sue esigenze.<\/p>\n<h2><span style=\"font-size: 14pt;\">Imballaggio e stoccaggio<\/span><\/h2>\n<p>I granuli di vanadio sono confezionati in sacchetti sottovuoto a doppio strato o in flaconi, e imballati in un cartone esterno.<\/p>\n<p>I granuli di vanadio devono essere conservati in un ambiente asciutto e ben ventilato, lontano da fiamme, acidi forti e ossidanti potenti, utilizzando contenitori sigillati, per evitare l&#8217;ossidazione o altre reazioni chimiche causate dal contatto con l&#8217;aria umida e sostanze corrosive.<\/p>\n<h2><span style=\"font-size: 14pt;\">Domande frequenti<\/span><\/h2>\n<p><strong>D1: A cosa serve il vanadio?<\/strong><br \/>\nR: Il vanadio \u00e8 un elemento metallico ampiamente utilizzato con importanti applicazioni nell&#8217;industria siderurgica, metallurgica, chimica, aerospaziale, della difesa, medica, dei pigmenti, del vetro e delle batterie<br \/>\n<strong>per<\/strong><br \/>\nle nuove energie. \u00c8 conosciuto come la &#8220;vitamina metallica&#8221;, il &#8220;pane chimico&#8221; e &#8220;il glutammato monosodico dell&#8217;industria moderna&#8221;.<\/p>\n<p><strong>D2: Il vanadio \u00e8 un metallo di transizione?<\/strong><br \/>\nR: S\u00ec, il vanadio \u00e8 un metallo di transizione. I metalli di transizione sono una classe di elementi metallici con orbitali d o f parzialmente riempiti. Si trovano tra gli elementi del blocco s e del blocco p nella tavola periodica e possiedono propriet\u00e0 chimiche e fisiche uniche. Il vanadio (V) ha numero atomico 23, si trova nel gruppo VB del periodo 4 e ha una configurazione elettronica di [Ar] 3d\u00b3 4s\u00b2, che mostra orbitali d parzialmente riempiti, il che soddisfa la definizione di metallo di transizione.<\/p>\n<p><strong>D3: I granuli di vanadio possono essere personalizzati?<\/strong><br \/>\nR: S\u00ec, forniamo granuli di vanadio personalizzati su misura per le vostre specifiche esigenze. Possiamo regolare parametri chiave quali purezza, gamma di dimensioni, forma e imballaggio in base alle vostre esigenze applicative. Non esitate a comunicarci le vostre specifiche e lavoreremo con voi per fornirvi una soluzione adeguata.<\/p>\n<p><strong>D4: Posso richiedere un campione di granuli di vanadio?<\/strong><br \/>\nR: S\u00ec, possiamo fornire campioni dei nostri granuli di vanadio per la vostra valutazione. Vi preghiamo di comunicarci i vostri requisiti specifici e provvederemo a organizzare campioni adeguati per i test.<\/p>\n","protected":false},"excerpt":{"rendered":"<p>I granuli di vanadio sono minuscole particelle solide dal luccichio metallico, dalla consistenza dura e solitamente di colore grigio-argento; il loro componente principale \u00e8 il vanadio metallico, che trova importanti applicazioni in molti settori quali la metallurgia e l&#8217;industria chimica. VIMATERIAL \u00e8 un&#8217;azienda all&#8217;avanguardia nell&#8217;innovazione dei materiali chimici, specializzata in materiali ad alte prestazioni progettati [&hellip;]<\/p>\n","protected":false},"featured_media":1050630,"comment_status":"open","ping_status":"closed","template":"","meta":{"_acf_changed":false},"product_brand":[],"product_cat":[198],"product_tag":[270],"class_list":{"0":"post-1050677","1":"product","2":"type-product","3":"status-publish","4":"has-post-thumbnail","6":"product_cat-materiali-per-levaporazione","7":"product_tag-vanadio-metallico","9":"first","10":"instock","11":"shipping-taxable","12":"purchasable","13":"product-type-variable"},"acf":[],"_links":{"self":[{"href":"https:\/\/vimaterial.de\/it\/wp-json\/wp\/v2\/product\/1050677","targetHints":{"allow":["GET"]}}],"collection":[{"href":"https:\/\/vimaterial.de\/it\/wp-json\/wp\/v2\/product"}],"about":[{"href":"https:\/\/vimaterial.de\/it\/wp-json\/wp\/v2\/types\/product"}],"replies":[{"embeddable":true,"href":"https:\/\/vimaterial.de\/it\/wp-json\/wp\/v2\/comments?post=1050677"}],"wp:featuredmedia":[{"embeddable":true,"href":"https:\/\/vimaterial.de\/it\/wp-json\/wp\/v2\/media\/1050630"}],"wp:attachment":[{"href":"https:\/\/vimaterial.de\/it\/wp-json\/wp\/v2\/media?parent=1050677"}],"wp:term":[{"taxonomy":"product_brand","embeddable":true,"href":"https:\/\/vimaterial.de\/it\/wp-json\/wp\/v2\/product_brand?post=1050677"},{"taxonomy":"product_cat","embeddable":true,"href":"https:\/\/vimaterial.de\/it\/wp-json\/wp\/v2\/product_cat?post=1050677"},{"taxonomy":"product_tag","embeddable":true,"href":"https:\/\/vimaterial.de\/it\/wp-json\/wp\/v2\/product_tag?post=1050677"}],"curies":[{"name":"wp","href":"https:\/\/api.w.org\/{rel}","templated":true}]}}