{"id":1050541,"date":"2024-06-17T14:29:43","date_gmt":"2024-06-17T06:29:43","guid":{"rendered":"https:\/\/vimaterial.de\/product\/vanadio-metallico\/"},"modified":"2024-06-17T14:29:43","modified_gmt":"2024-06-17T06:29:43","slug":"vanadio-metallico","status":"publish","type":"product","link":"https:\/\/vimaterial.de\/it\/product\/vanadio-metallico\/","title":{"rendered":"Vanadio metallico"},"content":{"rendered":"<p>Il bersaglio di sputtering <span style=\"color: #0000ff;\"><a style=\"color: #0000ff;\" href=\"https:\/\/vimaterial.de\/it\/product\/vanadio-metallico-7\/\">al vanadio<\/a><\/span><br \/>\n\u00e8 un materiale costituito principalmente da vanadio metallico utilizzato nel processo di sputtering, in cui gli atomi di vanadio vengono depositati su un substrato tramite bombardamento ionico per formare un film sottile; tale materiale trova impiego nell\u2019industria aerospaziale per la preparazione di rivestimenti in leghe resistenti alle alte temperature, nell\u2019industria elettronica per la produzione di materiali per elettrodi e film sottili superconduttori, nonch\u00e9 nel settore energetico per la produzione di film sottili funzionali destinati ai dispositivi di accumulo di energia.<\/p>\n<p><span style=\"color: #0000ff;\"><a style=\"color: #0000ff;\" href=\"https:\/\/vimaterial.de\/it\/su-di-noi\/\">VIMATERIAL<\/a><\/span><br \/>\noffre un&#8217;ampia gamma di target di sputtering al vanadio. I target di sputtering al vanadio forniti dalla nostra azienda sono caratterizzati da elevata purezza, alta densit\u00e0 e uniformit\u00e0 dei grani. La nostra azienda \u00e8 in grado di fornire un servizio di legatura dei target; siamo un fornitore professionale di materie prime chimiche inorganiche, non esitate a<span style=\"color: #0000ff;\"><a style=\"color: #0000ff;\" href=\"https:\/\/vimaterial.de\/it\/contatto\/\"> contattarci<\/a><\/span><br \/>\nper qualsiasi vostra esigenza.<\/p>\n<h2><span style=\"font-size: 14pt;\">Propriet\u00e0 fisiche<\/span><\/h2>\n<p>Formula molecolare: V<\/p>\n<p>Peso molecolare: 50,94 g\/mol<\/p>\n<p>Aspetto: Grigio argento<\/p>\n<p>Densit\u00e0: 6,0 g\/cm\u00b3<\/p>\n<p>Punto di fusione: 1910 \u00b0C<\/p>\n<p>Punto di ebollizione: 3380 \u00b0C<\/p>\n<p>Struttura cristallina: cristallo cubico a corpo centrato<\/p>\n<h2><span style=\"font-size: 14pt;\">Applicazioni del bersaglio di sputtering al vanadio<\/span><\/h2>\n<p>Settore dei semiconduttori: il bersaglio di sputtering al vanadio \u00e8 utilizzato nella produzione di chip semiconduttori, in quanto pu\u00f2 formare uno strato conduttivo, uno strato barriera e un gate metallico nella produzione di wafer, ecc., per garantire un&#8217;efficiente conduttivit\u00e0 e isolamento all&#8217;interno del chip.<\/p>\n<p>Display: Nel settore dei display a schermo piatto, i bersagli di sputtering al vanadio sono utilizzati per preparare film funzionali come i film conduttivi trasparenti, che contribuiscono a migliorare la conduttivit\u00e0, la trasmissione della luce e l&#8217;effetto di visualizzazione dei pannelli di display.<\/p>\n<p>Energia: Nelle batterie di nuova generazione, come le batterie agli ioni di litio, i bersagli di sputtering al vanadio possono essere utilizzati per preparare film sottili di materiali per elettrodi, in grado di migliorare le prestazioni di carica e scarica e la durata dei cicli delle batterie.<\/p>\n<p>Archiviazione: i bersagli di sputtering V possono essere utilizzati nella preparazione di film sottili per dispositivi di archiviazione magnetica, magneto-ottica e interamente ottica delle informazioni, contribuendo a migliorare la densit\u00e0 e la stabilit\u00e0 di archiviazione.<\/p>\n<p>Ottica: i bersagli di sputtering V possono essere utilizzati per preparare film sottili con funzioni riflettenti, antiriflettenti e di filtraggio della luce per lenti ottiche, finestre intelligenti e altri prodotti, al fine di soddisfare diverse esigenze ottiche.<\/p>\n<h2><span style=\"font-size: 14pt;\">Controllo qualit\u00e0<\/span><\/h2>\n<p><span style=\"color: #0000ff;\"><a style=\"color: #0000ff;\" href=\"https:\/\/vimaterial.de\/it\/controllo-qualita\/\">Ogni lotto<\/a><\/span><br \/>\ndi prodotti segue rigorosi principi di controllo qualit\u00e0, garantendo che ogni lotto di materiali, dall&#8217;acquisto delle materie prime, alla lavorazione, fino ai prodotti finiti in uscita dal magazzino, sia dotato di strumenti avanzati, standard di ispezione rigorosi e registrazioni di ispezione complete per assicurare il controllo della qualit\u00e0 e la tracciabilit\u00e0 del prodotto; inoltre, ogni lotto di prodotti \u00e8 accompagnato da schede di sicurezza (MSDS), certificati di analisi (COA), schede tecniche (TDS), schede di sicurezza (PSD) e rapporti XRD, ecc. Forniamo anche campioni di ogni lotto di prodotti. Ogni lotto di prodotti fornir\u00e0 campioni ai clienti e supporter\u00e0 i clienti nella richiesta di test dei prodotti da parte di organizzazioni di prova di terze parti.<\/p>\n<h2><span style=\"font-size: 14pt;\">Imballaggio e stoccaggio<\/span><\/h2>\n<p>Il bersaglio di sputtering al vanadio \u00e8 imballato in una doppia busta sottovuoto all&#8217;interno di una scatola e in un cartone esterno.<\/p>\n<p>Il bersaglio di sputtering al vanadio deve essere conservato in un ambiente asciutto, fresco e ben ventilato per evitare umidit\u00e0, ossidazione e danni fisici, e deve essere tenuto lontano da fiamme e sostanze fortemente corrosive.<\/p>\n<h2><span style=\"font-size: 14pt;\">Domande frequenti<\/span><\/h2>\n<p><strong>D1: Il vanadio \u00e8 un metallo di transizione?<\/strong><br \/>\nR: S\u00ec, il vanadio \u00e8 un metallo di transizione. I metalli di transizione sono una classe di elementi metallici con orbitali d o f parzialmente riempiti. Si trovano tra gli elementi del blocco s e del blocco p nella tavola periodica e possiedono propriet\u00e0 chimiche e fisiche uniche. Il vanadio (V) ha numero atomico 23, si trova nel gruppo VB del periodo 4 e ha una configurazione elettronica di [Ar] 3d\u00b3 4s\u00b2, che mostra orbitali d parzialmente riempiti, il che soddisfa la definizione di metallo di transizione.<\/p>\n<p><strong>D2: A cosa serve il vanadio?<\/strong><br \/>\nR: Il vanadio \u00e8 un elemento metallico ampiamente utilizzato con importanti applicazioni nell&#8217;industria siderurgica, metallurgica, chimica, aerospaziale, della difesa, medica, dei pigmenti, del vetro e delle batterie per le nuove energie. \u00c8 conosciuto come la &#8220;vitamina metallica&#8221;, il &#8220;pane chimico&#8221; e il &#8220;glutammato monosodico dell&#8217;industria moderna&#8221;.<\/p>\n<p><strong>D3: Il vanadio \u00e8 tossico?<\/strong><br \/>\nR: Il vanadio \u00e8 un elemento metallico presente in natura. Un&#8217;esposizione moderata non comporta danni significativi per il corpo umano, ma un&#8217;assunzione eccessiva pu\u00f2 comportare rischi per la salute. Il vanadio si trova ampiamente nel suolo, nell&#8217;acqua e in alcuni alimenti in natura. L&#8217;assunzione umana giornaliera \u00e8 solitamente bassa, principalmente attraverso la dieta e l&#8217;esposizione professionale.<\/p>\n<p><strong>D4: Dove acquistare il vanadio metallico?<\/strong><\/p>\n<p>R: VIMATERIAL offre target di sputtering in vanadio ad alta purezza, particelle di vanadio e polvere di vanadio. La purezza e le dimensioni possono essere personalizzate. <span style=\"color: #0000ff;\"><a style=\"color: #0000ff;\" href=\"https:\/\/vimaterial.de\/it\/contatto\/\">Contattateci<\/a><\/span><br \/>\nper ulteriori informazioni. E-mail: <span style=\"color: #0000ff;\"><a style=\"color: #0000ff;\" href=\"mailto:info@vimaterial.de\">info@vimaterial.de<\/a><\/span><br \/>\n. Tel: <span style=\"color: #0000ff;\"><a style=\"color: #0000ff;\" href=\"tel:0049-1626484175\">0049-1626484175<\/a><\/span><\/p>\n","protected":false},"excerpt":{"rendered":"<p>Il bersaglio di sputtering al vanadio \u00e8 un materiale costituito principalmente da vanadio metallico utilizzato nel processo di sputtering, in cui gli atomi di vanadio vengono depositati su un substrato tramite bombardamento ionico per formare un film sottile; tale materiale trova impiego nell\u2019industria aerospaziale per la preparazione di rivestimenti in leghe resistenti alle alte temperature, [&hellip;]<\/p>\n","protected":false},"featured_media":1000993,"comment_status":"open","ping_status":"closed","template":"","meta":{"_acf_changed":false},"product_brand":[],"product_cat":[197],"product_tag":[269,270],"class_list":{"0":"post-1050541","1":"product","2":"type-product","3":"status-publish","4":"has-post-thumbnail","6":"product_cat-obiettivi-di-sputtering-planari","7":"product_tag-obiettivi-di-sputtering-metallico","8":"product_tag-vanadio-metallico","10":"first","11":"instock","12":"shipping-taxable","13":"purchasable","14":"product-type-variable"},"acf":[],"_links":{"self":[{"href":"https:\/\/vimaterial.de\/it\/wp-json\/wp\/v2\/product\/1050541","targetHints":{"allow":["GET"]}}],"collection":[{"href":"https:\/\/vimaterial.de\/it\/wp-json\/wp\/v2\/product"}],"about":[{"href":"https:\/\/vimaterial.de\/it\/wp-json\/wp\/v2\/types\/product"}],"replies":[{"embeddable":true,"href":"https:\/\/vimaterial.de\/it\/wp-json\/wp\/v2\/comments?post=1050541"}],"wp:featuredmedia":[{"embeddable":true,"href":"https:\/\/vimaterial.de\/it\/wp-json\/wp\/v2\/media\/1000993"}],"wp:attachment":[{"href":"https:\/\/vimaterial.de\/it\/wp-json\/wp\/v2\/media?parent=1050541"}],"wp:term":[{"taxonomy":"product_brand","embeddable":true,"href":"https:\/\/vimaterial.de\/it\/wp-json\/wp\/v2\/product_brand?post=1050541"},{"taxonomy":"product_cat","embeddable":true,"href":"https:\/\/vimaterial.de\/it\/wp-json\/wp\/v2\/product_cat?post=1050541"},{"taxonomy":"product_tag","embeddable":true,"href":"https:\/\/vimaterial.de\/it\/wp-json\/wp\/v2\/product_tag?post=1050541"}],"curies":[{"name":"wp","href":"https:\/\/api.w.org\/{rel}","templated":true}]}}