{"id":1050518,"date":"2024-06-17T15:44:07","date_gmt":"2024-06-17T07:44:07","guid":{"rendered":"https:\/\/vimaterial.de\/product\/carbonato-di-bario\/"},"modified":"2024-06-17T15:44:07","modified_gmt":"2024-06-17T07:44:07","slug":"carbonato-di-bario","status":"publish","type":"product","link":"https:\/\/vimaterial.de\/it\/product\/carbonato-di-bario\/","title":{"rendered":"Carbonato di bario"},"content":{"rendered":"<p><span style=\"color: #0000ff;\"><a style=\"color: #0000ff;\" href=\"https:\/\/vimaterial.de\/it\/search\/?type=element&#038;keyword=baco3\">Carbonato di bario<\/a><\/span> \u00e8 un composto polveroso bianco, composto da ioni di bario e ioni di carbonato, insolubile in acqua, ampiamente utilizzato nei settori della chimica, della vetroceramica, dell&#8217;elettronica e in altri campi.<\/p>\n<p><span style=\"color: #0000ff;\"><a style=\"color: #0000ff;\" href=\"https:\/\/vimaterial.de\/it\/su-di-noi\/\">VIMATERIALE<\/a><\/span> offre polvere di carbonato di bario di elevata purezza, comprese polveri micron e nano, con dimensioni delle particelle personalizzabili in base alle vostre esigenze. <span style=\"color: #0000ff;\"><a style=\"color: #0000ff;\" href=\"https:\/\/vimaterial.de\/it\/contatto\/\">Contattateci<\/a><\/span> per ulteriori informazioni.<\/p>\n<h2><span style=\"font-size: 14pt;\">Propriet\u00e0<\/span><\/h2>\n<p>Formula chimica: BaCO3<\/p>\n<p>Aspetto: Polvere bianca<\/p>\n<p>Densit\u00e0: Circa 4,275 &#8211; 4,43 g\/cm\u00b3.<\/p>\n<p>Punto di fusione: Il punto di fusione \u00e8 811\u2103 (la temperatura alla quale il tipo \u03b3 si converte in tipo \u03b2), e il punto di fusione del tipo \u03b1 pu\u00f2 raggiungere 1740\u2103 (90,9\u00d710\u2075Pa).<\/p>\n<p>Solubilit\u00e0: quasi insolubile in acqua, leggermente solubile in acqua contenente anidride carbonica, solubile in soluzioni di cloruro di ammonio e nitrato di ammonio per generare complessi.<\/p>\n<p>Durezza Mohs: 3.5, relativamente morbida.<\/p>\n<p>Igroscopicit\u00e0: Leggermente igroscopica.<\/p>\n<p>Stabilit\u00e0 termica: si decompone se riscaldato a una certa temperatura e si decompone in ossido di bario e anidride carbonica a circa 1450\u2103.<\/p>\n<p>Reazione con gli acidi: pu\u00f2 reagire con acidi forti come l&#8217;acido cloridrico, l&#8217;acido nitrico, l&#8217;acido acetico, ecc. e rilasciare anidride carbonica gassosa; tuttavia, non reagisce con l&#8217;acido solforico perch\u00e9 produce un precipitato insolubile di solfato di bario.<\/p>\n<p>Tossicit\u00e0: Tossico e dannoso per il corpo umano. Se ingerito accidentalmente, il carbonato di bario si scioglie negli acidi gastrici e diventa cloruro di bario solubile e tossico, che danneggia il tratto digestivo e il sistema nervoso; la concentrazione massima consentita nell&#8217;aria \u00e8 di 0,5 mg\/m\u00b3.<\/p>\n<h2><span style=\"font-size: 14pt;\">Applicazioni del carbonato di bario in polvere<\/span><\/h2>\n<p><strong>Industria del vetro<\/strong><\/p>\n<p>Utilizzato come additivo per migliorare l&#8217;indice di rifrazione, la durezza, la resistenza ai graffi e la trasparenza. Viene comunemente applicato nelle lenti ottiche e nei materiali di vetro di alta qualit\u00e0.<\/p>\n<p><strong>Industria della ceramica<\/strong><\/p>\n<ul>\n<li>Smalto: Aumenta la resistenza all&#8217;usura, stabilizza e ravviva il colore, riduce i pori e le bolle e migliora la trasparenza e la qualit\u00e0.<\/li>\n<li>Materie prime: Aumenta la durezza, la resistenza all&#8217;usura e alla corrosione di prodotti come le piastrelle.<\/li>\n<\/ul>\n<p><strong>Industria elettronica<\/strong><\/p>\n<ul>\n<li>Utilizzato in condensatori, materiali dielettrici e semiconduttori per migliorare le prestazioni elettriche.<\/li>\n<li>Fornisce una schermatura ai raggi X, utilizzata nei vetri dei display e nei materiali per la protezione dalle radiazioni.<\/li>\n<\/ul>\n<p><strong>Industria chimica<\/strong><\/p>\n<ul>\n<li>Rimuove le impurit\u00e0 di solfato nei processi chimici.<\/li>\n<li>Agisce come componente del catalizzatore o come materia prima per altri prodotti chimici.<\/li>\n<\/ul>\n<p><strong>Altre applicazioni<\/strong><\/p>\n<ul>\n<li>Pirotecnica: Produce colori specifici nei fuochi d&#8217;artificio.<\/li>\n<li>Pigmenti: Utilizzati in rivestimenti e materiali coloranti.<\/li>\n<li>Trattamento delle acque: Rimuove il solfato dall&#8217;acqua.<\/li>\n<li>Gomma e plastica: Agisce come stabilizzatore per migliorare la resistenza al calore e agli agenti atmosferici.<\/li>\n<\/ul>\n<h2><span style=\"font-size: 14pt;\">Imballaggio e conservazione<\/span><\/h2>\n<p><strong>Imballaggio:<\/strong><\/p>\n<p>Il carbonato di bario in polvere viene solitamente confezionato in materiali sigillati e resistenti all&#8217;umidit\u00e0, come sacchi di polipropilene intrecciati con rivestimenti interni in plastica o sacchi di carta multistrato. Per una maggiore protezione, si possono utilizzare sacchi alla rinfusa (FIBC) o fusti. L&#8217;imballaggio deve essere ben sigillato per evitare l&#8217;assorbimento di umidit\u00e0, la contaminazione e la fuoriuscita di polvere durante il trasporto e la movimentazione.<\/p>\n<p><strong>Stoccaggio:<\/strong><\/p>\n<p>Il carbonato di bario in polvere deve essere conservato in un&#8217;area fresca, asciutta e ben ventilata, lontano da umidit\u00e0, acidi e sostanze incompatibili. Deve essere conservato in contenitori ben chiusi e protetto dall&#8217;umidit\u00e0 per evitare la formazione di grumi o la degradazione.<\/p>\n<h2><span style=\"font-size: 14pt;\">Domande frequenti<\/span><\/h2>\n<p><strong>Q1: Il carbonato di bario \u00e8 solubile in acqua?<\/strong><\/p>\n<p>R: Il carbonato di bario \u00e8 quasi insolubile in acqua, ma pu\u00f2 dissolversi in ambienti acidi. La sua scarsa solubilit\u00e0 deriva dalla stabilit\u00e0 della sua struttura cristallina e dalla forte forza di legame tra gli ioni bario e gli ioni carbonato. Quando si maneggia il carbonato di bario, \u00e8 necessario considerare la sua potenziale tossicit\u00e0 e adottare misure di protezione.<\/p>\n<p><strong>D2: Il carbonato di bario \u00e8 tossico?<\/strong><\/p>\n<p>R: Il carbonato di bario (BaCO\u2083) \u00e8 tossico, principalmente a causa del rilascio di ioni di bario. Sebbene il carbonato di bario sia scarsamente solubile in acqua, si decompone in sali di bario solubili sotto l&#8217;azione degli acidi gastrici dopo essere entrato nel corpo umano, con conseguente rischio di avvelenamento. L&#8217;esposizione a lungo termine o l&#8217;ingestione accidentale possono causare gravi problemi di salute.<\/p>\n<p><strong>D3: A cosa serve il carbonato di bario?<\/strong><\/p>\n<p>R: Il carbonato di bario viene utilizzato in vetro e ceramica per migliorare la resistenza, l&#8217;aspetto e le propriet\u00e0 ottiche, in elettronica per ottenere prestazioni elettriche stabili e schermatura dai raggi X e nei processi chimici per rimuovere le impurit\u00e0. Trova applicazione anche nei fuochi d&#8217;artificio, nei pigmenti, nel trattamento delle acque e come stabilizzante in gomma e plastica.<\/p>\n<p><strong>Q4: Dove acquistare il carbonato di bario?<\/strong><\/p>\n<p>R: Offriamo carbonato di bario di elevata purezza in polveri di dimensioni micron e nano, con dimensioni delle particelle personalizzabili in base alle vostre esigenze. <span style=\"color: #0000ff;\"><a style=\"color: #0000ff;\" href=\"https:\/\/vimaterial.de\/it\/contatto\/\">Contattare VIMATERIAL<\/a> <\/span>per ulteriori informazioni. E-mail: <a href=\"mailto:info@vimaterial.de\">info@vimaterial.de.<\/a> Tel: <a href=\"tel:00491626484175\">+49-1626484175.<\/a><\/p>\n","protected":false},"excerpt":{"rendered":"<p>Carbonato di bario \u00e8 un composto polveroso bianco, composto da ioni di bario e ioni di carbonato, insolubile in acqua, ampiamente utilizzato nei settori della chimica, della vetroceramica, dell&#8217;elettronica e in altri campi. VIMATERIALE offre polvere di carbonato di bario di elevata purezza, comprese polveri micron e nano, con dimensioni delle particelle personalizzabili in base [&hellip;]<\/p>\n","protected":false},"featured_media":1032791,"comment_status":"open","ping_status":"closed","template":"","meta":{"_acf_changed":false},"product_brand":[],"product_cat":[206],"product_tag":[],"class_list":{"0":"post-1050518","1":"product","2":"type-product","3":"status-publish","4":"has-post-thumbnail","6":"product_cat-altri-materiali","8":"first","9":"instock","10":"shipping-taxable","11":"purchasable","12":"product-type-variable"},"acf":[],"_links":{"self":[{"href":"https:\/\/vimaterial.de\/it\/wp-json\/wp\/v2\/product\/1050518","targetHints":{"allow":["GET"]}}],"collection":[{"href":"https:\/\/vimaterial.de\/it\/wp-json\/wp\/v2\/product"}],"about":[{"href":"https:\/\/vimaterial.de\/it\/wp-json\/wp\/v2\/types\/product"}],"replies":[{"embeddable":true,"href":"https:\/\/vimaterial.de\/it\/wp-json\/wp\/v2\/comments?post=1050518"}],"wp:featuredmedia":[{"embeddable":true,"href":"https:\/\/vimaterial.de\/it\/wp-json\/wp\/v2\/media\/1032791"}],"wp:attachment":[{"href":"https:\/\/vimaterial.de\/it\/wp-json\/wp\/v2\/media?parent=1050518"}],"wp:term":[{"taxonomy":"product_brand","embeddable":true,"href":"https:\/\/vimaterial.de\/it\/wp-json\/wp\/v2\/product_brand?post=1050518"},{"taxonomy":"product_cat","embeddable":true,"href":"https:\/\/vimaterial.de\/it\/wp-json\/wp\/v2\/product_cat?post=1050518"},{"taxonomy":"product_tag","embeddable":true,"href":"https:\/\/vimaterial.de\/it\/wp-json\/wp\/v2\/product_tag?post=1050518"}],"curies":[{"name":"wp","href":"https:\/\/api.w.org\/{rel}","templated":true}]}}