{"id":1050466,"date":"2024-06-17T15:47:25","date_gmt":"2024-06-17T07:47:25","guid":{"rendered":"https:\/\/vimaterial.de\/product\/ossido-di-afnio-3\/"},"modified":"2024-06-17T15:47:25","modified_gmt":"2024-06-17T07:47:25","slug":"ossido-di-afnio-3","status":"publish","type":"product","link":"https:\/\/vimaterial.de\/it\/product\/ossido-di-afnio-3\/","title":{"rendered":"Ossido di afnio"},"content":{"rendered":"<p><span style=\"color: #0000ff;\"><a style=\"color: #0000ff;\" href=\"https:\/\/vimaterial.de\/it\/search\/?type=element&#038;keyword=Hf%2CO\">Ossido di afnio<\/a><\/span> \u00e8 una polvere cristallina bianca composta da elementi di afnio e ossigeno, con un alto punto di fusione, un&#8217;elevata durezza, una buona stabilit\u00e0 chimica, un&#8217;elevata costante dielettrica, ecc. \u00c8 ampiamente utilizzato nei semiconduttori, nell&#8217;ottica, nei materiali ad alta temperatura, nell&#8217;industria nucleare e in molti altri campi.<\/p>\n<p><span style=\"color: #0000ff;\"><a style=\"color: #0000ff;\" href=\"https:\/\/vimaterial.de\/it\/su-di-noi\/\">VIMATERIALE<\/a><\/span> offre polvere di ossido di afnio di elevata purezza con dimensioni delle particelle personalizzabili. Forniamo anche particelle di ossido di afnio e target di ossido di afnio. <span style=\"color: #0000ff;\"><a style=\"color: #0000ff;\" href=\"https:\/\/vimaterial.de\/it\/contatto\/\">Contattateci<\/a><\/span> per ulteriori informazioni.<\/p>\n<h2><span style=\"font-size: 14pt;\">Propriet\u00e0<\/span><\/h2>\n<p>Formula chimica: HfO\u2082<\/p>\n<p>Massa molare: 210,49 g\/mol<\/p>\n<p>Aspetto: generalmente polvere bianca o biancastra<\/p>\n<p>Densit\u00e0: 9,68 g\/cm\u00b3<\/p>\n<p>Punto di fusione: 2810\u00b0C<\/p>\n<p>Punto di ebollizione: 5400\u00b0C;<\/p>\n<p>Band gap: da 5,3 a 5,7 eV, un isolante elettrico;<\/p>\n<p>Indice di rifrazione: elevato nella regione dal vicino ultravioletto al medio infrarosso, ad esempio 2,13 a 1700 nm;<\/p>\n<p>Coefficiente di espansione termica: basso<\/p>\n<p>Conducibilit\u00e0 termica: 1,1 W\/m-K<\/p>\n<p>Modulo di Young: 57 GPa<\/p>\n<p>Resistivit\u00e0 elettrica: elevata, tipicamente 9 \u00d7 10\u2079 \u03a9-m.<\/p>\n<h2><span style=\"font-size: 14pt;\">Applicazioni dell&#8217;ossido di afnio in polvere<\/span><\/h2>\n<p><strong>Campo dei semiconduttori<\/strong><\/p>\n<ul>\n<li>Dielettrico di gate: l&#8217;ossido di afnio pu\u00f2 sostituire il SiO\u2082 nei MOSFET, consentendo dispositivi pi\u00f9 piccoli, pi\u00f9 veloci e pi\u00f9 integrati.<\/li>\n<li>Dispositivi di memoria: La sua propriet\u00e0 ferroelettrica consente l&#8217;uso in memorie non volatili come le FeRAM.<\/li>\n<\/ul>\n<p><strong>Campo ottico<\/strong><\/p>\n<ul>\n<li>Rivestimenti ottici: Migliorano la trasmissione della luce, riducono i riflessi e l&#8217;abbagliamento e proteggono dai raggi UV.<\/li>\n<li>Materiali per laser: Utilizzati nei componenti laser near-UV per migliorare le prestazioni.<\/li>\n<\/ul>\n<p><strong>Ceramica per alte temperature<\/strong><\/p>\n<ul>\n<li>Materiali refrattari: Adatti per forni, crogioli e rivestimenti a barriera termica grazie all&#8217;elevata resistenza al calore.<\/li>\n<li>Utensili da taglio: Aumenta la durezza e la resistenza all&#8217;usura per la lavorazione di materiali duri.<\/li>\n<\/ul>\n<p><strong>Campo chimico<\/strong><\/p>\n<ul>\n<li>Catalizzatori: Agisce come catalizzatore o vettore per migliorare l&#8217;efficienza e la selettivit\u00e0 delle reazioni.<\/li>\n<\/ul>\n<p><strong>Altri campi<\/strong><\/p>\n<ul>\n<li>Rivestimenti antiradiazioni: Forniscono protezione in ambienti radioattivi.<\/li>\n<li>Biomedicale: Potenziale utilizzo nei materiali dentali e medici.<\/li>\n<li>Aerospaziale: Utilizzato per componenti e rivestimenti resistenti alle alte temperature e all&#8217;usura.<\/li>\n<\/ul>\n<h2><span style=\"font-size: 14pt;\">Imballaggio e stoccaggio<\/span><\/h2>\n<p><strong>Imballaggio: <\/strong><\/p>\n<p>La polvere di ossido di afnio \u00e8 tipicamente a doppio strato (ad esempio, sacchetto interno in polietilene + sacchetto esterno in foglio di alluminio o fusto di plastica) per evitare l&#8217;assorbimento dell&#8217;umidit\u00e0 o la reazione con le impurit\u00e0 presenti nell&#8217;aria. \u00c8 necessario includere un essiccante e le informazioni sul prodotto, il numero di lotto e le precauzioni devono essere chiaramente etichettate sull&#8217;imballaggio esterno per garantire la sicurezza e la tracciabilit\u00e0 durante il trasporto e l&#8217;uso.<\/p>\n<p><strong>Conservazione: <\/strong><\/p>\n<p>L&#8217;ossido di afnio in polvere deve essere conservato in un ambiente asciutto, fresco e ben ventilato, evitando l&#8217;umidit\u00e0, le alte temperature e la luce solare diretta, e tenuto lontano da sostanze corrosive come acidi e alcali. Durante lo stoccaggio, la confezione deve essere mantenuta sigillata per evitare l&#8217;assorbimento di umidit\u00e0, la formazione di grumi o la contaminazione.<\/p>\n<h2><span style=\"font-size: 14pt;\">Domande frequenti<\/span><\/h2>\n<p><strong>Q1: A cosa serve l&#8217;ossido di afnio?<\/strong><\/p>\n<p>R: L&#8217;ossido di afnio (HfO\u2082) \u00e8 un importante composto inorganico. Grazie alla sua elevata sezione d&#8217;urto per l&#8217;assorbimento dei neutroni termici, \u00e8 un materiale chiave per le barre di controllo dei reattori nucleari e ha anche ampie applicazioni nei semiconduttori, nell&#8217;ottica e nelle tecnologie di memoria avanzate.<\/p>\n<p>Energia nucleare e ingegneria delle alte temperature: Barre di controllo dei reattori nucleari e materiali protettivi, materiali refrattari e di rivestimento ad alta temperatura, preparazione e precursori del metallo afnio.<\/p>\n<p>Semiconduttori e microelettronica: Strati dielettrici di gate dei transistor, applicazioni di memoria, altri componenti elettronici.<\/p>\n<p>Ottica e materiali multifunzionali: Rivestimenti ottici e materiali laser, ceramiche e catalizzatori, materiali funzionali speciali.<\/p>\n<p><strong>D2: Qual \u00e8 la differenza tra Al2O3 e HfO2?<\/strong><\/p>\n<p>R: L&#8217;Al\u2082O\u2083 (ossido di alluminio) e l&#8217;HfO\u2082 (ossido di afnio) si differenziano principalmente per le propriet\u00e0 dielettriche e per le applicazioni. L&#8217;Al\u2082O\u2083 ha una costante dielettrica pi\u00f9 bassa ma un&#8217;eccellente qualit\u00e0 dell&#8217;interfaccia, un&#8217;elevata stabilit\u00e0 termica e una bassa dispersione, che lo rendono adatto agli strati di passivazione e di interfaccia. L&#8217;HfO\u2082 ha una costante dielettrica molto pi\u00f9 elevata, vantaggiosa per lo scaling CMOS avanzato e per i dispositivi ad alta densit\u00e0, ma presenta perdite relativamente pi\u00f9 elevate e una minore stabilit\u00e0 termica. In pratica, l&#8217;Al\u2082O\u2083 viene utilizzato per la stabilit\u00e0 e il controllo dell&#8217;interfaccia, mentre l&#8217;HfO\u2082 viene utilizzato per le prestazioni ad alto coefficiente k, e la combinazione di entrambi pu\u00f2 ottenere migliori prestazioni complessive del dispositivo.<\/p>\n<p><strong>Q3: Che cos&#8217;\u00e8 l&#8217;ossido di afnio?<\/strong><\/p>\n<p>R: L&#8217;ossido di afnio (HfO\u2082) \u00e8 un composto inorganico composto da afnio e ossigeno. \u00c8 un importante materiale funzionale appartenente alla famiglia degli ossidi di metalli di transizione. Possiede un elevato punto di fusione (circa 2810\u2103), un&#8217;elevata durezza (durezza Mohs 6,5-7,5) e un&#8217;eccellente stabilit\u00e0 chimica, essendo praticamente insolubile in acqua e nella maggior parte degli acidi (tranne l&#8217;acido fluoridrico) a temperatura ambiente. Queste propriet\u00e0 lo rendono un materiale fondamentale per i materiali ad alta temperatura, i rivestimenti ottici e i dispositivi elettronici.<\/p>\n<p><strong>Q4: Qual \u00e8 il tempo di consegna della polvere di ossido di afnio?<\/strong><\/p>\n<p>R: In magazzino: Spedizione immediata<\/p>\n<p>Prodotti standard: Generalmente 2-4 settimane<\/p>\n<p>Prodotti personalizzati: Determinati in base ai dettagli richiesti<\/p>\n<p>I requisiti speciali possono essere discussi<\/p>\n","protected":false},"excerpt":{"rendered":"<p>Ossido di afnio \u00e8 una polvere cristallina bianca composta da elementi di afnio e ossigeno, con un alto punto di fusione, un&#8217;elevata durezza, una buona stabilit\u00e0 chimica, un&#8217;elevata costante dielettrica, ecc. \u00c8 ampiamente utilizzato nei semiconduttori, nell&#8217;ottica, nei materiali ad alta temperatura, nell&#8217;industria nucleare e in molti altri campi. VIMATERIALE offre polvere di ossido di [&hellip;]<\/p>\n","protected":false},"featured_media":1032976,"comment_status":"open","ping_status":"closed","template":"","meta":{"_acf_changed":false},"product_brand":[],"product_cat":[205],"product_tag":[],"class_list":{"0":"post-1050466","1":"product","2":"type-product","3":"status-publish","4":"has-post-thumbnail","6":"product_cat-materiali-ossidi-idrossidi","8":"first","9":"instock","10":"shipping-taxable","11":"purchasable","12":"product-type-variable"},"acf":[],"_links":{"self":[{"href":"https:\/\/vimaterial.de\/it\/wp-json\/wp\/v2\/product\/1050466","targetHints":{"allow":["GET"]}}],"collection":[{"href":"https:\/\/vimaterial.de\/it\/wp-json\/wp\/v2\/product"}],"about":[{"href":"https:\/\/vimaterial.de\/it\/wp-json\/wp\/v2\/types\/product"}],"replies":[{"embeddable":true,"href":"https:\/\/vimaterial.de\/it\/wp-json\/wp\/v2\/comments?post=1050466"}],"wp:featuredmedia":[{"embeddable":true,"href":"https:\/\/vimaterial.de\/it\/wp-json\/wp\/v2\/media\/1032976"}],"wp:attachment":[{"href":"https:\/\/vimaterial.de\/it\/wp-json\/wp\/v2\/media?parent=1050466"}],"wp:term":[{"taxonomy":"product_brand","embeddable":true,"href":"https:\/\/vimaterial.de\/it\/wp-json\/wp\/v2\/product_brand?post=1050466"},{"taxonomy":"product_cat","embeddable":true,"href":"https:\/\/vimaterial.de\/it\/wp-json\/wp\/v2\/product_cat?post=1050466"},{"taxonomy":"product_tag","embeddable":true,"href":"https:\/\/vimaterial.de\/it\/wp-json\/wp\/v2\/product_tag?post=1050466"}],"curies":[{"name":"wp","href":"https:\/\/api.w.org\/{rel}","templated":true}]}}