{"id":1050263,"date":"2024-06-17T15:19:45","date_gmt":"2024-06-17T07:19:45","guid":{"rendered":"https:\/\/vimaterial.de\/product\/ossido-di-ittrio\/"},"modified":"2024-06-17T15:19:45","modified_gmt":"2024-06-17T07:19:45","slug":"ossido-di-ittrio","status":"publish","type":"product","link":"https:\/\/vimaterial.de\/it\/product\/ossido-di-ittrio\/","title":{"rendered":"Ossido di ittrio"},"content":{"rendered":"<p><span style=\"color: #0000ff;\"><a style=\"color: #0000ff;\" href=\"https:\/\/vimaterial.de\/it\/search\/?type=name&#038;keyword=y2o3\">Ossido di ittrio<\/a><\/span> \u00e8 un ossido di terre rare bianco e polveroso con formula chimica Y\u2082O\u2083, con caratteristiche di alto punto di fusione, insolubile in acqua e alcali, solubile in acido, ecc.<\/p>\n<p><span style=\"color: #0000ff;\"><a style=\"color: #0000ff;\" href=\"https:\/\/vimaterial.de\/it\/su-di-noi\/\">VIMATERIALE<\/a><\/span> offre polvere di ossido di ittrio di elevata purezza, che pu\u00f2 essere personalizzata per ottenere dimensioni pi\u00f9 elevate e granulometrie diverse in base alle vostre esigenze. Offriamo anche granuli di ossido di ittrio e target di ossido di ittrio. <span style=\"color: #0000ff;\"><a style=\"color: #0000ff;\" href=\"https:\/\/vimaterial.de\/it\/contatto\/\">Contattateci<\/a><\/span> per ulteriori informazioni.<\/p>\n<h2><span style=\"font-size: 14pt;\">Propriet\u00e0<\/span><\/h2>\n<p>Formula chimica: Y\u2082O\u2083<\/p>\n<p>Peso molecolare: 225,81 g\/mol<\/p>\n<p>Numero CAS: 1314-36-9<\/p>\n<p>Aspetto: Bianco<\/p>\n<p>Densit\u00e0: 5,01g\/cm\u00b3.<\/p>\n<p>Punto di fusione: 2410\u2103<\/p>\n<p>Solubilit\u00e0: insolubile in acqua e alcali, solubile in acido.<\/p>\n<h2><span style=\"font-size: 14pt;\">Applicazioni dell&#8217;ossido di ittrio in polvere<\/span><\/h2>\n<p><strong>Nel settore aerospaziale:<\/strong> La polvere di ossido di ittrio \u00e8 comunemente utilizzata per produrre rivestimenti e materiali strutturali resistenti alle alte temperature. Le sue particelle di dimensioni nanometriche possono migliorare la densit\u00e0 del rivestimento e bloccare efficacemente la corrosione dei gas ad alta temperatura.<\/p>\n<p><strong>Nella fusione dei metalli:<\/strong> Come additivo, pu\u00f2 affinare la struttura dei grani e migliorare la resistenza delle leghe.<\/p>\n<p><strong>Nella ricerca di laboratorio:<\/strong> L&#8217;ossido di ittrio di elevata purezza \u00e8 un&#8217;importante materia prima per la preparazione di materiali fluorescenti e catalizzatori, ad esempio per la sintesi di cristalli laser di ittrio e alluminio (YAG).<\/p>\n<p>Inoltre, le sue propriet\u00e0 elettriche\/magnetiche lo rendono un potenziale materiale candidato per componenti elettronici e materiali magnetici.<\/p>\n<h2><span style=\"font-size: 14pt;\">Imballaggio e conservazione<\/span><\/h2>\n<p><strong>Imballaggio:<\/strong><\/p>\n<p>La polvere di ossido di ittrio viene solitamente sigillata in imballaggi a prova di umidit\u00e0 per evitare l&#8217;assorbimento di umidit\u00e0 e la contaminazione. Di solito viene confezionata sottovuoto in sacchetti di plastica a doppio strato o in sacchetti di alluminio con essiccanti, e poi collocata in contenitori esterni robusti come cartoni o fusti di plastica per garantire la sicurezza e la purezza del prodotto durante il trasporto.<\/p>\n<p><strong>Conservazione:<\/strong><\/p>\n<p>Deve essere conservato in un ambiente asciutto, fresco e ben ventilato, lontano da umidit\u00e0, calore e luce solare diretta. Tenere lontano da sostanze acide o corrosive per evitare reazioni. Il contenitore deve rimanere ben sigillato per evitare la dispersione di polvere e la contaminazione, garantendo qualit\u00e0 e prestazioni stabili.<\/p>\n<h2><span style=\"font-size: 14pt;\">Domande frequenti<\/span><\/h2>\n<p><strong>Q1: A cosa serve la polvere di ossido di ittrio?<\/strong><\/p>\n<p>R: Viene utilizzata per produrre materiali magnetici per le microonde e importanti materiali aerospaziali (cristalli singoli; ossidi compositi come il granato di ittrio e ferro e il granato di ittrio e alluminio), nonch\u00e9 come additivo per vetro ottico e materiali ceramici, fosfori ad alta luminosit\u00e0 per televisori a grande schermo e rivestimenti per altri tubi immagine.<\/p>\n<p><strong>D2: La polvere di ossido di ittrio pu\u00f2 essere personalizzata?<\/strong><\/p>\n<p>R: S\u00ec, offriamo servizi di personalizzazione, con la possibilit\u00e0 di personalizzare sia la purezza che la dimensione delle particelle. La nostra polvere di ossido di ittrio \u00e8 disponibile in dimensioni nano e micron. Offriamo anche polvere e granuli di ossido di ittrio in varie forme per soddisfare le vostre esigenze.<\/p>\n<p><strong>Q3: L&#8217;ossido di ittrio \u00e8 tossico?<\/strong><\/p>\n<p>R: Sebbene l&#8217;ossido di ittrio di per s\u00e9 abbia una bassa tossicit\u00e0, sono comunque necessarie precauzioni di sicurezza durante la manipolazione e l&#8217;uso.<\/p>\n<p>Ad esempio, l&#8217;Y2O3 in polvere pu\u00f2 generare polvere, la cui inalazione a lungo termine pu\u00f2 irritare il sistema respiratorio. Pertanto, durante la manipolazione dell&#8217;Y2O3, si raccomanda di adottare misure di protezione adeguate, come l&#8217;uso di maschere antipolvere, guanti e occhiali, per ridurre l&#8217;inalazione della polvere e il contatto con la pelle.<\/p>\n<p><strong>D4: L&#8217;ossido di ittrio \u00e8 una ceramica?<\/strong><\/p>\n<p>R: L&#8217;ossido di ittrio di per s\u00e9 non \u00e8 una ceramica, ma \u00e8 un&#8217;importante materia prima ceramica. Pu\u00f2 essere utilizzato come additivo in altri materiali ceramici o come fase ospite nella produzione di ceramiche Y2O3 specializzate.<\/p>\n<p>Nella produzione di ceramica: L&#8217;Y2O3 \u00e8 tipicamente utilizzato come additivo o drogante. Ad esempio, viene utilizzato per produrre ceramiche di zirconia stabilizzata con ittrio (YSZ) per migliorarne la stabilit\u00e0 termica e la resistenza meccanica.<\/p>\n<p>Come materiale ceramico primario: L&#8217;ossido di ittrio pu\u00f2 essere utilizzato come fase cristallina principale per creare materiali ceramici specializzati, come la ceramica trasparente all&#8217;ossido di ittrio, un materiale funzionale avanzato con struttura cristallina cubica.<\/p>\n","protected":false},"excerpt":{"rendered":"<p>Ossido di ittrio \u00e8 un ossido di terre rare bianco e polveroso con formula chimica Y\u2082O\u2083, con caratteristiche di alto punto di fusione, insolubile in acqua e alcali, solubile in acido, ecc. VIMATERIALE offre polvere di ossido di ittrio di elevata purezza, che pu\u00f2 essere personalizzata per ottenere dimensioni pi\u00f9 elevate e granulometrie diverse in [&hellip;]<\/p>\n","protected":false},"featured_media":1031341,"comment_status":"open","ping_status":"closed","template":"","meta":{"_acf_changed":false},"product_brand":[],"product_cat":[203],"product_tag":[],"class_list":{"0":"post-1050263","1":"product","2":"type-product","3":"status-publish","4":"has-post-thumbnail","6":"product_cat-materiali-per-terre-rare","8":"first","9":"instock","10":"shipping-taxable","11":"purchasable","12":"product-type-variable"},"acf":[],"_links":{"self":[{"href":"https:\/\/vimaterial.de\/it\/wp-json\/wp\/v2\/product\/1050263","targetHints":{"allow":["GET"]}}],"collection":[{"href":"https:\/\/vimaterial.de\/it\/wp-json\/wp\/v2\/product"}],"about":[{"href":"https:\/\/vimaterial.de\/it\/wp-json\/wp\/v2\/types\/product"}],"replies":[{"embeddable":true,"href":"https:\/\/vimaterial.de\/it\/wp-json\/wp\/v2\/comments?post=1050263"}],"wp:featuredmedia":[{"embeddable":true,"href":"https:\/\/vimaterial.de\/it\/wp-json\/wp\/v2\/media\/1031341"}],"wp:attachment":[{"href":"https:\/\/vimaterial.de\/it\/wp-json\/wp\/v2\/media?parent=1050263"}],"wp:term":[{"taxonomy":"product_brand","embeddable":true,"href":"https:\/\/vimaterial.de\/it\/wp-json\/wp\/v2\/product_brand?post=1050263"},{"taxonomy":"product_cat","embeddable":true,"href":"https:\/\/vimaterial.de\/it\/wp-json\/wp\/v2\/product_cat?post=1050263"},{"taxonomy":"product_tag","embeddable":true,"href":"https:\/\/vimaterial.de\/it\/wp-json\/wp\/v2\/product_tag?post=1050263"}],"curies":[{"name":"wp","href":"https:\/\/api.w.org\/{rel}","templated":true}]}}