{"id":1050194,"date":"2024-06-17T15:19:45","date_gmt":"2024-06-17T07:19:45","guid":{"rendered":"https:\/\/vimaterial.de\/product\/ossido-di-ittrio-3\/"},"modified":"2024-06-17T15:19:45","modified_gmt":"2024-06-17T07:19:45","slug":"ossido-di-ittrio-3","status":"publish","type":"product","link":"https:\/\/vimaterial.de\/it\/product\/ossido-di-ittrio-3\/","title":{"rendered":"Ossido di ittrio"},"content":{"rendered":"<p><span style=\"color: #0000ff;\"><a style=\"color: #0000ff;\" href=\"https:\/\/vimaterial.de\/it\/search\/?type=element&#038;keyword=y2o3\">Ossido di ittrio<\/a><\/span> i pellet sono composti inorganici con formula chimica Y\u2082O\u2083, di colore bianco, punto di fusione 2410\u00b0C, insolubili in acqua e solubili in acido, e con una serie di eccellenti propriet\u00e0, che trovano importanti applicazioni in ottica, elettronica, leghe e molti altri campi.<\/p>\n<p><span style=\"color: #0000ff;\"><a style=\"color: #0000ff;\" href=\"https:\/\/vimaterial.de\/it\/su-di-noi\/\">VIMATERIALE<\/a><\/span> offre granuli di ossido di ittrio di elevata purezza; le dimensioni possono essere personalizzate in base alle vostre esigenze. <span style=\"color: #0000ff;\"><a style=\"color: #0000ff;\" href=\"https:\/\/vimaterial.de\/it\/contatto\/\">Contattateci<\/a><\/span> per ulteriori informazioni.<\/p>\n<h2><span style=\"font-size: 14pt;\">Propriet\u00e0<\/span><\/h2>\n<p>Formula chimica : Y\u2082O\u2083<\/p>\n<p>Peso molecolare: 225,81 g\/mol<\/p>\n<p>Numero CAS: 1314-36-9<\/p>\n<p>Aspetto: Bianco<\/p>\n<p>Punto di fusione: 2410\u00b0C<\/p>\n<p>Punto di ebollizione: 4300\u2103<\/p>\n<p>Densit\u00e0: 5,0 g\/cm\u00b3<\/p>\n<p>Solubilit\u00e0: insolubile in acqua, solubile in acido.<\/p>\n<h2><span style=\"font-size: 14pt;\">Applicazioni dei pellet di ossido di ittrio<\/span><\/h2>\n<p data-start=\"38\" data-end=\"273\"><strong data-start=\"38\" data-end=\"56\">Settore ottico: <\/strong>I pellet di ossido di ittrio vengono utilizzati nei rivestimenti ottici per creare pellicole ad alto indice di rifrazione. Contribuisce a migliorare la trasmittanza e la riflettivit\u00e0 dei componenti ottici ed \u00e8 ampiamente utilizzato in lenti, finestre laser e display.<\/p>\n<p data-start=\"275\" data-end=\"500\"><strong data-start=\"275\" data-end=\"296\">Settore elettronico: <\/strong>\u00c8 un materiale importante per le ceramiche elettroniche, come le ceramiche <span style=\"color: #0000ff;\"><a style=\"color: #0000ff;\" href=\"https:\/\/vimaterial.de\/it\/search\/?type=name&#038;keyword=yag\">YAG<\/a><\/span>. Viene utilizzato nei filtri per microonde, nei materiali laser e nei fosfori, svolgendo un ruolo chiave nelle tecnologie di comunicazione e di visualizzazione.<\/p>\n<p data-start=\"502\" data-end=\"760\"><strong data-start=\"502\" data-end=\"518\">Campo delle leghe: <\/strong>Come additivo per leghe, l&#8217;ittrio migliora le propriet\u00e0 dei materiali. Aumenta la resistenza all&#8217;ossidazione e la duttilit\u00e0 dell&#8217;acciaio inossidabile, aumenta la conduttivit\u00e0 delle leghe Al-Zr e migliora la conduttivit\u00e0 elettrica e la resistenza delle leghe di rame.<\/p>\n<p data-start=\"762\" data-end=\"997\"><strong data-start=\"762\" data-end=\"776\">Aerospaziale: <\/strong>Le particelle di ossido di ittrio rafforzano le leghe ad alte prestazioni (ad esempio, MA956), migliorando la resistenza alle alte temperature, la resistenza all&#8217;ossidazione e alla corrosione. Ci\u00f2 le rende adatte ai motori aeronautici e alle turbine a gas.<\/p>\n<p data-start=\"999\" data-end=\"1218\" data-is-last-node=\"\" data-is-only-node=\"\"><strong data-start=\"999\" data-end=\"1015\">stampa 3D: <\/strong>L&#8217;ossido di ittrio pu\u00f2 essere utilizzato nella fabbricazione additiva. L&#8217;aggiunta di ossido di ittrio in scala nanometrica alle polveri metalliche aiuta a creare leghe con una migliore resistenza al calore e all&#8217;ossidazione, soprattutto per i componenti aerospaziali.<\/p>\n<h2 data-start=\"999\" data-end=\"1218\"><span style=\"font-size: 14pt;\">Imballaggio e stoccaggio<\/span><\/h2>\n<p data-start=\"0\" data-end=\"337\"><strong data-start=\"0\" data-end=\"14\">Confezionamento:<\/strong><br data-start=\"14\" data-end=\"17\" \/>I pellet di ossido di ittrio sono in genere sigillati per evitare umidit\u00e0 e contaminazione. Di solito sono confezionati sottovuoto in sacchetti di plastica antistatici o in sacchetti di alluminio con essiccanti, e poi inseriti in robusti imballaggi esterni come cartoni o contenitori di plastica per garantire la purezza e l&#8217;integrit\u00e0 durante il trasporto e lo stoccaggio.<\/p>\n<p data-start=\"339\" data-end=\"634\" data-is-last-node=\"\" data-is-only-node=\"\"><strong data-start=\"339\" data-end=\"351\">Conservazione:<\/strong><br data-start=\"351\" data-end=\"354\" \/>Devono essere conservati in un ambiente asciutto, fresco e ben ventilato, lontano da umidit\u00e0 e temperature elevate. Tenere lontano da sostanze acide o corrosive per evitare reazioni chimiche. Evitare forti pressioni e forti urti per mantenere la forma e la stabilit\u00e0 delle prestazioni.<\/p>\n<h2 data-start=\"339\" data-end=\"634\"><span style=\"font-size: 14pt;\">Domande frequenti<\/span><\/h2>\n<p data-start=\"339\" data-end=\"634\" data-is-last-node=\"\" data-is-only-node=\"\"><strong>D1: A cosa serve l&#8217;ossido di ittrio?<\/strong><\/p>\n<p data-start=\"339\" data-end=\"634\" data-is-last-node=\"\" data-is-only-node=\"\">R: L&#8217;ossido di ittrio (Y2O3) possiede una stabilit\u00e0 alle alte temperature ed \u00e8 un importante materiale ceramico ampiamente utilizzato nei fosfori rossi (per TV a colori e lampade fluorescenti), nei vetri ottici, nei sensori di ossigeno, nelle ceramiche, nei materiali superconduttori ad alta temperatura e nei catalizzatori.<\/p>\n<p data-start=\"339\" data-end=\"634\" data-is-last-node=\"\" data-is-only-node=\"\"><strong>D2: L&#8217;ossido di ittrio \u00e8 tossico?<\/strong><\/p>\n<p data-start=\"339\" data-end=\"634\" data-is-last-node=\"\" data-is-only-node=\"\">R: Sebbene l&#8217;Y2O3 di per s\u00e9 abbia una bassa tossicit\u00e0, sono comunque necessarie precauzioni di sicurezza durante la manipolazione e l&#8217;uso.<\/p>\n<p>Ad esempio, l&#8217;Y2O3 in polvere pu\u00f2 generare polvere, la cui inalazione a lungo termine pu\u00f2 irritare il sistema respiratorio. Pertanto, durante la manipolazione dell&#8217;Y2O3, si raccomandano misure di protezione adeguate, come l&#8217;uso di maschere antipolvere, guanti e occhiali, per ridurre l&#8217;inalazione della polvere e il contatto con la pelle.<\/p>\n<p><strong>Q3: Qual \u00e8 il tempo di consegna dei pellet di ossido di ittrio?<\/strong><\/p>\n<p>R: In magazzino: Spedizione immediata<\/p>\n<p>Prodotti standard: Generalmente 2-4 settimane<\/p>\n<p>Prodotti personalizzati: Determinati in base ai dettagli richiesti<\/p>\n<p>I requisiti speciali possono essere discussi<\/p>\n<p><strong>Q4: I pellet di ossido di ittrio possono essere personalizzati?<\/strong><\/p>\n<p>R: S\u00ec, offriamo servizi di personalizzazione, con purezza e dimensioni personalizzabili. Forniamo anche polvere, granuli e target di ossido di ittrio in varie forme per soddisfare le vostre esigenze.<\/p>\n","protected":false},"excerpt":{"rendered":"<p>Ossido di ittrio i pellet sono composti inorganici con formula chimica Y\u2082O\u2083, di colore bianco, punto di fusione 2410\u00b0C, insolubili in acqua e solubili in acido, e con una serie di eccellenti propriet\u00e0, che trovano importanti applicazioni in ottica, elettronica, leghe e molti altri campi. VIMATERIALE offre granuli di ossido di ittrio di elevata purezza; [&hellip;]<\/p>\n","protected":false},"featured_media":1031336,"comment_status":"open","ping_status":"closed","template":"","meta":{"_acf_changed":false},"product_brand":[],"product_cat":[198],"product_tag":[],"class_list":{"0":"post-1050194","1":"product","2":"type-product","3":"status-publish","4":"has-post-thumbnail","6":"product_cat-materiali-per-levaporazione","8":"first","9":"instock","10":"shipping-taxable","11":"purchasable","12":"product-type-variable"},"acf":[],"_links":{"self":[{"href":"https:\/\/vimaterial.de\/it\/wp-json\/wp\/v2\/product\/1050194","targetHints":{"allow":["GET"]}}],"collection":[{"href":"https:\/\/vimaterial.de\/it\/wp-json\/wp\/v2\/product"}],"about":[{"href":"https:\/\/vimaterial.de\/it\/wp-json\/wp\/v2\/types\/product"}],"replies":[{"embeddable":true,"href":"https:\/\/vimaterial.de\/it\/wp-json\/wp\/v2\/comments?post=1050194"}],"wp:featuredmedia":[{"embeddable":true,"href":"https:\/\/vimaterial.de\/it\/wp-json\/wp\/v2\/media\/1031336"}],"wp:attachment":[{"href":"https:\/\/vimaterial.de\/it\/wp-json\/wp\/v2\/media?parent=1050194"}],"wp:term":[{"taxonomy":"product_brand","embeddable":true,"href":"https:\/\/vimaterial.de\/it\/wp-json\/wp\/v2\/product_brand?post=1050194"},{"taxonomy":"product_cat","embeddable":true,"href":"https:\/\/vimaterial.de\/it\/wp-json\/wp\/v2\/product_cat?post=1050194"},{"taxonomy":"product_tag","embeddable":true,"href":"https:\/\/vimaterial.de\/it\/wp-json\/wp\/v2\/product_tag?post=1050194"}],"curies":[{"name":"wp","href":"https:\/\/api.w.org\/{rel}","templated":true}]}}