{"id":1050164,"date":"2026-03-17T17:14:13","date_gmt":"2026-03-17T09:14:13","guid":{"rendered":"https:\/\/vimaterial.de\/product\/ossido-di-ittrio-4\/"},"modified":"2026-03-17T17:14:13","modified_gmt":"2026-03-17T09:14:13","slug":"ossido-di-ittrio-4","status":"publish","type":"product","link":"https:\/\/vimaterial.de\/it\/product\/ossido-di-ittrio-4\/","title":{"rendered":"Ossido di ittrio"},"content":{"rendered":"<p><span style=\"color: #0000ff;\"><a style=\"color: #0000ff;\" href=\"https:\/\/vimaterial.de\/it\/search\/?type=element&#038;keyword=Y2O3\">L&#8217;ossido di ittrio<\/a><\/span> i granuli di ittrio sono composti inorganici di colore bianco con un punto di fusione di 2410\u00b0C. Sono insolubili in acqua ma solubili negli acidi e presentano un&#8217;eccellente stabilit\u00e0 termica e chimica, rimanendo stabili senza decomporsi o reagire in ambienti ad alta temperatura. Offrono inoltre buone propriet\u00e0 dielettriche, un forte isolamento elettrico e una conducibilit\u00e0 termica relativamente bassa, che li rende un materiale ideale per le applicazioni di isolamento ad alta temperatura.<\/p>\n<p><span style=\"color: #0000ff;\"><a style=\"color: #0000ff;\" href=\"https:\/\/vimaterial.de\/it\/su-di-noi\/\">VIMATERIALE<\/a><\/span> fornisce granuli di ossido di ittrio di elevata purezza con dimensioni personalizzabili per soddisfare requisiti specifici. <span style=\"color: #0000ff;\"><a style=\"color: #0000ff;\" href=\"https:\/\/vimaterial.de\/it\/contatto\/\">Contattateci<\/a><\/span> per ulteriori informazioni.<\/p>\n<h2><span style=\"font-size: 14pt;\">Propriet\u00e0<\/span><\/h2>\n<p>Formula chimica : Y\u2082O\u2083<\/p>\n<p>Peso molecolare: 225,81 g\/mol<\/p>\n<p>Numero CAS: 1314-36-9<\/p>\n<p>Aspetto: Bianco<\/p>\n<p>Punto di fusione: 2410\u00b0C<\/p>\n<p>Punto di ebollizione: 4300\u2103<\/p>\n<p>Densit\u00e0: 5,01 g\/cm\u00b3<\/p>\n<p>Solubilit\u00e0: insolubile in acqua, solubile in acido.<\/p>\n<h2><span style=\"font-size: 14pt;\">Applicazioni dei granuli di ossido di ittrio<\/span><\/h2>\n<p>Applicazioni ottiche: Utilizzato nei rivestimenti ottici per produrre film ad alto indice di rifrazione, migliorando la trasmittanza e la riflettivit\u00e0. Si applicano comunemente a lenti, finestre laser e tecnologie di visualizzazione.<\/p>\n<p>Elettronica e ceramica: Un materiale chiave per ceramiche avanzate come lo YAG (granato di ittrio e alluminio), utilizzato nei dispositivi a microonde, nei materiali laser e nei fosfori per i sistemi di comunicazione e di visualizzazione.<\/p>\n<p>Additivi per leghe: Aggiunti all&#8217;acciaio e alle leghe non ferrose per migliorare la resistenza all&#8217;ossidazione, la conducibilit\u00e0 elettrica e la resistenza meccanica.<\/p>\n<p>Materiali aerospaziali: Incorporati in leghe ad alte prestazioni per migliorare la resistenza alle alte temperature, la resistenza all&#8217;ossidazione e alla corrosione di componenti come motori aeronautici e turbine a gas.<\/p>\n<p>Produzione additiva (stampa 3D): Utilizzato come additivo in polvere per sviluppare leghe avanzate con una migliore resistenza termica e all&#8217;ossidazione, soprattutto per le applicazioni aerospaziali.<\/p>\n<h2><span style=\"font-size: 14pt;\">Imballaggio e stoccaggio<\/span><\/h2>\n<p>I granuli di ossido di ittrio sono confezionati in contenitori sigillati e a prova di umidit\u00e0, in genere con rivestimenti in plastica a doppio strato e fusti o cartoni esterni resistenti per evitare l&#8217;assorbimento di umidit\u00e0 e la contaminazione. L&#8217;imballaggio deve evitare le impurit\u00e0 e includere etichette chiare per l&#8217;identificazione e la tracciabilit\u00e0 del prodotto.<\/p>\n<p>Per lo stoccaggio, i granuli di ossido di ittrio devono essere conservati in un luogo fresco, asciutto e ben ventilato, lontano da umidit\u00e0, acidi e sostanze corrosive. I contenitori devono essere chiusi ermeticamente per evitare agglomerazioni e l&#8217;esposizione a temperature estreme o a sollecitazioni meccaniche deve essere evitata per mantenere stabili le prestazioni.<\/p>\n<h2><span style=\"font-size: 14pt;\">Domande frequenti<\/span><\/h2>\n<p><strong>Q1: Cosa sono i granuli di ossido di ittrio?<\/strong><\/p>\n<p>R: L&#8217;ossido di ittrio, con formula chimica Y\u2082O\u2083, \u00e8 un importante ossido di terre rare. Si presenta come una polvere di colore da bianco a giallo pallido, insolubile in acqua e alcali, ma solubile negli acidi. Possiede un&#8217;elevata stabilit\u00e0 chimica ed eccellenti propriet\u00e0 ottiche ed elettriche.<\/p>\n<p>Come materiale funzionale chiave delle terre rare, svolge un ruolo centrale nei moderni settori industriali come la produzione di alta gamma, i nuovi materiali, l&#8217;elettronica e le nuove energie.<\/p>\n<p><strong>D2: A cosa serve l&#8217;ossido di ittrio?<\/strong><\/p>\n<p>R: L&#8217;ossido di ittrio (Y\u2082O\u2083) possiede una stabilit\u00e0 alle alte temperature ed \u00e8 un importante materiale ceramico ampiamente utilizzato nei fosfori rossi (per TV a colori e lampade fluorescenti), nei vetri ottici, nei sensori di ossigeno, nelle ceramiche, nei materiali superconduttori ad alta temperatura e nei catalizzatori.<\/p>\n<p><strong>D3: I granuli di ossido di ittrio sono tossici?<\/strong><\/p>\n<p>R: Sebbene l&#8217;Y\u2082O\u2083 di per s\u00e9 abbia una bassa tossicit\u00e0, sono comunque necessarie precauzioni di sicurezza durante la manipolazione e l&#8217;uso.<\/p>\n<p>Ad esempio, l&#8217;Y\u2082O\u2083 in polvere pu\u00f2 generare polvere, la cui inalazione a lungo termine pu\u00f2 irritare il sistema respiratorio. Pertanto, durante la manipolazione di Y\u2082O\u2083, si raccomandano misure di protezione adeguate, come l&#8217;uso di maschere antipolvere, guanti e occhiali, per ridurre l&#8217;inalazione della polvere e il contatto con la pelle.<\/p>\n<p><strong>Q4: Qual \u00e8 il tempo di consegna dei granuli di ossido di ittrio?<\/strong><\/p>\n<p>R: In magazzino: Spedizione immediata<\/p>\n<p>Prodotti standard: Generalmente 2-4 settimane<\/p>\n<p>Prodotti personalizzati: Determinati in base ai dettagli richiesti<\/p>\n<p>I requisiti speciali possono essere discussi<\/p>\n","protected":false},"excerpt":{"rendered":"<p>L&#8217;ossido di ittrio i granuli di ittrio sono composti inorganici di colore bianco con un punto di fusione di 2410\u00b0C. Sono insolubili in acqua ma solubili negli acidi e presentano un&#8217;eccellente stabilit\u00e0 termica e chimica, rimanendo stabili senza decomporsi o reagire in ambienti ad alta temperatura. Offrono inoltre buone propriet\u00e0 dielettriche, un forte isolamento elettrico [&hellip;]<\/p>\n","protected":false},"featured_media":1050150,"comment_status":"open","ping_status":"closed","template":"","meta":{"_acf_changed":false},"product_brand":[],"product_cat":[198],"product_tag":[],"class_list":{"0":"post-1050164","1":"product","2":"type-product","3":"status-publish","4":"has-post-thumbnail","6":"product_cat-materiali-per-levaporazione","8":"first","9":"instock","10":"shipping-taxable","11":"product-type-variable"},"acf":[],"_links":{"self":[{"href":"https:\/\/vimaterial.de\/it\/wp-json\/wp\/v2\/product\/1050164","targetHints":{"allow":["GET"]}}],"collection":[{"href":"https:\/\/vimaterial.de\/it\/wp-json\/wp\/v2\/product"}],"about":[{"href":"https:\/\/vimaterial.de\/it\/wp-json\/wp\/v2\/types\/product"}],"replies":[{"embeddable":true,"href":"https:\/\/vimaterial.de\/it\/wp-json\/wp\/v2\/comments?post=1050164"}],"wp:featuredmedia":[{"embeddable":true,"href":"https:\/\/vimaterial.de\/it\/wp-json\/wp\/v2\/media\/1050150"}],"wp:attachment":[{"href":"https:\/\/vimaterial.de\/it\/wp-json\/wp\/v2\/media?parent=1050164"}],"wp:term":[{"taxonomy":"product_brand","embeddable":true,"href":"https:\/\/vimaterial.de\/it\/wp-json\/wp\/v2\/product_brand?post=1050164"},{"taxonomy":"product_cat","embeddable":true,"href":"https:\/\/vimaterial.de\/it\/wp-json\/wp\/v2\/product_cat?post=1050164"},{"taxonomy":"product_tag","embeddable":true,"href":"https:\/\/vimaterial.de\/it\/wp-json\/wp\/v2\/product_tag?post=1050164"}],"curies":[{"name":"wp","href":"https:\/\/api.w.org\/{rel}","templated":true}]}}