{"id":1049742,"date":"2024-06-17T14:11:31","date_gmt":"2024-06-17T06:11:31","guid":{"rendered":"https:\/\/vimaterial.de\/product\/silicio-4\/"},"modified":"2024-06-17T14:11:31","modified_gmt":"2024-06-17T06:11:31","slug":"silicio-4","status":"publish","type":"product","link":"https:\/\/vimaterial.de\/it\/product\/silicio-4\/","title":{"rendered":"Silicio"},"content":{"rendered":"<p>I granuli <span style=\"color: #0000ff;\"><a style=\"color: #0000ff;\" href=\"https:\/\/vimaterial.de\/it\/search\/?type=element&#038;keyword=Si\">di silicio<\/a><\/span><br \/>\nsono un solido cristallino duro e fragile con una lucentezza metallica blu-grigia; \u00e8 un metalloide tetravalente e un semiconduttore. Il silicio cristallino \u00e8 blu scuro, fragile e tipicamente semiconduttore.<\/p>\n<p>VIMATERIAL \u00e8 specializzata nella produzione di granuli di silicio ad alta purezza per standard analitici. <span style=\"color: #0000ff;\"><a style=\"color: #0000ff;\" href=\"https:\/\/vimaterial.de\/it\/contatto\/\">Contattateci<\/a><\/span><br \/>\nper ulteriori informazioni.<\/p>\n<h2><span style=\"font-size: 14pt;\">Propriet\u00e0<\/span><\/h2>\n<p>Formula chimica: Si<\/p>\n<p>Aspetto: cristallino, riflettente con facce bluastre<\/p>\n<p>Punto di fusione: 1687 K (1414 \u00b0C, 2577 \u00b0F)<\/p>\n<p>Punto di ebollizione: 3538 K (3265 \u00b0C, 5909 \u00b0F)<\/p>\n<p>Densit\u00e0 (vicino alla temperatura ambiente): 2,3290 g\/cm3 allo stato liquido (al punto di fusione): 2,57 g\/cm3<\/p>\n<p>Calore di fusione: 50,21 kJ\/mol<\/p>\n<p>Calore di vaporizzazione: 383 kJ\/mol<\/p>\n<p>Capacit\u00e0 termica molare: 19,789 J\/(mol\u00b7K)<\/p>\n<h2><span style=\"font-size: 14pt;\">Applicazioni dei granuli di silicio<\/span><\/h2>\n<p>Il silicio \u00e8 un materiale semiconduttore che pu\u00f2 essere utilizzato per realizzare dispositivi semiconduttori, pannelli solari, fibre ottiche e circuiti integrati.<\/p>\n<p>Pu\u00f2 anche essere utilizzato sotto forma di leghe (come le leghe di ferrosilicio) per parti automobilistiche e meccaniche.<\/p>\n<p>Utilizzato anche con materiali ceramici nel cermet.<\/p>\n<p>Utilizzato anche nella produzione di vetro, cemento, mattoni, materiali refrattari, silossano, silano.<\/p>\n<p>Con l&#8217;unione del ferro, pu\u00f2 diventare acciaio siliceo, un tipo di acciaio resistente all&#8217;usura, comunemente utilizzato su tutti i tipi di utensili.<\/p>\n<p>Inoltre, il silicio \u00e8 uno dei componenti principali dell&#8217;acciaio inossidabile, utilizzato per rendere l&#8217;acciaio inossidabile resistente all&#8217;usura.<\/p>\n<h2><span style=\"font-size: 14pt;\">Perch\u00e9 scegliere noi?<\/span><\/h2>\n<p>\u2022 Qualit\u00e0 affidabile: un sistema completo di controllo qualit\u00e0 garantisce prestazioni stabili e costanti.<\/p>\n<p>\u2022 Servizio professionale: assistenza dedicata pre-vendita e post-vendita per una collaborazione fluida.<\/p>\n<p>\u2022 Personalizzazione disponibile: composizione, dimensioni e specifiche possono essere adattate alle vostre esigenze.<\/p>\n<p>\u2022 Consegna rapida: produzione efficiente e spedizione puntuale garantite.<\/p>\n<h2><span style=\"font-size: 14pt;\">Prodotti correlati<\/span><\/h2>\n<p><span style=\"color: #0000ff;\"><a style=\"color: #0000ff;\" href=\"https:\/\/vimaterial.de\/it\/product\/silicio-3\/\">Polvere di silicio<\/a><\/span><\/p>\n<p><span style=\"color: #0000ff;\"><a style=\"color: #0000ff;\" href=\"https:\/\/vimaterial.de\/it\/product\/silicio\/\">Target di sputtering al silicio<\/a><\/span><\/p>\n<p><span style=\"color: #0000ff;\"><a style=\"color: #0000ff;\" href=\"https:\/\/vimaterial.de\/it\/product\/biossido-di-silicio-3\/\">Polvere di silice<\/a><\/span><\/p>\n<p><span style=\"color: #0000ff;\"><a style=\"color: #0000ff;\" href=\"https:\/\/vimaterial.de\/it\/product\/biossido-di-silicio-4\/\">Target di sputtering al silicio<\/a><\/span><\/p>\n","protected":false},"excerpt":{"rendered":"<p>I granuli di silicio sono un solido cristallino duro e fragile con una lucentezza metallica blu-grigia; \u00e8 un metalloide tetravalente e un semiconduttore. Il silicio cristallino \u00e8 blu scuro, fragile e tipicamente semiconduttore. VIMATERIAL \u00e8 specializzata nella produzione di granuli di silicio ad alta purezza per standard analitici. Contattateci per ulteriori informazioni. Propriet\u00e0 Formula chimica: [&hellip;]<\/p>\n","protected":false},"featured_media":1049646,"comment_status":"open","ping_status":"closed","template":"","meta":{"_acf_changed":false},"product_brand":[],"product_cat":[198],"product_tag":[],"class_list":{"0":"post-1049742","1":"product","2":"type-product","3":"status-publish","4":"has-post-thumbnail","6":"product_cat-materiali-per-levaporazione","8":"first","9":"instock","10":"shipping-taxable","11":"purchasable","12":"product-type-variable"},"acf":[],"_links":{"self":[{"href":"https:\/\/vimaterial.de\/it\/wp-json\/wp\/v2\/product\/1049742","targetHints":{"allow":["GET"]}}],"collection":[{"href":"https:\/\/vimaterial.de\/it\/wp-json\/wp\/v2\/product"}],"about":[{"href":"https:\/\/vimaterial.de\/it\/wp-json\/wp\/v2\/types\/product"}],"replies":[{"embeddable":true,"href":"https:\/\/vimaterial.de\/it\/wp-json\/wp\/v2\/comments?post=1049742"}],"wp:featuredmedia":[{"embeddable":true,"href":"https:\/\/vimaterial.de\/it\/wp-json\/wp\/v2\/media\/1049646"}],"wp:attachment":[{"href":"https:\/\/vimaterial.de\/it\/wp-json\/wp\/v2\/media?parent=1049742"}],"wp:term":[{"taxonomy":"product_brand","embeddable":true,"href":"https:\/\/vimaterial.de\/it\/wp-json\/wp\/v2\/product_brand?post=1049742"},{"taxonomy":"product_cat","embeddable":true,"href":"https:\/\/vimaterial.de\/it\/wp-json\/wp\/v2\/product_cat?post=1049742"},{"taxonomy":"product_tag","embeddable":true,"href":"https:\/\/vimaterial.de\/it\/wp-json\/wp\/v2\/product_tag?post=1049742"}],"curies":[{"name":"wp","href":"https:\/\/api.w.org\/{rel}","templated":true}]}}