{"id":1049676,"date":"2024-06-17T14:11:32","date_gmt":"2024-06-17T06:11:32","guid":{"rendered":"https:\/\/vimaterial.de\/product\/silicio\/"},"modified":"2024-06-17T14:11:32","modified_gmt":"2024-06-17T06:11:32","slug":"silicio","status":"publish","type":"product","link":"https:\/\/vimaterial.de\/it\/product\/silicio\/","title":{"rendered":"Silicio"},"content":{"rendered":"<p>I target di sputtering in silicio sono di colore grigio scuro. Il silicio \u00e8 solido a temperatura ambiente. I target di sputtering in silicio sono ampiamente utilizzati nella produzione di semiconduttori, celle solari e applicazioni a film sottile grazie alla loro elevata purezza e versatilit\u00e0. Questi target possono depositare film di alta qualit\u00e0 con elevata conduttivit\u00e0 elettrica, migliore stabilit\u00e0 termica e maggiore assorbimento della luce, caratteristiche fondamentali per l&#8217;efficienza delle celle solari. Attualmente, sono utilizzati principalmente nell&#8217;industria dei vetri conduttivi trasparenti LCD, dei vetri LOW-E per l&#8217;architettura e della microelettronica.<\/p>\n<p>I target di sputtering al silicio possono essere suddivisi in due tipi: monocristallini e policristallini. <span style=\"color: #0000ff;\"><a style=\"color: #0000ff;\" href=\"https:\/\/vimaterial.de\/it\/su-di-noi\/\">VIMATERIAL<\/a><\/span><br \/>\nproduce target di sputtering al silicio monocristallini e policristallini in una variet\u00e0 di forme e dimensioni, personalizzati in base alle vostre esigenze specifiche. Grazie alla nostra pluriennale esperienza professionale, offriamo materiali unici per target di sputtering e un servizio di incollaggio affidabile.<\/p>\n<h2><span style=\"font-size: 14pt;\">Caratteristiche del silicio<\/span><\/h2>\n<p>Formula molecolare: Si<\/p>\n<p>Punto di fusione: 1.414 \u00b0C (2.577 \u00b0F)<\/p>\n<p>Punto di ebollizione: 3.265 \u00b0C (5.909 \u00b0F)<\/p>\n<p>Densit\u00e0: 2,329 g\/cm3<\/p>\n<p>Conducibilit\u00e0 termica: 149 W\u2022m-1\u2022K-1<\/p>\n<h2><span style=\"font-size: 14pt;\">Caratteristiche del bersaglio in silicio<\/span><\/h2>\n<p>Forme: bersaglio piano, bersaglio rotante, personalizzazione con forme speciali<\/p>\n<p>Purezza del bersaglio in silicio: 99,99%, 99,999%<\/p>\n<p>Dimensioni del bersaglio in silicio: lavorato secondo disegni o personalizzato<\/p>\n<p>Imballaggio: imballaggio interno sottovuoto, imballaggio esterno in scatola di legno<\/p>\n<h2><span style=\"font-size: 14pt;\">Applicazioni del bersaglio di sputtering in silicio<\/span><\/h2>\n<p>Produzione di semiconduttori: il bersaglio in silicio \u00e8 una materia prima importante per la produzione di dispositivi a semiconduttori, utilizzato per la produzione di wafer, celle solari, ecc.<\/p>\n<p>Pellicola ottica: il bersaglio in silicio pu\u00f2 essere utilizzato per preparare pellicole ottiche ad alta trasparenza, come elettrodi trasparenti, lenti IR, polarizzatori, ecc.<\/p>\n<p>Ceramiche al siliciuro: i bersagli in silicio possono essere utilizzati per preparare materiali ceramici al siliciuro ad alte prestazioni, come nitruro di silicio, carburo di silicio, ecc., per la produzione di materiali strutturali ad alta temperatura e utensili da taglio.<\/p>\n<p>Rivestimenti antiriflesso: i target di silicio possono essere utilizzati per preparare rivestimenti antiriflesso, utilizzati principalmente nei pannelli solari, nei display a schermo piatto, ecc.<\/p>\n<p>Ricerca nanotecnologica: i target di silicio possono essere utilizzati per preparare vari materiali e dispositivi nanostrutturati, come nanotubi, nanofili, punti quantici, ecc.<\/p>\n<h2><span style=\"font-size: 14pt;\">Forniamo i seguenti target in lega di silicio<\/span><\/h2>\n<p><span style=\"color: #0000ff;\">: <a style=\"color: #0000ff;\" href=\"https:\/\/vimaterial.de\/it\/product\/lega-di-alluminio-e-silicio\/\">AlSi<\/a>, <a style=\"color: #0000ff;\" href=\"https:\/\/vimaterial.de\/it\/product\/ferro-al-silicio\/\">SiFe<\/a>, <a style=\"color: #0000ff;\" href=\"https:\/\/vimaterial.de\/it\/product\/silicio-cromo\/\">SiCr<\/a>, <a style=\"color: #0000ff;\" href=\"https:\/\/vimaterial.de\/it\/product\/lega-di-silicio-e-germanio\/\">SiGe<\/a>, <a style=\"color: #0000ff;\" href=\"https:\/\/vimaterial.de\/it\/product\/lega-di-silicio-e-molibdeno\/\">SiMoB<\/a>&#8230;<\/span><\/p>\n","protected":false},"excerpt":{"rendered":"<p>I target di sputtering in silicio sono di colore grigio scuro. Il silicio \u00e8 solido a temperatura ambiente. I target di sputtering in silicio sono ampiamente utilizzati nella produzione di semiconduttori, celle solari e applicazioni a film sottile grazie alla loro elevata purezza e versatilit\u00e0. Questi target possono depositare film di alta qualit\u00e0 con elevata [&hellip;]<\/p>\n","protected":false},"featured_media":999675,"comment_status":"open","ping_status":"closed","template":"","meta":{"_acf_changed":false},"product_brand":[],"product_cat":[197],"product_tag":[],"class_list":{"0":"post-1049676","1":"product","2":"type-product","3":"status-publish","4":"has-post-thumbnail","6":"product_cat-obiettivi-di-sputtering-planari","8":"first","9":"instock","10":"shipping-taxable","11":"purchasable","12":"product-type-variable"},"acf":[],"_links":{"self":[{"href":"https:\/\/vimaterial.de\/it\/wp-json\/wp\/v2\/product\/1049676","targetHints":{"allow":["GET"]}}],"collection":[{"href":"https:\/\/vimaterial.de\/it\/wp-json\/wp\/v2\/product"}],"about":[{"href":"https:\/\/vimaterial.de\/it\/wp-json\/wp\/v2\/types\/product"}],"replies":[{"embeddable":true,"href":"https:\/\/vimaterial.de\/it\/wp-json\/wp\/v2\/comments?post=1049676"}],"wp:featuredmedia":[{"embeddable":true,"href":"https:\/\/vimaterial.de\/it\/wp-json\/wp\/v2\/media\/999675"}],"wp:attachment":[{"href":"https:\/\/vimaterial.de\/it\/wp-json\/wp\/v2\/media?parent=1049676"}],"wp:term":[{"taxonomy":"product_brand","embeddable":true,"href":"https:\/\/vimaterial.de\/it\/wp-json\/wp\/v2\/product_brand?post=1049676"},{"taxonomy":"product_cat","embeddable":true,"href":"https:\/\/vimaterial.de\/it\/wp-json\/wp\/v2\/product_cat?post=1049676"},{"taxonomy":"product_tag","embeddable":true,"href":"https:\/\/vimaterial.de\/it\/wp-json\/wp\/v2\/product_tag?post=1049676"}],"curies":[{"name":"wp","href":"https:\/\/api.w.org\/{rel}","templated":true}]}}