{"id":1049616,"date":"2024-06-17T14:02:26","date_gmt":"2024-06-17T06:02:26","guid":{"rendered":"https:\/\/vimaterial.de\/product\/boro\/"},"modified":"2024-06-17T14:02:26","modified_gmt":"2024-06-17T06:02:26","slug":"boro","status":"publish","type":"product","link":"https:\/\/vimaterial.de\/it\/product\/boro\/","title":{"rendered":"Boro"},"content":{"rendered":"<p>La polvere <span style=\"color: #0000ff;\"><a style=\"color: #0000ff;\" href=\"https:\/\/vimaterial.de\/it\/search\/?type=element&#038;keyword=b\">di boro<\/a><\/span><br \/>\n\u00e8 una forma fine e polverosa di boro elementare, un metalloide noto per la sua elevata durezza, resistenza termica e stabilit\u00e0 chimica. \u00c8 ampiamente utilizzata in settori quali metallurgia, elettronica, aerospaziale e nucleare grazie alle sue propriet\u00e0 fisiche e chimiche uniche. La polvere di boro \u00e8 altamente reattiva e pu\u00f2 essere utilizzata in varie applicazioni, dallo stoccaggio di energia ai materiali ad alta resistenza.<\/p>\n<p>VIMATERIAL offre polvere di boro ad alta purezza, con dimensioni delle particelle personalizzabili. <span style=\"color: #0000ff;\"><a style=\"color: #0000ff;\" href=\"https:\/\/vimaterial.de\/it\/contatto\/\">Contattateci<\/a><\/span><br \/>\nper ulteriori informazioni.<\/p>\n<h2><span style=\"font-size: 14pt;\">Propriet\u00e0 fisiche<\/span><\/h2>\n<p>Formula: B.<\/p>\n<p>Aspetto: polvere fine di colore nero o marrone scuro.<\/p>\n<p>Punto di fusione: 2349 K (2076 \u00b0C, 3769 \u00b0F)<\/p>\n<p>Punto di ebollizione: 4200 K (3927 \u00b0C, 7101 \u00b0F)<\/p>\n<p>Densit\u00e0: circa 2,34 g\/cm\u00b3 per la forma cristallina.<\/p>\n<p>Struttura: amorfa o cristallina, con la forma amorfa che \u00e8 pi\u00f9 reattiva e comunemente utilizzata in applicazioni pirotecniche ed energetiche.<\/p>\n<p>Durezza: il boro ha un&#8217;elevata durezza, appena inferiore a quella del diamante, che lo rende utile negli abrasivi e negli utensili da taglio.<\/p>\n<p>Conducibilit\u00e0 termica: buon conduttore termico, anche se \u00e8 pi\u00f9 comunemente apprezzato per la sua resistenza al calore.<\/p>\n<h2><span style=\"font-size: 14pt;\">Applicazioni della<\/span><\/h2>\n<p>metallurgia<\/p>\n<h2><span style=\"font-size: 14pt;\">delle polveri di boro<\/span><\/h2>\n<p>: utilizzato come agente legante per migliorare la durezza e la resistenza dell&#8217;acciaio e di altri metalli. Migliora la resistenza all&#8217;usura e la protezione dalla corrosione.<\/p>\n<p>Elettronica e semiconduttori: il boro \u00e8 utilizzato nella produzione di semiconduttori, in particolare per il drogaggio del silicio al fine di alterarne la conduttivit\u00e0.<\/p>\n<p>Industria nucleare: il boro ha un&#8217;elevata sezione d&#8217;urto di assorbimento dei neutroni, che lo rende essenziale nei reattori nucleari come materiale di controllo e nella schermatura dalle radiazioni.<\/p>\n<p>Pirotecnica e combustione: grazie al suo elevato rilascio di energia quando ossidato, il boro in polvere \u00e8 utilizzato nei combustibili per razzi, negli esplosivi e nelle applicazioni pirotecniche.<\/p>\n<p>Aerospaziale: aggiunto ai materiali compositi per migliorare la resistenza e la stabilit\u00e0 termica dei componenti aerospaziali.<\/p>\n<p>Materiali per batterie: la ricerca esplora i composti a base di boro per l&#8217;accumulo di energia e le applicazioni nelle batterie grazie al loro potenziale di migliorare la densit\u00e0 energetica e la stabilit\u00e0.<\/p>\n<h2><span style=\"font-size: 14pt;\">Perch\u00e9 scegliere noi?<\/span><\/h2>\n<p>\u2022 Qualit\u00e0 affidabile: un sistema completo di controllo della qualit\u00e0 garantisce prestazioni stabili e costanti.<\/p>\n<p>\u2022 Servizio professionale: assistenza dedicata pre-vendita e post-vendita per una collaborazione fluida.<\/p>\n<p>\u2022 Personalizzazione disponibile: composizione, dimensioni e specifiche possono essere adattate alle vostre esigenze.<\/p>\n<p>\u2022 Consegna rapida: produzione efficiente e spedizione puntuale garantite.<\/p>\n<h2><span style=\"font-size: 14pt;\">Prodotti correlati<\/span><\/h2>\n<p><span style=\"color: #0000ff;\"><a style=\"color: #0000ff;\" href=\"https:\/\/vimaterial.de\/it\/product\/boro-3\/\">Granuli di boro<\/a><\/span><\/p>\n<p><span style=\"color: #0000ff;\"><a style=\"color: #0000ff;\" href=\"https:\/\/vimaterial.de\/it\/product\/boro-2\/\">Bersaglio di sputtering al boro<\/a><\/span><\/p>\n<p><span style=\"color: #0000ff;\"><a style=\"color: #0000ff;\" href=\"https:\/\/vimaterial.de\/it\/product\/carburo-di-boro-3\/\">Polvere di carburo di boro<\/a><\/span><\/p>\n<p><span style=\"color: #0000ff;\"><a style=\"color: #0000ff;\" href=\"https:\/\/vimaterial.de\/it\/product\/nitruro-di-boro-3\/\">Polvere di nitruro di boro<\/a><\/span><\/p>\n","protected":false},"excerpt":{"rendered":"<p>La polvere di boro \u00e8 una forma fine e polverosa di boro elementare, un metalloide noto per la sua elevata durezza, resistenza termica e stabilit\u00e0 chimica. \u00c8 ampiamente utilizzata in settori quali metallurgia, elettronica, aerospaziale e nucleare grazie alle sue propriet\u00e0 fisiche e chimiche uniche. La polvere di boro \u00e8 altamente reattiva e pu\u00f2 essere [&hellip;]<\/p>\n","protected":false},"featured_media":999089,"comment_status":"open","ping_status":"closed","template":"","meta":{"_acf_changed":false},"product_brand":[],"product_cat":[212],"product_tag":[],"class_list":{"0":"post-1049616","1":"product","2":"type-product","3":"status-publish","4":"has-post-thumbnail","6":"product_cat-polvere-di-metallo-puro-e-leghe","8":"first","9":"instock","10":"shipping-taxable","11":"product-type-variable"},"acf":[],"_links":{"self":[{"href":"https:\/\/vimaterial.de\/it\/wp-json\/wp\/v2\/product\/1049616","targetHints":{"allow":["GET"]}}],"collection":[{"href":"https:\/\/vimaterial.de\/it\/wp-json\/wp\/v2\/product"}],"about":[{"href":"https:\/\/vimaterial.de\/it\/wp-json\/wp\/v2\/types\/product"}],"replies":[{"embeddable":true,"href":"https:\/\/vimaterial.de\/it\/wp-json\/wp\/v2\/comments?post=1049616"}],"wp:featuredmedia":[{"embeddable":true,"href":"https:\/\/vimaterial.de\/it\/wp-json\/wp\/v2\/media\/999089"}],"wp:attachment":[{"href":"https:\/\/vimaterial.de\/it\/wp-json\/wp\/v2\/media?parent=1049616"}],"wp:term":[{"taxonomy":"product_brand","embeddable":true,"href":"https:\/\/vimaterial.de\/it\/wp-json\/wp\/v2\/product_brand?post=1049616"},{"taxonomy":"product_cat","embeddable":true,"href":"https:\/\/vimaterial.de\/it\/wp-json\/wp\/v2\/product_cat?post=1049616"},{"taxonomy":"product_tag","embeddable":true,"href":"https:\/\/vimaterial.de\/it\/wp-json\/wp\/v2\/product_tag?post=1049616"}],"curies":[{"name":"wp","href":"https:\/\/api.w.org\/{rel}","templated":true}]}}