{"id":1049588,"date":"2024-06-17T14:11:30","date_gmt":"2024-06-17T06:11:30","guid":{"rendered":"https:\/\/vimaterial.de\/product\/silicio-3\/"},"modified":"2024-06-17T14:11:30","modified_gmt":"2024-06-17T06:11:30","slug":"silicio-3","status":"publish","type":"product","link":"https:\/\/vimaterial.de\/it\/product\/silicio-3\/","title":{"rendered":"Silicio"},"content":{"rendered":"<p>La polvere <span style=\"color: #0000ff;\"><a style=\"color: #0000ff;\" href=\"https:\/\/vimaterial.de\/it\/search\/?type=element&#038;keyword=Si\">di silicio<\/a><\/span><br \/>\n\u00e8 composta principalmente dall&#8217;elemento silicio, ha un alto punto di fusione, un&#8217;elevata durezza e una buona stabilit\u00e0 chimica ed \u00e8 un importante materiale inorganico non metallico.<\/p>\n<p>La polvere di silicio \u00e8 un materiale semiconduttore optoelettronico di nuova generazione, con un semiconduttore ad ampio gap energetico, ed \u00e8 anche un materiale per sorgenti luminose ad alta potenza.<\/p>\n<p>Il nano silicio di VIMATERIAL ha le caratteristiche di elevata purezza, piccole dimensioni delle particelle e distribuzione uniforme. Ha le caratteristiche di ampia superficie, elevata attivit\u00e0 superficiale e bassa densit\u00e0 apparente. Il prodotto \u00e8 atossico e inodore. <span style=\"color: #0000ff;\"><a style=\"color: #0000ff;\" href=\"https:\/\/vimaterial.de\/it\/contatto\/\">Contattateci<\/a><\/span><br \/>\nper ulteriori informazioni.<\/p>\n<h2><span style=\"font-size: 14pt;\">Propriet\u00e0<\/span><\/h2>\n<p>Formula: Si<\/p>\n<p>Aspetto: polvere di colore da grigio scuro a nero<\/p>\n<p>Caratteristiche: alto punto di fusione, buona resistenza al calore, alta resistivit\u00e0<\/p>\n<p>Purezza: 99,9%-99,999%<\/p>\n<p>Condizioni di conservazione: sigillato<\/p>\n<h2><span style=\"font-size: 14pt;\">Applicazioni della polvere di silicio<\/span><\/h2>\n<p>Materiali refrattari: la polvere di silicio metallico viene utilizzata per produrre mattoni refrattari e calcestruzzi refrattari per migliorarne la resistenza alle alte temperature e all&#8217;usura.<\/p>\n<p>Polverometallurgia: come additivo, la polvere di silicio metallico pu\u00f2 migliorare le prestazioni delle leghe e aumentare la resistenza e la tenacit\u00e0 dei prodotti.<\/p>\n<p>Industria chimica: nella sintesi dei composti organosiliconici, la polvere di silicio metallico \u00e8 una materia prima fondamentale ed \u00e8 ampiamente utilizzata nella produzione di gomma siliconica, olio siliconico e altri prodotti.<\/p>\n<p>Industria elettronica: la polvere di silicio metallico ad alta purezza \u00e8 un materiale chiave per i dispositivi a semiconduttori e le celle solari.<\/p>\n<h3><span style=\"font-size: 12pt;\">Applicazione del nanosilicio<\/span><\/h3>\n<ol>\n<li>I fili di nanosilicio realizzati con polvere di nanosilicio sono utilizzati nel materiale dell&#8217;elettrodo negativo delle batterie ricaricabili al litio, oppure la grafite viene rivestita sulla superficie della polvere di nanosilicio per essere utilizzata come materiale dell&#8217;elettrodo negativo delle batterie ricaricabili al litio, il che aumenta la capacit\u00e0 e i tempi di ciclo di carica e scarica delle batterie ricaricabili al litio di oltre 3 volte;<\/li>\n<li>Il nano silicio \u00e8 utilizzato in rivestimenti resistenti alle alte temperature e materiali refrattari;<\/li>\n<li>la polvere di nano silicio pu\u00f2 essere applicata ai rivestimenti per formare nano film di silicio, ampiamente utilizzati nell&#8217;energia solare;<\/li>\n<li>il nano silicio e il diamante vengono miscelati ad alta pressione per formare materiali compositi di carburo di silicio-diamante, utilizzati come utensili da taglio.<\/li>\n<\/ol>\n<h2><span style=\"font-size: 14pt;\">Condizioni di conservazione<\/span><\/h2>\n<p>Questo prodotto deve essere sigillato e conservato in un ambiente asciutto e fresco. Non deve essere esposto all&#8217;aria per lungo tempo. \u00c8 necessario evitare l&#8217;agglomerazione dovuta all&#8217;umidit\u00e0, che influisce sulle prestazioni di dispersione e sull&#8217;effetto d&#8217;uso. \u00c8 inoltre necessario evitare pressioni eccessive e il contatto con ossidanti. Deve essere trasportato come merce ordinaria.<\/p>\n<h2><span style=\"font-size: 14pt;\">Perch\u00e9 scegliere noi?<\/span><\/h2>\n<p><strong>\u2022 Qualit\u00e0 affidabile<\/strong><br \/>\n: un sistema completo di controllo della qualit\u00e0 garantisce prestazioni stabili e costanti.<\/p>\n<p><strong>\u2022 Servizio professionale<\/strong><br \/>\n: assistenza dedicata pre-vendita e post-vendita per una collaborazione fluida.<\/p>\n<p><strong>\u2022 Personalizzazione disponibile<\/strong><br \/>\n: composizione, dimensioni e specifiche possono essere adattate alle vostre esigenze.<\/p>\n<p><strong>\u2022 Consegna rapida<\/strong><br \/>\n: produzione efficiente e spedizione puntuale garantite.<\/p>\n<h2><span style=\"font-size: 14pt;\">Prodotti correlati<\/span><\/h2>\n<p><span style=\"color: #0000ff;\"><a style=\"color: #0000ff;\" href=\"https:\/\/vimaterial.de\/it\/product\/silicio\/\">Target di sputtering al silicio<\/a><\/span><\/p>\n<p><span style=\"color: #0000ff;\"><a style=\"color: #0000ff;\" href=\"https:\/\/vimaterial.de\/it\/product\/silicio-4\/\">Granuli di silicio<\/a><\/span><\/p>\n<p><span style=\"color: #0000ff;\"><a style=\"color: #0000ff;\" href=\"https:\/\/vimaterial.de\/it\/product\/biossido-di-silicio-3\/\">Polvere di silice<\/a><\/span><\/p>\n<p><span style=\"color: #0000ff;\"><a style=\"color: #0000ff;\" href=\"https:\/\/vimaterial.de\/it\/product\/biossido-di-silicio-4\/\">Target di sputtering alla silice<\/a><\/span><\/p>\n","protected":false},"excerpt":{"rendered":"<p>La polvere di silicio \u00e8 composta principalmente dall&#8217;elemento silicio, ha un alto punto di fusione, un&#8217;elevata durezza e una buona stabilit\u00e0 chimica ed \u00e8 un importante materiale inorganico non metallico. La polvere di silicio \u00e8 un materiale semiconduttore optoelettronico di nuova generazione, con un semiconduttore ad ampio gap energetico, ed \u00e8 anche un materiale per [&hellip;]<\/p>\n","protected":false},"featured_media":999651,"comment_status":"open","ping_status":"closed","template":"","meta":{"_acf_changed":false},"product_brand":[],"product_cat":[212],"product_tag":[],"class_list":{"0":"post-1049588","1":"product","2":"type-product","3":"status-publish","4":"has-post-thumbnail","6":"product_cat-polvere-di-metallo-puro-e-leghe","8":"first","9":"instock","10":"shipping-taxable","11":"purchasable","12":"product-type-variable"},"acf":[],"_links":{"self":[{"href":"https:\/\/vimaterial.de\/it\/wp-json\/wp\/v2\/product\/1049588","targetHints":{"allow":["GET"]}}],"collection":[{"href":"https:\/\/vimaterial.de\/it\/wp-json\/wp\/v2\/product"}],"about":[{"href":"https:\/\/vimaterial.de\/it\/wp-json\/wp\/v2\/types\/product"}],"replies":[{"embeddable":true,"href":"https:\/\/vimaterial.de\/it\/wp-json\/wp\/v2\/comments?post=1049588"}],"wp:featuredmedia":[{"embeddable":true,"href":"https:\/\/vimaterial.de\/it\/wp-json\/wp\/v2\/media\/999651"}],"wp:attachment":[{"href":"https:\/\/vimaterial.de\/it\/wp-json\/wp\/v2\/media?parent=1049588"}],"wp:term":[{"taxonomy":"product_brand","embeddable":true,"href":"https:\/\/vimaterial.de\/it\/wp-json\/wp\/v2\/product_brand?post=1049588"},{"taxonomy":"product_cat","embeddable":true,"href":"https:\/\/vimaterial.de\/it\/wp-json\/wp\/v2\/product_cat?post=1049588"},{"taxonomy":"product_tag","embeddable":true,"href":"https:\/\/vimaterial.de\/it\/wp-json\/wp\/v2\/product_tag?post=1049588"}],"curies":[{"name":"wp","href":"https:\/\/api.w.org\/{rel}","templated":true}]}}