{"id":1049550,"date":"2024-06-17T14:12:44","date_gmt":"2024-06-17T06:12:44","guid":{"rendered":"https:\/\/vimaterial.de\/product\/carburo-di-silicio-2\/"},"modified":"2024-06-17T14:12:44","modified_gmt":"2024-06-17T06:12:44","slug":"carburo-di-silicio-2","status":"publish","type":"product","link":"https:\/\/vimaterial.de\/it\/product\/carburo-di-silicio-2\/","title":{"rendered":"Carburo di silicio"},"content":{"rendered":"<p>La polvere <span style=\"color: #0000ff;\"><a style=\"color: #0000ff;\" href=\"https:\/\/vimaterial.de\/it\/search\/?type=element&#038;keyword=SIC\">di carburo di silicio<\/a><\/span><br \/>\n\u00e8 un composto formato da elementi di carbonio e silicio legati da forti legami covalenti. Questo materiale esiste in natura sotto forma di minerale raro chiamato moissanite, ma \u00e8 pi\u00f9 spesso ottenuto attraverso la sintesi artificiale. Il carburo di silicio ha una variet\u00e0 di strutture cristalline, tra cui \u03b1-SiC (sistema esagonale) e \u03b2-SiC (sistema cubico) sono le pi\u00f9 comuni.<\/p>\n<p>VIMATERIAL \u00e8 specializzata nella produzione di polvere di carburo di silicio ad alta purezza, polvere di carburo di silicio nano, granuli di carburo di silicio e bersagli di carburo di silicio. Se ne avete bisogno, <span style=\"color: #0000ff;\"><a style=\"color: #0000ff;\" href=\"https:\/\/vimaterial.de\/it\/contatto\/\">contattateci<\/a><\/span><br \/>\n.<\/p>\n<h2><span style=\"font-size: 14pt;\">Prestazioni<\/span><\/h2>\n<p>Stabilit\u00e0 alle alte temperature: il SiC ha un&#8217;eccellente stabilit\u00e0 alle alte temperature e pu\u00f2 mantenere la stabilit\u00e0 strutturale a temperature fino a 2000 \u00b0C senza fondersi.<\/p>\n<p>Resistenza alla corrosione: il SiC ha una buona resistenza alla corrosione da parte di una variet\u00e0 di agenti chimici, tra cui acidi, alcali, sali, ecc.<\/p>\n<p>Elevata durezza e resistenza all&#8217;usura: il SiC ha una durezza seconda solo al diamante e un&#8217;elevata resistenza all&#8217;usura, che lo rendono un materiale ideale per abrasivi e utensili da taglio.<\/p>\n<p>Elevata conducibilit\u00e0 termica: la conducibilit\u00e0 termica del SiC \u00e8 molto superiore a quella del silicio, superando persino quella di alcuni materiali metallici, in modo da poter mantenere eccellenti prestazioni di dissipazione del calore in ambienti ad alta temperatura.<\/p>\n<p>Struttura a banda larga: la larghezza della banda proibita del SiC \u00e8 maggiore di quella del silicio e pu\u00f2 sopportare tensioni e temperature pi\u00f9 elevate, rendendolo potenzialmente utile nell&#8217;elettronica di potenza e nei dispositivi optoelettronici.<\/p>\n<h2><span style=\"font-size: 14pt;\">Applicazioni della polvere di carburo di silicio<\/span><\/h2>\n<p>Elettronica di potenza: la polvere di carburo di silicio \u00e8 ampiamente utilizzata nei componenti elettronici di potenza come i dispositivi di potenza e gli IGBT. Supporta applicazioni ad alta tensione e alta corrente ed \u00e8 comunemente utilizzata in apparecchiature a risparmio energetico come i condizionatori d&#8217;aria a frequenza variabile.<\/p>\n<p>Industria dei semiconduttori: come materiale semiconduttore avanzato, la polvere di carburo di silicio \u00e8 utilizzata nei chip LED, nei pannelli solari e in altri dispositivi elettronici. La sua resistenza alle alte temperature e l&#8217;elevata mobilit\u00e0 degli elettroni lo rendono superiore ai materiali tradizionali.<\/p>\n<p>Industria meccanica: la polvere di carburo di silicio viene utilizzata per produrre parti meccaniche ad alta resistenza e resistenti all&#8217;usura. Le ceramiche in SiC offrono eccellente durezza, conducibilit\u00e0 termica e durata, rendendole adatte per l&#8217;industria siderurgica e chimica.<\/p>\n<p>Altre industrie: la polvere di carburo di silicio viene applicata anche in ambienti petrolchimici, nucleari, aerospaziali e altri ambienti difficili grazie alla sua capacit\u00e0 di resistere ad alte temperature e pressioni elevate.<\/p>\n<h2><span style=\"font-size: 14pt;\">Perch\u00e9 scegliere noi?<\/span><\/h2>\n<p>\u2022 Qualit\u00e0 affidabile: un sistema completo di controllo qualit\u00e0 garantisce prestazioni stabili e costanti.<\/p>\n<p>\u2022 Servizio professionale: assistenza dedicata pre-vendita e post-vendita per una collaborazione fluida.<\/p>\n<p>\u2022 Personalizzazione disponibile: composizione, dimensioni e specifiche possono essere adattate alle vostre esigenze.<\/p>\n<p>\u2022 Consegna rapida: produzione efficiente e spedizione puntuale garantite.<\/p>\n<h2><span style=\"font-size: 14pt;\">Prodotti correlati<\/span><\/h2>\n<p><span style=\"color: #0000ff;\"><a style=\"color: #0000ff;\" href=\"https:\/\/vimaterial.de\/it\/product\/silicio-3\/\">Polvere di silicio<\/a><\/span><\/p>\n<p><span style=\"color: #0000ff;\"><a style=\"color: #0000ff;\" href=\"https:\/\/vimaterial.de\/it\/product\/biossido-di-silicio-3\/\">Polvere di biossido di silicio<\/a><\/span><\/p>\n<p><span style=\"color: #0000ff;\"><a style=\"color: #0000ff;\" href=\"https:\/\/vimaterial.de\/it\/search\/?type=element&#038;keyword=SI3n4\">Polvere di nitruro di silicio<\/a><\/span><\/p>\n<p><span style=\"color: #0000ff;\"><a style=\"color: #0000ff;\" href=\"https:\/\/vimaterial.de\/it\/product\/carburo-di-silicio-3\/\">Bersaglio di sputtering in carburo di silicio<\/a><\/span><\/p>\n","protected":false},"excerpt":{"rendered":"<p>La polvere di carburo di silicio \u00e8 un composto formato da elementi di carbonio e silicio legati da forti legami covalenti. Questo materiale esiste in natura sotto forma di minerale raro chiamato moissanite, ma \u00e8 pi\u00f9 spesso ottenuto attraverso la sintesi artificiale. Il carburo di silicio ha una variet\u00e0 di strutture cristalline, tra cui \u03b1-SiC [&hellip;]<\/p>\n","protected":false},"featured_media":999798,"comment_status":"open","ping_status":"closed","template":"","meta":{"_acf_changed":false},"product_brand":[],"product_cat":[202],"product_tag":[],"class_list":{"0":"post-1049550","1":"product","2":"type-product","3":"status-publish","4":"has-post-thumbnail","6":"product_cat-materiali-c-n-b-si","8":"first","9":"instock","10":"shipping-taxable","11":"purchasable","12":"product-type-variable"},"acf":[],"_links":{"self":[{"href":"https:\/\/vimaterial.de\/it\/wp-json\/wp\/v2\/product\/1049550","targetHints":{"allow":["GET"]}}],"collection":[{"href":"https:\/\/vimaterial.de\/it\/wp-json\/wp\/v2\/product"}],"about":[{"href":"https:\/\/vimaterial.de\/it\/wp-json\/wp\/v2\/types\/product"}],"replies":[{"embeddable":true,"href":"https:\/\/vimaterial.de\/it\/wp-json\/wp\/v2\/comments?post=1049550"}],"wp:featuredmedia":[{"embeddable":true,"href":"https:\/\/vimaterial.de\/it\/wp-json\/wp\/v2\/media\/999798"}],"wp:attachment":[{"href":"https:\/\/vimaterial.de\/it\/wp-json\/wp\/v2\/media?parent=1049550"}],"wp:term":[{"taxonomy":"product_brand","embeddable":true,"href":"https:\/\/vimaterial.de\/it\/wp-json\/wp\/v2\/product_brand?post=1049550"},{"taxonomy":"product_cat","embeddable":true,"href":"https:\/\/vimaterial.de\/it\/wp-json\/wp\/v2\/product_cat?post=1049550"},{"taxonomy":"product_tag","embeddable":true,"href":"https:\/\/vimaterial.de\/it\/wp-json\/wp\/v2\/product_tag?post=1049550"}],"curies":[{"name":"wp","href":"https:\/\/api.w.org\/{rel}","templated":true}]}}