{"id":1049171,"date":"2024-06-17T15:22:54","date_gmt":"2024-06-17T07:22:54","guid":{"rendered":"https:\/\/vimaterial.de\/product\/ossido-di-zirconio-4\/"},"modified":"2024-06-17T15:22:54","modified_gmt":"2024-06-17T07:22:54","slug":"ossido-di-zirconio-4","status":"publish","type":"product","link":"https:\/\/vimaterial.de\/it\/product\/ossido-di-zirconio-4\/","title":{"rendered":"Ossido di zirconio"},"content":{"rendered":"<p>I granuli <span style=\"color: #0000ff;\"><a style=\"color: #0000ff;\" href=\"https:\/\/vimaterial.de\/it\/search\/?type=element&#038;keyword=ZRO2\">di ossido di zirconio<\/a><\/span><br \/>\nsono un tipo di materiale inorganico con formula chimica ZrO\u2082 e aspetto di granuli bianchi o neri, che presenta propriet\u00e0 fisiche e chimiche quali alto punto di fusione, elevata durezza, buona stabilit\u00e0 chimica, bassa conducibilit\u00e0 termica, buona biocompatibilit\u00e0, ecc. Ha importanti applicazioni nei settori della ceramica, dell&#8217;elettronica, dei refrattari, dei rivestimenti, della biomedicina e in altri campi.<\/p>\n<p>VIMATERIAL offre granuli di ossido di zirconio ad alta purezza, disponibili in varie dimensioni su richiesta. <span style=\"color: #0000ff;\"><a style=\"color: #0000ff;\" href=\"https:\/\/vimaterial.de\/it\/contatto\/\">Contattateci<\/a><\/span><br \/>\nper ulteriori informazioni.<\/p>\n<h2><span style=\"font-size: 14pt;\">Caratteristiche<\/span><\/h2>\n<p>Formula chimica: ZrO2<\/p>\n<p>Peso molecolare: 123,22 g\/mol<\/p>\n<p>N. CAS: 1314-23-4<\/p>\n<p>Aspetto: granuli bianchi o neri<\/p>\n<p>Elevato punto di fusione e durezza: con un punto di fusione di circa 2700 \u00b0C e un&#8217;elevata durezza, la zirconia offre un&#8217;eccellente stabilit\u00e0 alle alte temperature e resistenza all&#8217;usura.<\/p>\n<p>Stabilit\u00e0 chimica: resistente alla maggior parte degli acidi, degli alcali e dei solventi organici, \u00e8 adatta ad ambienti chimici aggressivi.<\/p>\n<p>Bassa conducibilit\u00e0 termica: fornisce un efficace isolamento termico per applicazioni ad alta temperatura.<\/p>\n<p>Buona biocompatibilit\u00e0: non tossico e compatibile con i tessuti, ideale per usi dentali e ortopedici.<\/p>\n<h2><span style=\"font-size: 14pt;\">Applicazioni dei granuli di ossido di zirconio<\/span><\/h2>\n<p>Industria ceramica: migliora la resistenza, la tenacit\u00e0 e la resistenza all&#8217;usura della ceramica, ampiamente utilizzata in coltelli, cuscinetti e valvole in ceramica.<\/p>\n<p>Materiali elettronici: applicato nella ceramica elettronica, nei condensatori e nei termistori grazie alla sua elevata costante dielettrica e alla bassa perdita.<\/p>\n<p>Materiali refrattari: migliora la resistenza alle alte temperature e alla corrosione per i rivestimenti dei forni e i mattoni refrattari.<\/p>\n<p>Rivestimenti: aumenta la durezza, la resistenza all&#8217;usura, la resistenza alla corrosione e l&#8217;isolamento termico per rivestimenti ad alte prestazioni.<\/p>\n<p>Settore biomedico: utilizzato nei restauri dentali e negli impianti ortopedici grazie alla sua eccellente biocompatibilit\u00e0 e alle sue propriet\u00e0 meccaniche.<\/p>\n<h2><span style=\"font-size: 14pt;\">Imballaggio e conservazione<\/span><\/h2>\n<p>I granuli di zirconia sono confezionati in imballaggi sigillati e resistenti all&#8217;umidit\u00e0, tipicamente utilizzando sacchetti di plastica antistatici a doppio strato o sacchetti di alluminio sigillati sottovuoto e collocati in cartoni o fusti robusti per prevenire l&#8217;umidit\u00e0, la contaminazione e i danni meccanici durante il trasporto.<\/p>\n<p>Conservare in un ambiente fresco, asciutto e ben ventilato, evitando l&#8217;umidit\u00e0 e la luce solare diretta. Tenere lontano da sostanze corrosive come acidi e alcali e mantenere il contenitore sigillato per garantire la stabilit\u00e0 delle prestazioni del prodotto.<\/p>\n","protected":false},"excerpt":{"rendered":"<p>I granuli di ossido di zirconio sono un tipo di materiale inorganico con formula chimica ZrO\u2082 e aspetto di granuli bianchi o neri, che presenta propriet\u00e0 fisiche e chimiche quali alto punto di fusione, elevata durezza, buona stabilit\u00e0 chimica, bassa conducibilit\u00e0 termica, buona biocompatibilit\u00e0, ecc. Ha importanti applicazioni nei settori della ceramica, dell&#8217;elettronica, dei refrattari, [&hellip;]<\/p>\n","protected":false},"featured_media":1031540,"comment_status":"open","ping_status":"closed","template":"","meta":{"_acf_changed":false},"product_brand":[],"product_cat":[198],"product_tag":[],"class_list":{"0":"post-1049171","1":"product","2":"type-product","3":"status-publish","4":"has-post-thumbnail","6":"product_cat-materiali-per-levaporazione","8":"first","9":"instock","10":"shipping-taxable","11":"purchasable","12":"product-type-variable"},"acf":[],"_links":{"self":[{"href":"https:\/\/vimaterial.de\/it\/wp-json\/wp\/v2\/product\/1049171","targetHints":{"allow":["GET"]}}],"collection":[{"href":"https:\/\/vimaterial.de\/it\/wp-json\/wp\/v2\/product"}],"about":[{"href":"https:\/\/vimaterial.de\/it\/wp-json\/wp\/v2\/types\/product"}],"replies":[{"embeddable":true,"href":"https:\/\/vimaterial.de\/it\/wp-json\/wp\/v2\/comments?post=1049171"}],"wp:featuredmedia":[{"embeddable":true,"href":"https:\/\/vimaterial.de\/it\/wp-json\/wp\/v2\/media\/1031540"}],"wp:attachment":[{"href":"https:\/\/vimaterial.de\/it\/wp-json\/wp\/v2\/media?parent=1049171"}],"wp:term":[{"taxonomy":"product_brand","embeddable":true,"href":"https:\/\/vimaterial.de\/it\/wp-json\/wp\/v2\/product_brand?post=1049171"},{"taxonomy":"product_cat","embeddable":true,"href":"https:\/\/vimaterial.de\/it\/wp-json\/wp\/v2\/product_cat?post=1049171"},{"taxonomy":"product_tag","embeddable":true,"href":"https:\/\/vimaterial.de\/it\/wp-json\/wp\/v2\/product_tag?post=1049171"}],"curies":[{"name":"wp","href":"https:\/\/api.w.org\/{rel}","templated":true}]}}