{"id":1049124,"date":"2024-06-17T15:22:55","date_gmt":"2024-06-17T07:22:55","guid":{"rendered":"https:\/\/vimaterial.de\/product\/ossido-di-zirconio\/"},"modified":"2024-06-17T15:22:55","modified_gmt":"2024-06-17T07:22:55","slug":"ossido-di-zirconio","status":"publish","type":"product","link":"https:\/\/vimaterial.de\/it\/product\/ossido-di-zirconio\/","title":{"rendered":"Ossido di zirconio"},"content":{"rendered":"<h2><span style=\"font-size: 14pt;\">Introduzione alla polvere di ossido di zirconio<\/span><\/h2>\n<p>La polvere<br \/>\n<strong><a href=\"https:\/\/vimaterial.de\/it\/search\/?type=element&#038;keyword=Zr%2CO\"><span style=\"color: #0000ff;\">di ossido di zirconio<\/span><\/a><\/strong><br \/>\n\u00e8 una polvere inorganica non metallica bianca e inodore con un alto punto di fusione, elevata durezza, buona stabilit\u00e0 chimica, buona biocompatibilit\u00e0, ecc. \u00c8 ampiamente utilizzata in ceramica, elettronica, ottica, refrattari, biomedicina e altri campi.<\/p>\n<p><span style=\"color: #0000ff;\"><a style=\"color: #0000ff;\" href=\"https:\/\/vimaterial.de\/it\/su-di-noi\/\">VIMATERIAL<\/a><\/span><br \/>\nfornisce <strong>polvere di ossido di zirconio di alta qualit\u00e0<\/strong><br \/>\nper soddisfare gli standard pi\u00f9 esigenti.<\/p>\n<h2><span style=\"font-size: 14pt;\">Specifiche tecniche della polvere di ossido di zirconio<\/span><\/h2>\n<table style=\"border-collapse: collapse; width: 50.258%; height: 192px;\">\n<tbody>\n<tr style=\"height: 24px;\">\n<td style=\"width: 14.9876%; height: 24px;\"><strong>Propriet\u00e0<\/strong><\/td>\n<td style=\"width: 33.0868%; height: 24px;\"><strong>Specifiche<\/strong><\/td>\n<\/tr>\n<tr style=\"height: 24px;\">\n<td style=\"width: 14.9876%; height: 24px;\">Formula chimica<\/td>\n<td style=\"width: 33.0868%; height: 24px;\">ZrO\u2082<\/td>\n<\/tr>\n<tr style=\"height: 24px;\">\n<td style=\"width: 14.9876%; height: 24px;\">Peso molecolare<\/td>\n<td style=\"width: 33.0868%; height: 24px;\">123,22 g\/mol<\/td>\n<\/tr>\n<tr style=\"height: 24px;\">\n<td style=\"width: 14.9876%; height: 24px;\">Aspetto<\/td>\n<td style=\"width: 33.0868%; height: 24px;\">polvere bianca<\/td>\n<\/tr>\n<tr style=\"height: 24px;\">\n<td style=\"width: 14.9876%; height: 24px;\">Punto di fusione<\/td>\n<td style=\"width: 33.0868%; height: 24px;\">~2715\u2103<\/td>\n<\/tr>\n<tr style=\"height: 24px;\">\n<td style=\"width: 14.9876%; height: 24px;\">Punto di ebollizione<\/td>\n<td style=\"width: 33.0868%; height: 24px;\">4300\u2103<\/td>\n<\/tr>\n<tr style=\"height: 24px;\">\n<td style=\"width: 14.9876%; height: 24px;\">Densit\u00e0<\/td>\n<td style=\"width: 33.0868%; height: 24px;\">~5,68 g\/cm\u00b3<\/td>\n<\/tr>\n<tr style=\"height: 24px;\">\n<td style=\"width: 14.9876%; height: 24px;\">Solubilit\u00e0<\/td>\n<td style=\"width: 33.0868%; height: 24px;\">insolubile in acqua e alcool, leggermente solubile in acido<\/td>\n<\/tr>\n<\/tbody>\n<\/table>\n<h2><span style=\"font-size: 14pt;\">Perch\u00e9 scegliere noi?<\/span><\/h2>\n<p><strong>Elevata purezza<\/strong><br \/>\n: la nostra polvere di ossido di zirconio offre una purezza tipica \u226599,9%, garantendo prestazioni superiori in applicazioni avanzate nel campo della ceramica, dell&#8217;elettronica e della biomedicina.<\/p>\n<p><strong>Eccellente stabilit\u00e0 termica<\/strong><br \/>\n: l&#8217;ossido di zirconio mantiene una stabilit\u00e0 eccezionale alle alte temperature, rendendolo ideale per l&#8217;uso in rivestimenti termici, materiali refrattari e ceramiche ad alte prestazioni.<\/p>\n<p><strong>Propriet\u00e0 meccaniche superiori<\/strong><br \/>\n: con eccezionale durezza, resistenza all&#8217;usura e resistenza alla frattura, la polvere di ossido di zirconio \u00e8 ampiamente utilizzata in utensili da taglio, ceramiche strutturali e materiali dentali.<\/p>\n<p><strong>Specifiche personalizzabili<\/strong><br \/>\n: forniamo dimensioni delle particelle personalizzabili, fasi (monoclinica, tetragonale o stabilizzata) e soluzioni di confezionamento su misura per soddisfare le vostre esigenze specifiche.<\/p>\n<h2><span style=\"font-size: 14pt;\">Applicazioni della polvere di ossido di zirconio<\/span><\/h2>\n<p><strong>Ceramiche avanzate<\/strong><br \/>\n: utilizzata in ceramiche strutturali, parti resistenti all&#8217;usura e componenti ad alta resistenza grazie alla sua eccellente durezza e tenacit\u00e0.<\/p>\n<p><strong>Rivestimenti termici<\/strong><br \/>\n: applicati nei motori aerospaziali e nelle turbine a gas per proteggere i componenti dal calore estremo.<\/p>\n<p><strong>Elettronica<\/strong><br \/>\n: utilizzata in condensatori, sensori di ossigeno e celle a combustibile a ossidi solidi (SOFC) grazie alla sua elevata conduttivit\u00e0 ionica.<\/p>\n<p><strong>Settore biomedico<\/strong><br \/>\n: ampiamente utilizzata nella ceramica dentale, negli impianti e nelle protesi grazie alla sua biocompatibilit\u00e0 e resistenza meccanica.<\/p>\n<p><strong>Refrattari<\/strong><br \/>\n: ideale per rivestimenti di forni, crogioli e applicazioni ad alta temperatura grazie alla sua eccellente stabilit\u00e0 termica.<\/p>\n<p><strong>Supporti catalitici<\/strong><br \/>\n: funge da materiale di supporto stabile nelle reazioni catalitiche per l&#8217;industria automobilistica e chimica.<\/p>\n<h2><span style=\"font-size: 14pt;\">Come ordinare la polvere di ossido di zirconio da VIMATERIAL?<\/span><\/h2>\n<p>Richiedi un preventivo: contattaci per ricevere un preventivo per la quantit\u00e0 e le specifiche di ossido di zirconio richieste.<\/p>\n<p>Ordina un campione: offriamo la possibilit\u00e0 di richiedere un campione per assicurarti che soddisfi le tue esigenze specifiche.<\/p>\n<p>Consegna veloce e sicura: forniamo imballaggi e consegne veloci e sicuri per garantire che l&#8217;ossido di zirconio ti arrivi in modo sicuro.<\/p>\n<h2><span style=\"font-size: 14pt;\">Prodotti correlati<\/span><\/h2>\n<p>Ecco alcuni altri materiali di alta qualit\u00e0 che potrebbero interessarvi:<\/p>\n<p><span style=\"color: #0000ff;\"><a style=\"color: #0000ff;\" href=\"https:\/\/vimaterial.de\/en\/product\/zirconium-metal-powder\/\">Zirconio metallico<\/a><\/span><\/p>\n<p><span style=\"color: #0000ff;\"><a style=\"color: #0000ff;\" href=\"https:\/\/vimaterial.de\/it\/product\/carburo-di-zirconio\/\">Carburo di zirconio<\/a><\/span><\/p>\n<p><span style=\"color: #0000ff;\"><a style=\"color: #0000ff;\" href=\"https:\/\/vimaterial.de\/it\/product\/nitruro-di-zirconio\/\">Nitruro di zirconio<\/a><\/span><\/p>\n<p><span style=\"color: #0000ff;\"><a style=\"color: #0000ff;\" href=\"https:\/\/vimaterial.de\/it\/product\/boruro-di-zirconio\/\">Diboruro di zirconio<\/a><\/span><\/p>\n<p><span style=\"color: #0000ff;\"><a style=\"color: #0000ff;\" href=\"https:\/\/vimaterial.de\/it\/product\/zirconia-stabilizzata-con-ittrio-ysz-copy\/\">Zirconia stabilizzata con ittrio<\/a><\/span><\/p>\n<h2><span style=\"font-size: 14pt;\">Domande frequenti (FAQ)<\/span><\/h2>\n<p>D1: Qual \u00e8 la purezza tipica della vostra polvere di ossido di zirconio?<br \/>\nA1: La nostra polvere di ossido di zirconio ha tipicamente una purezza \u226599,9%. Su richiesta, possiamo fornire purezze pi\u00f9 elevate e forme stabilizzate (ad esempio, YSZ).<\/p>\n<p>D2: Potete fornire diverse fasi cristalline di ZrO\u2082?<br \/>\nA2: S\u00ec. Offriamo zirconia monoclina, tetragonale e stabilizzata (ad es. zirconia stabilizzata con ittrio, YSZ) in base alle esigenze dei clienti.<\/p>\n<p>D3: Fornite particelle di dimensioni e confezioni personalizzate?<br \/>\nA3: S\u00ec. La dimensione delle particelle, la composizione della fase e la confezione possono essere personalizzate per soddisfare le esigenze specifiche dei clienti.<\/p>\n<p><span style=\"font-size: 14pt;\"><span style=\"color: #0000ff;\"><a style=\"color: #0000ff;\" href=\"https:\/\/vimaterial.de\/it\/contatto\/\"><strong>Contattateci<\/strong><\/a><\/span> oggi stesso per ulteriori informazioni.<\/span><\/p>\n","protected":false},"excerpt":{"rendered":"<p>Introduzione alla polvere di ossido di zirconio La polvere di ossido di zirconio \u00e8 una polvere inorganica non metallica bianca e inodore con un alto punto di fusione, elevata durezza, buona stabilit\u00e0 chimica, buona biocompatibilit\u00e0, ecc. \u00c8 ampiamente utilizzata in ceramica, elettronica, ottica, refrattari, biomedicina e altri campi. VIMATERIAL fornisce polvere di ossido di zirconio [&hellip;]<\/p>\n","protected":false},"featured_media":1031550,"comment_status":"open","ping_status":"closed","template":"","meta":{"_acf_changed":false},"product_brand":[],"product_cat":[205],"product_tag":[],"class_list":{"0":"post-1049124","1":"product","2":"type-product","3":"status-publish","4":"has-post-thumbnail","6":"product_cat-materiali-ossidi-idrossidi","8":"first","9":"instock","10":"shipping-taxable","11":"purchasable","12":"product-type-variable"},"acf":[],"_links":{"self":[{"href":"https:\/\/vimaterial.de\/it\/wp-json\/wp\/v2\/product\/1049124","targetHints":{"allow":["GET"]}}],"collection":[{"href":"https:\/\/vimaterial.de\/it\/wp-json\/wp\/v2\/product"}],"about":[{"href":"https:\/\/vimaterial.de\/it\/wp-json\/wp\/v2\/types\/product"}],"replies":[{"embeddable":true,"href":"https:\/\/vimaterial.de\/it\/wp-json\/wp\/v2\/comments?post=1049124"}],"wp:featuredmedia":[{"embeddable":true,"href":"https:\/\/vimaterial.de\/it\/wp-json\/wp\/v2\/media\/1031550"}],"wp:attachment":[{"href":"https:\/\/vimaterial.de\/it\/wp-json\/wp\/v2\/media?parent=1049124"}],"wp:term":[{"taxonomy":"product_brand","embeddable":true,"href":"https:\/\/vimaterial.de\/it\/wp-json\/wp\/v2\/product_brand?post=1049124"},{"taxonomy":"product_cat","embeddable":true,"href":"https:\/\/vimaterial.de\/it\/wp-json\/wp\/v2\/product_cat?post=1049124"},{"taxonomy":"product_tag","embeddable":true,"href":"https:\/\/vimaterial.de\/it\/wp-json\/wp\/v2\/product_tag?post=1049124"}],"curies":[{"name":"wp","href":"https:\/\/api.w.org\/{rel}","templated":true}]}}