{"id":1048938,"date":"2024-06-17T15:53:32","date_gmt":"2024-06-17T07:53:32","guid":{"rendered":"https:\/\/vimaterial.de\/product\/iridio-metallico\/"},"modified":"2024-06-17T15:53:32","modified_gmt":"2024-06-17T07:53:32","slug":"iridio-metallico","status":"publish","type":"product","link":"https:\/\/vimaterial.de\/it\/product\/iridio-metallico\/","title":{"rendered":"Iridio metallico"},"content":{"rendered":"<p>Il bersaglio di sputtering all&#8217;iridio \u00e8 un metallo iridio come componente principale, utilizzato nella sputtering magnetronica e in altre tecnologie di rivestimento, pu\u00f2 essere utilizzato nei settori dei semiconduttori, dell&#8217;ottica, dell&#8217;elettronica e in molti altri campi per preparare film sottili ad alte prestazioni dei materiali chiave.<\/p>\n<p>VIMATERIAL offre bersagli di sputtering <span style=\"color: #0000ff;\"><a style=\"color: #0000ff;\" href=\"https:\/\/vimaterial.de\/it\/search\/?type=element&#038;keyword=ir\">in metallo iridio<\/a><\/span><br \/>\nad alta purezza, che possono essere personalizzati in diverse dimensioni per soddisfare le vostre esigenze. <span style=\"color: #0000ff;\"><a style=\"color: #0000ff;\" href=\"https:\/\/vimaterial.de\/it\/contatto\/\">Contattateci<\/a><\/span><br \/>\nper ulteriori informazioni.<\/p>\n<h2><span style=\"font-size: 14pt;\">Caratteristiche<\/span><\/h2>\n<p>Densit\u00e0: 22,65 g\/cm\u00b3.<\/p>\n<p>Punto di fusione: 2450 \u00b0C.<\/p>\n<p>Durezza: maggiore durezza e maggiore fragilit\u00e0 a temperatura ambiente, ma la fragilit\u00e0 si trasforma in tenacit\u00e0 a temperature pi\u00f9 elevate.<\/p>\n<p>Conducibilit\u00e0 elettrica: 4,71 \u03a9\/m.<\/p>\n<p>Inerzia chimica: il metallo iridio ha una forte inerzia chimica, resistenza alla corrosione e resistenza all&#8217;ossidazione.<\/p>\n<p>Propriet\u00e0 della struttura cristallina: l&#8217;iridio \u00e8 una struttura cubica centrata con il gruppo spaziale cubico fm-3m (numero del gruppo spaziale: 225) e i parametri della cella a=b=c=3,8312, \u03b1=\u03b2=\u03b3=90\u00b0.<\/p>\n<h2><span style=\"font-size: 14pt;\">Applicazioni del bersaglio di sputtering in iridio<\/span><\/h2>\n<p>Settore dei semiconduttori: i bersagli di sputtering in iridio sono utilizzati nella produzione di semiconduttori per interconnessioni metalliche, strati barriera e incapsulamento di dispositivi. Il loro elevato punto di fusione, la durezza, la conduttivit\u00e0 e la stabilit\u00e0 chimica garantiscono le prestazioni dei chip, impediscono la diffusione degli ioni metallici e migliorano la tenuta, la resistenza al calore e l&#8217;affidabilit\u00e0 dei dispositivi.<\/p>\n<p>Settore ottico: i target in iridio sono utilizzati per preparare pellicole ottiche come pellicole antiriflesso, altamente riflettenti e filtranti, nonch\u00e9 strati conduttivi trasparenti in LCD e OLED. La stabilit\u00e0 ottica, l&#8217;elevata riflettivit\u00e0 e la conduttivit\u00e0 dell&#8217;iridio migliorano le prestazioni delle apparecchiature, la luminosit\u00e0 del display, il contrasto e la velocit\u00e0 di risposta.<\/p>\n<p>Settore delle nuove energie: nelle celle solari e nelle celle a combustibile, i target di sputtering in iridio sono utilizzati per elettrodi, strati riflettenti e strati catalitici. La loro elevata conduttivit\u00e0, resistenza alla corrosione e attivit\u00e0 catalitica migliorano l&#8217;efficienza di conversione energetica, riducono la resistenza e prolungano la durata dei dispositivi.<\/p>\n<p>Settore aerospaziale: i target di iridio sono utilizzati per produrre rivestimenti resistenti alle alte temperature e alla corrosione per apparecchiature aerospaziali e componenti di motori aeronautici. Questi rivestimenti migliorano la tolleranza alla temperatura, la resistenza all&#8217;usura e l&#8217;affidabilit\u00e0 dei componenti, prolungandone la durata in condizioni estreme.<\/p>\n<p>Settore biomedico: i target di iridio possono rivestire dispositivi medici come protesi articolari e pacemaker, dove la loro biocompatibilit\u00e0 e resistenza alla corrosione migliorano la sicurezza e la durata.<\/p>\n<p>Settore decorativo: la lucentezza metallica e la stabilit\u00e0 chimica dell&#8217;iridio lo rendono ideale per decorazioni di alta gamma, gioielli e orologi, fornendo rivestimenti durevoli e di alta qualit\u00e0.<\/p>\n<h2><span style=\"font-size: 14pt;\">Imballaggio e conservazione<\/span><\/h2>\n<p>I target di sputtering in iridio sono tipicamente confezionati in sacchetti di plastica sigillati sottovuoto o antistatici con materiali di imbottitura come schiuma o spugna per evitare urti e graffi durante il trasporto. L&#8217;imballaggio esterno deve essere chiaramente etichettato con il nome del prodotto, le specifiche, il numero di lotto e le istruzioni di manipolazione per un trasporto e un&#8217;ispezione adeguati.<\/p>\n<p>I target di sputtering in iridio devono essere conservati in un magazzino asciutto, fresco e ben ventilato, lontano dalla luce solare diretta, dalle alte temperature e dall&#8217;umidit\u00e0. Devono essere tenuti lontani da acidi, basi e altre sostanze chimiche corrosive, con l&#8217;imballaggio intatto per evitare polvere o contaminazione, garantendo prestazioni stabili.<\/p>\n","protected":false},"excerpt":{"rendered":"<p>Il bersaglio di sputtering all&#8217;iridio \u00e8 un metallo iridio come componente principale, utilizzato nella sputtering magnetronica e in altre tecnologie di rivestimento, pu\u00f2 essere utilizzato nei settori dei semiconduttori, dell&#8217;ottica, dell&#8217;elettronica e in molti altri campi per preparare film sottili ad alte prestazioni dei materiali chiave. VIMATERIAL offre bersagli di sputtering in metallo iridio ad [&hellip;]<\/p>\n","protected":false},"featured_media":1033381,"comment_status":"open","ping_status":"closed","template":"","meta":{"_acf_changed":false},"product_brand":[],"product_cat":[197],"product_tag":[],"class_list":{"0":"post-1048938","1":"product","2":"type-product","3":"status-publish","4":"has-post-thumbnail","6":"product_cat-obiettivi-di-sputtering-planari","8":"first","9":"instock","10":"shipping-taxable","11":"product-type-variable"},"acf":[],"_links":{"self":[{"href":"https:\/\/vimaterial.de\/it\/wp-json\/wp\/v2\/product\/1048938","targetHints":{"allow":["GET"]}}],"collection":[{"href":"https:\/\/vimaterial.de\/it\/wp-json\/wp\/v2\/product"}],"about":[{"href":"https:\/\/vimaterial.de\/it\/wp-json\/wp\/v2\/types\/product"}],"replies":[{"embeddable":true,"href":"https:\/\/vimaterial.de\/it\/wp-json\/wp\/v2\/comments?post=1048938"}],"wp:featuredmedia":[{"embeddable":true,"href":"https:\/\/vimaterial.de\/it\/wp-json\/wp\/v2\/media\/1033381"}],"wp:attachment":[{"href":"https:\/\/vimaterial.de\/it\/wp-json\/wp\/v2\/media?parent=1048938"}],"wp:term":[{"taxonomy":"product_brand","embeddable":true,"href":"https:\/\/vimaterial.de\/it\/wp-json\/wp\/v2\/product_brand?post=1048938"},{"taxonomy":"product_cat","embeddable":true,"href":"https:\/\/vimaterial.de\/it\/wp-json\/wp\/v2\/product_cat?post=1048938"},{"taxonomy":"product_tag","embeddable":true,"href":"https:\/\/vimaterial.de\/it\/wp-json\/wp\/v2\/product_tag?post=1048938"}],"curies":[{"name":"wp","href":"https:\/\/api.w.org\/{rel}","templated":true}]}}