{"id":1048911,"date":"2024-06-17T16:08:35","date_gmt":"2024-06-17T08:08:35","guid":{"rendered":"https:\/\/vimaterial.de\/product\/samario-metallico\/"},"modified":"2024-06-17T16:08:35","modified_gmt":"2024-06-17T08:08:35","slug":"samario-metallico","status":"publish","type":"product","link":"https:\/\/vimaterial.de\/it\/product\/samario-metallico\/","title":{"rendered":"Samario metallico"},"content":{"rendered":"<p>La polvere <span style=\"color: #0000ff;\"><a style=\"color: #0000ff;\" href=\"https:\/\/vimaterial.de\/it\/search\/?type=element&#038;keyword=sm\">metallica di samario<\/a><\/span><br \/>\n\u00e8 una forma dell&#8217;elemento samario, che fa parte degli elementi delle terre rare. Ha un numero atomico di 62 e si trova nella serie dei lantanidi della tavola periodica.<\/p>\n<p>VIMATERIAL offre polvere di samario ad alta purezza e pu\u00f2 personalizzare diverse dimensioni delle particelle per soddisfare le vostre esigenze. <span style=\"color: #0000ff;\"><a style=\"color: #0000ff;\" href=\"https:\/\/vimaterial.de\/it\/contatto\/\">Contattateci<\/a><\/span><br \/>\nper ulteriori informazioni.<\/p>\n<h2><span style=\"font-size: 14pt;\">Informazioni di base<\/span><\/h2>\n<p>Aspetto: polvere grigio-nera<\/p>\n<p>Densit\u00e0: 7,52 g\/cm\u00b3<\/p>\n<p>Punti di fusione: 1072 \u00b0C<\/p>\n<p>Punti di ebollizione: 1794 \u00b0C<\/p>\n<p>Propriet\u00e0 magnetiche: il samario \u00e8 un materiale magnetico, altamente magnetico a basse temperature.<\/p>\n<p>Propriet\u00e0 elettriche: la polvere di samario ha una buona conduttivit\u00e0 elettrica, che \u00e8 una propriet\u00e0 intrinseca del metallo samario.<\/p>\n<h2><span style=\"font-size: 14pt;\">Applicazioni della polvere di samario<\/span><\/h2>\n<p>Materiali magnetici permanenti: il metallo samario \u00e8 il componente chiave nella produzione di materiali magnetici permanenti ad alte prestazioni come SmCo\u2085 e Sm\u2082Co\u2081\u2087. Questi materiali magnetici permanenti sono ampiamente utilizzati in dispositivi elettronici come motori, generatori, altoparlanti, unit\u00e0 disco rigido, ecc. Sono in grado di fornire campi magnetici efficienti e stabili.<\/p>\n<p>Materiali luminescenti: il samario \u00e8 utilizzato per preparare materiali luminescenti come i fosfori. Sotto l&#8217;eccitazione dei raggi ultravioletti o dei fasci di elettroni, i fosfori contenenti samario possono emettere luce di specifiche lunghezze d&#8217;onda, che viene utilizzata nei campi dell&#8217;illuminazione e della visualizzazione.<\/p>\n<p>Energia nucleare: nei reattori nucleari, il samario pu\u00f2 essere utilizzato come assorbitore di neutroni per controllare la velocit\u00e0 della reazione nucleare e garantire il funzionamento sicuro del reattore nucleare.<\/p>\n<p>Campo dei catalizzatori: la polvere metallica di samario pu\u00f2 anche essere utilizzata come catalizzatore o precursore di catalizzatori per alcune reazioni chimiche organiche, come la reazione di idrogenazione, la reazione redox, ecc.<\/p>\n<h2><span style=\"font-size: 14pt;\">Imballaggio e conservazione<\/span><\/h2>\n<p>La polvere di samario (Sm), essendo altamente reattiva e soggetta a ossidazione e assorbimento di umidit\u00e0, viene tipicamente confezionata in contenitori sigillati sotto gas inerte (come sacchetti di alluminio riempiti di argon o barattoli di metallo ben chiusi) con materiali di imbottitura per evitare danni durante il trasporto. L&#8217;imballaggio deve essere chiaramente etichettato con il nome del prodotto, la purezza, le specifiche, il peso netto, il numero di lotto e le istruzioni per la manipolazione e la gestione in sicurezza.<\/p>\n<p>La polvere di samario deve essere conservata in un ambiente asciutto, fresco e ben ventilato, lontano dalla luce solare diretta, dalle alte temperature e dall&#8217;umidit\u00e0. Deve essere tenuta lontana da ossidanti, acidi, basi e altre sostanze reattive, con contenitori ben sigillati per prevenire l&#8217;ossidazione o l&#8217;accensione spontanea, garantendo propriet\u00e0 chimiche e attivit\u00e0 stabili.<\/p>\n","protected":false},"excerpt":{"rendered":"<p>La polvere metallica di samario \u00e8 una forma dell&#8217;elemento samario, che fa parte degli elementi delle terre rare. Ha un numero atomico di 62 e si trova nella serie dei lantanidi della tavola periodica. VIMATERIAL offre polvere di samario ad alta purezza e pu\u00f2 personalizzare diverse dimensioni delle particelle per soddisfare le vostre esigenze. Contattateci [&hellip;]<\/p>\n","protected":false},"featured_media":1034168,"comment_status":"open","ping_status":"closed","template":"","meta":{"_acf_changed":false},"product_brand":[],"product_cat":[165],"product_tag":[],"class_list":{"0":"post-1048911","1":"product","2":"type-product","3":"status-publish","4":"has-post-thumbnail","6":"product_cat-senza-categoria","8":"first","9":"instock","10":"shipping-taxable","11":"purchasable","12":"product-type-variable"},"acf":[],"_links":{"self":[{"href":"https:\/\/vimaterial.de\/it\/wp-json\/wp\/v2\/product\/1048911","targetHints":{"allow":["GET"]}}],"collection":[{"href":"https:\/\/vimaterial.de\/it\/wp-json\/wp\/v2\/product"}],"about":[{"href":"https:\/\/vimaterial.de\/it\/wp-json\/wp\/v2\/types\/product"}],"replies":[{"embeddable":true,"href":"https:\/\/vimaterial.de\/it\/wp-json\/wp\/v2\/comments?post=1048911"}],"wp:featuredmedia":[{"embeddable":true,"href":"https:\/\/vimaterial.de\/it\/wp-json\/wp\/v2\/media\/1034168"}],"wp:attachment":[{"href":"https:\/\/vimaterial.de\/it\/wp-json\/wp\/v2\/media?parent=1048911"}],"wp:term":[{"taxonomy":"product_brand","embeddable":true,"href":"https:\/\/vimaterial.de\/it\/wp-json\/wp\/v2\/product_brand?post=1048911"},{"taxonomy":"product_cat","embeddable":true,"href":"https:\/\/vimaterial.de\/it\/wp-json\/wp\/v2\/product_cat?post=1048911"},{"taxonomy":"product_tag","embeddable":true,"href":"https:\/\/vimaterial.de\/it\/wp-json\/wp\/v2\/product_tag?post=1048911"}],"curies":[{"name":"wp","href":"https:\/\/api.w.org\/{rel}","templated":true}]}}