{"id":1048885,"date":"2024-06-17T16:19:50","date_gmt":"2024-06-17T08:19:50","guid":{"rendered":"https:\/\/vimaterial.de\/product\/ossido-di-itterbio\/"},"modified":"2024-06-17T16:19:50","modified_gmt":"2024-06-17T08:19:50","slug":"ossido-di-itterbio","status":"publish","type":"product","link":"https:\/\/vimaterial.de\/it\/product\/ossido-di-itterbio\/","title":{"rendered":"Ossido di itterbio"},"content":{"rendered":"<p>La polvere <span style=\"color: #0000ff;\"><a style=\"color: #0000ff;\" href=\"https:\/\/vimaterial.de\/it\/product\/ossido-di-itterbio-3\/\">di ossido di itterbio<\/a><\/span><br \/>\n\u00e8 una polvere fine bianca leggermente giallastra con struttura cristallina cubica, che pu\u00f2 essere utilizzata come importante dopante o materia prima nel campo dell&#8217;ottica, dell&#8217;elettronica, della ceramica e cos\u00ec via.<\/p>\n<p>VIMATERIAL fornisce polvere di ossido di itterbio in varie specifiche e supporta il servizio di legame target. Accettiamo la personalizzazione dei prodotti, <span style=\"color: #0000ff;\"><a style=\"color: #0000ff;\" href=\"https:\/\/vimaterial.de\/it\/contatto\/\">contattateci.<\/a><\/span><\/p>\n<h2><span style=\"font-size: 14pt;\">Caratteristiche<\/span><\/h2>\n<p>Formula chimica: Yb2O3<\/p>\n<p>Peso molecolare: 394,08 g\/mol<\/p>\n<p>Aspetto: polvere bianca<\/p>\n<p>Densit\u00e0: circa 9,17 g\/cm\u00b3<\/p>\n<p>Punto di fusione: 2346 \u00b0C<\/p>\n<p>Punto di ebollizione: 4070 \u00b0C<\/p>\n<p>Struttura cristallina: struttura cristallina cubica, il cristallo \u00e8 costituito da ioni Yb (itterbio) e ioni O (ossigeno), gli ioni ossigeno formano un impilamento cubico denso a facce centrate, gli ioni itterbio riempiono i vuoti ottaedrici formati dagli ioni ossigeno e l&#8217;insieme presenta una configurazione cristallina altamente simmetrica e regolare.<\/p>\n<h2><span style=\"font-size: 14pt;\">Applicazioni<\/span><\/h2>\n<p>Campo ottico: la polvere di ossido di itterbio pu\u00f2 essere utilizzata come dopante nella produzione di vetro ottico e fibre ottiche, in grado di migliorare efficacemente le prestazioni dei dispositivi ottici, come quelli utilizzati nei laser a fibra per ottenere un&#8217;emissione laser ad alta efficienza.<\/p>\n<p>Elettronica: l&#8217;aggiunta di polvere di ossido di itterbio alla ceramica elettronica e ai materiali semiconduttori pu\u00f2 aiutare a migliorare le propriet\u00e0 elettriche dei materiali, come nella produzione di condensatori ceramici ad alte prestazioni, migliorandone la costante dielettrica e la stabilit\u00e0.<\/p>\n<p>Settore energetico: la polvere di ossido di itterbio pu\u00f2 essere utilizzata come catalizzatore o supporto catalitico in alcune reazioni legate all&#8217;energia. Ad esempio, pu\u00f2 essere aggiunta ai materiali degli elettrodi di alcune celle a combustibile, migliorando l&#8217;attivit\u00e0 catalitica e la stabilit\u00e0 degli elettrodi e promuovendo l&#8217;efficienza di conversione energetica.<\/p>\n<h2><span style=\"font-size: 14pt;\">Controllo qualit\u00e0<\/span><\/h2>\n<p><span style=\"color: #0000ff;\"><a style=\"color: #0000ff;\" href=\"https:\/\/vimaterial.de\/it\/controllo-qualita\/\">Ogni lotto<\/a><\/span><br \/>\ndi prodotti \u00e8 sottoposto a rigorosi controlli di qualit\u00e0, dalla selezione dei fornitori di materie prime, all&#8217;uso di apparecchiature di collaudo avanzate per monitorare con precisione l&#8217;intero processo di produzione, al prodotto finito attraverso numerosi cicli di campionamento rigoroso e certificazioni autorevoli di terze parti, fino al sistema di controllo qualit\u00e0 a tutto tondo e tolleranza zero per garantire che ogni lotto di prodotti soddisfi e superi gli elevati standard del settore, al fine di fornire ai nostri clienti prodotti della migliore qualit\u00e0 e pi\u00f9 stabili.<\/p>\n<h2><span style=\"font-size: 14pt;\">Imballaggio e conservazione<\/span><\/h2>\n<p>La polvere di ossido di itterbio \u00e8 confezionata in sacchetti sottovuoto o bottiglie sottovuoto in cartoni per garantire un trasporto sicuro.<\/p>\n<p>La polvere di ossido di itterbio deve essere conservata in un ambiente asciutto e ben ventilato a una temperatura adeguata, e deve essere sigillata e conservata in contenitori puliti, evitando il contatto con l&#8217;aria, l&#8217;umidit\u00e0 e sostanze corrosive come acidi e alcali, al fine di evitare che sia influenzata dall&#8217;umidit\u00e0, dall&#8217;ossidazione o da altre reazioni chimiche che potrebbero comprometterne le prestazioni.<\/p>\n","protected":false},"excerpt":{"rendered":"<p>La polvere di ossido di itterbio \u00e8 una polvere fine bianca leggermente giallastra con struttura cristallina cubica, che pu\u00f2 essere utilizzata come importante dopante o materia prima nel campo dell&#8217;ottica, dell&#8217;elettronica, della ceramica e cos\u00ec via. VIMATERIAL fornisce polvere di ossido di itterbio in varie specifiche e supporta il servizio di legame target. Accettiamo la [&hellip;]<\/p>\n","protected":false},"featured_media":1034618,"comment_status":"open","ping_status":"closed","template":"","meta":{"_acf_changed":false},"product_brand":[],"product_cat":[205,203],"product_tag":[],"class_list":{"0":"post-1048885","1":"product","2":"type-product","3":"status-publish","4":"has-post-thumbnail","6":"product_cat-materiali-ossidi-idrossidi","7":"product_cat-materiali-per-terre-rare","9":"first","10":"instock","11":"shipping-taxable","12":"purchasable","13":"product-type-variable"},"acf":[],"_links":{"self":[{"href":"https:\/\/vimaterial.de\/it\/wp-json\/wp\/v2\/product\/1048885","targetHints":{"allow":["GET"]}}],"collection":[{"href":"https:\/\/vimaterial.de\/it\/wp-json\/wp\/v2\/product"}],"about":[{"href":"https:\/\/vimaterial.de\/it\/wp-json\/wp\/v2\/types\/product"}],"replies":[{"embeddable":true,"href":"https:\/\/vimaterial.de\/it\/wp-json\/wp\/v2\/comments?post=1048885"}],"wp:featuredmedia":[{"embeddable":true,"href":"https:\/\/vimaterial.de\/it\/wp-json\/wp\/v2\/media\/1034618"}],"wp:attachment":[{"href":"https:\/\/vimaterial.de\/it\/wp-json\/wp\/v2\/media?parent=1048885"}],"wp:term":[{"taxonomy":"product_brand","embeddable":true,"href":"https:\/\/vimaterial.de\/it\/wp-json\/wp\/v2\/product_brand?post=1048885"},{"taxonomy":"product_cat","embeddable":true,"href":"https:\/\/vimaterial.de\/it\/wp-json\/wp\/v2\/product_cat?post=1048885"},{"taxonomy":"product_tag","embeddable":true,"href":"https:\/\/vimaterial.de\/it\/wp-json\/wp\/v2\/product_tag?post=1048885"}],"curies":[{"name":"wp","href":"https:\/\/api.w.org\/{rel}","templated":true}]}}