{"id":1048864,"date":"2024-06-17T16:05:16","date_gmt":"2024-06-17T08:05:16","guid":{"rendered":"https:\/\/vimaterial.de\/product\/ossido-di-praseodimio\/"},"modified":"2024-06-17T16:05:16","modified_gmt":"2024-06-17T08:05:16","slug":"ossido-di-praseodimio","status":"publish","type":"product","link":"https:\/\/vimaterial.de\/it\/product\/ossido-di-praseodimio\/","title":{"rendered":"Ossido di praseodimio"},"content":{"rendered":"<p>La polvere <span style=\"color: #0000ff;\"><a style=\"color: #0000ff;\" href=\"https:\/\/vimaterial.de\/it\/search\/?type=element&#038;keyword=Pr%2CO\">di ossido di praseodimio<\/a><\/span><br \/>\n\u00e8 una polvere di ossido di terre rare di colore nero, con una densit\u00e0 di 6,5 g\/ml (25 \u00b0C), un punto di fusione di circa 2200 \u00b0C, insolubile in acqua e chimicamente attiva, che pu\u00f2 essere utilizzata nell&#8217;industria del vetro e metallurgica, come additivo per fosfori, pigmenti ceramici e materiali magnetici permanenti.<\/p>\n<p>VIMATERIAL offre polvere di ossido di praseodimio ad alta purezza, con dimensioni delle particelle personalizzabili su richiesta. <span style=\"color: #0000ff;\"><a style=\"color: #0000ff;\" href=\"https:\/\/vimaterial.de\/it\/contatto\/\">Contattateci<\/a><\/span><br \/>\nper ulteriori informazioni.<\/p>\n<h2><span style=\"font-size: 14pt;\">Caratteristiche<\/span><\/h2>\n<p>Aspetto: solitamente polvere nera.<\/p>\n<p>Densit\u00e0: circa 6,5 g\/cm\u00b3, che le conferisce una certa stabilit\u00e0 e pesantezza nel processo di applicazione.<\/p>\n<p>Punto di fusione: circa 2200 \u2103, con una buona resistenza alle alte temperature, in un ambiente ad alta temperatura pu\u00f2 comunque mantenere uno stato fisico stabile.<\/p>\n<p>Struttura cristallina: ha una struttura cubica di fluorite, che determina la disposizione degli atomi al suo interno e quindi influisce sulle sue propriet\u00e0 fisiche e chimiche.<\/p>\n<p>Solubilit\u00e0: insolubile in acqua, ma solubile in acidi per produrre i corrispondenti sali trivalenti. Ci\u00f2 \u00e8 dovuto alla sua natura chimica pi\u00f9 attiva, in condizioni acide facilmente soggetta a reazioni chimiche.<\/p>\n<p>Stabilit\u00e0: \u00e8 stabile a temperatura e pressione ambiente ed \u00e8 l&#8217;ossido di praseodimio pi\u00f9 stabile a temperatura e pressione ambiente.<\/p>\n<p>Conduttivit\u00e0: ha una buona conduttivit\u00e0 elettrica. Questa propriet\u00e0 lo rende prezioso per applicazioni in campi come i materiali elettronici.<\/p>\n<h2><span style=\"font-size: 14pt;\">Applicazioni della polvere di ossido di praseodimio<\/span><\/h2>\n<p>Ceramica: nella ceramica da costruzione e nella ceramica di uso quotidiano, l&#8217;ossido di praseodimio pu\u00f2 essere miscelato con smalti ceramici per ottenere smalti colorati, che possono presentare una tonalit\u00e0 giallo chiaro, pura ed elegante; pu\u00f2 anche essere utilizzato da solo come pigmento sotto smalto.<\/p>\n<p>Produzione di materiali magnetici permanenti: pu\u00f2 essere utilizzato per produrre magneti permanenti. L&#8217;uso di praseodimio metallico economico al posto del neodimio metallico puro per la produzione di materiali magnetici permanenti pu\u00f2 migliorare le prestazioni antiossidanti e le propriet\u00e0 meccaniche dei materiali magnetici permanenti e pu\u00f2 essere lavorato in magneti di varie forme, ampiamente utilizzati in tutti i tipi di dispositivi elettronici e motori.<\/p>\n<p>Cracking catalitico del petrolio: materiali arricchiti con praseodimio-neodimio vengono aggiunti a setacci molecolari di zeolite di tipo Y per preparare catalizzatori di cracking del petrolio, che possono migliorare l&#8217;attivit\u00e0, la selettivit\u00e0 e la stabilit\u00e0 dei catalizzatori.<\/p>\n<p>Lucidatura abrasiva: grazie alla sua elevata durezza, pu\u00f2 essere utilizzato come abrasivo nel trattamento di lucidatura dei materiali, migliorandone la finitura superficiale.<\/p>\n<p>Settore delle fibre ottiche: nella produzione di fibre ottiche, l&#8217;ossido di praseodimio pu\u00f2 essere utilizzato come dopante per migliorare le prestazioni delle fibre ottiche.<\/p>\n<p>Industria del vetro: pu\u00f2 essere utilizzato come colorante per il vetro per produrre vetri di vari colori.<\/p>\n<p>Additivi per fosfori: nella preparazione dei fosfori, l&#8217;ossido di praseodimio pu\u00f2 essere utilizzato come additivo per migliorare le prestazioni di luminescenza e la purezza del colore dei fosfori.<\/p>\n<p>Ricerca scientifica: grazie alle sue propriet\u00e0 fisiche e chimiche uniche, la polvere di ossido di praseodimio \u00e8 anche ampiamente utilizzata in vari esperimenti e ricerche nel campo della ricerca scientifica.<\/p>\n<h2><span style=\"font-size: 14pt;\">Imballaggio e conservazione<\/span><\/h2>\n<p>La polvere di ossido di praseodimio \u00e8 tipicamente confezionata in sacchetti compositi sigillati in foglio di alluminio o fusti di plastica a prova di umidit\u00e0 con rivestimenti interni antistatici per impedire l&#8217;assorbimento di umidit\u00e0, la contaminazione e la fuoriuscita di polvere. L&#8217;imballaggio deve essere sicuro e chiaramente etichettato con il nome del prodotto, la purezza, le specifiche, il peso netto, il numero di lotto e le istruzioni di manipolazione per un trasporto e una gestione sicuri.<\/p>\n<p>La polvere di ossido di praseodimio deve essere conservata in un ambiente asciutto, fresco e ben ventilato, lontano dalla luce solare diretta, dalle alte temperature e dall&#8217;umidit\u00e0. Deve essere tenuta lontana da acidi, basi e altre sostanze corrosive o reattive, e l&#8217;imballaggio deve rimanere ben sigillato per evitare l&#8217;assorbimento di umidit\u00e0, l&#8217;agglomerazione o la contaminazione, garantendo prestazioni stabili del prodotto.<\/p>\n","protected":false},"excerpt":{"rendered":"<p>La polvere di ossido di praseodimio \u00e8 una polvere di ossido di terre rare di colore nero, con una densit\u00e0 di 6,5 g\/ml (25 \u00b0C), un punto di fusione di circa 2200 \u00b0C, insolubile in acqua e chimicamente attiva, che pu\u00f2 essere utilizzata nell&#8217;industria del vetro e metallurgica, come additivo per fosfori, pigmenti ceramici e [&hellip;]<\/p>\n","protected":false},"featured_media":1034073,"comment_status":"open","ping_status":"closed","template":"","meta":{"_acf_changed":false},"product_brand":[],"product_cat":[205,203],"product_tag":[],"class_list":{"0":"post-1048864","1":"product","2":"type-product","3":"status-publish","4":"has-post-thumbnail","6":"product_cat-materiali-ossidi-idrossidi","7":"product_cat-materiali-per-terre-rare","9":"first","10":"instock","11":"shipping-taxable","12":"purchasable","13":"product-type-variable"},"acf":[],"_links":{"self":[{"href":"https:\/\/vimaterial.de\/it\/wp-json\/wp\/v2\/product\/1048864","targetHints":{"allow":["GET"]}}],"collection":[{"href":"https:\/\/vimaterial.de\/it\/wp-json\/wp\/v2\/product"}],"about":[{"href":"https:\/\/vimaterial.de\/it\/wp-json\/wp\/v2\/types\/product"}],"replies":[{"embeddable":true,"href":"https:\/\/vimaterial.de\/it\/wp-json\/wp\/v2\/comments?post=1048864"}],"wp:featuredmedia":[{"embeddable":true,"href":"https:\/\/vimaterial.de\/it\/wp-json\/wp\/v2\/media\/1034073"}],"wp:attachment":[{"href":"https:\/\/vimaterial.de\/it\/wp-json\/wp\/v2\/media?parent=1048864"}],"wp:term":[{"taxonomy":"product_brand","embeddable":true,"href":"https:\/\/vimaterial.de\/it\/wp-json\/wp\/v2\/product_brand?post=1048864"},{"taxonomy":"product_cat","embeddable":true,"href":"https:\/\/vimaterial.de\/it\/wp-json\/wp\/v2\/product_cat?post=1048864"},{"taxonomy":"product_tag","embeddable":true,"href":"https:\/\/vimaterial.de\/it\/wp-json\/wp\/v2\/product_tag?post=1048864"}],"curies":[{"name":"wp","href":"https:\/\/api.w.org\/{rel}","templated":true}]}}