{"id":1048841,"date":"2024-06-17T14:24:35","date_gmt":"2024-06-17T06:24:35","guid":{"rendered":"https:\/\/vimaterial.de\/product\/carburo-di-titanio-2\/"},"modified":"2024-06-17T14:24:35","modified_gmt":"2024-06-17T06:24:35","slug":"carburo-di-titanio-2","status":"publish","type":"product","link":"https:\/\/vimaterial.de\/it\/product\/carburo-di-titanio-2\/","title":{"rendered":"Carburo di titanio"},"content":{"rendered":"<p>I granuli di carburo di titanio sono solidi composti da titanio e carbonio, solitamente di colore nero o grigio-nero, con elevata durezza, alto punto di fusione, buona stabilit\u00e0 chimica e conduttivit\u00e0 elettrica. La dimensione delle particelle pu\u00f2 variare a seconda del processo di preparazione, rendendole una materia prima di alta qualit\u00e0 per un&#8217;ampia gamma di applicazioni, come la produzione di carburi cementati, rivestimenti per utensili, materiali resistenti all&#8217;usura e dispositivi elettronici.<\/p>\n<p>VIMATERIAL \u00e8 un&#8217;azienda all&#8217;avanguardia nell&#8217;innovazione dei materiali chimici, specializzata in materiali ad alte prestazioni progettati per applicazioni ingegneristiche avanzate. I nostri prodotti sono di elevata purezza e qualit\u00e0, supportiamo confezioni in piccoli lotti, MOQ di prodotti ridotti, scorte sufficienti, personalizzazione e possiamo fornire un servizio di vincolo target. Se avete esigenze particolari, non esitate<span style=\"color: #0000ff;\"><a style=\"color: #0000ff;\" href=\"https:\/\/vimaterial.de\/it\/contatto\/\"><\/a><\/span><br \/>\na <span style=\"color: #0000ff;\"><a style=\"color: #0000ff;\" href=\"https:\/\/vimaterial.de\/it\/contatto\/\">contattarci<\/a><\/span><br \/>\n.<\/p>\n<h2><span style=\"font-size: 14pt;\">Caratteristiche<\/span><\/h2>\n<p>Formula molecolare: TiC<\/p>\n<p>Peso molecolare: circa 59,88 g\/mol<\/p>\n<p>Aspetto: generalmente nero o grigio-nero<\/p>\n<p>Densit\u00e0: circa 4,93 g\/cm\u00b3.<\/p>\n<p>Punto di fusione: fino a circa 3140 \u00b0C<\/p>\n<p>Struttura cristallina: \u00e8 una struttura cristallina cubica a facce centrate (FCC), in cui gli atomi di titanio si trovano all&#8217;apice del reticolo e in posizioni centrate sulle facce, mentre gli atomi di carbonio riempiono gli interstizi ottaedrici formati dagli atomi di titanio, una struttura che contribuisce alla sua elevata durezza e buona stabilit\u00e0.<\/p>\n<h2><span style=\"font-size: 14pt;\">Applicazione<\/span><\/h2>\n<p>Carburo cementato: nel carburo cementato, le particelle di carburo di titanio vengono aggiunte come ingrediente chiave per aumentare la durezza e la resistenza all&#8217;usura della lega, che viene utilizzata nella produzione di prodotti in carburo cementato ad alte prestazioni come utensili da miniera e utensili per la lavorazione dei metalli.<\/p>\n<p>Rivestimento degli utensili: Nel campo del rivestimento degli utensili, le particelle di carburo di titanio possono essere applicate alla superficie dell&#8217;utensile attraverso un processo specifico per formare un rivestimento ad alta durezza e resistente all&#8217;usura, che prolunga notevolmente la durata dell&#8217;utensile e ne migliora le prestazioni di taglio.<\/p>\n<p>Elettronica: In elettronica, le particelle di carburo di titanio sono utilizzate per gli elettrodi e i cablaggi conduttivi nei componenti elettronici per migliorare le prestazioni e la stabilit\u00e0 dei dispositivi elettronici grazie alla loro buona conduttivit\u00e0 e stabilit\u00e0 chimica.<\/p>\n<p>Materiali resistenti all&#8217;usura: nel campo dei materiali resistenti all&#8217;usura, le particelle di carburo di titanio possono essere aggiunte a vari materiali matrici o utilizzate per creare rivestimenti resistenti all&#8217;usura, migliorando efficacemente le propriet\u00e0 di resistenza all&#8217;usura dei materiali, che vengono utilizzati nella protezione dall&#8217;usura di parti meccaniche e componenti automobilistici.<\/p>\n<p>Materiali per alte temperature: nel campo dei materiali per alte temperature, le particelle di carburo di titanio possono essere utilizzate per produrre componenti strutturali resistenti alle alte temperature, come rivestimenti per forni ad alta temperatura e parti resistenti al calore per motori aerospaziali, grazie al loro alto punto di fusione, svolgendo un ruolo importante in ambienti ad alta temperatura.<\/p>\n<h2><span style=\"font-size: 14pt;\">Controllo qualit\u00e0<\/span><\/h2>\n<p><span style=\"color: #0000ff;\"><a style=\"color: #0000ff;\" href=\"https:\/\/vimaterial.de\/it\/controllo-qualita\/\">I nostri prodotti<\/a><\/span><br \/>\nsono soggetti a un rigoroso sistema di gestione della qualit\u00e0. Dall&#8217;arrivo dei materiali, alla lavorazione, all&#8217;ispezione finale fino al controllo in fabbrica, vengono applicati rigorosi standard di ispezione. Vengono adottate severe misure di isolamento per le lavorazioni non conformi, al fine di impedire che prodotti non conformi passino al processo successivo. Vengono forniti campioni per una nuova ispezione da parte del cliente in base alle sue esigenze.<\/p>\n<h2><span style=\"font-size: 14pt;\">Imballaggio e stoccaggio<\/span><\/h2>\n<p>I granuli di carburo di titanio sono confezionati in sacchetti sottovuoto doppi o in bottiglie e imballati in cartoni.<\/p>\n<p>I granuli di carburo di titanio devono essere conservati in un ambiente asciutto, fresco e ben ventilato, evitando l&#8217;umidit\u00e0, il contatto con sostanze corrosive come acidi e alcali, evitando collisioni e attriti violenti e tenendoli lontani da ambienti ad alta temperatura e forti campi magnetici, per garantire che le loro eccellenti propriet\u00e0, come l&#8217;elevata durezza, l&#8217;alto punto di fusione, la buona conduttivit\u00e0 elettrica e la stabilit\u00e0 chimica, ecc.<\/p>\n","protected":false},"excerpt":{"rendered":"<p>I granuli di carburo di titanio sono solidi composti da titanio e carbonio, solitamente di colore nero o grigio-nero, con elevata durezza, alto punto di fusione, buona stabilit\u00e0 chimica e conduttivit\u00e0 elettrica. La dimensione delle particelle pu\u00f2 variare a seconda del processo di preparazione, rendendole una materia prima di alta qualit\u00e0 per un&#8217;ampia gamma di [&hellip;]<\/p>\n","protected":false},"featured_media":1048780,"comment_status":"open","ping_status":"closed","template":"","meta":{"_acf_changed":false},"product_brand":[],"product_cat":[198],"product_tag":[],"class_list":{"0":"post-1048841","1":"product","2":"type-product","3":"status-publish","4":"has-post-thumbnail","6":"product_cat-materiali-per-levaporazione","8":"first","9":"instock","10":"shipping-taxable","11":"product-type-variable"},"acf":[],"_links":{"self":[{"href":"https:\/\/vimaterial.de\/it\/wp-json\/wp\/v2\/product\/1048841","targetHints":{"allow":["GET"]}}],"collection":[{"href":"https:\/\/vimaterial.de\/it\/wp-json\/wp\/v2\/product"}],"about":[{"href":"https:\/\/vimaterial.de\/it\/wp-json\/wp\/v2\/types\/product"}],"replies":[{"embeddable":true,"href":"https:\/\/vimaterial.de\/it\/wp-json\/wp\/v2\/comments?post=1048841"}],"wp:featuredmedia":[{"embeddable":true,"href":"https:\/\/vimaterial.de\/it\/wp-json\/wp\/v2\/media\/1048780"}],"wp:attachment":[{"href":"https:\/\/vimaterial.de\/it\/wp-json\/wp\/v2\/media?parent=1048841"}],"wp:term":[{"taxonomy":"product_brand","embeddable":true,"href":"https:\/\/vimaterial.de\/it\/wp-json\/wp\/v2\/product_brand?post=1048841"},{"taxonomy":"product_cat","embeddable":true,"href":"https:\/\/vimaterial.de\/it\/wp-json\/wp\/v2\/product_cat?post=1048841"},{"taxonomy":"product_tag","embeddable":true,"href":"https:\/\/vimaterial.de\/it\/wp-json\/wp\/v2\/product_tag?post=1048841"}],"curies":[{"name":"wp","href":"https:\/\/api.w.org\/{rel}","templated":true}]}}