{"id":1048799,"date":"2024-06-17T14:24:38","date_gmt":"2024-06-17T06:24:38","guid":{"rendered":"https:\/\/vimaterial.de\/product\/carburo-di-titanio\/"},"modified":"2024-06-17T14:24:38","modified_gmt":"2024-06-17T06:24:38","slug":"carburo-di-titanio","status":"publish","type":"product","link":"https:\/\/vimaterial.de\/it\/product\/carburo-di-titanio\/","title":{"rendered":"Carburo di titanio"},"content":{"rendered":"<p>Il bersaglio di sputtering <span style=\"color: #0000ff;\"><a style=\"color: #0000ff;\" href=\"https:\/\/vimaterial.de\/it\/product\/carbonitruro-di-titanio-2\/\">in carburo di titanio<\/a><\/span><br \/>\n\u00e8 un tipo di materiale con carburo di titanio (TiC) come componente principale, che presenta elevata durezza, alto punto di fusione, buona conduttivit\u00e0 elettrica e stabilit\u00e0 chimica. \u00c8 in grado di depositare un film sottile di carburo di titanio con eccellenti propriet\u00e0 di abrasione, corrosione ed elettriche sul materiale di substrato nel processo di sputtering ed \u00e8 un materiale importante in molti campi, come la produzione di rivestimenti per utensili da taglio, componenti elettronici e strati protettivi resistenti all&#8217;abrasione.<\/p>\n<p>VIMATERIAL \u00e8 un&#8217;azienda all&#8217;avanguardia nell&#8217;innovazione dei materiali chimici, specializzata in materiali ad alte prestazioni progettati per applicazioni ingegneristiche avanzate. I nostri prodotti sono di elevata purezza e qualit\u00e0, supportiamo confezioni in piccoli lotti, MOQ di prodotti ridotti, scorte sufficienti, personalizzazione e possiamo fornire un servizio di legame target. Se avete esigenze particolari, non esitate<span style=\"color: #0000ff;\"><a style=\"color: #0000ff;\" href=\"https:\/\/vimaterial.de\/it\/contatto\/\"><\/a><\/span><br \/>\na <span style=\"color: #0000ff;\"><a style=\"color: #0000ff;\" href=\"https:\/\/vimaterial.de\/it\/contatto\/\">contattarci<\/a><\/span><br \/>\n.<\/p>\n<h2><span style=\"font-size: 14pt;\">Caratteristiche<\/span><\/h2>\n<p>Formula molecolare: TiC<\/p>\n<p>Peso molecolare: 59,88 g\/mol<\/p>\n<p>Aspetto: i target di sputtering in carburo di titanio sono solitamente di colore nero o grigio-nero, con una lucentezza metallica e una consistenza dura.<\/p>\n<p>Densit\u00e0: circa 4,93 g\/cm\u00b3.<\/p>\n<p>Punto di fusione: circa 3140 \u00b0C, che lo rende stabile alle alte temperature.<\/p>\n<p>Struttura cristallina: ha una struttura cristallina cubica a facce centrate (FCC), in cui gli atomi di titanio si trovano nelle posizioni dei nodi del reticolo e gli atomi di carbonio riempiono le posizioni interstiziali del reticolo, una struttura che gli conferisce elevata durezza e buona stabilit\u00e0.<\/p>\n<h2><span style=\"font-size: 14pt;\">Applicazione<\/span><\/h2>\n<p>Rivestimento degli utensili: il rivestimento degli utensili con TiC pu\u00f2 aumentare significativamente la durezza e la resistenza all&#8217;usura, prolungando efficacemente la durata degli utensili e riducendo i costi di lavorazione.<\/p>\n<p>Trattamento superficiale degli stampi: i film di TiC vengono depositati sulla superficie degli stampi per migliorarne la resistenza all&#8217;usura e le propriet\u00e0 di rilascio, riducendo l&#8217;usura degli stampi e migliorando la produttivit\u00e0.<\/p>\n<p>Produzione di componenti elettronici: i target di sputtering in carburo di titanio vengono utilizzati per depositare film conduttivi e resistenti all&#8217;usura nella produzione di componenti elettronici, al fine di garantire prestazioni stabili e affidabili dei componenti elettronici.<\/p>\n<p>Protezione delle parti meccaniche: il rivestimento in TiC sulla superficie delle parti meccaniche \u00e8 in grado di resistere all&#8217;attrito e alla corrosione, migliorare la durata delle parti in condizioni di lavoro difficili e garantire il funzionamento stabile delle attrezzature.<\/p>\n<h2><span style=\"font-size: 14pt;\">Controllo qualit\u00e0<\/span><\/h2>\n<p><span style=\"color: #0000ff;\"><a style=\"color: #0000ff;\" href=\"https:\/\/vimaterial.de\/it\/controllo-qualita\/\">I nostri prodotti<\/a><\/span><br \/>\nsono soggetti a un rigoroso sistema di gestione della qualit\u00e0. Dai materiali in entrata, alla lavorazione, all&#8217;ispezione finale fino all&#8217;ispezione in fabbrica, sono previsti rigorosi standard di controllo. Vengono adottate severe misure di isolamento per le lavorazioni non conformi, al fine di impedire che prodotti non conformi passino al processo successivo. I campioni vengono forniti per una nuova ispezione da parte del cliente in base alle sue esigenze.<\/p>\n<h2><span style=\"font-size: 14pt;\">Imballaggio e stoccaggio<\/span><\/h2>\n<p>I target di sputtering in carburo di titanio sono confezionati in sacchetti sottovuoto a doppio strato, quindi inscatolati e imballati in cartoni.<\/p>\n<p>I target di sputtering in carburo di titanio devono essere conservati in un ambiente asciutto, fresco e ben ventilato, evitando l&#8217;umidit\u00e0, evitando il contatto con sostanze corrosive come acidi o alcali, prevenendo danni fisici come urti e attriti e, allo stesso tempo, tenendoli lontani da ambienti ad alta temperatura e forti campi magnetici.<\/p>\n","protected":false},"excerpt":{"rendered":"<p>Il bersaglio di sputtering in carburo di titanio \u00e8 un tipo di materiale con carburo di titanio (TiC) come componente principale, che presenta elevata durezza, alto punto di fusione, buona conduttivit\u00e0 elettrica e stabilit\u00e0 chimica. \u00c8 in grado di depositare un film sottile di carburo di titanio con eccellenti propriet\u00e0 di abrasione, corrosione ed elettriche [&hellip;]<\/p>\n","protected":false},"featured_media":1041338,"comment_status":"open","ping_status":"closed","template":"","meta":{"_acf_changed":false},"product_brand":[],"product_cat":[197],"product_tag":[],"class_list":{"0":"post-1048799","1":"product","2":"type-product","3":"status-publish","4":"has-post-thumbnail","6":"product_cat-obiettivi-di-sputtering-planari","8":"first","9":"instock","10":"shipping-taxable","11":"product-type-variable"},"acf":[],"_links":{"self":[{"href":"https:\/\/vimaterial.de\/it\/wp-json\/wp\/v2\/product\/1048799","targetHints":{"allow":["GET"]}}],"collection":[{"href":"https:\/\/vimaterial.de\/it\/wp-json\/wp\/v2\/product"}],"about":[{"href":"https:\/\/vimaterial.de\/it\/wp-json\/wp\/v2\/types\/product"}],"replies":[{"embeddable":true,"href":"https:\/\/vimaterial.de\/it\/wp-json\/wp\/v2\/comments?post=1048799"}],"wp:featuredmedia":[{"embeddable":true,"href":"https:\/\/vimaterial.de\/it\/wp-json\/wp\/v2\/media\/1041338"}],"wp:attachment":[{"href":"https:\/\/vimaterial.de\/it\/wp-json\/wp\/v2\/media?parent=1048799"}],"wp:term":[{"taxonomy":"product_brand","embeddable":true,"href":"https:\/\/vimaterial.de\/it\/wp-json\/wp\/v2\/product_brand?post=1048799"},{"taxonomy":"product_cat","embeddable":true,"href":"https:\/\/vimaterial.de\/it\/wp-json\/wp\/v2\/product_cat?post=1048799"},{"taxonomy":"product_tag","embeddable":true,"href":"https:\/\/vimaterial.de\/it\/wp-json\/wp\/v2\/product_tag?post=1048799"}],"curies":[{"name":"wp","href":"https:\/\/api.w.org\/{rel}","templated":true}]}}