{"id":1048754,"date":"2024-06-17T16:19:54","date_gmt":"2024-06-17T08:19:54","guid":{"rendered":"https:\/\/vimaterial.de\/product\/ossido-di-lutezio\/"},"modified":"2024-06-17T16:19:54","modified_gmt":"2024-06-17T08:19:54","slug":"ossido-di-lutezio","status":"publish","type":"product","link":"https:\/\/vimaterial.de\/it\/product\/ossido-di-lutezio\/","title":{"rendered":"Ossido di lutezio"},"content":{"rendered":"<p>La polvere <span style=\"color: #0000ff;\"><a style=\"color: #0000ff;\" href=\"https:\/\/vimaterial.de\/it\/controllo-qualita\/\">di ossido di lutezio<\/a><\/span><br \/>\n\u00e8 un ossido bianco, insolubile in acqua, solubile in acidi inorganici, di lutezio delle terre rare con un alto punto di fusione, utilizzato principalmente come elemento additivo nel granato di lutezio-ferro e lutezio-alluminio, come materiale attivo nei fosfori, nei semiconduttori e nei vetri speciali.<\/p>\n<p>VIMATERIAL fornisce polvere di Lu2O3 in varie specifiche e supporta il servizio di legame target. Accettiamo la personalizzazione dei prodotti, <a href=\"https:\/\/vimaterial.de\/it\/contatto\/\"><span style=\"color: #0000ff;\">contattateci.<\/span><\/a><\/p>\n<h2><span style=\"font-size: 14pt;\">Propriet\u00e0<\/span><\/h2>\n<p>Formula molecolare: Lu\u2082O\u2083<\/p>\n<p>Peso molecolare: 397,9322<\/p>\n<p>Aspetto: polvere bianca<\/p>\n<p>Densit\u00e0: 9,42 g\/cm\u00b3<\/p>\n<p>Punto di fusione: circa 2487 \u2103<\/p>\n<p>Punto di ebollizione: circa 3980 \u2103<\/p>\n<p>Struttura cristallina: sistema cristallino cubico<\/p>\n<p>Solubilit\u00e0: insolubile in acqua, ma solubile in acidi inorganici (ad eccezione dell&#8217;acido fluoridrico e dell&#8217;acido fosforico), produce il sale corrispondente.<\/p>\n<h2><span style=\"font-size: 14pt;\">Applicazioni della polvere di ossido di lutezio<\/span><\/h2>\n<p>Materiali ceramici: la polvere di ossido di lutezio pu\u00f2 essere aggiunta ai materiali ceramici per migliorarne le propriet\u00e0, come l&#8217;aumento della durezza, della resistenza e della resistenza al calore, rendendo i prodotti ceramici pi\u00f9 robusti e durevoli, e pu\u00f2 essere utilizzata per la produzione di parti ceramiche resistenti alle alte temperature, ceramiche elettroniche e cos\u00ec via.<\/p>\n<p>Materiali magnetici permanenti: utilizzata nella preparazione di materiali magnetici permanenti NdFeB, la polvere di ossido di lutezio pu\u00f2 migliorare le prestazioni dei materiali magnetici permanenti e aumentarne i parametri magnetici, come il prodotto energetico magnetico e la coercitivit\u00e0.<\/p>\n<p>Analisi di attivazione neutronica: la polvere di ossido di lutezio pu\u00f2 essere utilizzata come fonte di neutroni per partecipare all&#8217;analisi di attivazione neutronica, che viene utilizzata per studiare la microstruttura e la composizione chimica dei materiali, ecc.<\/p>\n<p>Prodotti farmaceutici: nei radiofarmaci, la polvere di ossido di lutezio viene utilizzata per diagnosticare e trattare le malattie utilizzando i raggi emessi dalla polvere.<\/p>\n<h2><span style=\"font-size: 14pt;\">Controllo qualit\u00e0<\/span><\/h2>\n<p><span style=\"color: #0000ff;\"><a style=\"color: #0000ff;\" href=\"https:\/\/vimaterial.de\/it\/controllo-qualita\/\">Ogni lotto<\/a><\/span><br \/>\ndi prodotti \u00e8 sottoposto a rigorosi controlli di qualit\u00e0, dalla selezione dei fornitori di materie prime, all&#8217;uso di apparecchiature di prova avanzate per monitorare con precisione l&#8217;intero processo di produzione, al prodotto finito attraverso numerosi cicli di campionamento rigoroso e certificazione autorevole di terze parti, fino al sistema di controllo qualit\u00e0 a tutto tondo e tolleranza zero per garantire che ogni lotto di prodotti soddisfi e superi gli elevati standard del settore, al fine di fornire ai nostri clienti prodotti della migliore qualit\u00e0 e pi\u00f9 stabili.<\/p>\n<h2><span style=\"font-size: 14pt;\">Imballaggio e conservazione<\/span><\/h2>\n<p>La polvere di ossido di lutezio \u00e8 confezionata in sacchetti sottovuoto o bottiglie sottovuoto in cartoni per garantire un trasporto sicuro.<\/p>\n<p>La polvere di ossido di lutezio deve essere conservata in un ambiente asciutto, fresco e ventilato in confezioni sigillate per evitare che assorba impurit\u00e0 come umidit\u00e0 e anidride carbonica presenti nell&#8217;aria e comprometta la purezza e le prestazioni, evitando al contempo il contatto con acidi, alcali e altre sostanze chimiche.<\/p>\n","protected":false},"excerpt":{"rendered":"<p>La polvere di ossido di lutezio \u00e8 un ossido bianco, insolubile in acqua, solubile in acidi inorganici, di lutezio delle terre rare con un alto punto di fusione, utilizzato principalmente come elemento additivo nel granato di lutezio-ferro e lutezio-alluminio, come materiale attivo nei fosfori, nei semiconduttori e nei vetri speciali. VIMATERIAL fornisce polvere di Lu2O3 [&hellip;]<\/p>\n","protected":false},"featured_media":1034703,"comment_status":"open","ping_status":"closed","template":"","meta":{"_acf_changed":false},"product_brand":[],"product_cat":[205,203],"product_tag":[],"class_list":{"0":"post-1048754","1":"product","2":"type-product","3":"status-publish","4":"has-post-thumbnail","6":"product_cat-materiali-ossidi-idrossidi","7":"product_cat-materiali-per-terre-rare","9":"first","10":"instock","11":"shipping-taxable","12":"purchasable","13":"product-type-variable"},"acf":[],"_links":{"self":[{"href":"https:\/\/vimaterial.de\/it\/wp-json\/wp\/v2\/product\/1048754","targetHints":{"allow":["GET"]}}],"collection":[{"href":"https:\/\/vimaterial.de\/it\/wp-json\/wp\/v2\/product"}],"about":[{"href":"https:\/\/vimaterial.de\/it\/wp-json\/wp\/v2\/types\/product"}],"replies":[{"embeddable":true,"href":"https:\/\/vimaterial.de\/it\/wp-json\/wp\/v2\/comments?post=1048754"}],"wp:featuredmedia":[{"embeddable":true,"href":"https:\/\/vimaterial.de\/it\/wp-json\/wp\/v2\/media\/1034703"}],"wp:attachment":[{"href":"https:\/\/vimaterial.de\/it\/wp-json\/wp\/v2\/media?parent=1048754"}],"wp:term":[{"taxonomy":"product_brand","embeddable":true,"href":"https:\/\/vimaterial.de\/it\/wp-json\/wp\/v2\/product_brand?post=1048754"},{"taxonomy":"product_cat","embeddable":true,"href":"https:\/\/vimaterial.de\/it\/wp-json\/wp\/v2\/product_cat?post=1048754"},{"taxonomy":"product_tag","embeddable":true,"href":"https:\/\/vimaterial.de\/it\/wp-json\/wp\/v2\/product_tag?post=1048754"}],"curies":[{"name":"wp","href":"https:\/\/api.w.org\/{rel}","templated":true}]}}