{"id":1048733,"date":"2024-06-17T16:05:13","date_gmt":"2024-06-17T08:05:13","guid":{"rendered":"https:\/\/vimaterial.de\/product\/ossido-di-cerio\/"},"modified":"2024-06-17T16:05:13","modified_gmt":"2024-06-17T08:05:13","slug":"ossido-di-cerio","status":"publish","type":"product","link":"https:\/\/vimaterial.de\/it\/product\/ossido-di-cerio\/","title":{"rendered":"Ossido di cerio"},"content":{"rendered":"<p>La polvere <span style=\"color: #0000ff;\"><a style=\"color: #0000ff;\" href=\"https:\/\/vimaterial.de\/it\/search\/?type=element&#038;keyword=ceo2\">di ossido di cerio<\/a><\/span><br \/>\n\u00e8 un importante materiale ossido di terre rare con eccellente stabilit\u00e0 chimica ed \u00e8 ampiamente utilizzata nei catalizzatori, nei materiali ottici, nella ceramica elettronica e in altri campi.<\/p>\n<p>VIMATERIAL offre polvere di ossido di cerio ad alta purezza e pu\u00f2 personalizzare diverse dimensioni delle particelle per soddisfare le vostre esigenze. <span style=\"color: #0000ff;\"><a style=\"color: #0000ff;\" href=\"https:\/\/vimaterial.de\/it\/contatto\/\">Contattateci<\/a><\/span><br \/>\nper ulteriori informazioni.<\/p>\n<h2><span style=\"font-size: 14pt;\">Informazioni fisiche<\/span><\/h2>\n<p>Formula chimica: CeO2.<\/p>\n<p>Aspetto: polvere giallo chiaro.<\/p>\n<p>Densit\u00e0: circa 7,215 g\/cm\u00b3.<\/p>\n<p>Punto di fusione: 2600 \u2103.<\/p>\n<p>Struttura cristallina: con struttura fluorite.<\/p>\n<h2><span style=\"font-size: 14pt;\">Applicazioni della polvere di ossido di cerio<\/span><\/h2>\n<p>Materiale lucidante: la polvere di ossido di cerio \u00e8 un&#8217;eccellente polvere lucidante, ampiamente utilizzata nella lucidatura di vetro, lenti ottiche, wafer semiconduttori, prodotti di precisione in metallo e cos\u00ec via.<\/p>\n<p>Catalizzatore: grazie alle sue propriet\u00e0 redox uniche e alla buona stabilit\u00e0 termica, pu\u00f2 essere utilizzato come catalizzatore o supporto catalitico nei settori della purificazione dei gas di scarico delle automobili, dell&#8217;industria petrolchimica e delle celle a combustibile.<\/p>\n<p>Materiali ottici: nel campo dell&#8217;ottica, la polvere di ossido di cerio pu\u00f2 essere utilizzata per la produzione di vetri ottici, finestre per rilevatori a infrarossi, specchi laser e altri dispositivi ottici, sfruttando la sua buona trasmittanza nella regione degli infrarossi e altre caratteristiche.<\/p>\n<p>Materiali ceramici: aggiunta ai materiali ceramici, pu\u00f2 migliorare la tenacit\u00e0, la durezza, la resistenza all&#8217;usura e la resistenza alle alte temperature e altre propriet\u00e0 della ceramica, utilizzata nella preparazione di utensili da taglio in ceramica ad alte prestazioni, componenti di motori in ceramica.<\/p>\n<h2><span style=\"font-size: 14pt;\">Imballaggio e conservazione<\/span><\/h2>\n<p>La polvere di ossido di cerio \u00e8 tipicamente confezionata in fusti di plastica sigillati, sacchetti di alluminio o sacchetti compositi per prevenire l&#8217;umidit\u00e0 e la contaminazione, con rivestimenti interni antistatici opzionali. L&#8217;imballaggio deve essere robusto e chiaramente etichettato con il nome del prodotto, le specifiche, il peso netto, il numero di lotto e le istruzioni di manipolazione per il corretto trasporto, stoccaggio e utilizzo.<\/p>\n<p>L&#8217;ossido di cerio deve essere conservato in un magazzino asciutto, ventilato e fresco, evitando la luce solare diretta, le alte temperature e le condizioni di umidit\u00e0. Deve essere tenuto lontano da sostanze chimiche infiammabili, ossidanti o fortemente acide e alcaline, e l&#8217;imballaggio deve rimanere intatto per evitare l&#8217;assorbimento di umidit\u00e0, l&#8217;agglomerazione o la contaminazione, garantendo propriet\u00e0 chimiche e prestazioni stabili.<\/p>\n","protected":false},"excerpt":{"rendered":"<p>La polvere di ossido di cerio \u00e8 un importante materiale ossido di terre rare con eccellente stabilit\u00e0 chimica ed \u00e8 ampiamente utilizzata nei catalizzatori, nei materiali ottici, nella ceramica elettronica e in altri campi. VIMATERIAL offre polvere di ossido di cerio ad alta purezza e pu\u00f2 personalizzare diverse dimensioni delle particelle per soddisfare le vostre [&hellip;]<\/p>\n","protected":false},"featured_media":1034023,"comment_status":"open","ping_status":"closed","template":"","meta":{"_acf_changed":false},"product_brand":[],"product_cat":[205,203],"product_tag":[],"class_list":{"0":"post-1048733","1":"product","2":"type-product","3":"status-publish","4":"has-post-thumbnail","6":"product_cat-materiali-ossidi-idrossidi","7":"product_cat-materiali-per-terre-rare","9":"first","10":"instock","11":"shipping-taxable","12":"purchasable","13":"product-type-variable"},"acf":[],"_links":{"self":[{"href":"https:\/\/vimaterial.de\/it\/wp-json\/wp\/v2\/product\/1048733","targetHints":{"allow":["GET"]}}],"collection":[{"href":"https:\/\/vimaterial.de\/it\/wp-json\/wp\/v2\/product"}],"about":[{"href":"https:\/\/vimaterial.de\/it\/wp-json\/wp\/v2\/types\/product"}],"replies":[{"embeddable":true,"href":"https:\/\/vimaterial.de\/it\/wp-json\/wp\/v2\/comments?post=1048733"}],"wp:featuredmedia":[{"embeddable":true,"href":"https:\/\/vimaterial.de\/it\/wp-json\/wp\/v2\/media\/1034023"}],"wp:attachment":[{"href":"https:\/\/vimaterial.de\/it\/wp-json\/wp\/v2\/media?parent=1048733"}],"wp:term":[{"taxonomy":"product_brand","embeddable":true,"href":"https:\/\/vimaterial.de\/it\/wp-json\/wp\/v2\/product_brand?post=1048733"},{"taxonomy":"product_cat","embeddable":true,"href":"https:\/\/vimaterial.de\/it\/wp-json\/wp\/v2\/product_cat?post=1048733"},{"taxonomy":"product_tag","embeddable":true,"href":"https:\/\/vimaterial.de\/it\/wp-json\/wp\/v2\/product_tag?post=1048733"}],"curies":[{"name":"wp","href":"https:\/\/api.w.org\/{rel}","templated":true}]}}