{"id":1048646,"date":"2024-06-17T15:44:01","date_gmt":"2024-06-17T07:44:01","guid":{"rendered":"https:\/\/vimaterial.de\/product\/tellurio-metallico-2\/"},"modified":"2024-06-17T15:44:01","modified_gmt":"2024-06-17T07:44:01","slug":"tellurio-metallico-2","status":"publish","type":"product","link":"https:\/\/vimaterial.de\/it\/product\/tellurio-metallico-2\/","title":{"rendered":"Tellurio metallico"},"content":{"rendered":"<p>La polvere di tellurio \u00e8 un tipo di materiale in polvere quasi metallico di colore grigio, con una densit\u00e0 di 6,25 g\/cm\u00b3, un punto di fusione di 450 \u00b0C, un punto di ebollizione di 1390 \u00b0C, chimicamente attivo, con un certo grado di tossicit\u00e0, e ha una vasta gamma di applicazioni nei semiconduttori, nella metallurgia, nell&#8217;industria chimica e in altri campi.<\/p>\n<p>VIMATERIAL offre polvere di tellurio ad alta purezza, disponibile in varie dimensioni per soddisfare le vostre esigenze. <span style=\"color: #0000ff;\"><a style=\"color: #0000ff;\" href=\"https:\/\/vimaterial.de\/it\/contatto\/\">Contattateci<\/a><\/span><br \/>\nper ulteriori informazioni.<\/p>\n<h2><span style=\"font-size: 14pt;\">Caratteristiche<\/span><\/h2>\n<p>Formula chimica: Te<\/p>\n<p>Aspetto: solitamente polvere di colore grigio-nero o grigio scuro.<\/p>\n<p>Densit\u00e0: circa 6,24 g\/cm3.<\/p>\n<p>Punto di fusione: 450 \u00b0C.<\/p>\n<p>Punto di ebollizione: 1390 \u00b0C.<\/p>\n<p>Conduttivit\u00e0 elettrica: essendo un quasi-metallo, ha una buona conduttivit\u00e0 elettrica, ma \u00e8 pi\u00f9 debole rispetto ai metalli tipici.<br \/>\nConduttivit\u00e0 termica: la conduttivit\u00e0 termica \u00e8 di circa 2,35 W\/m\/K.<\/p>\n<p>Stabilit\u00e0 chimica: il tellurio metallico \u00e8 relativamente stabile a temperatura ambiente, ma quando viene riscaldato e fuso nell&#8217;aria produce fumi bianchi di ossido di tellurio.<\/p>\n<h2><span style=\"font-size: 14pt;\">Applicazioni della polvere <span style=\"color: #0000ff;\"><a style=\"color: #0000ff;\" href=\"https:\/\/vimaterial.de\/it\/search\/?type=element&#038;keyword=Te\">di<\/a><\/span> <span style=\"color: #0000ff;\"><a style=\"color: #0000ff;\" href=\"https:\/\/vimaterial.de\/it\/search\/?type=element&#038;keyword=Te\">tellurio metallico<\/a><\/span><\/span><\/h2>\n<p>Settore dei semiconduttori: il tellurio viene utilizzato per preparare materiali come il tellururo di bismuto per la generazione di energia termoelettrica e la refrigerazione, convertendo il calore in elettricit\u00e0 in applicazioni quali il recupero del calore residuo e le sonde spaziali. Viene anche utilizzato nei rilevatori a infrarossi e nelle celle solari per migliorare la sensibilit\u00e0 e l&#8217;efficienza di conversione fotoelettrica.<\/p>\n<p>Industria chimica: utilizzato come catalizzatore o additivo catalitico in processi come il cracking del petrolio e l&#8217;idrogenazione del carbone per migliorare l&#8217;efficienza e risparmiare energia. Agisce anche come disperdente nella gomma per migliorare la resistenza, l&#8217;elasticit\u00e0 e la durata e pu\u00f2 prevenire l&#8217;ossidazione in alcuni materiali per prolungarne la durata.<\/p>\n<p>Industria metallurgica: la polvere di tellurio \u00e8 utilizzata nella desolforazione e nella disossidazione dell&#8217;acciaio per migliorarne la qualit\u00e0 e come additivo per leghe per aumentare la resistenza, la durezza, la resistenza all&#8217;usura e la resistenza alla corrosione negli acciai e nei materiali altamente legati.<\/p>\n<p>Altri campi: Utilizzato come colorante nella ceramica e nel vetro per effetti decorativi, nelle vernici da colata per migliorare la qualit\u00e0 della superficie e per la stampa di scritte in piombo sulle piastre delle batterie.<\/p>\n<h2><span style=\"font-size: 14pt;\">Imballaggio e conservazione<\/span><\/h2>\n<p>La polvere di tellurio \u00e8 tipicamente confezionata in sacchetti sigillati a doppio strato resistenti all&#8217;umidit\u00e0 o in sacchetti di alluminio, collocati in cartoni o fusti robusti, con materiali di imbottitura all&#8217;interno per prevenire l&#8217;umidit\u00e0, l&#8217;ossidazione o i danni meccanici durante il trasporto, garantendo la purezza e l&#8217;integrit\u00e0 della polvere.<\/p>\n<p>Conservare in un ambiente fresco, asciutto e ben ventilato, lontano da fonti di calore, umidit\u00e0 e sostanze corrosive. Tenere la confezione ben sigillata ed evitare l&#8217;esposizione prolungata all&#8217;aria per mantenere la stabilit\u00e0 chimica e le prestazioni.<\/p>\n","protected":false},"excerpt":{"rendered":"<p>La polvere di tellurio \u00e8 un tipo di materiale in polvere quasi metallico di colore grigio, con una densit\u00e0 di 6,25 g\/cm\u00b3, un punto di fusione di 450 \u00b0C, un punto di ebollizione di 1390 \u00b0C, chimicamente attivo, con un certo grado di tossicit\u00e0, e ha una vasta gamma di applicazioni nei semiconduttori, nella metallurgia, [&hellip;]<\/p>\n","protected":false},"featured_media":1032676,"comment_status":"open","ping_status":"closed","template":"","meta":{"_acf_changed":false},"product_brand":[],"product_cat":[212],"product_tag":[],"class_list":{"0":"post-1048646","1":"product","2":"type-product","3":"status-publish","4":"has-post-thumbnail","6":"product_cat-polvere-di-metallo-puro-e-leghe","8":"first","9":"instock","10":"shipping-taxable","11":"purchasable","12":"product-type-variable"},"acf":[],"_links":{"self":[{"href":"https:\/\/vimaterial.de\/it\/wp-json\/wp\/v2\/product\/1048646","targetHints":{"allow":["GET"]}}],"collection":[{"href":"https:\/\/vimaterial.de\/it\/wp-json\/wp\/v2\/product"}],"about":[{"href":"https:\/\/vimaterial.de\/it\/wp-json\/wp\/v2\/types\/product"}],"replies":[{"embeddable":true,"href":"https:\/\/vimaterial.de\/it\/wp-json\/wp\/v2\/comments?post=1048646"}],"wp:featuredmedia":[{"embeddable":true,"href":"https:\/\/vimaterial.de\/it\/wp-json\/wp\/v2\/media\/1032676"}],"wp:attachment":[{"href":"https:\/\/vimaterial.de\/it\/wp-json\/wp\/v2\/media?parent=1048646"}],"wp:term":[{"taxonomy":"product_brand","embeddable":true,"href":"https:\/\/vimaterial.de\/it\/wp-json\/wp\/v2\/product_brand?post=1048646"},{"taxonomy":"product_cat","embeddable":true,"href":"https:\/\/vimaterial.de\/it\/wp-json\/wp\/v2\/product_cat?post=1048646"},{"taxonomy":"product_tag","embeddable":true,"href":"https:\/\/vimaterial.de\/it\/wp-json\/wp\/v2\/product_tag?post=1048646"}],"curies":[{"name":"wp","href":"https:\/\/api.w.org\/{rel}","templated":true}]}}