{"id":1048624,"date":"2024-06-17T15:44:01","date_gmt":"2024-06-17T07:44:01","guid":{"rendered":"https:\/\/vimaterial.de\/product\/tellurio-metallico-3\/"},"modified":"2024-06-17T15:44:01","modified_gmt":"2024-06-17T07:44:01","slug":"tellurio-metallico-3","status":"publish","type":"product","link":"https:\/\/vimaterial.de\/it\/product\/tellurio-metallico-3\/","title":{"rendered":"Tellurio metallico"},"content":{"rendered":"<p>I granuli di tellurio metallico sono composti dall&#8217;elemento tellurio, hanno una lucentezza metallica e sono chimicamente attivi e svolgono un ruolo importante in molti campi come i semiconduttori, i materiali termoelettrici e i prodotti chimici.<\/p>\n<p>VIMATERIAL offre tellurio metallico di elevata purezza <span style=\"color: #0000ff;\"><a style=\"color: #0000ff;\" href=\"https:\/\/vimaterial.de\/it\/search\/?type=element&#038;keyword=Te\">tellurio metallico<\/a><\/span> con una purezza fino a 6N. Le diverse dimensioni possono essere personalizzate per soddisfare le vostre esigenze. <span style=\"color: #0000ff;\"><a style=\"color: #0000ff;\" href=\"https:\/\/vimaterial.de\/it\/contatto\/\">Contattateci<\/a><\/span> per ulteriori informazioni.<\/p>\n<h2><span style=\"font-size: 14pt;\">Caratteristiche<\/span><\/h2>\n<p>Aspetto: Grigio<\/p>\n<p>Forma: Generalmente in forma granulare, le specifiche comuni sono 0,5-2 mm, 1-5 mm e cos\u00ec via.<\/p>\n<p>Durezza: Il tellurio metallico \u00e8 un materiale fragile con una durezza relativamente bassa.<\/p>\n<p>Densit\u00e0: A 20\u00b0C, la densit\u00e0 \u00e8 di circa 6,24 <sup>g\/cm3<\/sup>.<\/p>\n<p>Punto di fusione: 450 \u2103.<\/p>\n<p>Punto di ebollizione: Circa 988\u2103.<\/p>\n<p>Struttura cristallina: Esistono due isomeri, cristallino e amorfo.<\/p>\n<p>Reattivit\u00e0: Il tellurio metallico \u00e8 relativamente stabile dal punto di vista chimico e non reagisce con l&#8217;acqua a temperatura ambiente, ma reagisce con l&#8217;ossigeno in condizioni di riscaldamento per formare ossido di tellurio.<\/p>\n<p>Acidit\u00e0 e alcalinit\u00e0: insolubile in alcali, ma solubile in acidi forti come acido solforico concentrato, acido nitrico e acqua regia.<\/p>\n<p>Conduttivit\u00e0: il tellurio \u00e8 un materiale semiconduttore con una conduttivit\u00e0 tra conduttori e isolanti, una propriet\u00e0 che lo rende prezioso in elettronica, optoelettronica e altre applicazioni.<\/p>\n<h2><span style=\"font-size: 14pt;\">Applicazioni dei granuli di tellurio<\/span><\/h2>\n<p>Leghe: Migliora la lavorabilit\u00e0 del rame e dell&#8217;acciaio inossidabile e aumenta la forza, la durezza e la resistenza alla corrosione del piombo per applicazioni quali parti di precisione e batterie al piombo.<\/p>\n<p>Semiconduttori ed elettronica: Utilizzato per produrre materiali semiconduttori II-VI come il CdTe per le celle solari e i rivelatori a infrarossi, e serve come bersaglio di sputtering o di evaporazione per la deposizione di film sottili nella microelettronica.<\/p>\n<p>Campo chimico: Agisce come additivo per la vulcanizzazione della gomma per migliorare la resistenza al calore e all&#8217;usura e funziona come componente catalitico nel cracking del petrolio per aumentare l&#8217;efficienza della produzione di carburante.<\/p>\n<p>Altre applicazioni: Viene utilizzato come agente colorante in vetro e ceramica, come materiale per i materiali di consumo per l&#8217;analisi del carbonio e nelle apparecchiature di rilevamento delle radiazioni nucleari.<\/p>\n<h2><span style=\"font-size: 14pt;\">Imballaggio e stoccaggio<\/span><\/h2>\n<p>I granuli di tellurio sono confezionati in sacchetti di plastica a doppio strato sigillati sottovuoto o in sacchetti di alluminio a prova di umidit\u00e0 e quindi collocati in cartoni o fusti robusti e resistenti agli urti per evitare l&#8217;assorbimento di umidit\u00e0, l&#8217;ossidazione e i danni meccanici durante il trasporto, garantendo la purezza del prodotto e l&#8217;integrit\u00e0 delle particelle.<\/p>\n<p>Conservare in un ambiente fresco, asciutto e ben ventilato, lontano da umidit\u00e0, fonti di calore e sostanze corrosive, e tenere ben sigillato per evitare l&#8217;esposizione prolungata all&#8217;aria, mantenendo la stabilit\u00e0 chimica e le prestazioni.<\/p>\n","protected":false},"excerpt":{"rendered":"<p>I granuli di tellurio metallico sono composti dall&#8217;elemento tellurio, hanno una lucentezza metallica e sono chimicamente attivi e svolgono un ruolo importante in molti campi come i semiconduttori, i materiali termoelettrici e i prodotti chimici. VIMATERIAL offre tellurio metallico di elevata purezza tellurio metallico con una purezza fino a 6N. Le diverse dimensioni possono essere [&hellip;]<\/p>\n","protected":false},"featured_media":1032666,"comment_status":"open","ping_status":"closed","template":"","meta":{"_acf_changed":false},"product_brand":[],"product_cat":[198],"product_tag":[],"class_list":{"0":"post-1048624","1":"product","2":"type-product","3":"status-publish","4":"has-post-thumbnail","6":"product_cat-materiali-per-levaporazione","8":"first","9":"instock","10":"shipping-taxable","11":"purchasable","12":"product-type-variable"},"acf":[],"_links":{"self":[{"href":"https:\/\/vimaterial.de\/it\/wp-json\/wp\/v2\/product\/1048624","targetHints":{"allow":["GET"]}}],"collection":[{"href":"https:\/\/vimaterial.de\/it\/wp-json\/wp\/v2\/product"}],"about":[{"href":"https:\/\/vimaterial.de\/it\/wp-json\/wp\/v2\/types\/product"}],"replies":[{"embeddable":true,"href":"https:\/\/vimaterial.de\/it\/wp-json\/wp\/v2\/comments?post=1048624"}],"wp:featuredmedia":[{"embeddable":true,"href":"https:\/\/vimaterial.de\/it\/wp-json\/wp\/v2\/media\/1032666"}],"wp:attachment":[{"href":"https:\/\/vimaterial.de\/it\/wp-json\/wp\/v2\/media?parent=1048624"}],"wp:term":[{"taxonomy":"product_brand","embeddable":true,"href":"https:\/\/vimaterial.de\/it\/wp-json\/wp\/v2\/product_brand?post=1048624"},{"taxonomy":"product_cat","embeddable":true,"href":"https:\/\/vimaterial.de\/it\/wp-json\/wp\/v2\/product_cat?post=1048624"},{"taxonomy":"product_tag","embeddable":true,"href":"https:\/\/vimaterial.de\/it\/wp-json\/wp\/v2\/product_tag?post=1048624"}],"curies":[{"name":"wp","href":"https:\/\/api.w.org\/{rel}","templated":true}]}}