{"id":1048498,"date":"2024-06-17T14:28:17","date_gmt":"2024-06-17T06:28:17","guid":{"rendered":"https:\/\/vimaterial.de\/product\/subossido-di-titanio-3\/"},"modified":"2024-06-17T14:28:17","modified_gmt":"2024-06-17T06:28:17","slug":"subossido-di-titanio-3","status":"publish","type":"product","link":"https:\/\/vimaterial.de\/it\/product\/subossido-di-titanio-3\/","title":{"rendered":"Subossido di titanio"},"content":{"rendered":"<p><span style=\"color: #0000ff;\"><a style=\"color: #0000ff;\" href=\"https:\/\/vimaterial.de\/it\/search\/?type=element&#038;keyword=Ti%2CO\">Subossido di titanio<\/a><\/span> i granuli sono composti contenenti titanio e ossigeno con un contenuto di ossigeno inferiore a quello del biossido di titanio, in un&#8217;ampia gamma di colori, con buona conducibilit\u00e0 elettrica e stabilit\u00e0 chimica e con potenziali applicazioni in elettronica, catalisi e altri campi.<\/p>\n<p>VIMATERIAL \u00e8 un&#8217;azienda all&#8217;avanguardia nell&#8217;innovazione dei materiali chimici, specializzata in materiali ad alte prestazioni progettati per applicazioni ingegneristiche avanzate. I nostri prodotti sono di elevata purezza e qualit\u00e0, supportiamo il confezionamento di piccoli lotti, MOQ di prodotti ridotti, scorte sufficienti e supporto alla personalizzazione<span style=\"color: #0000ff;\"><a style=\"color: #0000ff;\" href=\"https:\/\/vimaterial.de\/it\/contatto\/\"> contattateci.<\/a><\/span><\/p>\n<h2><span style=\"font-size: 14pt;\">Applicazioni dei granuli di subossido di titanio<\/span><\/h2>\n<p>Campo delle batterie: I granuli di subossido di titanio sono ampiamente utilizzati nei materiali per elettrodi di batterie, che possono migliorare la conduttivit\u00e0 e le prestazioni di carica\/scarica delle batterie, ad esempio nelle batterie agli ioni di litio come additivo, che contribuisce a migliorare la durata del ciclo delle batterie e la capacit\u00e0 di carica\/scarica rapida.<\/p>\n<p>Materiali elettronici: Nei materiali elettronici, i granuli di biossido di titanio sono utilizzati per realizzare lo strato conduttivo dei componenti elettronici. Grazie alla sua buona conducibilit\u00e0 elettrica e stabilit\u00e0 chimica, \u00e8 in grado di trasmettere efficacemente i segnali elettronici e pu\u00f2 essere utilizzato per produrre chip e schede elettroniche ad alte prestazioni.<\/p>\n<p>Materiali ottici: Nelle applicazioni dei materiali ottici, i granuli di biossido di titanio possono essere utilizzati per modificare le propriet\u00e0 ottiche dei materiali, regolandone la composizione e la struttura, e sono impiegati per realizzare lenti o filtri ottici speciali che assorbono o riflettono la luce a lunghezze d&#8217;onda specifiche.<\/p>\n<p>Ceramica: nella ceramica, i granuli di biossido di titanio migliorano le propriet\u00e0 meccaniche ed elettriche della ceramica, rendendola pi\u00f9 durevole ed elettricamente conduttiva per la produzione di condensatori ceramici ad alte prestazioni.<\/p>\n<h2><span style=\"font-size: 14pt;\">Controllo di qualit\u00e0<\/span><\/h2>\n<p><span style=\"color: #0000ff;\"><a style=\"color: #0000ff;\" href=\"https:\/\/vimaterial.de\/it\/controllo-qualita\/\">I nostri prodotti<\/a><\/span> sono soggetti a un rigoroso sistema di gestione della qualit\u00e0. Dai materiali in entrata, alla lavorazione, all&#8217;ispezione finale, fino all&#8217;ispezione in fabbrica, esistono rigorosi standard di controllo. Vengono adottate rigorose misure di isolamento per le lavorazioni non qualificate, per evitare che i prodotti non qualificati passino al processo successivo. I campioni vengono forniti per una nuova ispezione da parte del cliente in base alle sue esigenze.<\/p>\n<h2><span style=\"font-size: 14pt;\">Imballaggio e stoccaggio<\/span><\/h2>\n<p>I granuli di biossido di titanio sono confezionati in sacchetti o bottiglie a doppio strato e imballati in cartoni.<\/p>\n<p>I pellet di biossido di titanio devono essere conservati in un ambiente asciutto, fresco e ben ventilato, sigillato e tenuto lontano da fuoco, acqua, acidi e alcali forti e agenti ossidanti forti, per evitare umidit\u00e0, ossidazione o reazione chimica e cambiamento delle propriet\u00e0.<\/p>\n","protected":false},"excerpt":{"rendered":"<p>Subossido di titanio i granuli sono composti contenenti titanio e ossigeno con un contenuto di ossigeno inferiore a quello del biossido di titanio, in un&#8217;ampia gamma di colori, con buona conducibilit\u00e0 elettrica e stabilit\u00e0 chimica e con potenziali applicazioni in elettronica, catalisi e altri campi. VIMATERIAL \u00e8 un&#8217;azienda all&#8217;avanguardia nell&#8217;innovazione dei materiali chimici, specializzata in [&hellip;]<\/p>\n","protected":false},"featured_media":1000847,"comment_status":"open","ping_status":"closed","template":"","meta":{"_acf_changed":false},"product_brand":[],"product_cat":[198],"product_tag":[],"class_list":{"0":"post-1048498","1":"product","2":"type-product","3":"status-publish","4":"has-post-thumbnail","6":"product_cat-materiali-per-levaporazione","8":"first","9":"instock","10":"shipping-taxable","11":"product-type-variable"},"acf":[],"_links":{"self":[{"href":"https:\/\/vimaterial.de\/it\/wp-json\/wp\/v2\/product\/1048498","targetHints":{"allow":["GET"]}}],"collection":[{"href":"https:\/\/vimaterial.de\/it\/wp-json\/wp\/v2\/product"}],"about":[{"href":"https:\/\/vimaterial.de\/it\/wp-json\/wp\/v2\/types\/product"}],"replies":[{"embeddable":true,"href":"https:\/\/vimaterial.de\/it\/wp-json\/wp\/v2\/comments?post=1048498"}],"wp:featuredmedia":[{"embeddable":true,"href":"https:\/\/vimaterial.de\/it\/wp-json\/wp\/v2\/media\/1000847"}],"wp:attachment":[{"href":"https:\/\/vimaterial.de\/it\/wp-json\/wp\/v2\/media?parent=1048498"}],"wp:term":[{"taxonomy":"product_brand","embeddable":true,"href":"https:\/\/vimaterial.de\/it\/wp-json\/wp\/v2\/product_brand?post=1048498"},{"taxonomy":"product_cat","embeddable":true,"href":"https:\/\/vimaterial.de\/it\/wp-json\/wp\/v2\/product_cat?post=1048498"},{"taxonomy":"product_tag","embeddable":true,"href":"https:\/\/vimaterial.de\/it\/wp-json\/wp\/v2\/product_tag?post=1048498"}],"curies":[{"name":"wp","href":"https:\/\/api.w.org\/{rel}","templated":true}]}}