{"id":1048457,"date":"2024-06-17T14:22:50","date_gmt":"2024-06-17T06:22:50","guid":{"rendered":"https:\/\/vimaterial.de\/product\/ossido-di-titanio-7\/"},"modified":"2024-06-17T14:22:50","modified_gmt":"2024-06-17T06:22:50","slug":"ossido-di-titanio-7","status":"publish","type":"product","link":"https:\/\/vimaterial.de\/it\/product\/ossido-di-titanio-7\/","title":{"rendered":"Ossido di titanio"},"content":{"rendered":"<p><span style=\"color: #0000ff;\"><a style=\"color: #0000ff;\" href=\"https:\/\/vimaterial.de\/it\/search\/?type=element&#038;keyword=Ti%2CO\">Il triossido di titanio<\/a><\/span> \u00e8 un composto inorganico con formula chimica Ti2O3, che \u00e8 un materiale semiconduttore di colore viola.<\/p>\n<p>VIMATERIAL si \u00e8 guadagnata la fiducia di un&#8217;ampia gamma di clienti grazie a una qualit\u00e0 eccezionale, a una gamma di prodotti completa e a un servizio attento. I nostri prodotti sono esportati in tutto il mondo e godono di un&#8217;ottima reputazione. Impegnati per l&#8217;integrit\u00e0 e la qualit\u00e0 in primo luogo, accogliamo calorosamente i clienti per <span style=\"color: #0000ff;\"><a style=\"color: #0000ff;\" href=\"https:\/\/vimaterial.de\/it\/contatto\/\">chiedere informazioni<\/a><\/span> e collaborare con noi.<\/p>\n<h2><span style=\"font-size: 14pt;\">Propriet\u00e0<\/span><\/h2>\n<p>Formula chimica: Ti2O3<\/p>\n<p>Peso molecolare: 143,73 g\/mol<\/p>\n<p>Aspetto: solido viola-nero<\/p>\n<p>Punto di fusione: 2130 \u2103<\/p>\n<p>Densit\u00e0: 4.49 g\/cm\u00b3<\/p>\n<p>Solubilit\u00e0 in acqua: insolubile<\/p>\n<h2><span style=\"font-size: 14pt;\">Applicazioni del Ti2O3<\/span><\/h2>\n<p>Dispositivi optoelettronici: Il triossido di titanio \u00e8 un materiale semiconduttore con buone propriet\u00e0 ottiche ed elettroniche. Pu\u00f2 essere utilizzato per produrre celle solari, schermi, fotodiodi e altri dispositivi. Inoltre, il triossido di titanio ha anche eccellenti propriet\u00e0 fotocatalitiche, in grado di convertire l&#8217;energia luminosa in energia chimica per degradare la materia organica e purificare i corpi idrici.<\/p>\n<p>settore ambientale: In campo ambientale, il triossido di titanio \u00e8 ampiamente utilizzato nella purificazione dell&#8217;aria, nel trattamento delle acque e nei materiali autopulenti. Le sue propriet\u00e0 fotocatalitiche consentono al triossido di titanio di purificare l&#8217;aria e i corpi idrici attraverso reazioni fotocatalitiche.<\/p>\n<p>Produzione di gemme artificiali: Il triossido di titanio \u00e8 utilizzato anche nella produzione di pietre preziose artificiali. Pu\u00f2 essere utilizzato per produrre pellicole dense e colorate ed \u00e8 adatto per rivestire pellicole composite, pellicole colorate, pellicole antiriflesso e pellicole ultraviolette.<\/p>\n<h2><span style=\"color: #0000ff;\"><a style=\"color: #0000ff;\" href=\"https:\/\/vimaterial.de\/it\/controllo-qualita\/\"><span style=\"font-size: 14pt;\">Controllo qualit\u00e0<\/span><\/a><\/span><\/h2>\n<p>I nostri prodotti implementano il pi\u00f9 rigoroso sistema di gestione della qualit\u00e0. Esistono standard di ispezione rigorosi per i materiali in entrata, i processi, le ispezioni finali e le ispezioni in fabbrica. Per le lavorazioni non qualificate vengono adottate rigorose misure di isolamento per evitare che i prodotti non qualificati passino al processo successivo. I campioni saranno forniti ai clienti in base alle loro esigenze per una nuova ispezione.<\/p>\n<h2><span style=\"font-size: 14pt;\">Imballaggio e stoccaggio<\/span><\/h2>\n<p>Solitamente confezionato sottovuoto internamente e in cartone esternamente, pu\u00f2 anche essere confezionato in base alle esigenze del cliente.<\/p>\n<p>Conservare in un luogo fresco e asciutto e assicurarsi che l&#8217;officina abbia una buona ventilazione o dispositivi di scarico.<\/p>\n","protected":false},"excerpt":{"rendered":"<p>Il triossido di titanio \u00e8 un composto inorganico con formula chimica Ti2O3, che \u00e8 un materiale semiconduttore di colore viola. VIMATERIAL si \u00e8 guadagnata la fiducia di un&#8217;ampia gamma di clienti grazie a una qualit\u00e0 eccezionale, a una gamma di prodotti completa e a un servizio attento. I nostri prodotti sono esportati in tutto il [&hellip;]<\/p>\n","protected":false},"featured_media":1048452,"comment_status":"open","ping_status":"closed","template":"","meta":{"_acf_changed":false},"product_brand":[],"product_cat":[198],"product_tag":[],"class_list":{"0":"post-1048457","1":"product","2":"type-product","3":"status-publish","4":"has-post-thumbnail","6":"product_cat-materiali-per-levaporazione","8":"first","9":"instock","10":"shipping-taxable","11":"product-type-variable"},"acf":[],"_links":{"self":[{"href":"https:\/\/vimaterial.de\/it\/wp-json\/wp\/v2\/product\/1048457","targetHints":{"allow":["GET"]}}],"collection":[{"href":"https:\/\/vimaterial.de\/it\/wp-json\/wp\/v2\/product"}],"about":[{"href":"https:\/\/vimaterial.de\/it\/wp-json\/wp\/v2\/types\/product"}],"replies":[{"embeddable":true,"href":"https:\/\/vimaterial.de\/it\/wp-json\/wp\/v2\/comments?post=1048457"}],"wp:featuredmedia":[{"embeddable":true,"href":"https:\/\/vimaterial.de\/it\/wp-json\/wp\/v2\/media\/1048452"}],"wp:attachment":[{"href":"https:\/\/vimaterial.de\/it\/wp-json\/wp\/v2\/media?parent=1048457"}],"wp:term":[{"taxonomy":"product_brand","embeddable":true,"href":"https:\/\/vimaterial.de\/it\/wp-json\/wp\/v2\/product_brand?post=1048457"},{"taxonomy":"product_cat","embeddable":true,"href":"https:\/\/vimaterial.de\/it\/wp-json\/wp\/v2\/product_cat?post=1048457"},{"taxonomy":"product_tag","embeddable":true,"href":"https:\/\/vimaterial.de\/it\/wp-json\/wp\/v2\/product_tag?post=1048457"}],"curies":[{"name":"wp","href":"https:\/\/api.w.org\/{rel}","templated":true}]}}