{"id":1048437,"date":"2024-06-17T14:26:55","date_gmt":"2024-06-17T06:26:55","guid":{"rendered":"https:\/\/vimaterial.de\/product\/monossido-di-titanio-3\/"},"modified":"2024-06-17T14:26:55","modified_gmt":"2024-06-17T06:26:55","slug":"monossido-di-titanio-3","status":"publish","type":"product","link":"https:\/\/vimaterial.de\/it\/product\/monossido-di-titanio-3\/","title":{"rendered":"Monossido di titanio"},"content":{"rendered":"<p><span style=\"color: #0000ff;\"><a style=\"color: #0000ff;\" href=\"https:\/\/vimaterial.de\/it\/search\/?type=element&#038;keyword=Ti%2CO\">Monossido di titanio<\/a><\/span> i granuli sono particelle composte costituite principalmente da titanio e ossigeno, di colore nero o grigio scuro, con elevata stabilit\u00e0 chimica, una certa conducibilit\u00e0 elettrica e potenziali applicazioni in elettronica, ceramica, catalisi e altri campi.<\/p>\n<p>VIMATERIAL \u00e8 un&#8217;azienda all&#8217;avanguardia nell&#8217;innovazione dei materiali chimici, specializzata in materiali ad alte prestazioni progettati per applicazioni ingegneristiche avanzate. I nostri prodotti sono di elevata purezza e qualit\u00e0, supportiamo il confezionamento di piccoli lotti, MOQ di prodotti ridotti, scorte sufficienti e supporto alla personalizzazione <span style=\"color: #0000ff;\"><a style=\"color: #0000ff;\" href=\"https:\/\/vimaterial.de\/it\/contatto\/\">contattateci<\/a><\/span>.<\/p>\n<h2><span style=\"font-size: 14pt;\">Propriet\u00e0<\/span><\/h2>\n<p>Formula molecolare: TiO<\/p>\n<p>Peso molecolare: 63,87 g\/mol<\/p>\n<p>Aspetto: giallo terroso<\/p>\n<p>Densit\u00e0: circa 4,95 g\/cm\u00b3.<\/p>\n<p>Punto di fusione: ~ 1700\u00b0C<\/p>\n<p>Punto di ebollizione: &gt; 3000\u00b0C<\/p>\n<p>Struttura cristallina: sistema cristallino cubico<\/p>\n<h2><span style=\"font-size: 14pt;\">Applicazione<\/span><\/h2>\n<p>Produzione di componenti elettronici: I granuli di monossido di titanio sono utilizzati nella produzione di resistenze per garantire un funzionamento stabile dei dispositivi elettronici, regolando accuratamente la corrente nei circuiti grazie alle sue propriet\u00e0 di resistenza stabile.<\/p>\n<p>Rivestimenti: L&#8217;aggiunta di granuli di monossido di titanio ai rivestimenti superficiali metallici migliora la resistenza all&#8217;usura e alla corrosione dei rivestimenti e prolunga la vita utile delle parti metalliche in ambienti difficili.<\/p>\n<p>Celle solari: Come materiali elettrodici per le celle solari, i granuli di monossido di titanio aumentano l&#8217;efficienza di conversione fotovoltaica delle celle e contribuiscono all&#8217;uso efficiente dell&#8217;energia solare.<\/p>\n<p>Ceramica: L&#8217;aggiunta di particelle di monossido di titanio alle ceramiche consente di migliorare le propriet\u00e0 meccaniche ed elettriche per la produzione di ceramiche elettroniche di alta gamma.<\/p>\n<p>Vettori catalitici: Grazie alla loro struttura chimica unica, i granuli di monossido di titanio fungono da vettori catalitici, fornendo siti attivi catalitici altamente efficienti per accelerare le reazioni chimiche.<\/p>\n<h2><span style=\"font-size: 14pt;\">Controllo di qualit\u00e0<\/span><\/h2>\n<p><span style=\"color: #0000ff;\"><a style=\"color: #0000ff;\" href=\"https:\/\/vimaterial.de\/it\/controllo-qualita\/\">I nostri prodotti<\/a> <\/span>sono soggetti a un rigoroso sistema di gestione della qualit\u00e0. Dai materiali in entrata, alla lavorazione, all&#8217;ispezione finale, fino all&#8217;ispezione in fabbrica, esistono rigorosi standard di controllo. Vengono adottate rigorose misure di isolamento per le lavorazioni non qualificate, per evitare che i prodotti non qualificati passino al processo successivo. I campioni vengono forniti per una nuova ispezione da parte del cliente in base alle sue esigenze.<\/p>\n<h2><span style=\"font-size: 14pt;\">Imballaggio e stoccaggio<\/span><\/h2>\n<p>I granuli di monossido di titanio sono confezionati in sacchetti o bottiglie a doppio strato e imballati in cartoni.<\/p>\n<p>I granuli di monossido di titanio devono essere conservati in un ambiente asciutto, fresco e ben ventilato, in contenitori sigillati, evitando il contatto con acqua, acidi forti, basi forti e agenti ossidanti forti, per evitare l&#8217;ossidazione, la deliquescenza o altre reazioni chimiche che potrebbero alterarne le propriet\u00e0.<\/p>\n","protected":false},"excerpt":{"rendered":"<p>Monossido di titanio i granuli sono particelle composte costituite principalmente da titanio e ossigeno, di colore nero o grigio scuro, con elevata stabilit\u00e0 chimica, una certa conducibilit\u00e0 elettrica e potenziali applicazioni in elettronica, ceramica, catalisi e altri campi. VIMATERIAL \u00e8 un&#8217;azienda all&#8217;avanguardia nell&#8217;innovazione dei materiali chimici, specializzata in materiali ad alte prestazioni progettati per applicazioni [&hellip;]<\/p>\n","protected":false},"featured_media":1000771,"comment_status":"open","ping_status":"closed","template":"","meta":{"_acf_changed":false},"product_brand":[],"product_cat":[198],"product_tag":[],"class_list":{"0":"post-1048437","1":"product","2":"type-product","3":"status-publish","4":"has-post-thumbnail","6":"product_cat-materiali-per-levaporazione","8":"first","9":"instock","10":"shipping-taxable","11":"purchasable","12":"product-type-variable"},"acf":[],"_links":{"self":[{"href":"https:\/\/vimaterial.de\/it\/wp-json\/wp\/v2\/product\/1048437","targetHints":{"allow":["GET"]}}],"collection":[{"href":"https:\/\/vimaterial.de\/it\/wp-json\/wp\/v2\/product"}],"about":[{"href":"https:\/\/vimaterial.de\/it\/wp-json\/wp\/v2\/types\/product"}],"replies":[{"embeddable":true,"href":"https:\/\/vimaterial.de\/it\/wp-json\/wp\/v2\/comments?post=1048437"}],"wp:featuredmedia":[{"embeddable":true,"href":"https:\/\/vimaterial.de\/it\/wp-json\/wp\/v2\/media\/1000771"}],"wp:attachment":[{"href":"https:\/\/vimaterial.de\/it\/wp-json\/wp\/v2\/media?parent=1048437"}],"wp:term":[{"taxonomy":"product_brand","embeddable":true,"href":"https:\/\/vimaterial.de\/it\/wp-json\/wp\/v2\/product_brand?post=1048437"},{"taxonomy":"product_cat","embeddable":true,"href":"https:\/\/vimaterial.de\/it\/wp-json\/wp\/v2\/product_cat?post=1048437"},{"taxonomy":"product_tag","embeddable":true,"href":"https:\/\/vimaterial.de\/it\/wp-json\/wp\/v2\/product_tag?post=1048437"}],"curies":[{"name":"wp","href":"https:\/\/api.w.org\/{rel}","templated":true}]}}