{"id":1048392,"date":"2024-06-17T16:05:18","date_gmt":"2024-06-17T08:05:18","guid":{"rendered":"https:\/\/vimaterial.de\/product\/ossido-di-neodimio-3\/"},"modified":"2024-06-17T16:05:18","modified_gmt":"2024-06-17T08:05:18","slug":"ossido-di-neodimio-3","status":"publish","type":"product","link":"https:\/\/vimaterial.de\/it\/product\/ossido-di-neodimio-3\/","title":{"rendered":"Ossido di neodimio"},"content":{"rendered":"<p><span style=\"color: #0000ff;\"><a style=\"color: #0000ff;\" href=\"https:\/\/vimaterial.de\/it\/search\/?type=element&#038;keyword=Nd2O3\">L&#8217;ossido di neodimio<\/a><\/span> \u00e8 una polvere di ossido di metalli delle terre rare, di colore blu chiaro (che diventa blu scuro a contatto con l&#8217;acqua), insolubile in acqua ma solubile in acidi inorganici. Viene utilizzato principalmente nei materiali per magneti permanenti, nel vetro ottico e nella colorazione della ceramica.<\/p>\n<p>VIMATERIAL offre polvere di ossido di neodimio di elevata purezza, personalizzabile in base alle vostre esigenze. <span style=\"color: #0000ff;\"><a style=\"color: #0000ff;\" href=\"https:\/\/vimaterial.de\/it\/contatto\/\">Contattateci<\/a><\/span> per un preventivo.<\/p>\n<h2><span style=\"font-size: 14pt;\">Caratteristiche<\/span><\/h2>\n<p>Peso molecolare: 336,48g\/mol<\/p>\n<p>Colore: Azzurro.<\/p>\n<p>Densit\u00e0: 7,24 g\/cm\u00b3, \u00e8 pi\u00f9 denso, il che lo rende pesante e stabile nelle applicazioni, ad esempio in ceramica, leghe e altri materiali per aumentare la densit\u00e0 e il peso del materiale.<\/p>\n<p>Punto di fusione: 2233\u00b0C (4051\u00b0F) o circa 1900\u00b0C (i dati di letteratura variano leggermente). L&#8217;elevato punto di fusione garantisce il mantenimento di propriet\u00e0 fisiche stabili alle alte temperature e pu\u00f2 essere utilizzato in processi e applicazioni legati alle alte temperature.<\/p>\n<p>Punto di ebollizione: 3760\u00b0C (6800\u00b0F).<\/p>\n<p>Solubilit\u00e0: molto poco solubile in acqua, la solubilit\u00e0 \u00e8 0,00019g\/100ml di acqua a 20\u2103, la solubilit\u00e0 \u00e8 0,003g\/100ml di acqua a 75\u2103, ma facilmente solubile in acidi inorganici.<\/p>\n<p>Igroscopicit\u00e0 e assorbimento di anidride carbonica: Assorbe facilmente l&#8217;umidit\u00e0 e l&#8217;anidride carbonica presenti nell&#8217;aria, pertanto \u00e8 necessario prestare attenzione alla protezione dall&#8217;umidit\u00e0 e alla sigillatura durante lo stoccaggio e l&#8217;uso.<\/p>\n<p>Propriet\u00e0 magnetiche: L&#8217;Nd2O3 ha determinate propriet\u00e0 magnetiche, \u00e8 una delle materie prime importanti per la produzione di materiali magnetici permanenti e pu\u00f2 essere utilizzato per produrre magneti permanenti NdFeB a forte magnetismo.<\/p>\n<p>Propriet\u00e0 ottiche: Ha importanti applicazioni nel campo dell&#8217;ottica, dove possiede propriet\u00e0 di assorbimento ed emissione di luce di specifiche lunghezze d&#8217;onda.<\/p>\n<h2><span style=\"font-size: 14pt;\">Applicazioni dell&#8217;ossido di neodimio<\/span><\/h2>\n<p>Materiali per magneti permanenti: L&#8217;ossido di neodimio \u00e8 una materia prima fondamentale per i magneti permanenti NdFeB, ampiamente utilizzati nei motori elettrici, nelle turbine eoliche, nell&#8217;elettronica, nel settore aerospaziale e negli hard disk.<\/p>\n<p>Campo ottico: \u00c8 utilizzato nei materiali laser come Nd:YAG per il taglio, la saldatura, la marcatura e le applicazioni mediche e come colorante per vetri colorati, filtri e vetri ottici protettivi con speciali propriet\u00e0 ottiche.<\/p>\n<p>Settore ceramico: Come drogante ceramico, l&#8217;ossido di neodimio migliora le prestazioni e l&#8217;aspetto della ceramica, soprattutto per gli smalti ad alta temperatura.<\/p>\n<p>Settore elettronico: L&#8217;ossido di neodimio \u00e8 utilizzato come drogante nei condensatori ceramici per migliorare le prestazioni elettriche.<\/p>\n<p>Materiali in lega: L&#8217;aggiunta di ossido di neodimio alle leghe di magnesio o alluminio migliora le prestazioni ad alta temperatura, la resistenza alla corrosione e l&#8217;ermeticit\u00e0 per le applicazioni aerospaziali.<\/p>\n<p>Campo catalitico: L&#8217;ossido di neodimio pu\u00f2 essere utilizzato come catalizzatore o vettore catalitico in reazioni chimiche come la polimerizzazione.<\/p>\n<h2><span style=\"font-size: 14pt;\">Imballaggio e stoccaggio<\/span><\/h2>\n<p>La polvere di ossido di neodimio viene confezionata in imballaggi professionali a prova di umidit\u00e0 e contaminazione. Lo strato interno \u00e8 costituito da un sacchetto sigillato a prova di umidit\u00e0 o da un imballaggio sottovuoto, mentre lo strato esterno \u00e8 costituito da una scatola di cartone rinforzato o da un fusto. In questo modo si previene efficacemente l&#8217;umidit\u00e0, l&#8217;ossidazione e la contaminazione da impurit\u00e0 durante il trasporto e lo stoccaggio, garantendo una qualit\u00e0 stabile della polvere.<\/p>\n<p>Il prodotto deve essere conservato in un ambiente fresco, asciutto e ben ventilato, evitando la luce solare diretta e l&#8217;umidit\u00e0 elevata, e lontano da sostanze corrosive come acidi e alcali. La conservazione nella confezione originale sigillata manterr\u00e0 la stabilit\u00e0 chimica e le prestazioni della polvere di ossido di neodimio per un lungo periodo.<\/p>\n","protected":false},"excerpt":{"rendered":"<p>L&#8217;ossido di neodimio \u00e8 una polvere di ossido di metalli delle terre rare, di colore blu chiaro (che diventa blu scuro a contatto con l&#8217;acqua), insolubile in acqua ma solubile in acidi inorganici. Viene utilizzato principalmente nei materiali per magneti permanenti, nel vetro ottico e nella colorazione della ceramica. VIMATERIAL offre polvere di ossido di [&hellip;]<\/p>\n","protected":false},"featured_media":1034123,"comment_status":"open","ping_status":"closed","template":"","meta":{"_acf_changed":false},"product_brand":[],"product_cat":[205,203],"product_tag":[],"class_list":{"0":"post-1048392","1":"product","2":"type-product","3":"status-publish","4":"has-post-thumbnail","6":"product_cat-materiali-ossidi-idrossidi","7":"product_cat-materiali-per-terre-rare","9":"first","10":"instock","11":"shipping-taxable","12":"product-type-variable"},"acf":[],"_links":{"self":[{"href":"https:\/\/vimaterial.de\/it\/wp-json\/wp\/v2\/product\/1048392","targetHints":{"allow":["GET"]}}],"collection":[{"href":"https:\/\/vimaterial.de\/it\/wp-json\/wp\/v2\/product"}],"about":[{"href":"https:\/\/vimaterial.de\/it\/wp-json\/wp\/v2\/types\/product"}],"replies":[{"embeddable":true,"href":"https:\/\/vimaterial.de\/it\/wp-json\/wp\/v2\/comments?post=1048392"}],"wp:featuredmedia":[{"embeddable":true,"href":"https:\/\/vimaterial.de\/it\/wp-json\/wp\/v2\/media\/1034123"}],"wp:attachment":[{"href":"https:\/\/vimaterial.de\/it\/wp-json\/wp\/v2\/media?parent=1048392"}],"wp:term":[{"taxonomy":"product_brand","embeddable":true,"href":"https:\/\/vimaterial.de\/it\/wp-json\/wp\/v2\/product_brand?post=1048392"},{"taxonomy":"product_cat","embeddable":true,"href":"https:\/\/vimaterial.de\/it\/wp-json\/wp\/v2\/product_cat?post=1048392"},{"taxonomy":"product_tag","embeddable":true,"href":"https:\/\/vimaterial.de\/it\/wp-json\/wp\/v2\/product_tag?post=1048392"}],"curies":[{"name":"wp","href":"https:\/\/api.w.org\/{rel}","templated":true}]}}