{"id":1048372,"date":"2024-06-17T14:42:44","date_gmt":"2024-06-17T06:42:44","guid":{"rendered":"https:\/\/vimaterial.de\/product\/nitruro-di-ferro\/"},"modified":"2024-06-17T14:42:44","modified_gmt":"2024-06-17T06:42:44","slug":"nitruro-di-ferro","status":"publish","type":"product","link":"https:\/\/vimaterial.de\/it\/product\/nitruro-di-ferro\/","title":{"rendered":"Nitruro di ferro"},"content":{"rendered":"<p><span style=\"color: #0000ff;\"><a style=\"color: #0000ff;\" href=\"https:\/\/vimaterial.de\/it\/product\/solfuro-di-ferro-4\/\">Polvere di nitruro di ferro<\/a><\/span> la polvere di nitruro di ferro \u00e8 una polvere composta da ferro e azoto, per lo pi\u00f9 di colore nero o grigio, con elevata durezza e propriet\u00e0 magnetiche, che trova importanti applicazioni nei materiali magnetici, nei rivestimenti resistenti all&#8217;usura, nei dispositivi elettronici e in altri campi.<\/p>\n<p>VIAMTERIAL fornisce polvere di nitruro di ferro. Le nostre polveri sono caratterizzate da elevata purezza, granulometria omogenea, buona fluidit\u00e0, propriet\u00e0 chimiche stabili, ecc. Supportiamo anche il confezionamento e l&#8217;ordinazione di piccoli lotti. Disponiamo di un team di ricerca e sviluppo tecnico professionale, accettiamo la personalizzazione del prodotto e la sperimentazione, per favore <span style=\"color: #0000ff;\"><a style=\"color: #0000ff;\" href=\"https:\/\/vimaterial.de\/it\/contatto\/\">contattateci.<\/a><\/span><\/p>\n<h2><span style=\"font-size: 14pt;\">Propriet\u00e0 fisiche<\/span><\/h2>\n<p>Formula molecolare: FexN (x=2-4)<\/p>\n<p>Aspetto: nero o nero-grigio<\/p>\n<h2><span style=\"font-size: 14pt;\">Applicazioni della polvere di nitruro di ferro<\/span><\/h2>\n<p>Materiali magnetici: Le polveri di nitruro di ferro sono utilizzate nella preparazione di magneti permanenti ad alte prestazioni per fornire forti propriet\u00e0 magnetiche a motori elettrici, generatori, ecc. per migliorare l&#8217;efficienza di conversione dell&#8217;energia e la densit\u00e0 di potenza delle apparecchiature.<\/p>\n<p>Lavorazione dei metalli: Le polveri di nitruro di ferro vengono applicate alla superficie degli utensili da taglio in metallo per aumentarne la resistenza all&#8217;usura e la durezza, consentendo loro di tagliare il metallo in modo efficiente, prolungando la durata degli utensili e riducendo i costi di lavorazione.<\/p>\n<p>Elettronica: Grazie alle loro propriet\u00e0 elettromagnetiche uniche, le polveri di nitruro di ferro sono utilizzate nella produzione di componenti induttivi ad alta frequenza per circuiti miniaturizzati e ad alte prestazioni nei dispositivi elettronici, come i sensori induttivi nelle schede madri degli smartphone.<\/p>\n<h2><span style=\"font-size: 14pt;\">Controllo qualit\u00e0<\/span><\/h2>\n<p><span style=\"color: #0000ff;\"><a style=\"color: #0000ff;\" href=\"https:\/\/vimaterial.de\/it\/controllo-qualita\/\">Il controllo qualit\u00e0<\/a><\/span> di ogni lotto di prodotti viene effettuato durante l&#8217;intero processo di approvvigionamento delle materie prime, produzione e lavorazione, test e ispezione e imballaggio, seguendo rigorosamente gli standard internazionali e le norme del settore. Disponiamo di attrezzature di prova avanzate, di un team di controllo qualit\u00e0 professionale e di un sistema di controllo qualit\u00e0 rigoroso per garantire la qualit\u00e0 dei prodotti.<\/p>\n<h2><span style=\"font-size: 14pt;\">Imballaggio e stoccaggio<\/span><\/h2>\n<p>Le polveri di nitruro di ferro sono confezionate in sacchi a doppio vuoto o in bottiglie a doppio vuoto e imballate in cartoni.<\/p>\n<p>Devono essere conservate in un ambiente asciutto, fresco e ben ventilato, sigillato, evitando il contatto con acqua, acidi, alcali e agenti ossidanti forti, e protette dall&#8217;umidit\u00e0 e dall&#8217;ossidazione.<\/p>\n","protected":false},"excerpt":{"rendered":"<p>Polvere di nitruro di ferro la polvere di nitruro di ferro \u00e8 una polvere composta da ferro e azoto, per lo pi\u00f9 di colore nero o grigio, con elevata durezza e propriet\u00e0 magnetiche, che trova importanti applicazioni nei materiali magnetici, nei rivestimenti resistenti all&#8217;usura, nei dispositivi elettronici e in altri campi. VIAMTERIAL fornisce polvere di [&hellip;]<\/p>\n","protected":false},"featured_media":1001931,"comment_status":"open","ping_status":"closed","template":"","meta":{"_acf_changed":false},"product_brand":[],"product_cat":[202],"product_tag":[],"class_list":{"0":"post-1048372","1":"product","2":"type-product","3":"status-publish","4":"has-post-thumbnail","6":"product_cat-materiali-c-n-b-si","8":"first","9":"instock","10":"shipping-taxable","11":"product-type-variable"},"acf":[],"_links":{"self":[{"href":"https:\/\/vimaterial.de\/it\/wp-json\/wp\/v2\/product\/1048372","targetHints":{"allow":["GET"]}}],"collection":[{"href":"https:\/\/vimaterial.de\/it\/wp-json\/wp\/v2\/product"}],"about":[{"href":"https:\/\/vimaterial.de\/it\/wp-json\/wp\/v2\/types\/product"}],"replies":[{"embeddable":true,"href":"https:\/\/vimaterial.de\/it\/wp-json\/wp\/v2\/comments?post=1048372"}],"wp:featuredmedia":[{"embeddable":true,"href":"https:\/\/vimaterial.de\/it\/wp-json\/wp\/v2\/media\/1001931"}],"wp:attachment":[{"href":"https:\/\/vimaterial.de\/it\/wp-json\/wp\/v2\/media?parent=1048372"}],"wp:term":[{"taxonomy":"product_brand","embeddable":true,"href":"https:\/\/vimaterial.de\/it\/wp-json\/wp\/v2\/product_brand?post=1048372"},{"taxonomy":"product_cat","embeddable":true,"href":"https:\/\/vimaterial.de\/it\/wp-json\/wp\/v2\/product_cat?post=1048372"},{"taxonomy":"product_tag","embeddable":true,"href":"https:\/\/vimaterial.de\/it\/wp-json\/wp\/v2\/product_tag?post=1048372"}],"curies":[{"name":"wp","href":"https:\/\/api.w.org\/{rel}","templated":true}]}}