{"id":1048356,"date":"2024-06-17T16:05:18","date_gmt":"2024-06-17T08:05:18","guid":{"rendered":"https:\/\/vimaterial.de\/product\/ossido-di-neodimio\/"},"modified":"2024-06-17T16:05:18","modified_gmt":"2024-06-17T08:05:18","slug":"ossido-di-neodimio","status":"publish","type":"product","link":"https:\/\/vimaterial.de\/it\/product\/ossido-di-neodimio\/","title":{"rendered":"Ossido di neodimio"},"content":{"rendered":"<p><span style=\"color: #0000ff;\"><a style=\"color: #0000ff;\" href=\"https:\/\/vimaterial.de\/it\/search\/?type=element&#038;keyword=Nd2O3\">Ossido di neodimio<\/a><\/span> il target di sputtering \u00e8 una sorta di ossido di neodimio come componente principale, utilizzato nella deposizione fisica in fase di vapore e in altri processi, con buone prestazioni di sputtering, in grado di formare film sottili di ossido di neodimio depositati sul materiale del substrato, e quindi ampiamente utilizzati in ottica, elettronica, materiali magnetici e molti altri campi di materiali chiave.<\/p>\n<p>VIMATERIAL offre bersagli sputtering in ossido di neodimio di elevata purezza e pu\u00f2 personalizzare diverse dimensioni per soddisfare le vostre esigenze. <span style=\"color: #0000ff;\"><a style=\"color: #0000ff;\" href=\"https:\/\/vimaterial.de\/it\/contatto\/\">Contattateci<\/a><\/span> per un preventivo.<\/p>\n<h2><span style=\"font-size: 14pt;\">Caratteristiche<\/span><\/h2>\n<p>Elevata purezza: i target di sputtering Nd2O3 di elevata purezza riducono al minimo l&#8217;interferenza delle impurit\u00e0 e garantiscono una composizione chimica stabile e prestazioni affidabili del film, soprattutto per i film sottili ottici.<\/p>\n<p>Buona stabilit\u00e0 chimica: L&#8217;ossido di neodimio mostra una buona stabilit\u00e0 chimica durante lo stoccaggio e lo sputtering, resistendo alle reazioni con l&#8217;aria e l&#8217;umidit\u00e0 per mantenere la qualit\u00e0 del target.<\/p>\n<p>Alta densit\u00e0: I target ad alta densit\u00e0 riducono gli schizzi di particelle, migliorano l&#8217;uniformit\u00e0 e la densit\u00e0 del film e riducono il rischio di assorbimento di gas e di incorporazione di impurit\u00e0.<\/p>\n<p>Durezza adeguata: La durezza moderata impedisce la formazione di crepe o deformazioni durante lo sputtering e consente una facile lavorazione in varie forme e dimensioni.<\/p>\n<p>Buona conducibilit\u00e0 termica: La buona conducibilit\u00e0 termica consente un&#8217;efficiente dissipazione del calore durante lo sputtering, prevenendo il surriscaldamento locale e prolungando la durata del target.<\/p>\n<p>Granulometria uniforme: La distribuzione uniforme dei grani garantisce un&#8217;emissione uniforme degli atomi, con conseguente spessore uniforme del film e prestazioni stabili.<\/p>\n<p>Basso tasso di difetti: I bassi difetti interni, come pori o crepe, riducono le scariche anomale e i danni al bersaglio, garantendo uno sputtering stabile e film di alta qualit\u00e0.<\/p>\n<h2><span style=\"font-size: 14pt;\">Applicazioni dei target di sputtering in ossido di neodimio<\/span><\/h2>\n<p>Materiali laser: Viene utilizzato come drogante nei cristalli laser come l&#8217;Nd:YAG, ampiamente applicato nel taglio laser, nella saldatura, nella marcatura, nel trattamento medico e nel laser ranging; i film di Nd:YAG possono anche essere preparati per sputtering.<\/p>\n<p>Vetro ottico: Viene utilizzato per produrre vetro ottico e colorato con propriet\u00e0 speciali, migliorando l&#8217;indice di rifrazione e le prestazioni cromatiche di lenti, microscopi e telescopi.<\/p>\n<p>Filtri: I film sottili di ossido di neodimio preparati per sputtering sono utilizzati nei filtri ottici per la selezione delle lunghezze d&#8217;onda e il filtraggio dei segnali nei sistemi di comunicazione e rilevamento ottici.<\/p>\n<p>Materiali semiconduttori: Come drogante per semiconduttori, l&#8217;ossido di neodimio regola le propriet\u00e0 elettriche e viene utilizzato per depositare film sottili funzionali nei circuiti integrati e nei dispositivi semiconduttori.<\/p>\n<p>Materiali per l&#8217;immagazzinamento magnetico: I film di ossido di neodimio sono utilizzati nei supporti di memorizzazione magneto-ottici, che offrono un&#8217;elevata densit\u00e0 di memorizzazione e prestazioni di lettura\/scrittura veloci.<\/p>\n<p>Ceramiche elettroniche: viene applicato nelle ceramiche elettroniche, come condensatori e materiali piezoelettrici, per migliorare le prestazioni elettriche e meccaniche.<\/p>\n<p>Celle solari: I film di ossido di neodimio sono utilizzati nelle celle solari come elettrodi o strati di modifica per migliorare la conduttivit\u00e0, la stabilit\u00e0 e l&#8217;efficienza di conversione fotoelettrica.<\/p>\n<p>Celle a combustibile: Viene utilizzato nei catalizzatori o negli elettrodi delle celle a combustibile per potenziare l&#8217;attivit\u00e0 catalitica, migliorare l&#8217;efficienza e ridurre il costo complessivo.<\/p>\n<h2><span style=\"font-size: 14pt;\">Imballaggio e stoccaggio<\/span><\/h2>\n<p>I target sputtering in ossido di neodimio sono confezionati con metodi professionali puliti, a prova di umidit\u00e0 e contaminazione. In genere si tratta di imballaggi interni sigillati sotto vuoto o riempiti di gas inerte, con uno strato esterno di schiuma che assorbe gli urti e cartone rinforzato o casse di legno. In questo modo si previene efficacemente l&#8217;ossidazione, l&#8217;umidit\u00e0 o i danni meccanici durante il trasporto e la movimentazione, garantendo la qualit\u00e0 della superficie e l&#8217;accuratezza dimensionale del target.<\/p>\n<p>Il prodotto deve essere conservato in un ambiente fresco, asciutto e ben ventilato, evitando la luce solare diretta, condizioni di temperatura e umidit\u00e0 elevate e lontano da sostanze corrosive come acidi e alcali. La conservazione nella confezione originale sigillata manterr\u00e0 la stabilit\u00e0 chimica e le prestazioni di sputtering per un lungo periodo.<\/p>\n","protected":false},"excerpt":{"rendered":"<p>Ossido di neodimio il target di sputtering \u00e8 una sorta di ossido di neodimio come componente principale, utilizzato nella deposizione fisica in fase di vapore e in altri processi, con buone prestazioni di sputtering, in grado di formare film sottili di ossido di neodimio depositati sul materiale del substrato, e quindi ampiamente utilizzati in ottica, [&hellip;]<\/p>\n","protected":false},"featured_media":1034128,"comment_status":"open","ping_status":"closed","template":"","meta":{"_acf_changed":false},"product_brand":[],"product_cat":[197],"product_tag":[],"class_list":{"0":"post-1048356","1":"product","2":"type-product","3":"status-publish","4":"has-post-thumbnail","6":"product_cat-obiettivi-di-sputtering-planari","8":"first","9":"instock","10":"shipping-taxable","11":"product-type-variable"},"acf":[],"_links":{"self":[{"href":"https:\/\/vimaterial.de\/it\/wp-json\/wp\/v2\/product\/1048356","targetHints":{"allow":["GET"]}}],"collection":[{"href":"https:\/\/vimaterial.de\/it\/wp-json\/wp\/v2\/product"}],"about":[{"href":"https:\/\/vimaterial.de\/it\/wp-json\/wp\/v2\/types\/product"}],"replies":[{"embeddable":true,"href":"https:\/\/vimaterial.de\/it\/wp-json\/wp\/v2\/comments?post=1048356"}],"wp:featuredmedia":[{"embeddable":true,"href":"https:\/\/vimaterial.de\/it\/wp-json\/wp\/v2\/media\/1034128"}],"wp:attachment":[{"href":"https:\/\/vimaterial.de\/it\/wp-json\/wp\/v2\/media?parent=1048356"}],"wp:term":[{"taxonomy":"product_brand","embeddable":true,"href":"https:\/\/vimaterial.de\/it\/wp-json\/wp\/v2\/product_brand?post=1048356"},{"taxonomy":"product_cat","embeddable":true,"href":"https:\/\/vimaterial.de\/it\/wp-json\/wp\/v2\/product_cat?post=1048356"},{"taxonomy":"product_tag","embeddable":true,"href":"https:\/\/vimaterial.de\/it\/wp-json\/wp\/v2\/product_tag?post=1048356"}],"curies":[{"name":"wp","href":"https:\/\/api.w.org\/{rel}","templated":true}]}}