{"id":1048318,"date":"2024-06-17T16:05:18","date_gmt":"2024-06-17T08:05:18","guid":{"rendered":"https:\/\/vimaterial.de\/product\/ossido-di-neodimio-2\/"},"modified":"2024-06-17T16:05:18","modified_gmt":"2024-06-17T08:05:18","slug":"ossido-di-neodimio-2","status":"publish","type":"product","link":"https:\/\/vimaterial.de\/it\/product\/ossido-di-neodimio-2\/","title":{"rendered":"Ossido di neodimio"},"content":{"rendered":"<p><span style=\"color: #0000ff;\"><a style=\"color: #0000ff;\" href=\"https:\/\/vimaterial.de\/it\/search\/?type=element&#038;keyword=Nd2O3\">L&#8217;ossido di neodimio<\/a><\/span> i granuli di neodimio sono un importante ossido di terre rare che si presenta come un solido viola pallido. Grazie alle loro eccellenti propriet\u00e0, hanno dimostrato un eccezionale valore applicativo in diversi campi.<\/p>\n<p>VIMATERIAL fornisce granuli, polveri e target di sputtering di ossido di neodimio di elevata purezza. Si prega di <span style=\"color: #0000ff;\"><a style=\"color: #0000ff;\" href=\"https:\/\/vimaterial.de\/it\/contatto\/\">contattateci<\/a><\/span> se necessario.<\/p>\n<h2><span style=\"font-size: 14pt;\">Propriet\u00e0 fisiche<\/span><\/h2>\n<p>Aspetto: Viola chiaro<\/p>\n<p>Densit\u00e0: 7,24g\/cm\u00b3<\/p>\n<p>Solubilit\u00e0: molto poco solubile in acqua, facilmente solubile in acido inorganico.<\/p>\n<p>Punto di fusione: 1900\u2103 ~ 2270\u2103<\/p>\n<p>Stabilit\u00e0: Stabile a temperatura e pressione ambiente.<\/p>\n<p>Igroscopicit\u00e0 e assorbimento di anidride carbonica: Assorbe facilmente l&#8217;umidit\u00e0 e l&#8217;anidride carbonica presenti nell&#8217;aria.<\/p>\n<h2><span style=\"font-size: 14pt;\">Applicazioni dei granuli di ossido di neodimio<\/span><\/h2>\n<p>Materiali magnetici permanenti: L&#8217;ossido di neodimio \u00e8 una materia prima fondamentale per i magneti permanenti NdFeB, caratterizzati da elevata energia magnetica e coercitivit\u00e0 e ampiamente utilizzati nei motori elettrici, nelle turbine eoliche, nei dispositivi aerospaziali ed elettronici.<\/p>\n<p>Materiali di lega: L&#8217;aggiunta dell&#8217;1,5%-2,5% di nano ossido di neodimio alle leghe di magnesio o alluminio migliora le prestazioni ad alta temperatura, l&#8217;ermeticit\u00e0 e la resistenza alla corrosione, rendendole adatte alle applicazioni aerospaziali e automobilistiche.<\/p>\n<p>Materiali laser: L&#8217;ossido di neodimio viene utilizzato per produrre cristalli laser drogati al neodimio come Nd:YAG, che trovano ampia applicazione nel taglio laser, nella saldatura, nella marcatura e nei trattamenti medici.<\/p>\n<p>Agente colorante per il vetro: Se aggiunto al vetro, l&#8217;ossido di neodimio produce tonalit\u00e0 dal rosso brillante al viola ed \u00e8 comunemente utilizzato nella produzione di vetro ottico e decorativo.<\/p>\n<p>Ceramica: Come drogante ceramico, l&#8217;ossido di neodimio migliora le prestazioni della ceramica e conferisce un colore rosso-viola, soprattutto negli smalti ad alta temperatura.<\/p>\n<p>Settore elettronico: L&#8217;ossido di neodimio \u00e8 utilizzato come drogante nei condensatori ceramici per migliorarne le prestazioni elettriche.<\/p>\n<p>Altri campi: Viene utilizzato come additivo nella gomma per migliorare la resistenza all&#8217;usura e all&#8217;invecchiamento e come catalizzatore nelle reazioni chimiche grazie alla sua buona attivit\u00e0 catalitica.<\/p>\n<h2><span style=\"font-size: 14pt;\">Controllo di qualit\u00e0<\/span><\/h2>\n<p>I nostri granuli di ossido di neodimio sono prodotti e controllati in stretta conformit\u00e0 con un sistema completo di gestione della qualit\u00e0 <span style=\"color: #0000ff;\"><a style=\"color: #0000ff;\" href=\"https:\/\/vimaterial.de\/it\/controllo-qualita\/\">sistema di gestione della qualit\u00e0<\/a><\/span>. Dalla selezione delle materie prime al controllo dei processi, fino all&#8217;ispezione del prodotto finito, vengono attuati molteplici controlli di qualit\u00e0 durante l&#8217;intero processo. Grazie a test rigorosi su indicatori chiave come la purezza, la distribuzione delle dimensioni, il contenuto di impurit\u00e0 e le propriet\u00e0 fisiche, garantiamo la stabilit\u00e0 dei lotti di prodotto e la costanza delle prestazioni, soddisfacendo i requisiti di qualit\u00e0 dei materiali magnetici, dei laser, dell&#8217;elettronica e delle applicazioni di fascia alta.<\/p>\n<h2><span style=\"font-size: 14pt;\">Imballaggio e stoccaggio<\/span><\/h2>\n<p>I granuli di Nd2O3 sono confezionati con metodi professionali a prova di umidit\u00e0 e contaminazione. Lo strato interno \u00e8 costituito da un sacchetto sigillato a prova di umidit\u00e0 o da un imballaggio sottovuoto, mentre lo strato esterno \u00e8 costituito da una scatola di cartone rinforzato o da un fusto. In questo modo si evitano efficacemente l&#8217;umidit\u00e0, i danni o la contaminazione durante il trasporto e la movimentazione, garantendo una qualit\u00e0 stabile del prodotto.<\/p>\n<p>Il prodotto deve essere conservato in un ambiente fresco, asciutto e ben ventilato, evitando la luce solare diretta e il contatto con sostanze corrosive come acidi e alcali. La conservazione nella confezione originale sigillata manterr\u00e0 le propriet\u00e0 fisiche e la stabilit\u00e0 chimica dei granuli di ossido di neodimio per un lungo periodo.<\/p>\n","protected":false},"excerpt":{"rendered":"<p>L&#8217;ossido di neodimio i granuli di neodimio sono un importante ossido di terre rare che si presenta come un solido viola pallido. Grazie alle loro eccellenti propriet\u00e0, hanno dimostrato un eccezionale valore applicativo in diversi campi. VIMATERIAL fornisce granuli, polveri e target di sputtering di ossido di neodimio di elevata purezza. Si prega di contattateci [&hellip;]<\/p>\n","protected":false},"featured_media":1048312,"comment_status":"open","ping_status":"closed","template":"","meta":{"_acf_changed":false},"product_brand":[],"product_cat":[198],"product_tag":[],"class_list":{"0":"post-1048318","1":"product","2":"type-product","3":"status-publish","4":"has-post-thumbnail","6":"product_cat-materiali-per-levaporazione","8":"first","9":"instock","10":"shipping-taxable","11":"product-type-variable"},"acf":[],"_links":{"self":[{"href":"https:\/\/vimaterial.de\/it\/wp-json\/wp\/v2\/product\/1048318","targetHints":{"allow":["GET"]}}],"collection":[{"href":"https:\/\/vimaterial.de\/it\/wp-json\/wp\/v2\/product"}],"about":[{"href":"https:\/\/vimaterial.de\/it\/wp-json\/wp\/v2\/types\/product"}],"replies":[{"embeddable":true,"href":"https:\/\/vimaterial.de\/it\/wp-json\/wp\/v2\/comments?post=1048318"}],"wp:featuredmedia":[{"embeddable":true,"href":"https:\/\/vimaterial.de\/it\/wp-json\/wp\/v2\/media\/1048312"}],"wp:attachment":[{"href":"https:\/\/vimaterial.de\/it\/wp-json\/wp\/v2\/media?parent=1048318"}],"wp:term":[{"taxonomy":"product_brand","embeddable":true,"href":"https:\/\/vimaterial.de\/it\/wp-json\/wp\/v2\/product_brand?post=1048318"},{"taxonomy":"product_cat","embeddable":true,"href":"https:\/\/vimaterial.de\/it\/wp-json\/wp\/v2\/product_cat?post=1048318"},{"taxonomy":"product_tag","embeddable":true,"href":"https:\/\/vimaterial.de\/it\/wp-json\/wp\/v2\/product_tag?post=1048318"}],"curies":[{"name":"wp","href":"https:\/\/api.w.org\/{rel}","templated":true}]}}