{"id":1048280,"date":"2024-06-17T16:12:05","date_gmt":"2024-06-17T08:12:05","guid":{"rendered":"https:\/\/vimaterial.de\/product\/ossido-di-terbio-3\/"},"modified":"2024-06-17T16:12:05","modified_gmt":"2024-06-17T08:12:05","slug":"ossido-di-terbio-3","status":"publish","type":"product","link":"https:\/\/vimaterial.de\/it\/product\/ossido-di-terbio-3\/","title":{"rendered":"Ossido di terbio"},"content":{"rendered":"<p><span style=\"color: #0000ff;\"><a style=\"color: #0000ff;\" href=\"https:\/\/vimaterial.de\/it\/search\/?type=element&#038;keyword=tb4o7\">Ossido di terbio<\/a><\/span> \u00e8 un ossido formato dalla combinazione dell&#8217;elemento terbio e dell&#8217;ossigeno. Questa polvere, apparentemente di colore marrone scuro, \u00e8 in realt\u00e0 la &#8220;gemma verde&#8221; della famiglia delle terre rare, utilizzata nella produzione di terbio metallico, vetro magneto-ottico, fosfori, materiali di stoccaggio magneto-ottici e additivi chimici.<\/p>\n<p>VIMATERIAL offre polvere di ossido di terbio di elevata purezza, che pu\u00f2 essere personalizzata in base alle vostre esigenze. <span style=\"color: #0000ff;\"><a style=\"color: #0000ff;\" href=\"https:\/\/vimaterial.de\/it\/contatto\/\">Contattateci<\/a><\/span> per un preventivo.<\/p>\n<h3>Propriet\u00e0 fisiche<\/h3>\n<p>Formula chimica: Tb4O7<\/p>\n<p>Massa molecolare: 747,69g\/mol<\/p>\n<p>Aspetto: Marrone scuro<\/p>\n<p>Densit\u00e0: circa 7,3g\/cm\u00b3<\/p>\n<p>Punto di fusione: 2337\u2103-2410\u2103<\/p>\n<p>Solubilit\u00e0: insolubile in acqua, ma solubile in acido concentrato caldo e in acido inorganico.<\/p>\n<h3>Applicazioni della polvere di ossido di terbio<\/h3>\n<p><strong>Campo dei materiali fluorescenti:<\/strong> L&#8217;ossido di terbio pu\u00f2 essere utilizzato come attivatore del fosforo verde per i tubi di immagine TV a colori, le lampade fluorescenti, ecc. che possono emettere luce verde allo stato eccitato.<\/p>\n<p><strong>Materiali magneto-ottici:<\/strong> L&#8217;ossido di terbio \u00e8 utilizzato nella produzione di materiali di archiviazione magneto-ottici, come i dischi magneto-ottici che possono essere utilizzati come elementi di archiviazione per computer, la cui capacit\u00e0 di archiviazione rispetto agli elementi di archiviazione ordinari \u00e8 stata notevolmente migliorata.<\/p>\n<p><strong>Dispositivi a stato solido:<\/strong> Il terbio viene utilizzato come drogante nei dispositivi a stato solido, come i laser a stato solido, per migliorarne le prestazioni.<\/p>\n<h2><span style=\"font-size: 14pt;\">Controllo di qualit\u00e0<\/span><\/h2>\n<p>La nostra polvere di ossido di terbio \u00e8 prodotta e testata in stretta conformit\u00e0 con un sistema completo di gestione della qualit\u00e0 <span style=\"color: #0000ff;\"><a style=\"color: #0000ff;\" href=\"https:\/\/vimaterial.de\/it\/controllo-qualita\/\">sistema di gestione della qualit\u00e0<\/a><\/span>. Dalla selezione delle materie prime alla consegna del prodotto finito, vengono attuati molteplici processi di controllo della qualit\u00e0 durante l&#8217;intero processo. Attraverso test rigorosi di indicatori chiave come la distribuzione delle dimensioni delle particelle, la purezza, la composizione chimica e il contenuto di impurit\u00e0, garantiamo la stabilit\u00e0 dei lotti, la coerenza delle prestazioni e l&#8217;elevata affidabilit\u00e0 dei nostri prodotti, che soddisfano gli elevati standard richiesti dai diversi campi di applicazione.<\/p>\n<h2><span style=\"font-size: 14pt;\">Imballaggio e stoccaggio<\/span><\/h2>\n<p><strong>Imballaggio:<\/strong> Solitamente confezionato in imballaggi sigillati e a prova di umidit\u00e0 (come sacchetti sottovuoto o contenitori sigillati rivestiti con sacchetti di plastica).<\/p>\n<p><strong>Conservazione:<\/strong> Conservare in un ambiente fresco, asciutto e ben ventilato, evitando l&#8217;umidit\u00e0, la contaminazione e il contatto con sostanze acide o corrosive.<\/p>\n","protected":false},"excerpt":{"rendered":"<p>Ossido di terbio \u00e8 un ossido formato dalla combinazione dell&#8217;elemento terbio e dell&#8217;ossigeno. Questa polvere, apparentemente di colore marrone scuro, \u00e8 in realt\u00e0 la &#8220;gemma verde&#8221; della famiglia delle terre rare, utilizzata nella produzione di terbio metallico, vetro magneto-ottico, fosfori, materiali di stoccaggio magneto-ottici e additivi chimici. VIMATERIAL offre polvere di ossido di terbio di [&hellip;]<\/p>\n","protected":false},"featured_media":1047438,"comment_status":"open","ping_status":"closed","template":"","meta":{"_acf_changed":false},"product_brand":[],"product_cat":[205,203],"product_tag":[],"class_list":{"0":"post-1048280","1":"product","2":"type-product","3":"status-publish","4":"has-post-thumbnail","6":"product_cat-materiali-ossidi-idrossidi","7":"product_cat-materiali-per-terre-rare","9":"first","10":"instock","11":"shipping-taxable","12":"purchasable","13":"product-type-variable"},"acf":[],"_links":{"self":[{"href":"https:\/\/vimaterial.de\/it\/wp-json\/wp\/v2\/product\/1048280","targetHints":{"allow":["GET"]}}],"collection":[{"href":"https:\/\/vimaterial.de\/it\/wp-json\/wp\/v2\/product"}],"about":[{"href":"https:\/\/vimaterial.de\/it\/wp-json\/wp\/v2\/types\/product"}],"replies":[{"embeddable":true,"href":"https:\/\/vimaterial.de\/it\/wp-json\/wp\/v2\/comments?post=1048280"}],"wp:featuredmedia":[{"embeddable":true,"href":"https:\/\/vimaterial.de\/it\/wp-json\/wp\/v2\/media\/1047438"}],"wp:attachment":[{"href":"https:\/\/vimaterial.de\/it\/wp-json\/wp\/v2\/media?parent=1048280"}],"wp:term":[{"taxonomy":"product_brand","embeddable":true,"href":"https:\/\/vimaterial.de\/it\/wp-json\/wp\/v2\/product_brand?post=1048280"},{"taxonomy":"product_cat","embeddable":true,"href":"https:\/\/vimaterial.de\/it\/wp-json\/wp\/v2\/product_cat?post=1048280"},{"taxonomy":"product_tag","embeddable":true,"href":"https:\/\/vimaterial.de\/it\/wp-json\/wp\/v2\/product_tag?post=1048280"}],"curies":[{"name":"wp","href":"https:\/\/api.w.org\/{rel}","templated":true}]}}