{"id":1048002,"date":"2024-06-17T14:52:35","date_gmt":"2024-06-17T06:52:35","guid":{"rendered":"https:\/\/vimaterial.de\/product\/ossido-di-nichel-2\/"},"modified":"2024-06-17T14:52:35","modified_gmt":"2024-06-17T06:52:35","slug":"ossido-di-nichel-2","status":"publish","type":"product","link":"https:\/\/vimaterial.de\/it\/product\/ossido-di-nichel-2\/","title":{"rendered":"Ossido di nichel"},"content":{"rendered":"<p><span style=\"color: #0000ff;\"><a style=\"color: #0000ff;\" href=\"https:\/\/vimaterial.de\/en\/product\/nickel-oxide-4\/\">Ossido di nichel<\/a><\/span> il target di sputtering \u00e8 un materiale utilizzato nella tecnologia di deposizione fisica da vapore (PVD), costituito principalmente da ossido di nichel. Nel processo di sputtering, gli atomi di ossido di nichel vengono depositati sulla superficie del substrato mediante bombardamento ionico, che viene utilizzato per la preparazione di film sottili con propriet\u00e0 di elettricit\u00e0, ottica, magnetismo, ecc.<\/p>\n<p>VIMATERIAL offre un&#8217;ampia gamma di bersagli per sputtering all&#8217;ossido di nichel. I nostri target sono caratterizzati da elevata purezza, uniformit\u00e0 all&#8217;interno del target, basse impurit\u00e0 ed elevata planarit\u00e0 superficiale. La nostra azienda \u00e8 in grado di fornire ai clienti servizi di legatura dei target, ma anche di supportare la personalizzazione dei prodotti e degli esperimenti, disponendo del team tecnico di ricerca e sviluppo pi\u00f9 professionale, <span style=\"color: #0000ff;\"><a style=\"color: #0000ff;\" href=\"https:\/\/vimaterial.de\/it\/contatto\/\">contattateci<\/a><\/span>.<\/p>\n<h2><span style=\"font-size: 14pt;\">Propriet\u00e0 fisiche<\/span><\/h2>\n<p>Formula molecolare: NiO<\/p>\n<p>Peso molecolare: 74,69 g\/mol<\/p>\n<p>Aspetto: Solitamente di colore verde<\/p>\n<p>Densit\u00e0: circa 6,67 g\/cm\u00b3.<\/p>\n<p>Punto di fusione: circa 1955\u00b0C<\/p>\n<p>Struttura cristallina: Sistema cristallino cubico, ioni di nichel e ioni di ossigeno nella struttura cristallina del cubo pi\u00f9 strettamente impilati, gli ioni di nichel occupano i vuoti ottaedrici.<\/p>\n<h2><span style=\"font-size: 14pt;\">Applicazioni<\/span><\/h2>\n<p>Dispositivi elettronici: utilizzato nella produzione di semiconduttori, pu\u00f2 essere impiegato come strato isolante, materiali dielettrici di gate, ecc. per migliorare le prestazioni e la stabilit\u00e0 dei circuiti integrati.<\/p>\n<p>Optoelettronica: Il target di sputtering di ossido di nichel pu\u00f2 essere utilizzato nella preparazione di fotorivelatori ad alte prestazioni e come materiale per guide d&#8217;onda ottiche, per favorire lo sviluppo delle comunicazioni ottiche e di altri settori.<\/p>\n<p>Campo energetico: utilizzato come materiale inorganico per lo strato di trasporto del foro nelle celle solari a calcogenuro, pu\u00f2 essere utilizzato anche per la modifica del materiale dell&#8217;elettrodo delle batterie agli ioni di litio per migliorare le prestazioni della batteria.<\/p>\n<p>Sensori: Sensori di gas per rilevare gas nocivi e sensori chimici per rispondere a specifiche sostanze chimiche.<\/p>\n<p>Campo di visualizzazione: Il NiO pu\u00f2 essere utilizzato per preparare dispositivi elettrocromici, come finestre intelligenti, carta elettronica, ecc. ma anche come diodo organico a emissione di luce nello strato di trasporto degli elettroni o nei materiali dello strato di iniezione dei fori.<\/p>\n<h2><span style=\"font-size: 14pt;\">Controllo di qualit\u00e0<\/span><\/h2>\n<p><span style=\"color: #0000ff;\"><a style=\"color: #0000ff;\" href=\"https:\/\/vimaterial.de\/it\/controllo-qualita\/\">Ogni lotto<\/a><\/span> di prodotti nel processo di produzione per implementare un rigoroso sistema di gestione della qualit\u00e0, abbiamo standard di ispezione rigorosi per i materiali in entrata, i prodotti non conformi hanno un trattamento perfetto e misure di isolamento. Utilizziamo strumenti di prova ad alta precisione per garantire la qualit\u00e0 dei prodotti che escono dalla fabbrica, possiamo anche fornire campioni in base alle esigenze dei clienti delle organizzazioni di controllo di terze parti, e in definitiva rendere i nostri prodotti per soddisfare le esigenze dei clienti.<\/p>\n<h2><span style=\"font-size: 14pt;\">Imballaggio e stoccaggio<\/span><\/h2>\n<p>I target di sputtering all&#8217;ossido di nichel sono confezionati in doppi sacchetti sottovuoto.<\/p>\n<p>I target di sputtering all&#8217;ossido di nichel devono essere conservati in un ambiente asciutto e ben ventilato, con temperatura e umidit\u00e0 relativamente stabili, evitando l&#8217;umidit\u00e0, l&#8217;ossidazione e il contatto con sostanze corrosive, oltre a prevenire danni fisici al target.<\/p>\n","protected":false},"excerpt":{"rendered":"<p>Ossido di nichel il target di sputtering \u00e8 un materiale utilizzato nella tecnologia di deposizione fisica da vapore (PVD), costituito principalmente da ossido di nichel. Nel processo di sputtering, gli atomi di ossido di nichel vengono depositati sulla superficie del substrato mediante bombardamento ionico, che viene utilizzato per la preparazione di film sottili con propriet\u00e0 [&hellip;]<\/p>\n","protected":false},"featured_media":1045843,"comment_status":"open","ping_status":"closed","template":"","meta":{"_acf_changed":false},"product_brand":[],"product_cat":[197],"product_tag":[],"class_list":{"0":"post-1048002","1":"product","2":"type-product","3":"status-publish","4":"has-post-thumbnail","6":"product_cat-obiettivi-di-sputtering-planari","8":"first","9":"instock","10":"shipping-taxable","11":"purchasable","12":"product-type-variable"},"acf":[],"_links":{"self":[{"href":"https:\/\/vimaterial.de\/it\/wp-json\/wp\/v2\/product\/1048002","targetHints":{"allow":["GET"]}}],"collection":[{"href":"https:\/\/vimaterial.de\/it\/wp-json\/wp\/v2\/product"}],"about":[{"href":"https:\/\/vimaterial.de\/it\/wp-json\/wp\/v2\/types\/product"}],"replies":[{"embeddable":true,"href":"https:\/\/vimaterial.de\/it\/wp-json\/wp\/v2\/comments?post=1048002"}],"wp:featuredmedia":[{"embeddable":true,"href":"https:\/\/vimaterial.de\/it\/wp-json\/wp\/v2\/media\/1045843"}],"wp:attachment":[{"href":"https:\/\/vimaterial.de\/it\/wp-json\/wp\/v2\/media?parent=1048002"}],"wp:term":[{"taxonomy":"product_brand","embeddable":true,"href":"https:\/\/vimaterial.de\/it\/wp-json\/wp\/v2\/product_brand?post=1048002"},{"taxonomy":"product_cat","embeddable":true,"href":"https:\/\/vimaterial.de\/it\/wp-json\/wp\/v2\/product_cat?post=1048002"},{"taxonomy":"product_tag","embeddable":true,"href":"https:\/\/vimaterial.de\/it\/wp-json\/wp\/v2\/product_tag?post=1048002"}],"curies":[{"name":"wp","href":"https:\/\/api.w.org\/{rel}","templated":true}]}}