{"id":1047884,"date":"2024-06-17T13:57:58","date_gmt":"2024-06-17T05:57:58","guid":{"rendered":"https:\/\/vimaterial.de\/product\/fluoruro-di-litio-3\/"},"modified":"2024-06-17T13:57:58","modified_gmt":"2024-06-17T05:57:58","slug":"fluoruro-di-litio-3","status":"publish","type":"product","link":"https:\/\/vimaterial.de\/it\/product\/fluoruro-di-litio-3\/","title":{"rendered":"Fluoruro di litio"},"content":{"rendered":"<p><span style=\"color: #0000ff;\"><a style=\"color: #0000ff;\" href=\"https:\/\/vimaterial.de\/it\/search\/?type=element&#038;keyword=Li%2CF\">Fluoruro di litio<\/a><\/span> (LiF) in polvere \u00e8 un composto inorganico composto da ioni litio e fluoruro. \u00c8 un solido bianco e cristallino, altamente solubile in acqua, che presenta una serie di interessanti propriet\u00e0 che lo rendono utile in diverse applicazioni industriali e scientifiche.<\/p>\n<p>VIMATERIAL offre fluoruro di litio di alta qualit\u00e0, disponibile in qualit\u00e0 industriale e per batterie. <span style=\"color: #0000ff;\"><a style=\"color: #0000ff;\" href=\"https:\/\/vimaterial.de\/it\/contatto\/\">Contattateci<\/a><\/span> per ulteriori informazioni.<\/p>\n<h2><span style=\"font-size: 14pt;\">Propriet\u00e0 fisiche:<\/span><\/h2>\n<p>Formula: LiF<\/p>\n<p>Peso molecolare: 25,93 g\/mol<\/p>\n<p>Aspetto: bianco<\/p>\n<p>Densit\u00e0: 2,64 <sup>g\/cm3<\/sup><\/p>\n<p>Punto di fusione: 845 \u00b0C<\/p>\n<p>Punto di ebollizione: 1.681 \u00b0C<\/p>\n<p>Solubilit\u00e0 in acqua: 0,3 g\/100ml (20\u00b0C)<\/p>\n<p>Solubilit\u00e0\uff1asolubile in HF; insolubile in alcool<\/p>\n<p>Indice di rifrazione (nD)\uff1a1,3915<\/p>\n<p>Struttura cristallina: cubico a facce centrate<\/p>\n<h2><span style=\"font-size: 14pt;\">Propriet\u00e0 chimiche:<\/span><\/h2>\n<p>Legame ionico: Il fluoruro di litio \u00e8 composto da cationi di litio (Li\u207a) e anioni di fluoruro (F-), che formano un legame ionico. Ci\u00f2 conferisce al composto un elevato punto di fusione e stabilit\u00e0.<\/p>\n<p>Reattivit\u00e0: Il LiF \u00e8 chimicamente stabile nella maggior parte delle condizioni. Non \u00e8 reattivo con l&#8217;acqua, ma pu\u00f2 reagire con acidi forti come l&#8217;acido fluoridrico (HF) per rilasciare ioni fluoruro.<\/p>\n<p>Isolante elettrico: Il LiF \u00e8 un isolante elettrico che lo rende utile in alcune applicazioni isolanti in elettronica.<\/p>\n<h2><span style=\"font-size: 14pt;\">Applicazioni:<\/span><\/h2>\n<p>Rivestimenti ottici: Grazie alla sua trasparenza UV, il fluoruro di litio viene utilizzato nella produzione di rivestimenti ottici, in particolare per lenti UV, finestre e altri componenti.<\/p>\n<p>Vetri al fluoro: Il LiF viene utilizzato per la preparazione di vetri al fluoro, importanti per le applicazioni che richiedono trasparenza nelle regioni dell&#8217;infrarosso e dell&#8217;ultravioletto.<\/p>\n<p>Tecnologia nucleare: Il LiF \u00e8 utilizzato nei reattori nucleari e nella ricerca sulla fusione come parte della tecnologia dei reattori a sali fusi, grazie al suo elevato punto di fusione e alla sua stabilit\u00e0 chimica.<\/p>\n<p>Tecnologia delle batterie: Il fluoruro di litio viene utilizzato in alcune tecnologie avanzate per le batterie, in particolare nelle batterie agli ioni di litio allo stato solido e nelle batterie al litio-zolfo (Li-S), per la sua conducibilit\u00e0 ionica.<\/p>\n<p>Semiconduttori: Il LiF \u00e8 utilizzato in alcune applicazioni di semiconduttori a film sottile e come parte dei materiali dielettrici nei dispositivi elettronici.<\/p>\n<p>Prodotti farmaceutici: Viene talvolta utilizzato nella sintesi di alcuni composti farmaceutici.<\/p>\n<p>Obiettivi di sputtering: Il LiF \u00e8 utilizzato come materiale di destinazione per lo sputtering per depositare film sottili di fluoruro di litio in varie applicazioni, tra cui rivestimenti ottici e come parte di sistemi elettrolitici a stato solido.<\/p>\n<p><strong>Imballaggio e stoccaggio<\/strong><\/p>\n<p>Il fluoruro di litio \u00e8 confezionato in contenitori resistenti all&#8217;umidit\u00e0 e alla chimica o in fusti di fibra rivestiti per evitare la contaminazione e l&#8217;assorbimento di umidit\u00e0 durante il trasporto e lo stoccaggio.<\/p>\n<p>Conservare la confezione originale ben chiusa in un luogo fresco, asciutto e ben ventilato. Proteggere da umidit\u00e0, acqua e sostanze incompatibili per mantenere la qualit\u00e0 e la stabilit\u00e0 del prodotto.<\/p>\n","protected":false},"excerpt":{"rendered":"<p>Fluoruro di litio (LiF) in polvere \u00e8 un composto inorganico composto da ioni litio e fluoruro. \u00c8 un solido bianco e cristallino, altamente solubile in acqua, che presenta una serie di interessanti propriet\u00e0 che lo rendono utile in diverse applicazioni industriali e scientifiche. VIMATERIAL offre fluoruro di litio di alta qualit\u00e0, disponibile in qualit\u00e0 industriale [&hellip;]<\/p>\n","protected":false},"featured_media":998675,"comment_status":"open","ping_status":"closed","template":"","meta":{"_acf_changed":false},"product_brand":[],"product_cat":[199],"product_tag":[],"class_list":{"0":"post-1047884","1":"product","2":"type-product","3":"status-publish","4":"has-post-thumbnail","6":"product_cat-materiali-della-batteria","8":"first","9":"instock","10":"shipping-taxable","11":"product-type-variable"},"acf":[],"_links":{"self":[{"href":"https:\/\/vimaterial.de\/it\/wp-json\/wp\/v2\/product\/1047884","targetHints":{"allow":["GET"]}}],"collection":[{"href":"https:\/\/vimaterial.de\/it\/wp-json\/wp\/v2\/product"}],"about":[{"href":"https:\/\/vimaterial.de\/it\/wp-json\/wp\/v2\/types\/product"}],"replies":[{"embeddable":true,"href":"https:\/\/vimaterial.de\/it\/wp-json\/wp\/v2\/comments?post=1047884"}],"wp:featuredmedia":[{"embeddable":true,"href":"https:\/\/vimaterial.de\/it\/wp-json\/wp\/v2\/media\/998675"}],"wp:attachment":[{"href":"https:\/\/vimaterial.de\/it\/wp-json\/wp\/v2\/media?parent=1047884"}],"wp:term":[{"taxonomy":"product_brand","embeddable":true,"href":"https:\/\/vimaterial.de\/it\/wp-json\/wp\/v2\/product_brand?post=1047884"},{"taxonomy":"product_cat","embeddable":true,"href":"https:\/\/vimaterial.de\/it\/wp-json\/wp\/v2\/product_cat?post=1047884"},{"taxonomy":"product_tag","embeddable":true,"href":"https:\/\/vimaterial.de\/it\/wp-json\/wp\/v2\/product_tag?post=1047884"}],"curies":[{"name":"wp","href":"https:\/\/api.w.org\/{rel}","templated":true}]}}