{"id":1047861,"date":"2024-06-27T19:49:46","date_gmt":"2024-06-27T11:49:46","guid":{"rendered":"https:\/\/vimaterial.de\/product\/molibdeno-metallico-7\/"},"modified":"2024-06-27T19:49:46","modified_gmt":"2024-06-27T11:49:46","slug":"molibdeno-metallico-7","status":"publish","type":"product","link":"https:\/\/vimaterial.de\/it\/product\/molibdeno-metallico-7\/","title":{"rendered":"Molibdeno metallico"},"content":{"rendered":"<p><span style=\"color: #0000ff;\"><a style=\"color: #0000ff;\" href=\"https:\/\/vimaterial.de\/en\/product\/molybdenum-metal\/\">Il molibdeno<\/a><\/span> i target tubolari sono target tubolari per sputtering con molibdeno come componente principale. Grazie alle sue eccellenti propriet\u00e0 fisiche e chimiche, il molibdeno svolge un ruolo importante in diverse aree di produzione industriale, come quella aerospaziale, elettronica e metallurgica.<\/p>\n<p>Offriamo servizi personalizzati e invitiamo gli istituti di ricerca a collaborare con noi per condurre esperimenti. I prodotti di VIMATERIAL sono caratterizzati da imballaggi di piccole dimensioni, bassi quantitativi minimi d&#8217;ordine (MOQ) e ampie scorte. Forniamo anche un perfetto servizio post-vendita e un team tecnico professionale. Per ulteriori informazioni, vi preghiamo di <span style=\"color: #0000ff;\"><a style=\"color: #0000ff;\" href=\"https:\/\/vimaterial.de\/it\/contatto\/\">contattateci<\/a><\/span>.<\/p>\n<h2><span style=\"font-size: 14pt;\">Caratteristiche<\/span><\/h2>\n<p>Formula molecolare: Molibdeno<\/p>\n<p>Peso molecolare: 95,96<\/p>\n<p>Aspetto: Lucentezza metallica bianco-grigiastra<\/p>\n<p>Densit\u00e0: 10,22 g\/cm3<\/p>\n<p>Punto di fusione: 2617\u00b0C<\/p>\n<p>Punto di ebollizione: 4612\u00b0C<\/p>\n<p>Struttura cristallina Struttura cristallina cubica a corpo centrato (BCC). Questa struttura conferisce al molibdeno una resistenza alle alte temperature, buone propriet\u00e0 meccaniche e un&#8217;eccellente conducibilit\u00e0 elettrica, rendendolo adatto ad applicazioni ad alte temperature e ad alte sollecitazioni.<\/p>\n<h2><span style=\"font-size: 14pt;\">Applicazioni<\/span><\/h2>\n<p>Produzione di componenti aerospaziali: Nella produzione di componenti aerospaziali, i film sottili di molibdeno sputati da bersagli rotanti di Mo sono utilizzati per produrre parti resistenti alle alte temperature. Questi componenti sono in grado di resistere a temperature estreme durante i voli aerei e i lanci di razzi, garantendo la sicurezza e le prestazioni dei veicoli aerospaziali.<\/p>\n<p>Produzione di dispositivi a semiconduttore: Nella produzione di semiconduttori, i rivestimenti di bersagli rotanti in Mo sono utilizzati per creare elettrodi e strati di interconnessione. L&#8217;elevata conduttivit\u00e0 e stabilit\u00e0 del molibdeno contribuiscono a migliorare le prestazioni e l&#8217;affidabilit\u00e0 dei dispositivi a semiconduttore, soprattutto nelle applicazioni ad alta potenza e ad alta frequenza.<\/p>\n<p>Produzione di leghe d&#8217;acciaio: Gli obiettivi per tubi di molibdeno sono un importante elemento di lega nell&#8217;industria delle leghe d&#8217;acciaio. Attraverso il processo di sputtering con bersagli rotanti di Mo, il molibdeno pu\u00f2 essere aggiunto uniformemente alla superficie dell&#8217;acciaio per aumentarne la forza, la durezza e la resistenza alla corrosione.<\/p>\n<p>Produzione di backsheet per schermi piatti: I bersagli rotanti di molibdeno sono utilizzati per preparare strati conduttivi nella produzione di backsheet per schermi piatti. I film di molibdeno di alta qualit\u00e0 ottenuti dai target rotanti di molibdeno contribuiscono ad aumentare la mobilit\u00e0 degli elettroni e a ridurre la resistenza elettrica, migliorando cos\u00ec le prestazioni complessive del display.<\/p>\n<h2><span style=\"font-size: 14pt;\">Controllo di qualit\u00e0<\/span><\/h2>\n<p><span style=\"color: #0000ff;\"><a style=\"color: #0000ff;\" href=\"https:\/\/vimaterial.de\/it\/controllo-qualita\/\">I nostri prodotti<\/a> <\/span>seguono un sistema di garanzia della qualit\u00e0 rigoroso e completo. Monitoriamo rigorosamente gli indicatori chiave degli obiettivi, tra cui l&#8217;omogeneit\u00e0 compositiva, la densit\u00e0, la durezza e la rugosit\u00e0 superficiale. Non appena viene rilevata una deviazione o una non conformit\u00e0, avviamo un processo di risoluzione dei problemi in 8D. Conduciamo analisi approfondite delle cause principali e adottiamo azioni correttive e preventive efficaci. Allo stesso tempo, conserviamo registrazioni dettagliate dell&#8217;intero processo di produzione per ottenere la completa tracciabilit\u00e0 di ogni lotto, assicurandovi la piena fiducia nella qualit\u00e0 dei vostri prodotti.<\/p>\n<h2><span style=\"font-size: 14pt;\">Imballaggio e stoccaggio<\/span><\/h2>\n<p>I target in tubo di molibdeno sono imballati professionalmente sottovuoto in casse di legno personalizzate ad alta resistenza, riempite con schiuma ad alta densit\u00e0 e altri materiali di imbottitura per garantire la protezione da urti e danni da schiacciamento durante il trasporto.<\/p>\n<p>I bersagli in tubo di molibdeno devono essere conservati in un ambiente asciutto e ventilato, lontano da umidit\u00e0 e forti agenti ossidanti, per evitare che l&#8217;ossidazione e altre reazioni chimiche ne compromettano le prestazioni.<\/p>\n","protected":false},"excerpt":{"rendered":"<p><span style=\"color: #0000ff;\"><a style=\"color: #0000ff;\" href=\"https:\/\/vimaterial.de\/en\/product\/molybdenum-metal\/\">Il molibdeno<\/a><\/span> i target tubolari sono target tubolari per sputtering con molibdeno come componente principale. Grazie alle sue eccellenti propriet\u00e0 fisiche e chimiche, il molibdeno svolge un ruolo importante in diverse aree di produzione industriale, come quella aerospaziale, elettronica e metallurgica.<\/p>\n","protected":false},"featured_media":1034877,"comment_status":"open","ping_status":"closed","template":"","meta":{"_acf_changed":false},"product_brand":[],"product_cat":[209],"product_tag":[],"class_list":{"0":"post-1047861","1":"product","2":"type-product","3":"status-publish","4":"has-post-thumbnail","6":"product_cat-obiettivi-di-sputtering-rotanti","8":"first","9":"instock","10":"shipping-taxable","11":"product-type-variable"},"acf":[],"_links":{"self":[{"href":"https:\/\/vimaterial.de\/it\/wp-json\/wp\/v2\/product\/1047861","targetHints":{"allow":["GET"]}}],"collection":[{"href":"https:\/\/vimaterial.de\/it\/wp-json\/wp\/v2\/product"}],"about":[{"href":"https:\/\/vimaterial.de\/it\/wp-json\/wp\/v2\/types\/product"}],"replies":[{"embeddable":true,"href":"https:\/\/vimaterial.de\/it\/wp-json\/wp\/v2\/comments?post=1047861"}],"wp:featuredmedia":[{"embeddable":true,"href":"https:\/\/vimaterial.de\/it\/wp-json\/wp\/v2\/media\/1034877"}],"wp:attachment":[{"href":"https:\/\/vimaterial.de\/it\/wp-json\/wp\/v2\/media?parent=1047861"}],"wp:term":[{"taxonomy":"product_brand","embeddable":true,"href":"https:\/\/vimaterial.de\/it\/wp-json\/wp\/v2\/product_brand?post=1047861"},{"taxonomy":"product_cat","embeddable":true,"href":"https:\/\/vimaterial.de\/it\/wp-json\/wp\/v2\/product_cat?post=1047861"},{"taxonomy":"product_tag","embeddable":true,"href":"https:\/\/vimaterial.de\/it\/wp-json\/wp\/v2\/product_tag?post=1047861"}],"curies":[{"name":"wp","href":"https:\/\/api.w.org\/{rel}","templated":true}]}}