{"id":1047818,"date":"2024-06-17T15:26:16","date_gmt":"2024-06-17T07:26:16","guid":{"rendered":"https:\/\/vimaterial.de\/product\/molibdeno-metallico-2\/"},"modified":"2024-06-17T15:26:16","modified_gmt":"2024-06-17T07:26:16","slug":"molibdeno-metallico-2","status":"publish","type":"product","link":"https:\/\/vimaterial.de\/it\/product\/molibdeno-metallico-2\/","title":{"rendered":"Molibdeno metallico"},"content":{"rendered":"<p>I target di sputtering al molibdeno sono materiali industriali realizzati con molibdeno metallico di elevata purezza. Possiedono elevati punti di fusione, bassi coefficienti di espansione, eccellente conducibilit\u00e0 elettrica e termica e resistenza alla corrosione a temperatura ambiente, che li rendono ampiamente utilizzati nei chip dei semiconduttori, nei pannelli di visualizzazione e nelle celle solari.<\/p>\n<p>VIMATERIAL offre prodotti di alta qualit\u00e0 <span style=\"color: #0000ff;\"><a style=\"color: #0000ff;\" href=\"https:\/\/vimaterial.de\/it\/search\/?type=element&#038;keyword=Mo\">molibdeno metallo<\/a><\/span> di alta qualit\u00e0 e di elevata purezza. Le dimensioni personalizzate sono disponibili su richiesta. <span style=\"color: #0000ff;\"><a style=\"color: #0000ff;\" href=\"https:\/\/vimaterial.de\/it\/contatto\/\">Contattateci<\/a><\/span> per ulteriori informazioni.<\/p>\n<h2><span style=\"font-size: 14pt;\">Propriet\u00e0 fisiche<\/span><\/h2>\n<p>Formula chimica: Mo<\/p>\n<p>Peso atomico: 95,94 g\/mol<\/p>\n<p>Densit\u00e0: circa 10,28 g\/cm\u00b3<\/p>\n<p>Punto di fusione: 2623\u00b0C<\/p>\n<p>Conduttivit\u00e0 termica: circa 138 W\/(m\u30fbK)<\/p>\n<p>Conduttivit\u00e0 elettrica: circa 1,87\u00d710\u2076 S\/m<\/p>\n<h2><span style=\"font-size: 14pt;\">Caratteristiche <\/span><span style=\"font-size: 14pt;\">del target di sputtering al molibdeno<\/span><\/h2>\n<p>Alta densit\u00e0: Le sue caratteristiche di alta densit\u00e0 aiutano a controllare meglio l&#8217;emissione e la deposizione delle particelle sputate durante il processo di sputtering, ottenendo una migliore uniformit\u00e0 di spessore del film e una struttura pi\u00f9 densa, migliorando cos\u00ec le prestazioni del film.<\/p>\n<p>Buona conducibilit\u00e0 elettrica e termica: Il molibdeno metallico ha una buona conducibilit\u00e0 elettrica e termica, in grado di trasferire efficacemente la corrente e il calore durante il processo di sputtering per garantire la stabilit\u00e0 del processo di sputtering e, allo stesso tempo, contribuire a migliorare la qualit\u00e0 della crescita del film e la forza di legame con il substrato.<\/p>\n<p>Eccellente resistenza alla corrosione: ha una buona resistenza alla corrosione della maggior parte delle sostanze chimiche e pu\u00f2 rimanere stabile in diversi ambienti di lavoro, non \u00e8 facile da corrodere o ossidare, il che prolunga la vita utile del target di sputtering e garantisce anche la stabilit\u00e0 chimica del film preparato.<\/p>\n<h2><span style=\"font-size: 14pt;\">Applicazioni del target di sputtering al molibdeno<\/span><\/h2>\n<p>Industria elettronica: I target di sputtering al molibdeno sono utilizzati per depositare film nei circuiti integrati, come strati di barriera e di metallizzazione, e nei display a schermo piatto per elettrodi TFT e posteriori, migliorando le prestazioni e l&#8217;affidabilit\u00e0 dei dispositivi.<\/p>\n<p>Campo ottico: Utilizzati per depositare film ottici come specchi e filtri, i target di molibdeno offrono un&#8217;elevata riflettivit\u00e0, un basso assorbimento ed eccellenti prestazioni ottiche nell&#8217;infrarosso.<\/p>\n<p>Industria decorativa: Attraverso lo sputtering, i target di molibdeno producono rivestimenti metallici e resistenti all&#8217;usura per gioielli, orologi e interni di automobili, migliorando l&#8217;estetica e la durata.<\/p>\n<p>Settore energetico: Nelle celle solari e nelle batterie a film sottile, i target di molibdeno sono utilizzati per depositare elettrodi posteriori o elettrodi a film sottile, migliorando la conduttivit\u00e0, l&#8217;efficienza e le prestazioni di carica-scarica.<\/p>\n<h2><span style=\"font-size: 14pt;\">Imballaggio e stoccaggio<\/span><\/h2>\n<p>I target di sputtering al molibdeno sono solitamente imballati in materiali protettivi, anti-umidit\u00e0 e anti-ossidazione, spesso con schiuma o imbottitura per evitare graffi e danni durante il trasporto.<\/p>\n<p>Devono essere conservati in un ambiente pulito, asciutto e ventilato, lontano da umidit\u00e0, sostanze chimiche corrosive e temperature elevate, per mantenere la qualit\u00e0 della superficie e le prestazioni.<\/p>\n","protected":false},"excerpt":{"rendered":"<p>I target di sputtering al molibdeno sono materiali industriali realizzati con molibdeno metallico di elevata purezza. Possiedono elevati punti di fusione, bassi coefficienti di espansione, eccellente conducibilit\u00e0 elettrica e termica e resistenza alla corrosione a temperatura ambiente, che li rendono ampiamente utilizzati nei chip dei semiconduttori, nei pannelli di visualizzazione e nelle celle solari. VIMATERIAL [&hellip;]<\/p>\n","protected":false},"featured_media":1031781,"comment_status":"open","ping_status":"closed","template":"","meta":{"_acf_changed":false},"product_brand":[],"product_cat":[197],"product_tag":[],"class_list":{"0":"post-1047818","1":"product","2":"type-product","3":"status-publish","4":"has-post-thumbnail","6":"product_cat-obiettivi-di-sputtering-planari","8":"first","9":"instock","10":"shipping-taxable","11":"purchasable","12":"product-type-variable"},"acf":[],"_links":{"self":[{"href":"https:\/\/vimaterial.de\/it\/wp-json\/wp\/v2\/product\/1047818","targetHints":{"allow":["GET"]}}],"collection":[{"href":"https:\/\/vimaterial.de\/it\/wp-json\/wp\/v2\/product"}],"about":[{"href":"https:\/\/vimaterial.de\/it\/wp-json\/wp\/v2\/types\/product"}],"replies":[{"embeddable":true,"href":"https:\/\/vimaterial.de\/it\/wp-json\/wp\/v2\/comments?post=1047818"}],"wp:featuredmedia":[{"embeddable":true,"href":"https:\/\/vimaterial.de\/it\/wp-json\/wp\/v2\/media\/1031781"}],"wp:attachment":[{"href":"https:\/\/vimaterial.de\/it\/wp-json\/wp\/v2\/media?parent=1047818"}],"wp:term":[{"taxonomy":"product_brand","embeddable":true,"href":"https:\/\/vimaterial.de\/it\/wp-json\/wp\/v2\/product_brand?post=1047818"},{"taxonomy":"product_cat","embeddable":true,"href":"https:\/\/vimaterial.de\/it\/wp-json\/wp\/v2\/product_cat?post=1047818"},{"taxonomy":"product_tag","embeddable":true,"href":"https:\/\/vimaterial.de\/it\/wp-json\/wp\/v2\/product_tag?post=1047818"}],"curies":[{"name":"wp","href":"https:\/\/api.w.org\/{rel}","templated":true}]}}