{"id":1047789,"date":"2024-06-17T15:26:15","date_gmt":"2024-06-17T07:26:15","guid":{"rendered":"https:\/\/vimaterial.de\/product\/molibdeno-metallico-5\/"},"modified":"2024-06-17T15:26:15","modified_gmt":"2024-06-17T07:26:15","slug":"molibdeno-metallico-5","status":"publish","type":"product","link":"https:\/\/vimaterial.de\/it\/product\/molibdeno-metallico-5\/","title":{"rendered":"Molibdeno metallico"},"content":{"rendered":"<p><span style=\"color: #0000ff;\"><a style=\"color: #0000ff;\" href=\"https:\/\/vimaterial.de\/it\/search\/?type=element&#038;keyword=Mo\">Il molibdeno metallico<\/a><\/span> i pellet di molibdeno sono pellet di elevata purezza, alta densit\u00e0, resistenti alle alte temperature, meccanicamente eccellenti e termicamente conduttivi, preparati con il metodo della metallurgia delle polveri o della pellettizzazione, ampiamente utilizzati nei settori del ferro e dell&#8217;acciaio, dell&#8217;elettronica, dell&#8217;industria chimica, della produzione di forni ad alta temperatura, della ricerca scientifica e degli esperimenti.<\/p>\n<p>VIMATERIAL offre pellet di molibdeno di alta qualit\u00e0 e di elevata purezza; le dimensioni possono essere personalizzate in base alle vostre esigenze. <span style=\"color: #0000ff;\"><a style=\"color: #0000ff;\" href=\"https:\/\/vimaterial.de\/it\/contatto\/\">Contattateci<\/a><\/span> per maggiori informazioni.<\/p>\n<h2><span style=\"font-size: 14pt;\">Caratteristiche del prodotto<\/span><\/h2>\n<p>Alta densit\u00e0: Il molibdeno ha un&#8217;elevata densit\u00e0, pari a circa 10,28 g\/cm\u00b3, che si mantiene anche dopo la trasformazione in pellet; ci\u00f2 consente ai pellet di molibdeno metallico di fornire un buon peso e una buona consistenza in alcune applicazioni specifiche, contribuendo inoltre alla sua stabilit\u00e0 durante la lavorazione o l&#8217;utilizzo.<\/p>\n<p>Buona resistenza alle alte temperature: il punto di fusione del molibdeno raggiunge i 2623 \u2103, i pellet di molibdeno metallico possono ancora mantenere una buona stabilit\u00e0 fisica e chimica alle alte temperature, e non \u00e8 facile da fondere, deformare o reagire chimicamente, pu\u00f2 essere ampiamente utilizzato in ambienti operativi ad alta temperatura.<\/p>\n<p>Eccellenti propriet\u00e0 meccaniche: elevata resistenza e durezza, in grado di sopportare grandi forze e pressioni esterne, eccellenti prestazioni nella lavorazione, nella produzione di parti resistenti all&#8217;usura, ecc.<\/p>\n<p>Buona conducibilit\u00e0 elettrica e termica: i pellet di molibdeno metallico hanno una buona conducibilit\u00e0 elettrica e termica, in grado di soddisfare i requisiti di conducibilit\u00e0 elettrica, elettronica e termica del settore e di garantire il normale funzionamento dell&#8217;apparecchiatura o del sistema.<\/p>\n<h2><span style=\"font-size: 14pt;\">Applicazioni dei pellet di molibdeno<\/span><\/h2>\n<p>Industria del ferro e dell&#8217;acciaio: I pellet di molibdeno vengono aggiunti all&#8217;acciaio per migliorarne la resistenza, la durezza, la resistenza all&#8217;usura e la resistenza alla corrosione; sono ampiamente utilizzati nell&#8217;acciaio legato ad alta resistenza e nell&#8217;acciaio inossidabile per l&#8217;edilizia, i macchinari e l&#8217;industria automobilistica.<\/p>\n<p>Industria elettronica: Utilizzato nei componenti elettronici come tubi, transistor e circuiti integrati per elettrodi e filamenti. La sua buona conducibilit\u00e0, la resistenza alle alte temperature e la stabilit\u00e0 garantiscono prestazioni affidabili in condizioni estreme.<\/p>\n<p>Industria chimica: Servono come materiali anticorrosione per reattori, scambiatori di calore e tubazioni, resistendo ad acidi, alcali e sali, prolungando la vita delle apparecchiature e riducendo i costi di manutenzione.<\/p>\n<p>Produzione di forni ad alta temperatura: Utilizzati come elementi riscaldanti e parti di supporto in forni a vuoto, a resistenza e a induzione, resistono alle alte temperature e forniscono calore stabile per una lavorazione efficiente e uniforme.<\/p>\n<p>Ricerca scientifica: Utilizzato in esperimenti ad alta temperatura e pressione per studiare le propriet\u00e0 dei materiali, fornendo dati per lo sviluppo di nuovi materiali.<\/p>\n<h2><span style=\"font-size: 14pt;\">Imballaggio e stoccaggio<\/span><\/h2>\n<p>\u00c8 tipicamente imballato in sacchi o fusti sigillati, resistenti all&#8217;umidit\u00e0 e all&#8217;ossidazione, spesso con materiali di imbottitura per evitare danni durante il trasporto.<\/p>\n<p>Per mantenere la stabilit\u00e0 e la qualit\u00e0, devono essere conservati in un ambiente asciutto, fresco e ventilato, lontano da umidit\u00e0, sostanze chimiche corrosive e temperature elevate.<\/p>\n","protected":false},"excerpt":{"rendered":"<p>I pellet di molibdeno metallico sono pellet di molibdeno di elevata purezza, ad alta densit\u00e0, resistenti alle alte temperature, meccanicamente eccellenti e termicamente conduttivi, preparati con il metodo della metallurgia delle polveri o della pellettizzazione, ampiamente utilizzati nei settori del ferro e dell&#8217;acciaio, dell&#8217;elettronica, dell&#8217;industria chimica, della produzione di forni ad alta temperatura e della ricerca ed esperimenti scientifici.<\/p>\n","protected":false},"featured_media":1031766,"comment_status":"open","ping_status":"closed","template":"","meta":{"_acf_changed":false},"product_brand":[],"product_cat":[198],"product_tag":[],"class_list":{"0":"post-1047789","1":"product","2":"type-product","3":"status-publish","4":"has-post-thumbnail","6":"product_cat-materiali-per-levaporazione","8":"first","9":"instock","10":"shipping-taxable","11":"purchasable","12":"product-type-variable"},"acf":[],"_links":{"self":[{"href":"https:\/\/vimaterial.de\/it\/wp-json\/wp\/v2\/product\/1047789","targetHints":{"allow":["GET"]}}],"collection":[{"href":"https:\/\/vimaterial.de\/it\/wp-json\/wp\/v2\/product"}],"about":[{"href":"https:\/\/vimaterial.de\/it\/wp-json\/wp\/v2\/types\/product"}],"replies":[{"embeddable":true,"href":"https:\/\/vimaterial.de\/it\/wp-json\/wp\/v2\/comments?post=1047789"}],"wp:featuredmedia":[{"embeddable":true,"href":"https:\/\/vimaterial.de\/it\/wp-json\/wp\/v2\/media\/1031766"}],"wp:attachment":[{"href":"https:\/\/vimaterial.de\/it\/wp-json\/wp\/v2\/media?parent=1047789"}],"wp:term":[{"taxonomy":"product_brand","embeddable":true,"href":"https:\/\/vimaterial.de\/it\/wp-json\/wp\/v2\/product_brand?post=1047789"},{"taxonomy":"product_cat","embeddable":true,"href":"https:\/\/vimaterial.de\/it\/wp-json\/wp\/v2\/product_cat?post=1047789"},{"taxonomy":"product_tag","embeddable":true,"href":"https:\/\/vimaterial.de\/it\/wp-json\/wp\/v2\/product_tag?post=1047789"}],"curies":[{"name":"wp","href":"https:\/\/api.w.org\/{rel}","templated":true}]}}