{"id":1047721,"date":"2024-06-17T15:26:14","date_gmt":"2024-06-17T07:26:14","guid":{"rendered":"https:\/\/vimaterial.de\/product\/molibdeno-metallico-4\/"},"modified":"2024-06-17T15:26:14","modified_gmt":"2024-06-17T07:26:14","slug":"molibdeno-metallico-4","status":"publish","type":"product","link":"https:\/\/vimaterial.de\/it\/product\/molibdeno-metallico-4\/","title":{"rendered":"Molibdeno metallico"},"content":{"rendered":"<p>La lamina di molibdeno \u00e8 un tipo di lamina metallica con elevato punto di fusione, alta resistenza e durezza, buona conducibilit\u00e0 termica ed elettrica, basso coefficiente di espansione termica, eccellente resistenza alla corrosione e buona flessibilit\u00e0, ecc. Viene preparata con il metodo della laminazione o della deposizione chimica da vapore ed \u00e8 ampiamente utilizzata nei settori dell&#8217;elettronica, dell&#8217;ottica, dell&#8217;aviazione e dell&#8217;aerospazio, dell&#8217;industria chimica, dell&#8217;assistenza medica, dell&#8217;energia e cos\u00ec via.<\/p>\n<p>VIMATERIAL offre prodotti di alta qualit\u00e0 <span style=\"color: #0000ff;\"><a style=\"color: #0000ff;\" href=\"https:\/\/vimaterial.de\/it\/search\/?type=element&#038;keyword=Mo\">molibdeno metallo<\/a><\/span> di alta qualit\u00e0 e di elevata purezza; le dimensioni possono essere personalizzate in base alle vostre esigenze. <span style=\"color: #0000ff;\"><a style=\"color: #0000ff;\" href=\"https:\/\/vimaterial.de\/it\/contatto\/\">Contattateci<\/a><\/span> per ulteriori informazioni.<\/p>\n<h2><span style=\"font-size: 14pt;\">Propriet\u00e0 fisiche<\/span><\/h2>\n<p>Punto di fusione: circa 2620\u2103-2623\u2103.<\/p>\n<p>Punto di ebollizione: circa 4639\u2103-5560\u2103.<\/p>\n<p>Densit\u00e0: 10,2 g\/cm\u00b3.<\/p>\n<p>Resistivit\u00e0: circa 0,05\u03a9\u30fbmm\u00b2\/m a temperatura ambiente, anche meno di 0,5\u03a9\u30fbmm\u00b2 a 1500\u2103.<\/p>\n<p>Coefficiente di espansione termica: piccolo, buona stabilit\u00e0 termica, piccole variazioni dimensionali durante le variazioni di temperatura.<\/p>\n<p>Propriet\u00e0 meccaniche: elevata durezza e resistenza, mentre rispetto al tungsteno e ad altri metalli con una migliore flessibilit\u00e0, in una certa misura, pu\u00f2 essere piegato, piegato e altre operazioni di lavorazione.<\/p>\n<h2><span style=\"font-size: 14pt;\">Applicazioni del foglio di molibdeno<\/span><\/h2>\n<p>Industria elettronica: Il foglio di molibdeno \u00e8 utilizzato nei componenti elettronici come tubi, transistor e circuiti integrati per elettrodi, filamenti e strutture di supporto. La sua buona conducibilit\u00e0, la resistenza alle alte temperature e la stabilit\u00e0 contribuiscono a proteggere le prestazioni dei dispositivi. Pu\u00f2 anche servire come materiale di incapsulamento per migliorare la dissipazione del calore e la resistenza meccanica.<\/p>\n<p>Campo ottico: Utilizzato negli strumenti ottici per specchi, cappe, filtri e strutture di supporto. La sua bassa espansione termica e la buona lavorabilit\u00e0 garantiscono precisione, stabilit\u00e0 e affidabilit\u00e0 dei componenti ottici.<\/p>\n<p>Settore aerospaziale: La lamina di molibdeno \u00e8 utilizzata nelle parti dei motori ad alta temperatura, nella protezione termica dei veicoli spaziali e nelle strutture dei satelliti. L&#8217;elevata forza, la resistenza al calore e la bassa densit\u00e0 soddisfano le esigenze degli ambienti aerospaziali estremi.<\/p>\n<p>Industria chimica: Utilizzato come materiale resistente alla corrosione per reattori, scambiatori di calore, tubazioni e rivestimenti protettivi. Resiste ad acidi, alcali e sali, prolungando la vita delle apparecchiature e riducendo i costi di manutenzione.<\/p>\n<p>Settore medico: Utilizzato negli anodi dei tubi a raggi X, nella schermatura delle radiazioni e in altri dispositivi medici. L&#8217;elevato punto di fusione, la densit\u00e0 e l&#8217;assorbimento dei raggi garantiscono la sicurezza e il corretto funzionamento.<\/p>\n<p>Settore energetico: Utilizzato in batterie, celle a combustibile e altre apparecchiature energetiche come collettori di elettrodi o supporti di membrane, migliorando le prestazioni e l&#8217;efficienza.<\/p>\n<h2><span style=\"font-size: 14pt;\">Imballaggio e stoccaggio<\/span><\/h2>\n<p>Il foglio di molibdeno \u00e8 tipicamente imballato in sacchetti o scatole sigillate resistenti all&#8217;umidit\u00e0 e all&#8217;ossidazione, spesso con strati protettivi per evitare piegature o danni durante il trasporto.<\/p>\n<p>Per mantenere la stabilit\u00e0 e la qualit\u00e0 della superficie, il foglio di molibdeno deve essere conservato in un ambiente asciutto, ventilato e fresco, lontano da umidit\u00e0, sostanze chimiche corrosive e temperature elevate.<\/p>\n","protected":false},"excerpt":{"rendered":"<p>La lamina di molibdeno \u00e8 un tipo di lamina metallica con elevato punto di fusione, alta resistenza e durezza, buona conducibilit\u00e0 termica ed elettrica, basso coefficiente di espansione termica, eccellente resistenza alla corrosione e buona flessibilit\u00e0, ecc. Viene preparata con il metodo della laminazione o della deposizione chimica da vapore ed \u00e8 ampiamente utilizzata nei [&hellip;]<\/p>\n","protected":false},"featured_media":1031756,"comment_status":"open","ping_status":"closed","template":"","meta":{"_acf_changed":false},"product_brand":[],"product_cat":[207],"product_tag":[],"class_list":{"0":"post-1047721","1":"product","2":"type-product","3":"status-publish","4":"has-post-thumbnail","6":"product_cat-profilo","8":"first","9":"instock","10":"shipping-taxable","11":"product-type-variable"},"acf":[],"_links":{"self":[{"href":"https:\/\/vimaterial.de\/it\/wp-json\/wp\/v2\/product\/1047721","targetHints":{"allow":["GET"]}}],"collection":[{"href":"https:\/\/vimaterial.de\/it\/wp-json\/wp\/v2\/product"}],"about":[{"href":"https:\/\/vimaterial.de\/it\/wp-json\/wp\/v2\/types\/product"}],"replies":[{"embeddable":true,"href":"https:\/\/vimaterial.de\/it\/wp-json\/wp\/v2\/comments?post=1047721"}],"wp:featuredmedia":[{"embeddable":true,"href":"https:\/\/vimaterial.de\/it\/wp-json\/wp\/v2\/media\/1031756"}],"wp:attachment":[{"href":"https:\/\/vimaterial.de\/it\/wp-json\/wp\/v2\/media?parent=1047721"}],"wp:term":[{"taxonomy":"product_brand","embeddable":true,"href":"https:\/\/vimaterial.de\/it\/wp-json\/wp\/v2\/product_brand?post=1047721"},{"taxonomy":"product_cat","embeddable":true,"href":"https:\/\/vimaterial.de\/it\/wp-json\/wp\/v2\/product_cat?post=1047721"},{"taxonomy":"product_tag","embeddable":true,"href":"https:\/\/vimaterial.de\/it\/wp-json\/wp\/v2\/product_tag?post=1047721"}],"curies":[{"name":"wp","href":"https:\/\/api.w.org\/{rel}","templated":true}]}}