{"id":1047684,"date":"2024-06-17T15:26:15","date_gmt":"2024-06-17T07:26:15","guid":{"rendered":"https:\/\/vimaterial.de\/product\/molibdeno-metallico-3\/"},"modified":"2024-06-17T15:26:15","modified_gmt":"2024-06-17T07:26:15","slug":"molibdeno-metallico-3","status":"publish","type":"product","link":"https:\/\/vimaterial.de\/it\/product\/molibdeno-metallico-3\/","title":{"rendered":"Molibdeno metallico"},"content":{"rendered":"<p><span style=\"color: #0000ff;\"><a style=\"color: #0000ff;\" href=\"https:\/\/vimaterial.de\/it\/search\/?type=name&#038;keyword=molybdenum\">Molibdeno metallico<\/a><\/span> la polvere di molibdeno \u00e8 un importante materiale metallico in polvere con caratteristiche di elevata purezza, granulometria fine, buona fluidit\u00e0, elevato punto di fusione, alta resistenza e buona stabilit\u00e0 chimica, ecc. Viene preparata con il metodo della frantumazione meccanica e ha un&#8217;ampia gamma di applicazioni nella metallurgia delle polveri, nei materiali elettronici, nei catalizzatori, nei materiali di rivestimento e nei settori energetici.<\/p>\n<p>VIMATERIAL offre polvere di molibdeno di alta qualit\u00e0 con elevata purezza e un&#8217;ampia distribuzione granulometrica. <span style=\"color: #0000ff;\"><a style=\"color: #0000ff;\" href=\"https:\/\/vimaterial.de\/it\/contatto\/\">Contattateci<\/a><\/span> per ulteriori informazioni professionali.<\/p>\n<h2><span style=\"font-size: 14pt;\">Propriet\u00e0 fisiche<\/span><\/h2>\n<p>Formula chimica: Mo<\/p>\n<p>Peso atomico: 95,95 g\/mol<\/p>\n<p>Densit\u00e0: 10,22 g\/cm\u00b3<\/p>\n<p>Punto di fusione: 2610\u2103-2623\u2103.<\/p>\n<p>Punto di ebollizione: 4639\u2103-5560\u2103.<\/p>\n<p>Colore: grigio argento o grigio scuro<\/p>\n<p>Resistenza alla trazione: 200-550 MPa<\/p>\n<p>Conducibilit\u00e0 termica: 138 W\/m-K<\/p>\n<h2><span style=\"font-size: 14pt;\">Applicazioni della polvere di molibdeno metallico<\/span><\/h2>\n<p>1. Metallurgia delle polveri: La polvere di molibdeno viene miscelata con altre polveri metalliche, pressata e sinterizzata per produrre parti in lega di molibdeno come stampi, utensili da taglio e bersagli per sputtering. Questi prodotti sono ampiamente utilizzati nei settori della lavorazione meccanica, dell&#8217;elettronica e dell&#8217;aerospaziale.<\/p>\n<p>2. Materiali elettronici: Viene utilizzato per produrre paste elettroniche e materiali di imballaggio. Aiuta a formare linee conduttive ed elettrodi e migliora la conduttivit\u00e0 termica e la resistenza meccanica dei componenti elettronici.<\/p>\n<p>3. Catalizzatori: Grazie alla sua ampia superficie e alla buona stabilit\u00e0 chimica, la polvere di molibdeno viene utilizzata come catalizzatore o supporto catalitico nella lavorazione petrolchimica e nelle reazioni chimiche, migliorandone l&#8217;efficienza.<\/p>\n<p>4. Materiali di rivestimento: Viene utilizzato nella spruzzatura termica e nella deposizione fisica da vapore per formare rivestimenti resistenti all&#8217;usura, alla corrosione e alle alte temperature.<\/p>\n<p>5. Applicazioni energetiche: La polvere di molibdeno metallico viene utilizzata nelle batterie agli ioni di litio e nelle celle a combustibile per migliorare le prestazioni, l&#8217;efficienza e la durata delle batterie.<\/p>\n<h2><span style=\"font-size: 14pt;\">Imballaggio e stoccaggio<\/span><\/h2>\n<p>La polvere di molibdeno \u00e8 solitamente confezionata in sacchi o fusti sigillati, a prova di umidit\u00e0 e ossidazione, spesso con materiali antistatici e resistenti agli urti per un trasporto e uno stoccaggio sicuri.<\/p>\n<p>Per mantenere la stabilit\u00e0 chimica e la fluidit\u00e0, la polvere di molibdeno deve essere conservata in un ambiente asciutto, ventilato e fresco, lontano dall&#8217;umidit\u00e0, dalle alte temperature e da acidi o alcali forti.<\/p>\n","protected":false},"excerpt":{"rendered":"<p>Molibdeno metallico la polvere di molibdeno \u00e8 un importante materiale metallico in polvere con caratteristiche di elevata purezza, granulometria fine, buona fluidit\u00e0, elevato punto di fusione, alta resistenza e buona stabilit\u00e0 chimica, ecc. Viene preparata con il metodo della frantumazione meccanica e ha un&#8217;ampia gamma di applicazioni nella metallurgia delle polveri, nei materiali elettronici, nei [&hellip;]<\/p>\n","protected":false},"featured_media":1049380,"comment_status":"open","ping_status":"closed","template":"","meta":{"_acf_changed":false},"product_brand":[],"product_cat":[212],"product_tag":[],"class_list":{"0":"post-1047684","1":"product","2":"type-product","3":"status-publish","4":"has-post-thumbnail","6":"product_cat-polvere-di-metallo-puro-e-leghe","8":"first","9":"instock","10":"shipping-taxable","11":"purchasable","12":"product-type-variable"},"acf":[],"_links":{"self":[{"href":"https:\/\/vimaterial.de\/it\/wp-json\/wp\/v2\/product\/1047684","targetHints":{"allow":["GET"]}}],"collection":[{"href":"https:\/\/vimaterial.de\/it\/wp-json\/wp\/v2\/product"}],"about":[{"href":"https:\/\/vimaterial.de\/it\/wp-json\/wp\/v2\/types\/product"}],"replies":[{"embeddable":true,"href":"https:\/\/vimaterial.de\/it\/wp-json\/wp\/v2\/comments?post=1047684"}],"wp:featuredmedia":[{"embeddable":true,"href":"https:\/\/vimaterial.de\/it\/wp-json\/wp\/v2\/media\/1049380"}],"wp:attachment":[{"href":"https:\/\/vimaterial.de\/it\/wp-json\/wp\/v2\/media?parent=1047684"}],"wp:term":[{"taxonomy":"product_brand","embeddable":true,"href":"https:\/\/vimaterial.de\/it\/wp-json\/wp\/v2\/product_brand?post=1047684"},{"taxonomy":"product_cat","embeddable":true,"href":"https:\/\/vimaterial.de\/it\/wp-json\/wp\/v2\/product_cat?post=1047684"},{"taxonomy":"product_tag","embeddable":true,"href":"https:\/\/vimaterial.de\/it\/wp-json\/wp\/v2\/product_tag?post=1047684"}],"curies":[{"name":"wp","href":"https:\/\/api.w.org\/{rel}","templated":true}]}}