{"id":1047577,"date":"2024-06-17T16:12:08","date_gmt":"2024-06-17T08:12:08","guid":{"rendered":"https:\/\/vimaterial.de\/product\/ossido-di-disprosio-3\/"},"modified":"2024-06-17T16:12:08","modified_gmt":"2024-06-17T08:12:08","slug":"ossido-di-disprosio-3","status":"publish","type":"product","link":"https:\/\/vimaterial.de\/it\/product\/ossido-di-disprosio-3\/","title":{"rendered":"Ossido di disprosio"},"content":{"rendered":"<p><span style=\"color: #0000ff;\"><a style=\"color: #0000ff;\" href=\"https:\/\/vimaterial.de\/it\/product\/ossido-di-disprosio-2\/\">L&#8217;ossido di disprosio<\/a><\/span> \u00e8 un importante composto inorganico delle terre rare, che si presenta tipicamente come una polvere bianca o giallo chiaro, ed \u00e8 noto per la sua buona stabilit\u00e0 chimica e per le sue propriet\u00e0 magnetiche e ottiche uniche. \u00c8 ampiamente utilizzato nei materiali magnetici, nei materiali laser, nell&#8217;industria nucleare e nelle ceramiche funzionali, svolgendo un ruolo importante nella produzione di materiali avanzati e nella ricerca scientifica.<\/p>\n<p>VIMATERIAL offre <strong>ossido di disprosio di alta qualit\u00e0<\/strong> con elevata purezza e propriet\u00e0 stabili, adatto per materiali magnetici, laser, ceramiche e altre applicazioni industriali e di ricerca avanzate. Soluzioni e servizi personalizzati sono disponibili su richiesta. Non esitate a<span style=\"color: #0000ff;\"><a style=\"color: #0000ff;\" href=\"https:\/\/vimaterial.de\/it\/contatto\/\"> contattarci<\/a>.<\/span><\/p>\n<h2><span style=\"font-size: 14pt;\">Propriet\u00e0 fisiche<\/span><\/h2>\n<p>Formula molecolare: Dy\u2082O\u2083<\/p>\n<p>Peso molecolare: 373,00 g\/mol<\/p>\n<p>Aspetto: Da bianco a giallo chiaro<\/p>\n<p>Densit\u00e0: 7,81 g\/cm\u00b3 (25\u00b0C)<\/p>\n<p>Punto di fusione: 2330 &#8211; 2352\u00b0C<\/p>\n<p>Struttura cristallina: Sistema cristallino cubico<\/p>\n<p>Solubilit\u00e0: insolubile in acqua, solubile in acido concentrato caldo.<\/p>\n<p>Stabilit\u00e0: Stabile in aria, deve essere sigillato contro l&#8217;umidit\u00e0.<\/p>\n<h2><span style=\"font-size: 14pt;\">Applicazioni dell&#8217;ossido di disprosio<\/span><\/h2>\n<p>Materiali magnetici permanenti: l&#8217;aggiunta di circa il 2-3% di ossido di disprosio ai magneti permanenti NdFeB pu\u00f2 migliorare significativamente la loro coercitivit\u00e0, un additivo importante per i magneti NdFeB.<\/p>\n<p>Ottica: L&#8217;ossido di disprosio pu\u00f2 essere utilizzato nella produzione di lampade ad alogenuri metallici e di altre sorgenti luminose per migliorare l&#8217;efficienza luminosa e la resa cromatica delle sorgenti luminose; pu\u00f2 inoltre essere utilizzato nella produzione di lampade al disprosio, che sono un nuovo tipo di sorgente luminosa ad alta luminosit\u00e0 e buon colore della luce, nonch\u00e9 come rivestimento anodico.<\/p>\n<p>Materiali per l&#8217;immagazzinamento magneto-ottico: Questi materiali possono essere utilizzati per preparare materiali di immagazzinamento magneto-ottici, che sfruttano l&#8217;effetto magneto-ottico per immagazzinare e leggere informazioni.<\/p>\n<p>Industria del vetro: L&#8217;aggiunta di una quantit\u00e0 adeguata di ossido di disprosio pu\u00f2 migliorare le propriet\u00e0 ottiche e la stabilit\u00e0 termica e chimica del vetro.<\/p>\n<h2><span style=\"font-size: 14pt;\">Controllo di qualit\u00e0<\/span><\/h2>\n<p><span style=\"color: #0000ff;\"><a style=\"color: #0000ff;\" href=\"https:\/\/vimaterial.de\/it\/controllo-qualita\/\">VI HALBLEITERMATERIAL GmbH <\/a><\/span>attua un rigoroso controllo di qualit\u00e0 dell&#8217;intero processo e un meccanismo di risoluzione dei problemi 8D per garantire la conformit\u00e0 dei prodotti alle norme REACH, ASTM e agli standard industriali, e per sostenere lo sviluppo sostenibile e la tracciabilit\u00e0 della catena di fornitura. L&#8217;azienda si impegna a fornire ai clienti prodotti e servizi di alta qualit\u00e0, gestendo l&#8217;intero processo dalla ricerca e sviluppo alla consegna e aderendo al principio della rielaborazione dei prodotti non conformi.<\/p>\n<h2><span style=\"font-size: 14pt;\">Imballaggio<\/span><\/h2>\n<p>Imballaggio interno: Imbottigliato o imbustato, quindi sigillato sottovuoto.<\/p>\n<p>Imballaggio esterno: I prodotti sigillati sottovuoto vengono inseriti in cartoni appositamente progettati.<\/p>\n<p>Imballaggio personalizzato: La capacit\u00e0 e i formati di imballaggio possono essere personalizzati in modo flessibile in base alle esigenze del cliente.<\/p>\n<h2><span style=\"font-size: 14pt;\">Manipolazione e stoccaggio<\/span><\/h2>\n<p>Manipolazione: Maneggiare in un&#8217;area ben ventilata ed evitare la formazione di polvere. Indossare un equipaggiamento protettivo adeguato.<\/p>\n<p>Conservazione: Conservare in contenitori ben chiusi in un luogo fresco e asciutto, al riparo dall&#8217;umidit\u00e0.<\/p>\n","protected":false},"excerpt":{"rendered":"<p>L&#8217;ossido di disprosio \u00e8 un importante composto inorganico delle terre rare, che si presenta tipicamente come una polvere bianca o giallo chiaro, ed \u00e8 noto per la sua buona stabilit\u00e0 chimica e per le sue propriet\u00e0 magnetiche e ottiche uniche. \u00c8 ampiamente utilizzato nei materiali magnetici, nei materiali laser, nell&#8217;industria nucleare e nelle ceramiche funzionali, [&hellip;]<\/p>\n","protected":false},"featured_media":1038566,"comment_status":"open","ping_status":"closed","template":"","meta":{"_acf_changed":false},"product_brand":[],"product_cat":[205,203],"product_tag":[],"class_list":{"0":"post-1047577","1":"product","2":"type-product","3":"status-publish","4":"has-post-thumbnail","6":"product_cat-materiali-ossidi-idrossidi","7":"product_cat-materiali-per-terre-rare","9":"first","10":"instock","11":"shipping-taxable","12":"purchasable","13":"product-type-variable"},"acf":[],"_links":{"self":[{"href":"https:\/\/vimaterial.de\/it\/wp-json\/wp\/v2\/product\/1047577","targetHints":{"allow":["GET"]}}],"collection":[{"href":"https:\/\/vimaterial.de\/it\/wp-json\/wp\/v2\/product"}],"about":[{"href":"https:\/\/vimaterial.de\/it\/wp-json\/wp\/v2\/types\/product"}],"replies":[{"embeddable":true,"href":"https:\/\/vimaterial.de\/it\/wp-json\/wp\/v2\/comments?post=1047577"}],"wp:featuredmedia":[{"embeddable":true,"href":"https:\/\/vimaterial.de\/it\/wp-json\/wp\/v2\/media\/1038566"}],"wp:attachment":[{"href":"https:\/\/vimaterial.de\/it\/wp-json\/wp\/v2\/media?parent=1047577"}],"wp:term":[{"taxonomy":"product_brand","embeddable":true,"href":"https:\/\/vimaterial.de\/it\/wp-json\/wp\/v2\/product_brand?post=1047577"},{"taxonomy":"product_cat","embeddable":true,"href":"https:\/\/vimaterial.de\/it\/wp-json\/wp\/v2\/product_cat?post=1047577"},{"taxonomy":"product_tag","embeddable":true,"href":"https:\/\/vimaterial.de\/it\/wp-json\/wp\/v2\/product_tag?post=1047577"}],"curies":[{"name":"wp","href":"https:\/\/api.w.org\/{rel}","templated":true}]}}